{"id":975,"date":"2025-04-15T15:41:40","date_gmt":"2025-04-15T15:41:40","guid":{"rendered":"https:\/\/red-lighttherapy.com\/?post_type=product&#038;p=975"},"modified":"2025-04-15T15:55:15","modified_gmt":"2025-04-15T15:55:15","slug":"customized-slider-child-resistant-box-rigid-boxes-wholesale","status":"publish","type":"product","link":"https:\/\/red-lighttherapy.com\/it\/customized-slider-child-resistant-box-rigid-boxes-wholesale\/","title":{"rendered":"Cursore personalizzato Scatola resistente ai bambini Scatole rigide all'ingrosso"},"content":{"rendered":"<h3 id=\"-1-box-design-flexible-push-pull-pull-out-structure-suitable-for-multiple-scenarios-\"><strong>1. Design della scatola: struttura flessibile push-pull\/pull-out, adatta a molteplici scenari.<\/strong><\/h3>\n<p>Questo prodotto adotta\u00a0<strong>Tipo di scatola push-pull o pull-out dual-mode<\/strong>tenendo conto sia del divertimento che della praticit\u00e0. Le dimensioni della scatola possono essere personalizzate in base alle esigenze del cliente e la carta di superficie \u00e8 stampata con\u00a0<strong>carta liscia ad alta lucentezza<\/strong>e abbinato a\u00a0<strong>processo di incollaggio del cartone addensato<\/strong>\u00a0per garantire resistenza alla compressione, resistenza all'usura e consistenza visiva. Il design della struttura push-pull soddisfa gli standard di protezione dei bambini (fare riferimento ai requisiti della FDA e agli standard nazionali per il CRP) e allo stesso tempo migliora il favore dell'utente grazie a un'esperienza di apertura e chiusura fluida.<\/p>\n<h3 id=\"-2-brand-logo-technology-uv-hot-stamping-enhances-visual-impact-\"><strong>2. Tecnologia del logo del marchio: La stampa a caldo\/ UV migliora l'impatto visivo<\/strong><\/h3>\n<p>Il testo e i modelli possono utilizzare\u00a0<strong>Goffratura tridimensionale UV, stampa a caldo, stampa a caldo in rilievo<\/strong>\u00a0e altri processi per evidenziare il tono del marchio attraverso la texture metallica e gli effetti di alta lucentezza. Ad esempio, il processo UV pu\u00f2 creare un contrasto tra luce opaca e luminosa, mentre il processo di stampa a caldo conferisce al LOGO un senso di lusso, adatto alle esigenze dei marchi di sigarette elettroniche di fascia alta.<\/p>\n<h3 id=\"-3-touch-optimization-soft-touch-coated-paper-improves-user-experience-\"><strong>3. Ottimizzazione del tatto: la carta patinata soft-touch migliora l'esperienza dell'utente.<\/strong><\/h3>\n<p>Gli strati di carta interni ed esterni sono realizzati in\u00a0<strong>tecnologia di rivestimento soft-touch<\/strong>che \u00e8 delicato come la seta e si adatta alla memoria tattile dei polpastrelli dei consumatori. Questo design non solo migliora il senso di cerimonia dell'unboxing, ma rafforza anche il riconoscimento del marchio attraverso un feedback tattile differenziato, particolarmente adatto ai prodotti per sigarette elettroniche che si concentrano sull'esperienza dell'utente.<\/p>\n<h3 id=\"-4-fusion-of-natural-elements-sea-water-droplet-theme-design-\"><strong>4. Fusione di elementi naturali: design del tema delle gocce d'acqua di mare<\/strong><\/h3>\n<p>La superficie della scatola incorpora\u00a0<strong>gocce d'acqua dinamiche e intrecci di luci e ombre<\/strong>\u00a0Il design \u00e8 un linguaggio visivo che simula il flusso di gocce d'acqua attraverso la stampa a gradiente, la tecnologia UV parziale o la pellicola laser, trasmettendo il concetto di protezione ambientale e di purezza del marchio. Questo design pu\u00f2 essere adattato a temi come la protezione dell'ambiente marino e la vita sana, in linea con la tendenza dell'industria delle sigarette elettroniche a trasformarsi in una direzione rispettosa della natura.<\/p>\n<h3 id=\"-5-holiday-theme-customization-seasonal-elements-enhance-marketing-value-\"><strong>5. Personalizzazione del tema delle vacanze: gli elementi stagionali aumentano il valore del marketing<\/strong><\/h3>\n<p>Supporto\u00a0<strong>Fiocchi di neve natalizi, lanterne della Festa di Primavera, cuori di San Valentino<\/strong>\u00a0e altre personalizzazioni a tema festivo, e ottenere una rapida sostituzione grazie agli inserti sostituibili, alla stampa laser a caldo o alla stampa a colori parziale. Ad esempio, il modello natalizio pu\u00f2 essere abbinato a fiocchi di neve tridimensionali in rilievo e a uno sfondo rosso sfumato, mentre il modello per la Festa di Primavera incorpora lanterne stampate a caldo e motivi di nuvole di buon auspicio per migliorare gli attributi dei regali di Natale.<\/p>\n<h3 id=\"-6-r-d-strength-innovative-ability-to-keep-up-with-industry-trends-\"><strong>6. Forza di R&amp;S: capacit\u00e0 innovativa per stare al passo con le tendenze del settore.<\/strong><\/h3>\n<p>Il team \u00e8 composto da\u00a0<strong>esperti di packaging design con oltre 16 anni di esperienza<\/strong>che studiano a fondo le tendenze del settore delle sigarette elettroniche, come la struttura di apertura a prova di bambino e l'applicazione di materiali ecologici. La rapida iterazione \u00e8 ottenuta attraverso un design modulare, come l'aggiornamento del tradizionale coperchio superiore e inferiore a una fibbia magnetica nascosta, tenendo conto sia della sicurezza che del senso tecnologico.<\/p>\n<h3 id=\"-7-industry-cooperation-mature-supply-chain-and-reputation-guarantee-\"><strong>7. Cooperazione industriale: catena di fornitura matura e garanzia di reputazione<\/strong><\/h3>\n<p>I clienti della cooperativa coprono\u00a0<strong>RELX, MOTI, VAZO<\/strong>\u00a0e altri marchi leader, fornendo un servizio unico, dalla prova di stampa alla produzione di massa.\u00a0<strong>Carta ecologica certificata FSC<\/strong>\u00a0e il processo di produzione standard RoHS sono utilizzati per garantire la conformit\u00e0 ai requisiti di ispezione della qualit\u00e0 nazionali ed esteri. \u00c8 supportata la personalizzazione di piccoli lotti (minimo 500 pezzi) e il ciclo di consegna \u00e8 ridotto a 12-15 giorni.<\/p>","protected":false},"excerpt":{"rendered":"<p>Possiamo fornire<br \/>\n- Scatola regalo per il lancio di un nuovo prodotto di sigaretta elettronica<br \/>\n- Pacchetto promozione vacanze in edizione limitata<br \/>\n- Soluzioni di imballaggio personalizzate per il commercio elettronico transfrontaliero, ecc.<\/p>","protected":false},"featured_media":981,"template":"","meta":{"_kad_post_transparent":"default","_kad_post_title":"","_kad_post_layout":"default","_kad_post_sidebar_id":"","_kad_post_content_style":"default","_kad_post_vertical_padding":"default","_kad_post_feature":"","_kad_post_feature_position":"","_kad_post_header":false,"_kad_post_footer":false,"_kad_post_classname":""},"product_brand":[],"product_cat":[15,40,17],"product_tag":[295,366,367],"class_list":{"0":"post-975","1":"product","2":"type-product","3":"status-publish","4":"has-post-thumbnail","6":"product_cat-red-light-therapy","7":"product_cat-red-light-therapy-panel","8":"product_cat-services","9":"product_tag-child-resistant-box","10":"product_tag-customized-slider-box","11":"product_tag-rigid-boxes-wholesale","13":"first","14":"instock","15":"shipping-taxable","16":"product-type-simple","17":"entry","18":"content-bg","19":"loop-entry"},"_links":{"self":[{"href":"https:\/\/red-lighttherapy.com\/it\/wp-json\/wp\/v2\/product\/975","targetHints":{"allow":["GET"]}}],"collection":[{"href":"https:\/\/red-lighttherapy.com\/it\/wp-json\/wp\/v2\/product"}],"about":[{"href":"https:\/\/red-lighttherapy.com\/it\/wp-json\/wp\/v2\/types\/product"}],"wp:featuredmedia":[{"embeddable":true,"href":"https:\/\/red-lighttherapy.com\/it\/wp-json\/wp\/v2\/media\/981"}],"wp:attachment":[{"href":"https:\/\/red-lighttherapy.com\/it\/wp-json\/wp\/v2\/media?parent=975"}],"wp:term":[{"taxonomy":"product_brand","embeddable":true,"href":"https:\/\/red-lighttherapy.com\/it\/wp-json\/wp\/v2\/product_brand?post=975"},{"taxonomy":"product_cat","embeddable":true,"href":"https:\/\/red-lighttherapy.com\/it\/wp-json\/wp\/v2\/product_cat?post=975"},{"taxonomy":"product_tag","embeddable":true,"href":"https:\/\/red-lighttherapy.com\/it\/wp-json\/wp\/v2\/product_tag?post=975"}],"curies":[{"name":"wp","href":"https:\/\/api.w.org\/{rel}","templated":true}]}}