{"id":964,"date":"2025-04-15T13:02:38","date_gmt":"2025-04-15T13:02:38","guid":{"rendered":"https:\/\/red-lighttherapy.com\/?post_type=product&#038;p=964"},"modified":"2025-04-15T16:32:49","modified_gmt":"2025-04-15T16:32:49","slug":"exporter-unique-marble-paper-shopping-gift-bag-for-hair-wigs","status":"publish","type":"product","link":"https:\/\/red-lighttherapy.com\/it\/exporter-unique-marble-paper-shopping-gift-bag-for-hair-wigs\/","title":{"rendered":"Esportatore unico Marmo carta Shopping regalo Borsa per capelli parrucche"},"content":{"rendered":"<h2 id=\"-product-description-of-exporter-s-unique-marble-wig-special-eco-friendly-gift-bag-\"><strong>Descrizione del prodotto di Esportatore unico marmo parrucca speciale Eco-friendly Gift Bag<\/strong><\/h2>\n<h2 id=\"-i-core-environmental-protection-concept-fsc-certification-and-degradable-characteristics-\"><strong>1. Concetto centrale di protezione ambientale: Certificazione FSC e caratteristiche di degradabilit\u00e0<\/strong><\/h2>\n<p>Questo prodotto \u00e8 realizzato con pasta di cellulosa ecologica certificata FSC e le materie prime sono ottenute da foreste gestite in modo continuativo per garantire un'impronta ecologica inferiore alla fonte. La pasta di cellulosa \u00e8 realizzata attraverso un processo di produzione pulito e combinata con additivi biodegradabili. Pu\u00f2 essere completamente decomposta in sostanze innocue entro 6-12 mesi nell'ambiente naturale, evitando il problema dell'inquinamento delle plastiche tradizionali. Il corpo della borsa \u00e8 stampato con\u00a0<strong>inchiostro vegetale a base d'acqua<\/strong>, che non \u00e8 tossico e innocuo, soddisfa gli standard di protezione ambientale REACH dell'UE ed \u00e8 adatto alle esigenze di imballaggio ecologico dei prodotti di parrucca di alta gamma.<\/p>\n<h2 id=\"-ii-innovative-process-die-cutting-creasing-and-flattening-design-\"><strong>2. Processo innovativo: fustellatura, cordonatura e appiattimento.<\/strong><\/h2>\n<ul>\n<li><strong>Processo di fustellatura e cordonatura<\/strong>: Il bordo del sacchetto viene tagliato senza soluzione di continuit\u00e0 attraverso uno stampo a coltello in acciaio ad alta precisione, combinato con una linea di pre-crematura per garantire che il sacchetto di carta si apra e si chiuda senza problemi e che la struttura sia stabile. Lo speciale design del sacchetto a fondo quadrato aumenta la capacit\u00e0 di carico (pu\u00f2 trasportare 5 kg di prodotti di parrucca) e lo spessore dopo la piegatura \u00e8 di soli 2 cm, il che riduce significativamente il volume di trasporto e fa risparmiare\u00a0<strong>pi\u00f9 di 40% del costo di spedizione<\/strong>.<\/li>\n<li><strong>Linea di produzione automatizzata<\/strong>: Adotta una macchina fustellatrice e cordonatrice completamente automatica, con un sistema di correzione intelligente, ed ha una capacit\u00e0 produttiva oraria di\u00a0<strong>1,000,000<\/strong>che supporta la commutazione rapida di pi\u00f9 specifiche per soddisfare le esigenze di ordini di esportazione su larga scala.<\/li>\n<\/ul>\n<h2 id=\"-third-vision-and-touch-luxurious-marble-pattern-and-ergonomic-handle-\"><strong>3. Vista e tatto: lussuoso motivo in marmo e impugnatura ergonomica<\/strong><\/h2>\n<ul>\n<li><strong>Motivo in marmo bianco a base grigia<\/strong>: Con il grigio opaco come base, \u00e8 abbinato a texture bianche e fluide. Attraverso\u00a0<strong>tecnologia di stampa su lastra<\/strong>Si ottiene un effetto sfumato di alta precisione e il contrasto di colore raggiunge 98%, conferendo al sacchetto di carta la consistenza lussuosa della pietra naturale. La superficie \u00e8 ricoperta da una pellicola ecologica, resistente ai graffi e all'usura, delicata e adatta a prodotti di alta gamma. Impugnatura ergonomica in corda: l'impugnatura \u00e8 realizzata in fibra intrecciata, con un diametro di 8 mm e una resistenza alla trazione di 200 kg, morbida e resistente. Il lato interno della maniglia adotta una texture ondulata antiscivolo, che si adatta alla curva del palmo della mano e non lascia cicatrici quando la si tiene per lungo tempo, il che \u00e8 stato progettato.<\/li>\n<\/ul>\n<h2 id=\"-fourth-efficient-production-and-quality-assurance-\"><strong>4. Produzione efficiente e garanzia di qualit\u00e0<\/strong><\/h2>\n<ul>\n<li><strong>Tecnologia di stampa ad imposizione<\/strong>: Ottimizza l'utilizzo del layout grazie a un software di composizione intelligente, riduce gli sprechi di carta e aumenta la resa di stampa di un singolo foglio fino a 99,5%. Supporta la stampa combinata di pi\u00f9 lotti di ordini, riducendo il ciclo di consegna a 72 ore.<\/li>\n<li><strong>Sistema di controllo della qualit\u00e0<\/strong>: Ispezione di qualit\u00e0 automatizzata dell'intero processo, compreso il monitoraggio della tensione, la calibrazione della differenza di colore, le prove di resistenza al carico, ecc. per garantire che ogni lotto di prodotti soddisfi gli standard del sistema di gestione della qualit\u00e0 ISO 9001.<\/li>\n<\/ul>\n<h2 id=\"-application-scenarios-and-market-advantages-\"><strong>Scenari di applicazione e vantaggi di mercato<\/strong><\/h2>\n<ul>\n<li><strong>Adattabilit\u00e0 all'industria della parrucca<\/strong>: Le dimensioni della borsa sono personalizzabili e la fodera pu\u00f2 essere dotata di uno strato di cotone antiumidit\u00e0 per proteggere la forma e la lucentezza della parrucca.<\/li>\n<li><strong>Marchio premium<\/strong>: La doppia benedizione degli attributi di protezione ambientale e dell'aspetto lussuoso aiuta il marchio a trasmettere il concetto di sostenibilit\u00e0 attraverso il packaging e a rafforzare la fedelt\u00e0 dei consumatori finali.<\/li>\n<\/ul>","protected":false},"excerpt":{"rendered":"<p>Il corpo della borsa adotta una tecnologia di fustellatura e cordonatura, facile da aprire e chiudere, e pu\u00f2 essere spedito piatto per risparmiare sui costi di spedizione. \u00c8 realizzata in cellulosa ecologica certificata FSC, biodegradabile e rispettosa dell'ambiente. Il motivo a marmo con sfondo grigio e linee bianche aggiunge un senso di lusso alla borsa di carta.<\/p>","protected":false},"featured_media":970,"template":"","meta":{"_kad_post_transparent":"default","_kad_post_title":"","_kad_post_layout":"default","_kad_post_sidebar_id":"","_kad_post_content_style":"default","_kad_post_vertical_padding":"default","_kad_post_feature":"","_kad_post_feature_position":"","_kad_post_header":false,"_kad_post_footer":false,"_kad_post_classname":""},"product_brand":[],"product_cat":[15,17],"product_tag":[373,371,372],"class_list":{"0":"post-964","1":"product","2":"type-product","3":"status-publish","4":"has-post-thumbnail","6":"product_cat-red-light-therapy","7":"product_cat-services","8":"product_tag-exporter-hair-wigs-bag","9":"product_tag-paper-shopping-bag-for-hair","10":"product_tag-unique-marble-paper-wigs-gift-bag","12":"first","13":"instock","14":"shipping-taxable","15":"product-type-simple","16":"entry","17":"content-bg","18":"loop-entry"},"_links":{"self":[{"href":"https:\/\/red-lighttherapy.com\/it\/wp-json\/wp\/v2\/product\/964","targetHints":{"allow":["GET"]}}],"collection":[{"href":"https:\/\/red-lighttherapy.com\/it\/wp-json\/wp\/v2\/product"}],"about":[{"href":"https:\/\/red-lighttherapy.com\/it\/wp-json\/wp\/v2\/types\/product"}],"wp:featuredmedia":[{"embeddable":true,"href":"https:\/\/red-lighttherapy.com\/it\/wp-json\/wp\/v2\/media\/970"}],"wp:attachment":[{"href":"https:\/\/red-lighttherapy.com\/it\/wp-json\/wp\/v2\/media?parent=964"}],"wp:term":[{"taxonomy":"product_brand","embeddable":true,"href":"https:\/\/red-lighttherapy.com\/it\/wp-json\/wp\/v2\/product_brand?post=964"},{"taxonomy":"product_cat","embeddable":true,"href":"https:\/\/red-lighttherapy.com\/it\/wp-json\/wp\/v2\/product_cat?post=964"},{"taxonomy":"product_tag","embeddable":true,"href":"https:\/\/red-lighttherapy.com\/it\/wp-json\/wp\/v2\/product_tag?post=964"}],"curies":[{"name":"wp","href":"https:\/\/api.w.org\/{rel}","templated":true}]}}