{"id":952,"date":"2025-04-15T11:34:00","date_gmt":"2025-04-15T11:34:00","guid":{"rendered":"https:\/\/red-lighttherapy.com\/?post_type=product&#038;p=952"},"modified":"2025-04-15T12:24:59","modified_gmt":"2025-04-15T12:24:59","slug":"dealers-custom-luxury-paper-shopping-gift-bags-for-clothing","status":"publish","type":"product","link":"https:\/\/red-lighttherapy.com\/it\/dealers-custom-luxury-paper-shopping-gift-bags-for-clothing\/","title":{"rendered":"Rivenditori Sacchetti regalo di carta di lusso personalizzati per l'abbigliamento"},"content":{"rendered":"<h2>Rivenditori Sacchetti regalo di carta di lusso personalizzati per l'abbigliamento<\/h2>\n<h2 id=\"1-color-and-visual-presentation-\">1.\u00a0<strong>Colore e presentazione visiva<\/strong><\/h2>\n<ul>\n<li>Il colore principale \u00e8\u00a0<strong>Scheda colore Pantone personalizzata rosa tenue<\/strong>\u00a0(supporta la calibrazione dei colori spot CMYK\/Pantone), e la funzione\u00a0<strong>processo di stampa offset in quadricromia<\/strong>\u00a0raggiunge una transizione uniforme dei colori, presentando un effetto visivo fresco ed elegante.<\/li>\n<li>La superficie pu\u00f2 essere\u00a0<strong>rivestito opaco\/lucido<\/strong>\u00a0per migliorare la resistenza all'usura della carta, pur mantenendo un tocco delicato.<\/li>\n<\/ul>\n<h2 id=\"2-light-luxury-craft-details-\">2.\u00a0<strong>Dettagli artigianali di lusso<\/strong><\/h2>\n<ul>\n<li><strong>Linee dorate precise stampate a caldo sul bordo<\/strong>: Utilizzando un foglio di stampa a caldo importato dalla Germania, l'errore di linea \u00e8 controllato entro 0,5 mm per migliorare la texture di micro-lusso.<\/li>\n<li><strong>Fiocco tridimensionale<\/strong>: La sagoma tridimensionale dell'arco viene modellata attraverso la\u00a0<strong>Processo di goffratura 3D<\/strong>\u00c8 possibile selezionare il rivestimento opaco o il processo UV locale per migliorare il contrasto di lucentezza, ed \u00e8 pi\u00f9 avanzato se abbinato a lacci fatti a mano.<\/li>\n<\/ul>\n<h2 id=\"3-humanized-functional-design-\">3.\u00a0<strong>Design funzionale umanizzato<\/strong><\/h2>\n<ul>\n<li><strong>Impugnatura a onda antiscivolo<\/strong>: La corda \u00e8 fatta di\u00a0<strong>anima in nylon spesso + strato intrecciato in filo di cotone antiscivolo<\/strong>L'area di presa \u00e8 dotata di una scanalatura ondulata per disperdere la pressione di sollevamento e la capacit\u00e0 di carico pu\u00f2 raggiungere gli 8 kg.<\/li>\n<li><strong>Struttura di rinforzo del fondo<\/strong>: Cinque strati di cartone composito (spessore 0,4-0,6mm) con\u00a0<strong>linea adesiva a doppio strato<\/strong>\u00a0per garantire la stabilit\u00e0 degli oggetti pesanti.<\/li>\n<\/ul>\n<h2 id=\"4-multiple-printing-processes-\">4.\u00a0<strong>Processi di stampa multipli<\/strong><\/h2>\n<ul>\n<li><strong>Goffratura UV<\/strong>: Le immagini e i testi locali in rilievo sono toccabili e adatti a rafforzare il LOGO del marchio.<\/li>\n<li><strong>Processo di microperforazione<\/strong>: Crea un effetto traspirante e vuoto, adatto alle esigenze di confezionamento dell'abbigliamento estivo di lusso.<\/li>\n<li><strong>Tecnologia di stampaggio a freddo<\/strong>: I modelli di texture metallica possono essere ottenuti senza alte temperature, nel rispetto dell'ambiente e della compatibilit\u00e0 con la carta speciale.<\/li>\n<\/ul>\n<h2 id=\"5-suitable-for-multi-scene-design-\">5.\u00a0<strong>Adatto alla progettazione di pi\u00f9 scene<\/strong><\/h2>\n<ul>\n<li><strong>Souvenir aziendali<\/strong>: Pu\u00f2 stampare slogan aziendali e numeri a caldo, foderato con seta o flanella per migliorare il senso della cerimonia.<\/li>\n<li><strong>Serie di matrimoni<\/strong>: Integra la goffratura del pizzo, il rivestimento lucido perlato e altri elementi, supporta la stampa a caldo dei nomi degli sposi.<\/li>\n<\/ul>\n<h2 id=\"6-material-and-production-standards-\">6.\u00a0<strong>Materiale e standard di produzione<\/strong><\/h2>\n<ul>\n<li><strong>Selezione del materiale di base<\/strong>Si consiglia il cartoncino bianco da 250-300 g (spessore 0,31-0,4 mm), con un'elevata riproduzione dei colori; oppure la carta kraft bianca ecologica (120-200 g), adatta a marchi dallo stile naturale.<\/li>\n<li><strong>Standard di controllo della qualit\u00e0<\/strong>errore \u22641mm, differenza di colore di stampa \u0394E\u22643.0, certificazione del sistema di gestione del colore ISO 12647-2.<\/li>\n<li><strong>Ciclo di produzione<\/strong>7-14 giorni (comprese 3 conferme di bozza del progetto), supporto alla personalizzazione rapida.<\/li>\n<\/ul>","protected":false},"excerpt":{"rendered":"<p>Questo sacchetto regalo di carta per abbigliamento di fascia alta \u00e8 progettato per marchi di lusso leggeri, vendita al dettaglio di fascia alta e souvenir aziendali. Utilizza\u00a0<strong>rosa tenue dei fiori di ciliegio<\/strong>\u00a0come colore principale, in combinazione con\u00a0<strong>linee di stampaggio dell'oro<\/strong>\u00a0e\u00a0<strong>fiocco tridimensionale<\/strong>\u00a0per creare una soluzione di packaging che sia al tempo stesso artistica e pratica. Supporta servizi personalizzati full-process ed \u00e8 adatto per matrimoni, pop-up store di marca, banchi di lusso e altri scenari.<\/p>","protected":false},"featured_media":957,"template":"","meta":{"_kad_post_transparent":"default","_kad_post_title":"","_kad_post_layout":"default","_kad_post_sidebar_id":"","_kad_post_content_style":"default","_kad_post_vertical_padding":"default","_kad_post_feature":"","_kad_post_feature_position":"","_kad_post_header":false,"_kad_post_footer":false,"_kad_post_classname":""},"product_brand":[],"product_cat":[15,30,17],"product_tag":[361,362,360],"class_list":{"0":"post-952","1":"product","2":"type-product","3":"status-publish","4":"has-post-thumbnail","6":"product_cat-red-light-therapy","7":"product_cat-dropshipping","8":"product_cat-services","9":"product_tag-custom-clothing-gift-bags","10":"product_tag-dealers-shopping-gift-bags","11":"product_tag-paper-shopping-bags-for-clothing","13":"first","14":"instock","15":"shipping-taxable","16":"product-type-simple","17":"entry","18":"content-bg","19":"loop-entry"},"_links":{"self":[{"href":"https:\/\/red-lighttherapy.com\/it\/wp-json\/wp\/v2\/product\/952","targetHints":{"allow":["GET"]}}],"collection":[{"href":"https:\/\/red-lighttherapy.com\/it\/wp-json\/wp\/v2\/product"}],"about":[{"href":"https:\/\/red-lighttherapy.com\/it\/wp-json\/wp\/v2\/types\/product"}],"wp:featuredmedia":[{"embeddable":true,"href":"https:\/\/red-lighttherapy.com\/it\/wp-json\/wp\/v2\/media\/957"}],"wp:attachment":[{"href":"https:\/\/red-lighttherapy.com\/it\/wp-json\/wp\/v2\/media?parent=952"}],"wp:term":[{"taxonomy":"product_brand","embeddable":true,"href":"https:\/\/red-lighttherapy.com\/it\/wp-json\/wp\/v2\/product_brand?post=952"},{"taxonomy":"product_cat","embeddable":true,"href":"https:\/\/red-lighttherapy.com\/it\/wp-json\/wp\/v2\/product_cat?post=952"},{"taxonomy":"product_tag","embeddable":true,"href":"https:\/\/red-lighttherapy.com\/it\/wp-json\/wp\/v2\/product_tag?post=952"}],"curies":[{"name":"wp","href":"https:\/\/api.w.org\/{rel}","templated":true}]}}