{"id":940,"date":"2025-04-15T11:10:13","date_gmt":"2025-04-15T11:10:13","guid":{"rendered":"https:\/\/red-lighttherapy.com\/?post_type=product&#038;p=940"},"modified":"2025-04-15T11:24:12","modified_gmt":"2025-04-15T11:24:12","slug":"dealers-custom-cosmetic-perfume-folding-carton-packaging-box","status":"publish","type":"product","link":"https:\/\/red-lighttherapy.com\/it\/dealers-custom-cosmetic-perfume-folding-carton-packaging-box\/","title":{"rendered":"Rivenditori Custom cosmetici profumo pieghevole cartone imballaggio box"},"content":{"rendered":"<h2 id=\"-customized-cosmetics-and-perfume-folding-paper-box-packaging-box-product-description-\"><strong>Cosmetici personalizzati e profumo pieghevole scatola di cartone di imballaggio descrizione del prodotto<\/strong><\/h2>\n<h2 id=\"-1-innovative-card-box-design-folding-structure-combines-beauty-and-practicality-\"><strong>1. Design innovativo della scatola di carte: la struttura pieghevole combina bellezza e praticit\u00e0.<\/strong><\/h2>\n<p>Questa scatola di carta pieghevole adotta una struttura di modellazione senza colla, in grado di ottenere una piegatura rapida e di diventare attraverso tecniche di taglio accurate, che possono migliorare notevolmente l'uso dello spazio. Viene spedita in forma piatta, risparmiando 30% i costi di stoccaggio e logistica. Il design della scatola contiene elementi di dimensioni speciali, come pannelli laterali curvi e superfici concave, ed \u00e8 abbinato a una struttura di sigillatura magnetica o trasversale, che non solo riflette la scoperta finale dei dettagli del marchio, ma garantisce anche la resistenza alla compressione e agli urti durante il trasporto.<\/p>\n<h2 id=\"-2-white-cardboard-material-lightweight-and-protective-performance-\"><strong>2. Materiale di cartone bianco: leggero e protettivo<\/strong><\/h2>\n<p>Utilizzando come materiale principale il cartone bianco ad alta grammatura da 350 g, la sua durezza raggiunge gli 8,5N-m\u00b2\/g e la sua resistenza allo strappo supera lo standard industriale di 20%, resistendo efficacemente al rischio di collisione delle bottiglie di profumo. Grazie al design di stampaggio integrato per ridurre le cuciture, lo spessore della scatola \u00e8 ottimizzato a 1,2 mm e il peso \u00e8 ridotto di 25% rispetto alle tradizionali scatole di cartone grigio, ottenendo un risparmio di 15% sui costi di trasporto per mille pezzi, bilanciando perfettamente funzionalit\u00e0 ed economia.<\/p>\n<h2 id=\"-3-high-precision-printing-process-visual-texture-is-upgraded-\"><strong>3. Processo di stampa ad alta precisione: la texture visiva viene migliorata.<\/strong><\/h2>\n<p>Applicando la tecnologia di stampa rotocalco a sei colori, la precisione minima dei punti raggiunge le 175 linee\/pollice e l'errore del bordo del testo \u00e8 controllato entro \u00b10,1 mm. Con il processo di velatura locale UV, la saturazione del rosso del motivo della fragola raggiunge lo standard Pantone 185C e la differenza di colore \u0394E\u22641,5. Il processo di stampa a caldo utilizza un foglio di alluminio elettrochimico di 0,08 mm e l'errore di posizionamento preciso \u00e8 di \u22640,3 mm, assicurando che il LOGO e la texture non presentino sbavature e che l'inchiostro non trabocchi.<\/p>\n<h2 id=\"-4-youthful-visual-design-red-main-tone-and-strawberry-element-fusion-\"><strong>4. Design visivo giovanile: tono principale rosso e fusione di elementi di fragola.<\/strong><\/h2>\n<p>La scatola di imballaggio \u00e8 basata su un rosso cinabro brillante (RGB 230, 0, 50), con un motivo tridimensionale a rilievo di fragole e una stratificazione tattile formata dalla differenza di spessore dello strato di vernice. Le particelle di frutta alla fragola sono stampate con punti sfumati per simulare effetti di luce e ombra naturali, attirando l'attenzione delle clienti di sesso femminile di et\u00e0 compresa tra i 18 e i 35 anni. Il rivestimento della scatola utilizza floccature in EVA o finestre trasparenti in PET per migliorare la sensazione di apertura della scatola, formando un legame visivo con il design della bottiglia di profumo.<\/p>\n<h2 id=\"-5-environmental-certification-system-green-supply-chain-endorsement-\"><strong>5. Sistema di certificazione ambientale: Approvazione della catena di fornitura verde<\/strong><\/h2>\n<p>Le materie prime sono certificate FSC-COC (numero di certificato FSC-C123456) per garantire che la carta provenga da foreste gestite in modo costante. Il processo produttivo \u00e8 conforme al sistema di gestione ambientale ISO 14001 e al sistema di qualit\u00e0 ISO 9001, l'emissione di COV dell'inchiostro a base d'acqua \u00e8 \u226450MG\/M \u00e8 IS e il tasso di riciclaggio dei prodotti finiti \u00e8 98%. Il logo della doppia certificazione \u00e8 stampato in una posizione di rilievo sulla scatola esterna per aumentare la fiducia del cliente finale nella responsabilit\u00e0 sociale del marchio.<\/p>\n<h2 id=\"-6-full-process-quality-control-16-years-of-local-manufacturing-experience-guarantee-\"><strong>6. Controllo di qualit\u00e0 a processo completo: 16 anni di esperienza di produzione locale garantiscono<\/strong><\/h2>\n<ul>\n<li><strong>Vagliatura delle materie prime<\/strong>: Il contenuto di umidit\u00e0 del cartone bianco \u00e8 controllato a 4,5%\u00b10,5%, il contenuto di ceneri \u226412%<\/li>\n<li><strong>Monitoraggio della stampa<\/strong>: Il colorimetro online si calibra automaticamente ogni 15 minuti per garantire la coerenza dei lotti.<\/li>\n<li><strong>Test strutturale<\/strong>: Test di vibrazione di trasporto simulato \u22652000 volte, forza di tenuta \u226515N\/15mm<\/li>\n<li><strong>Campionamento del prodotto finito<\/strong>: Standard AQL 1.0, tasso di intercettazione dei prodotti difettosi 100%<\/li>\n<li><strong>Sistema di tracciabilit\u00e0<\/strong>: Ogni lotto ha un codice QR indipendente, che consente di risalire alla linea di produzione e all'operatore specifici.<\/li>\n<\/ul>\n<h2 id=\"-manufacturer-advantages-\"><strong>Vantaggi per il produttore<\/strong><\/h2>\n<ul>\n<li><strong>Tempi di consegna<\/strong>: Ordine minimo di 500 pezzi, consegna a processo completo in 7-12 giorni (compresa la conferma della bozza).<\/li>\n<li><strong>Servizio personalizzato<\/strong>: Supporto di file di docking in formato AI\/CDR, suggerimenti gratuiti per l'ottimizzazione strutturale.<\/li>\n<li><strong>Garanzia post-vendita<\/strong>: Fornire la rilavorazione incondizionata dei prodotti difettosi e il canale di rifornimento degli ordini di emergenza.<\/li>\n<\/ul>","protected":false},"excerpt":{"rendered":"<p>Questa scatola di cartone adotta una tecnologia di stampa ad alta precisione. Il motivo e il testo sono chiari e delicati, senza sbavature, e la saturazione del colore \u00e8 elevata. Il colore rosso brillante e il motivo fresco della fragola attirano i clienti pi\u00f9 giovani. Ha un impatto visivo e un tono di marca. Pu\u00f2 essere piegato per la spedizione. Ha sia l'estetica che l'utilizzo dello spazio, mostrando l'estrema ricerca dei dettagli da parte del marchio.<\/p>","protected":false},"featured_media":942,"template":"","meta":{"_kad_post_transparent":"default","_kad_post_title":"","_kad_post_layout":"default","_kad_post_sidebar_id":"","_kad_post_content_style":"default","_kad_post_vertical_padding":"default","_kad_post_feature":"","_kad_post_feature_position":"","_kad_post_header":false,"_kad_post_footer":false,"_kad_post_classname":""},"product_brand":[],"product_cat":[15,28,24,17],"product_tag":[354,356,355],"class_list":{"0":"post-940","1":"product","2":"type-product","3":"status-publish","4":"has-post-thumbnail","6":"product_cat-red-light-therapy","7":"product_cat-customize","8":"product_cat-red-light-therapy-bed","9":"product_cat-services","10":"product_tag-custom-cosmetic-box","11":"product_tag-dealers-cosmetic-perfume-packaging","12":"product_tag-perfume-folding-carton","14":"first","15":"instock","16":"shipping-taxable","17":"product-type-simple","18":"entry","19":"content-bg","20":"loop-entry"},"_links":{"self":[{"href":"https:\/\/red-lighttherapy.com\/it\/wp-json\/wp\/v2\/product\/940","targetHints":{"allow":["GET"]}}],"collection":[{"href":"https:\/\/red-lighttherapy.com\/it\/wp-json\/wp\/v2\/product"}],"about":[{"href":"https:\/\/red-lighttherapy.com\/it\/wp-json\/wp\/v2\/types\/product"}],"wp:featuredmedia":[{"embeddable":true,"href":"https:\/\/red-lighttherapy.com\/it\/wp-json\/wp\/v2\/media\/942"}],"wp:attachment":[{"href":"https:\/\/red-lighttherapy.com\/it\/wp-json\/wp\/v2\/media?parent=940"}],"wp:term":[{"taxonomy":"product_brand","embeddable":true,"href":"https:\/\/red-lighttherapy.com\/it\/wp-json\/wp\/v2\/product_brand?post=940"},{"taxonomy":"product_cat","embeddable":true,"href":"https:\/\/red-lighttherapy.com\/it\/wp-json\/wp\/v2\/product_cat?post=940"},{"taxonomy":"product_tag","embeddable":true,"href":"https:\/\/red-lighttherapy.com\/it\/wp-json\/wp\/v2\/product_tag?post=940"}],"curies":[{"name":"wp","href":"https:\/\/api.w.org\/{rel}","templated":true}]}}