{"id":929,"date":"2025-04-15T10:39:22","date_gmt":"2025-04-15T10:39:22","guid":{"rendered":"https:\/\/red-lighttherapy.com\/?post_type=product&#038;p=929"},"modified":"2025-04-15T10:55:24","modified_gmt":"2025-04-15T10:55:24","slug":"vendor-child-proof-empty-510-disposable-vape-pen-packaging","status":"publish","type":"product","link":"https:\/\/red-lighttherapy.com\/it\/vendor-child-proof-empty-510-disposable-vape-pen-packaging\/","title":{"rendered":"Imballaggio per penna da svapo vuota 510 monouso a prova di bambino del venditore"},"content":{"rendered":"<h2 id=\"child-proof-510-disposable-electronic-cigarette-pen-packaging-product-description\">Descrizione del prodotto: confezione 510 monouso a prova di bambino per penne da svapo<\/h2>\n<h2 id=\"1-intelligent-drawer-style-child-proof-opening-and-closing-design-\">1.\u00a0<strong>Design intelligente di apertura e chiusura a prova di bambino a forma di cassetto<\/strong><\/h2>\n<p>Adottando una struttura push-pull, pu\u00f2 essere facilmente azionato con una sola mano e la funzione di protezione dei bambini \u00e8 realizzata attraverso un design a smorzamento meccanico. La guida del cassetto \u00e8 dotata di un meccanismo a doppia fibbia e per aprirla \u00e8 necessario applicare un angolo e una forza specifici durante il processo di spinta, che non solo soddisfa le esigenze degli adulti di accedere comodamente, ma evita anche efficacemente il rischio di apertura accidentale o di scivolamento dei bambini.<\/p>\n<h2 id=\"2-environmentally-friendly-and-durable-coated-paper-material-\">2.\u00a0<strong>Materiale di carta patinata ecologica e resistente<\/strong><\/h2>\n<p>Il corpo della scatola utilizza un substrato di carta patinata certificata FSC e la superficie \u00e8 ricoperta da un rivestimento antiusura e antinvecchiamento. \u00c8 in grado di sopportare aperture e chiusure ad alta frequenza e l'usura del trasporto, e supporta l'uso ripetuto per pi\u00f9 di 100 volte. Il trattamento opaco riduce i residui di impronte digitali, mentre l'aspetto nero puro lo rende adatto a scenari di alto livello, come quello commerciale e medico.<\/p>\n<h2 id=\"3-precision-mold-and-integrated-molding-process-\">3.\u00a0<strong>Stampo di precisione e processo di stampaggio integrato<\/strong><\/h2>\n<p>Grazie alla tecnologia di taglio ad alta precisione \u00b10,01 mm, i bordi sono piatti e privi di bave e la struttura di apertura e chiusura \u00e8 priva di giunture. Il processo di stampaggio pieghevole integrato senza colla elimina le giunzioni e le debolezze di incollaggio degli imballaggi tradizionali, aumenta la resistenza alla compressione complessiva di 40% e prolunga la vita utile fino al doppio dello standard industriale.<\/p>\n<h2 id=\"4-customized-eva-lining-and-shock-protection-\">4.\u00a0<strong>Fodera in EVA personalizzata e protezione dagli urti<\/strong><\/h2>\n<p>Il rivestimento in EVA bianco \u00e8 intagliato a CNC per formare una scanalatura che si adatta al prodotto di tipo 510, con una precisione di fissaggio di \u00b10,5 mm per evitare spostamenti durante il trasporto. La fodera supporta la regolazione personalizzata ed \u00e8 compatibile con diverse specifiche di cartucce d'inchiostro o accessori aggiuntivi (come cavi di ricarica, manuali), e le prestazioni di tamponamento hanno superato il test di caduta da 1,5 metri.<\/p>\n<h2 id=\"5-modular-customization-and-global-compliance-\">5.\u00a0<strong>Personalizzazione modulare e conformit\u00e0 globale<\/strong><\/h2>\n<p>L'imballaggio consente di regolare in modo flessibile le dimensioni, la posizione di apertura e la partizione del rivestimento per soddisfare i requisiti di compatibilit\u00e0 dei clienti per i prodotti multi-specifici. Il materiale ha superato la certificazione di sostenibilit\u00e0 forestale FSC ed \u00e8 conforme alle normative ambientali globali come il REACH dell'UE e la FDA degli Stati Uniti, aiutando le aziende a raggiungere gli obiettivi di una catena di approvvigionamento verde.<\/p>","protected":false},"excerpt":{"rendered":"<p>Il cassetto di carta con apertura e chiusura a prova di bambino consente di spingere e tirare facilmente gli articoli con una sola mano, evitando che scivolino accidentalmente. Il materiale di carta patinata \u00e8 resistente all'usura e all'invecchiamento, riutilizzabile e in linea con i concetti di protezione ambientale ed economia. \u00c8 in grado di regolare in modo personalizzato le dimensioni, la posizione di apertura e la suddivisione del rivestimento per soddisfare le esigenze delle diverse specifiche delle cartucce d'inchiostro o delle confezioni di prodotti speciali.<\/p>","protected":false},"featured_media":930,"template":"","meta":{"_kad_post_transparent":"default","_kad_post_title":"","_kad_post_layout":"default","_kad_post_sidebar_id":"","_kad_post_content_style":"default","_kad_post_vertical_padding":"default","_kad_post_feature":"","_kad_post_feature_position":"","_kad_post_header":false,"_kad_post_footer":false,"_kad_post_classname":""},"product_brand":[],"product_cat":[15,20,40,17],"product_tag":[351,169,350],"class_list":{"0":"post-929","1":"product","2":"type-product","3":"status-publish","4":"has-post-thumbnail","6":"product_cat-red-light-therapy","7":"product_cat-led-face-light-therapy","8":"product_cat-red-light-therapy-panel","9":"product_cat-services","10":"product_tag-empty-vape-cartridge-packaging","11":"product_tag-vape-cartridge-packaging","12":"product_tag-vape-cartridge-packaging-usa","14":"first","15":"instock","16":"shipping-taxable","17":"product-type-simple","18":"entry","19":"content-bg","20":"loop-entry"},"_links":{"self":[{"href":"https:\/\/red-lighttherapy.com\/it\/wp-json\/wp\/v2\/product\/929","targetHints":{"allow":["GET"]}}],"collection":[{"href":"https:\/\/red-lighttherapy.com\/it\/wp-json\/wp\/v2\/product"}],"about":[{"href":"https:\/\/red-lighttherapy.com\/it\/wp-json\/wp\/v2\/types\/product"}],"wp:featuredmedia":[{"embeddable":true,"href":"https:\/\/red-lighttherapy.com\/it\/wp-json\/wp\/v2\/media\/930"}],"wp:attachment":[{"href":"https:\/\/red-lighttherapy.com\/it\/wp-json\/wp\/v2\/media?parent=929"}],"wp:term":[{"taxonomy":"product_brand","embeddable":true,"href":"https:\/\/red-lighttherapy.com\/it\/wp-json\/wp\/v2\/product_brand?post=929"},{"taxonomy":"product_cat","embeddable":true,"href":"https:\/\/red-lighttherapy.com\/it\/wp-json\/wp\/v2\/product_cat?post=929"},{"taxonomy":"product_tag","embeddable":true,"href":"https:\/\/red-lighttherapy.com\/it\/wp-json\/wp\/v2\/product_tag?post=929"}],"curies":[{"name":"wp","href":"https:\/\/api.w.org\/{rel}","templated":true}]}}