{"id":923,"date":"2025-04-15T10:22:56","date_gmt":"2025-04-15T10:22:56","guid":{"rendered":"https:\/\/red-lighttherapy.com\/?post_type=product&#038;p=923"},"modified":"2025-04-16T16:38:08","modified_gmt":"2025-04-16T16:38:08","slug":"custom-clamshell-perfume-gift-boxes-packaging-supplies","status":"publish","type":"product","link":"https:\/\/red-lighttherapy.com\/it\/custom-clamshell-perfume-gift-boxes-packaging-supplies\/","title":{"rendered":"Scatole regalo di profumo a conchiglia personalizzate Forniture per l'imballaggio"},"content":{"rendered":"<h3 id=\"1-full-dimensional-brand-customization-service-\">1.\u00a0<strong>Servizio di personalizzazione completa del marchio<\/strong><\/h3>\n<p>Forniamo servizi di personalizzazione dell'intero processo, dalla progettazione alla produzione, e possiamo adattare in modo flessibile le dimensioni, l'artigianato, l'abbinamento dei colori e la struttura della scatola di imballaggio in base al posizionamento del marchio, alle caratteristiche del prodotto e alla domanda del mercato. Sia che si tratti di uno stile semplice e moderno, di elementi estetici orientali o di uno stile di illustrazione artistica di alto livello, \u00e8 in grado di adattarsi con precisione al tono del marchio. Ad esempio, attraverso la stampa a caldo, il rilievo, la goffratura e altri processi per migliorare la stratificazione visiva, o integrare il LOGO esclusivo del marchio e i simboli culturali per creare una soluzione di packaging unica.<\/p>\n<h3 id=\"2-16-year-source-factory-quality-and-cost-double-guarantee-\">2.\u00a0<strong>16 anni di fabbrica di fonte, qualit\u00e0 e costo a doppia garanzia<\/strong><\/h3>\n<p>In qualit\u00e0 di fabbrica di origine con 16 anni di profonda coltivazione nel settore dell'imballaggio, disponiamo di un sistema completo di catena di fornitura, che \u00e8 completamente controllabile dall'approvvigionamento delle materie prime alla produzione e alla lavorazione. Utilizziamo un modello di produzione su larga scala per ridurre i costi e controlliamo rigorosamente dettagli come il peso della carta e la protezione ambientale della colla, per garantire che il prodotto abbia prestazioni elevate in termini di costi e durata. I nostri clienti cooperano con marchi di bellezza internazionali e aziende di profumi all'avanguardia, e la qualit\u00e0 \u00e8 stata verificata dal mercato per molto tempo.<\/p>\n<h3 id=\"3-design-empowers-brand-value-enhancement-\">3.\u00a0<strong>Il design favorisce l'aumento del valore del marchio<\/strong><\/h3>\n<p>Il team di progettazione del packaging conosce bene la logica del packaging di lusso e aumenta il valore aggiunto del prodotto attraverso il contrasto dei materiali, la psicologia dei colori e l'innovazione strutturale. Ad esempio, la combinazione di cartone grigio e cartone nero non solo mette in risalto la consistenza pacata, ma permette anche di ottenere un'aderenza perfetta tra il rivestimento e il prodotto grazie alla tecnologia di fustellatura, trasmettendo l'immagine professionale di un marchio di fascia alta. I casi dimostrano che il design personalizzato pu\u00f2 aumentare il favore dei consumatori verso il marchio di oltre 40%.<\/p>\n<h3 id=\"4-scientific-lining-protection-system-\">4.\u00a0<strong>Sistema di protezione del rivestimento scientifico<\/strong><\/h3>\n<p>La fodera utilizza materiali ad alta ammortizzazione come la schiuma EVA, la floccatura o la spugna personalizzata, e si adatta accuratamente al contorno della bottiglia di profumo grazie alla tecnologia di fustellatura di precisione per evitare scosse e collisioni durante il trasporto. Lo strato interno di cartone grigio (1200 GSM) fornisce un supporto di base, mentre lo strato esterno di cartoncino nero (120 GSM) aumenta la resistenza alla pressione. La doppia protezione garantisce l'integrit\u00e0 del prodotto.<\/p>\n<h3 id=\"5-environmentally-friendly-materials-stable-structure-\">5.\u00a0<strong>Materiali ecologici, struttura stabile<\/strong><\/h3>\n<p>I materiali di base sono il cartoncino grigio da 1200 GSM e il cartoncino nero da 120 GSM, conformi alla normativa RoHS e dotati di elevata resistenza e leggerezza. Il cartone grigio \u00e8 sottoposto a un trattamento antiumidit\u00e0 per adattarsi a diversi ambienti di temperatura e umidit\u00e0; il cartone nero ha una superficie liscia e una forte adesione alla stampa, che pu\u00f2 presentare effetti complessi come sfumature delicate e stampa a caldo, soddisfacendo i severi requisiti di stabilit\u00e0 degli imballaggi del mercato di fascia alta.<\/p>\n<h3 id=\"6-flip-top-design-practical-and-aesthetic-balance-\">6.\u00a0<strong>Design a ribalta, equilibrio pratico ed estetico<\/strong><\/h3>\n<p>La scatola flip-top adotta una struttura di chiusura magnetica o a fibbia, che pu\u00f2 essere facilmente aperta con una sola mano, mentre il design della finestra di visualizzazione consente di vedere il prodotto a colpo d'occhio. Gli angoli di apertura e chiusura sono ottimizzati dal punto di vista ergonomico e l'accesso \u00e8 agevole. Allo stesso tempo, il flip pu\u00f2 essere utilizzato come espositore indipendente quando viene eretto, adatto per l'esposizione al banco o per le scene di regalo, combinando funzionalit\u00e0 e rituale.<\/p>\n<h3 id=\"7-natural-color-matching-exquisite-style-\">7.\u00a0<strong>Colore naturale abbinato, stile squisito<\/strong><\/h3>\n<p>La combinazione di colori verdi a bassa saturazione richiama il concetto di protezione ambientale, trasmettendo al contempo un'immagine fresca e di alto livello del marchio. Le linee semplici a forma di scatola con trattamento superficiale opaco\/perlato evitano decorazioni eccessive e trasmettono lo stile del marchio attraverso la consistenza del materiale stesso. I dati reali dimostrano che questo tipo di design pu\u00f2 prolungare il tempo di permanenza del prodotto sullo scaffale di 30%.<\/p>","protected":false},"excerpt":{"rendered":"<p>Dalla progettazione creativa alla produzione di massa e alla consegna, siamo supportati da 16 anni di esperienza nel settore e aiutiamo i marchi a distinguersi dalla concorrenza agguerrita grazie a soluzioni personalizzate. Che si tratti di regali per le feste, di esclusive per l'e-commerce o di espositori per negozi offline, siamo in grado di fornire soluzioni di adattamento per contribuire a migliorare le capacit\u00e0 premium dei prodotti.<\/p>","protected":false},"featured_media":924,"template":"","meta":{"_kad_post_transparent":"default","_kad_post_title":"","_kad_post_layout":"default","_kad_post_sidebar_id":"","_kad_post_content_style":"default","_kad_post_vertical_padding":"default","_kad_post_feature":"","_kad_post_feature_position":"","_kad_post_header":false,"_kad_post_footer":false,"_kad_post_classname":""},"product_brand":[],"product_cat":[15,27,17],"product_tag":[348,347,349],"class_list":{"0":"post-923","1":"product","2":"type-product","3":"status-publish","4":"has-post-thumbnail","6":"product_cat-red-light-therapy","7":"product_cat-red-light-therapy-belt","8":"product_cat-services","9":"product_tag-custom-clamshell","10":"product_tag-custom-clamshell-boxes","11":"product_tag-gift-boxes-packaging-supplies","13":"first","14":"instock","15":"shipping-taxable","16":"product-type-simple","17":"entry","18":"content-bg","19":"loop-entry"},"_links":{"self":[{"href":"https:\/\/red-lighttherapy.com\/it\/wp-json\/wp\/v2\/product\/923","targetHints":{"allow":["GET"]}}],"collection":[{"href":"https:\/\/red-lighttherapy.com\/it\/wp-json\/wp\/v2\/product"}],"about":[{"href":"https:\/\/red-lighttherapy.com\/it\/wp-json\/wp\/v2\/types\/product"}],"wp:featuredmedia":[{"embeddable":true,"href":"https:\/\/red-lighttherapy.com\/it\/wp-json\/wp\/v2\/media\/924"}],"wp:attachment":[{"href":"https:\/\/red-lighttherapy.com\/it\/wp-json\/wp\/v2\/media?parent=923"}],"wp:term":[{"taxonomy":"product_brand","embeddable":true,"href":"https:\/\/red-lighttherapy.com\/it\/wp-json\/wp\/v2\/product_brand?post=923"},{"taxonomy":"product_cat","embeddable":true,"href":"https:\/\/red-lighttherapy.com\/it\/wp-json\/wp\/v2\/product_cat?post=923"},{"taxonomy":"product_tag","embeddable":true,"href":"https:\/\/red-lighttherapy.com\/it\/wp-json\/wp\/v2\/product_tag?post=923"}],"curies":[{"name":"wp","href":"https:\/\/api.w.org\/{rel}","templated":true}]}}