{"id":900,"date":"2025-04-15T09:58:54","date_gmt":"2025-04-15T09:58:54","guid":{"rendered":"https:\/\/red-lighttherapy.com\/?post_type=product&#038;p=900"},"modified":"2025-04-15T10:16:33","modified_gmt":"2025-04-15T10:16:33","slug":"private-label-child-resistant-drawer-box-for-vape-cartridge","status":"publish","type":"product","link":"https:\/\/red-lighttherapy.com\/it\/private-label-child-resistant-drawer-box-for-vape-cartridge\/","title":{"rendered":"Etichetta privata Cassetto resistente ai bambini per cartuccia Vape"},"content":{"rendered":"<h2 id=\"-child-safe-drawer-type-electronic-cigarette-cartridge-box-product-description-\"><strong>Etichetta privata Cassetto resistente ai bambini per cartuccia Vape Descrizione del prodotto<\/strong><\/h2>\n<h2 id=\"1-child-lock-patent-technology-\">1.\u00a0<strong>Tecnologia con brevetto Child Lock<\/strong><\/h2>\n<p>\u00c8 stato adottato il design del blocco meccanico plug-in per bambini, accettato a livello internazionale. La cartuccia deve essere inserita e disinserita tre volte in 2 secondi prima di poter essere sbloccata (l'azione di sblocco si riferisce ai requisiti di certificazione dello standard internazionale ISO 8317), il che impedisce efficacemente ai bambini di tenersi lontani. Il certificato di brevetto copre le principali normative di mercato, come la EN 14375 dell'Unione Europea e la ASTM D3475-18 degli Stati Uniti, assicurando che il prodotto sia conforme allo \"Standard Nazionale Obbligatorio della Sigaretta Elettronica\" e alle normative di sicurezza globali.<\/p>\n<h2 id=\"2-sealing-and-protection-integration-\">2.\u00a0<strong>Integrazione di tenuta e protezione<\/strong><\/h2>\n<p>La scatola a cassetto adotta una struttura a doppia fibbia. Quando \u00e8 chiusa, forma una barriera ermetica grazie a un anello di tenuta in silicone. Le prestazioni antiumidit\u00e0 e antiossidazione raggiungono il livello IP54, evitando l'apertura accidentale causata da un impatto esterno.<\/p>\n<h2 id=\"1-fsc-certified-environmentally-friendly-paper-\">3. <strong>Carta ecologica certificata FSC<\/strong><\/h2>\n<p>Il corpo della scatola utilizza carta certificata FSC-C137354, le materie prime provengono da foreste gestite in modo sostenibile, sono conformi alla EU Timber Regulation (EUTR) e agli standard ambientali nordamericani, e la stampa dell'imballaggio utilizza inchiostro a base d'acqua, non tossico e degradabile.<\/p>\n<h2 id=\"2-visual-identification-system-enhancement-\">4. <strong>Miglioramento del sistema di identificazione visiva<\/strong><\/h2>\n<ul>\n<li><strong>Colore principale<\/strong>: Base bianca pura, simbolo di sicurezza e tecnologia.<\/li>\n<li><strong>Design dei modelli<\/strong>: Il motivo a nuvole in rilievo sulla superficie della scatola si ispira al tradizionale motivo orientale delle nuvole di buon auspicio ed \u00e8 abbinato al processo di stampa a caldo del LOGO del marchio per migliorare il riconoscimento e la struttura di alto livello.<\/li>\n<\/ul>\n<h2 id=\"1-eva-customized-lining-protection-\">5. <strong>Protezione interna personalizzata in EVA<\/strong><\/h2>\n<p>Il rivestimento utilizza schiuma EVA ad alta densit\u00e0 (densit\u00e0 45P, spessore 7 mm), testata per resistere a una pressione statica di 50 kg e a un impatto di 1,2 metri. La cavit\u00e0 interna \u00e8 tagliata al laser in base alla forma della cartuccia, adatta a una variet\u00e0 di specifiche, e le prestazioni antiurto e di tamponamento sono 30% migliori dello standard industriale.<\/p>\n<h2 id=\"2-fast-modular-design-system-\">6. <strong>Sistema di progettazione modulare veloce<\/strong><\/h2>\n<ul>\n<li><strong>Consegna in 72 ore<\/strong>: Supporta l'importazione di disegni CAD, genera in modo intelligente la struttura delle scatole, fodera la soluzione dello stampo diviso ed \u00e8 compatibile con la personalizzazione delle cartucce rotonde\/ovali (diametro di 20 mm o superiore).<\/li>\n<li><strong>Espansione flessibile<\/strong>: Il binario del cassetto pu\u00f2 essere ampliato con una struttura a uno\/due strati, adatta alle sigarette elettroniche monouso o ai set di cartucce multi-sapore.<\/li>\n<\/ul>\n<h2 id=\"-fourth-compliance-certification-and-after-sales-service-\"><strong>7. Certificazione di conformit\u00e0 e assistenza post-vendita<\/strong><\/h2>\n<ul>\n<li><strong>Certificazione internazionale<\/strong>: Ha superato i test CE, RoHS, REACH e scansiona il codice per verificare il lotto di produzione e il certificato di conformit\u00e0.<\/li>\n<li><strong>Impegno per la garanzia della qualit\u00e0<\/strong>: Fornisce una garanzia strutturale di 12 mesi e supporta il riciclaggio e l'aggiornamento della vecchia scatola.<\/li>\n<\/ul>","protected":false},"excerpt":{"rendered":"<p>Questo prodotto si basa su \"sicurezza, protezione dell'ambiente e alta efficienza\", integra profondamente il meccanismo di protezione dei bambini con l'estetica del marchio e soddisfa le diverse esigenze dei marchi globali di vape in termini di conformit\u00e0, esperienza dell'utente ed efficienza della catena di fornitura.<\/p>","protected":false},"featured_media":913,"template":"","meta":{"_kad_post_transparent":"default","_kad_post_title":"","_kad_post_layout":"default","_kad_post_sidebar_id":"","_kad_post_content_style":"default","_kad_post_vertical_padding":"default","_kad_post_feature":"","_kad_post_feature_position":"","_kad_post_header":false,"_kad_post_footer":false,"_kad_post_classname":""},"product_brand":[],"product_cat":[15,20,40,17],"product_tag":[344,345,346],"class_list":{"0":"post-900","1":"product","2":"type-product","3":"status-publish","4":"has-post-thumbnail","6":"product_cat-red-light-therapy","7":"product_cat-led-face-light-therapy","8":"product_cat-red-light-therapy-panel","9":"product_cat-services","10":"product_tag-child-resistant-vape-packaging","11":"product_tag-drawer-box-for-vape-cartridge","12":"product_tag-private-label-vape-cartridge-box","14":"first","15":"instock","16":"shipping-taxable","17":"product-type-simple","18":"entry","19":"content-bg","20":"loop-entry"},"_links":{"self":[{"href":"https:\/\/red-lighttherapy.com\/it\/wp-json\/wp\/v2\/product\/900","targetHints":{"allow":["GET"]}}],"collection":[{"href":"https:\/\/red-lighttherapy.com\/it\/wp-json\/wp\/v2\/product"}],"about":[{"href":"https:\/\/red-lighttherapy.com\/it\/wp-json\/wp\/v2\/types\/product"}],"wp:featuredmedia":[{"embeddable":true,"href":"https:\/\/red-lighttherapy.com\/it\/wp-json\/wp\/v2\/media\/913"}],"wp:attachment":[{"href":"https:\/\/red-lighttherapy.com\/it\/wp-json\/wp\/v2\/media?parent=900"}],"wp:term":[{"taxonomy":"product_brand","embeddable":true,"href":"https:\/\/red-lighttherapy.com\/it\/wp-json\/wp\/v2\/product_brand?post=900"},{"taxonomy":"product_cat","embeddable":true,"href":"https:\/\/red-lighttherapy.com\/it\/wp-json\/wp\/v2\/product_cat?post=900"},{"taxonomy":"product_tag","embeddable":true,"href":"https:\/\/red-lighttherapy.com\/it\/wp-json\/wp\/v2\/product_tag?post=900"}],"curies":[{"name":"wp","href":"https:\/\/api.w.org\/{rel}","templated":true}]}}