{"id":894,"date":"2025-04-15T09:42:47","date_gmt":"2025-04-15T09:42:47","guid":{"rendered":"https:\/\/red-lighttherapy.com\/?post_type=product&#038;p=894"},"modified":"2025-04-16T16:37:17","modified_gmt":"2025-04-16T16:37:17","slug":"bespoke-clamshell-gift-box-for-1-gram-concentrate-live-resin","status":"publish","type":"product","link":"https:\/\/red-lighttherapy.com\/it\/bespoke-clamshell-gift-box-for-1-gram-concentrate-live-resin\/","title":{"rendered":"Confezione regalo a conchiglia su misura per 1 grammo di concentrato di resina viva"},"content":{"rendered":"<h2 id=\"-customized-flip-top-gift-box-1g-concentrated-active-resin-exclusive-protection-solution-\"><strong>Confezione regalo personalizzata flip-top 1g di resina attiva concentrata soluzione di protezione esclusiva<\/strong><\/h2>\n<h2 id=\"-1-ergonomic-flip-top-design-one-handed-operation-without-burden-\"><strong>1. Design ergonomico a ribalta, funzionamento con una sola mano, senza alcun onere.<\/strong><\/h2>\n<ul>\n<li>Grazie alla struttura a cerniera di precisione e alla doppia assistenza della fibbia magnetica, l'apertura e la chiusura possono essere effettuate con una sola mano, evitando che le scatole pieghevoli tradizionali si incastrino o si allentino facilmente.<\/li>\n<li>La durata del flip-top \u00e8 stata testata per 10.000 volte di apertura e chiusura e la durata \u00e8 stata aumentata di 300%, soddisfacendo le esigenze di un utilizzo ad alta frequenza.<\/li>\n<\/ul>\n<h2 id=\"-2-environmentally-friendly-coated-paper-material-taking-into-account-strength-and-sustainability-\"><strong>2. Materiale di carta patinata ecologica, che tiene conto di resistenza e sostenibilit\u00e0<\/strong><\/h2>\n<ul>\n<li>Carta patinata spessorata certificata FSC selezionata (film opaco\/luminoso opzionale), durezza di 400g\/m\u00b2, capacit\u00e0 di carico di oltre 500g, protezione salda di 1g di prodotti in resina.<\/li>\n<li>Sostenere la stampa con inchiostro ecologico e il processo di rivestimento degradabile, in linea con gli standard di accesso alla protezione ambientale dei mercati europei e americani.<\/li>\n<\/ul>\n<h2 id=\"-3-precision-die-cutting-process-millimeter-level-precision-adaptation-\"><strong>3. Processo di fustellatura di precisione, adattamento della precisione a livello millimetrico<\/strong><\/h2>\n<ul>\n<li>La tecnologia di taglio laser garantisce l'assenza di bave sul bordo della scatola, la tolleranza della cucitura \u00e8 \u22640,3 mm, il tocco \u00e8 delicato ed evita il rischio di graffi.<\/li>\n<li>La profondit\u00e0 della scanalatura circolare incorporata \u00e8 adattata alle dimensioni del concentrato da 1 grammo pi\u00f9 diffuse nel settore (diametro 20 mm\/regolabile) e viene utilizzato uno strato tampone in EVA alimentare, resistente agli urti e alla pressione, che non si sposta durante il trasporto.<\/li>\n<\/ul>\n<h2 id=\"-4-minimalist-blank-design-interpreting-high-end-tonality-\"><strong>4. Design minimalista in bianco, che interpreta la tonalit\u00e0 di fascia alta<\/strong><\/h2>\n<ul>\n<li>La base opaca di colore puro \u00e8 abbinata a un design vuoto senza LOGO, evidenziando il valore del contenuto, e supporta la stampa a caldo, la goffratura, la superficie luminosa parziale UV e altri processi di personalizzazione.<\/li>\n<li>Fodera magnetica in velluto opzionale, targhetta in metallo o slot per carte di credito personalizzate per migliorare il senso della cerimonia di unboxing.<\/li>\n<\/ul>\n<h2 id=\"-customized-service-\"><strong>5. Servizio personalizzato<\/strong><\/h2>\n<ul>\n<li><strong>Dimensione flessibile<\/strong>: Supporta la regolazione di scanalature con un diametro di 15-30 mm, adattandosi a barattoli di cera di forma speciale o alle esigenze di confezionamento a pi\u00f9 griglie.<\/li>\n<li><strong>Aggiornamento strutturale<\/strong>: \u00c8 possibile aggiungere sigilli anticontraffazione, vaschette interne estraibili o design a doppio strato.<\/li>\n<li><strong>Soluzione di stampa<\/strong>: Sono previste tinte piatte Pantone, colori fluorescenti, stampa in rilievo e altri processi di nicchia, ed \u00e8 supportata la personalizzazione visiva dell'intera superficie della scatola.<\/li>\n<li><strong>Valore aggiunto accessorio<\/strong>: Con strumenti personalizzati (come microspatole), inserti di istruzioni o chip elettronici (tracciabilit\u00e0 NFC).<\/li>\n<\/ul>\n<h3 id=\"-application-scenarios-\"><strong>6. Scenari di applicazione<\/strong><\/h3>\n<ul>\n<li>Set regalo in resina concentrata di alta gamma<\/li>\n<li>Confezioni di prodotti in edizione limitata in co-branding<\/li>\n<li>Conservazione sigillata di principi attivi di grado medico<\/li>\n<li>Esclusive confezioni regalo personalizzate per i membri del marchio<\/li>\n<\/ul>","protected":false},"excerpt":{"rendered":"<p>La confezione regalo a conchiglia progettata appositamente per la resina viva concentrata di alto valore (Live Resin) combina un'estetica minimalista con un design funzionale e utilizza una lavorazione artigianale di precisione per ottenere un triplice miglioramento della protezione del prodotto, dell'esperienza di trasporto e della consistenza del marchio. \u00c8 adatta per regali di alta gamma, edizioni limitate o esigenze di personalizzazione di nicchia.<\/p>","protected":false},"featured_media":896,"template":"","meta":{"_kad_post_transparent":"default","_kad_post_title":"","_kad_post_layout":"default","_kad_post_sidebar_id":"","_kad_post_content_style":"default","_kad_post_vertical_padding":"default","_kad_post_feature":"","_kad_post_feature_position":"","_kad_post_header":false,"_kad_post_footer":false,"_kad_post_classname":""},"product_brand":[],"product_cat":[15,27,17],"product_tag":[339,340,338],"class_list":{"0":"post-894","1":"product","2":"type-product","3":"status-publish","4":"has-post-thumbnail","6":"product_cat-red-light-therapy","7":"product_cat-red-light-therapy-belt","8":"product_cat-services","9":"product_tag-bespoke-live-resin-gift-box","10":"product_tag-clamshell-gift-box-for-concentrate","11":"product_tag-gift-box-for-1-gram-concentrate","13":"first","14":"instock","15":"shipping-taxable","16":"product-type-simple","17":"entry","18":"content-bg","19":"loop-entry"},"_links":{"self":[{"href":"https:\/\/red-lighttherapy.com\/it\/wp-json\/wp\/v2\/product\/894","targetHints":{"allow":["GET"]}}],"collection":[{"href":"https:\/\/red-lighttherapy.com\/it\/wp-json\/wp\/v2\/product"}],"about":[{"href":"https:\/\/red-lighttherapy.com\/it\/wp-json\/wp\/v2\/types\/product"}],"wp:featuredmedia":[{"embeddable":true,"href":"https:\/\/red-lighttherapy.com\/it\/wp-json\/wp\/v2\/media\/896"}],"wp:attachment":[{"href":"https:\/\/red-lighttherapy.com\/it\/wp-json\/wp\/v2\/media?parent=894"}],"wp:term":[{"taxonomy":"product_brand","embeddable":true,"href":"https:\/\/red-lighttherapy.com\/it\/wp-json\/wp\/v2\/product_brand?post=894"},{"taxonomy":"product_cat","embeddable":true,"href":"https:\/\/red-lighttherapy.com\/it\/wp-json\/wp\/v2\/product_cat?post=894"},{"taxonomy":"product_tag","embeddable":true,"href":"https:\/\/red-lighttherapy.com\/it\/wp-json\/wp\/v2\/product_tag?post=894"}],"curies":[{"name":"wp","href":"https:\/\/api.w.org\/{rel}","templated":true}]}}