{"id":893,"date":"2025-04-15T09:26:53","date_gmt":"2025-04-15T09:26:53","guid":{"rendered":"https:\/\/red-lighttherapy.com\/?post_type=product&#038;p=893"},"modified":"2025-04-16T16:38:38","modified_gmt":"2025-04-16T16:38:38","slug":"customized-clamshell-magnetic-perfume-box-gift-box-sourcing","status":"publish","type":"product","link":"https:\/\/red-lighttherapy.com\/it\/customized-clamshell-magnetic-perfume-box-gift-box-sourcing\/","title":{"rendered":"Personalizzato Clamshell magnetico profumo casella regalo Sourcing"},"content":{"rendered":"<h3 id=\"1-material-selection-the-golden-combination-of-coated-paper-and-cardboard-\">1.\u00a0<strong>Selezione del materiale: la combinazione aurea di carta patinata e cartone<\/strong><\/h3>\n<p>La confezione regalo utilizza\u00a0<strong>carta patinata<\/strong>\u00a0come carta di superficie. La sua superficie \u00e8 liscia e assorbente. \u00c8 in grado di ripristinare accuratamente motivi di alta precisione e delicati effetti sfumati. \u00c8 particolarmente adatta per i disegni che presentano texture metalliche o livelli di luce e ombra.\u00a0<strong>Cartone monofacciale da 1200 g<\/strong>\u00a0per il fondo. Lo spessore e la capacit\u00e0 di carico sono rigorosamente misurati per garantire che il corpo della scatola sia stabile e non si deformi facilmente. Allo stesso tempo, il design della struttura interna (come l'imbottitura in cartone a nido d'ape) viene utilizzato per migliorare il fissaggio del profumo ed evitare i danni causati dagli scuotimenti durante il trasporto.<\/p>\n<h3 id=\"2-appearance-design-deep-purple-tone-and-four-color-spot-color-technology-fusion-\">2.\u00a0<strong>Design dell'aspetto: tonalit\u00e0 viola intenso e tecnologia di fusione in quadricromia + tinta piatta<\/strong><\/h3>\n<p>Il colore di base utilizza\u00a0<strong>viola intenso<\/strong>che simboleggia eleganza e mistero e si adatta al posizionamento di fascia alta dei prodotti di profumeria.\u00a0<strong>Stampa in quadricromia (CMYK)<\/strong>\u00a0viene utilizzato per ottenere una copertura cromatica di base, e\u00a0<strong>stampa a colori spot<\/strong>\u00a0(come il colore Pantone della carta personalizzata) viene sovrapposto per evidenziare il LOGO del marchio o la texture speciale per garantire la saturazione e la coerenza del colore. Ad esempio, la parte del LOGO adotta il processo di stampa a caldo di colori speciali per formare un focus visivo sullo sfondo opaco, e lo stile complessivo \u00e8 semplice ma lussuoso.<\/p>\n<h3 id=\"3-surface-treatment-matt-film-process-improves-practicality-and-protection-\">3.\u00a0<strong>Trattamento della superficie: La pellicola opaca migliora la praticit\u00e0 e la protezione<\/strong><\/h3>\n<p>La superficie della scatola \u00e8 ricoperta di\u00a0<strong>film opaco<\/strong>che presenta le caratteristiche di resistenza all'abrasione, alle impronte e all'antimuffa. La superficie \u00e8 ricoperta da una pellicola opaca per formare una superficie opaca di alta qualit\u00e0, in grado di evitare l'interferenza dei riflessi e allo stesso tempo di prevenire l'umidit\u00e0, l'olio e l'erosione dell'alcol e di prolungare la durata della confezione regalo.<\/p>\n<h3 id=\"4-structural-design-the-convenience-and-aesthetic-balance-of-the-top-and-bottom-box-flap-\">4.\u00a0<strong>Design strutturale: la praticit\u00e0 e l'equilibrio estetico della falda superiore e inferiore del box<\/strong><\/h3>\n<p>Adottare il\u00a0<strong>struttura della falda superiore e inferiore della scatola<\/strong>La scatola superiore e quella inferiore sono chiuse dalla struttura di aspirazione magnetica e l'angolo di apertura e chiusura \u00e8 fino a 180\u00b0, per cui \u00e8 facile prendere e mettere il profumo. Il rapporto tra il coperchio e il corpo della scatola \u00e8 stato ottimizzato in modo ergonomico e pu\u00f2 essere aperto e chiuso con una sola mano, in modo semplice e veloce, risparmiando tempo.<\/p>\n<h3 id=\"5-personalized-customization-flexibly-adapt-to-brand-creative-needs-\">5.\u00a0<strong>Personalizzazione: adattamento flessibile alle esigenze creative del marchio<\/strong><\/h3>\n<p>La superficie della scatola supporta\u00a0<strong>stampa a tutta larghezza<\/strong>e possono personalizzare motivi, testi e storie del marchio. Ad esempio, \u00e8 possibile utilizzare la tecnologia di stampa digitale per ottenere piccoli lotti di produzione ad alta precisione, oppure combinare i processi di goffratura e stampa a caldo per migliorare il livello tattile. I clienti possono fornire bozze di design o affidare a team di professionisti la realizzazione di progetti creativi per garantire che la confezione regalo trasmetta il valore del marchio dall'aspetto al contenuto.<\/p>\n<h3 id=\"6-box-type-adaptation-flexibility-of-multi-scenario-applications-\">6.\u00a0<strong>Adattamento del tipo di scatola: flessibilit\u00e0 delle applicazioni multi-scenario<\/strong><\/h3>\n<p>Oltre alle scatole standard superiore e inferiore,\u00a0<strong>Tipo a cassetto, tipo pieghevole, tipo a fibbia magnetica<\/strong>\u00a0e sono disponibili altri tipi di scatole diversificate. Ad esempio, la linea di fascia alta pu\u00f2 utilizzare una struttura a doppio strato per aumentare il senso di mistero, mentre l'edizione limitata pu\u00f2 essere integrata con una fodera staccabile o un dispositivo per il test della fragranza per migliorare l'esperienza interattiva. Tutti i tipi di scatola hanno superato i test di resistenza alla caduta e alla pressione per garantire la sicurezza del trasporto.<\/p>\n<h3 id=\"7-capacity-guarantee-full-process-quality-control-of-5320-workshop-\">7.\u00a0<strong>Garanzia di capacit\u00e0: controllo di qualit\u00e0 dell'intero processo dell'officina 5320\u33a1.<\/strong><\/h3>\n<p>Abbiamo il nostro\u00a0<strong>5320 metri quadrati di base di produzione intelligente<\/strong>, dotata di attrezzature avanzate come le macchine da stampa Heidelberg a sei colori e le fustellatrici completamente automatiche, che supportano il controllo dell'intero processo dalla progettazione alla consegna. Seguiamo rigorosamente il sistema di gestione della qualit\u00e0 ISO, con una capacit\u00e0 produttiva giornaliera di oltre 30.000 pezzi, e gli ordini urgenti possono essere consegnati in 7 giorni. Il sistema di gestione digitale monitora in tempo reale la temperatura, l'umidit\u00e0, la concentrazione di inchiostro e altri parametri per garantire la coerenza del prodotto.<\/p>","protected":false},"excerpt":{"rendered":"<p>Questa confezione regalo \u00e8 un'innovazione collaborativa di materiali, artigianato e design, che tiene conto della funzionalit\u00e0, dell'estetica e del tono del marchio. \u00c8 adatta per profumi di alta gamma, confezioni regalo per le festivit\u00e0 o prodotti congiunti limitati. Grazie a una catena di fornitura flessibile e a un rigoroso controllo della qualit\u00e0, offre ai clienti soluzioni personalizzate efficienti e affidabili.<\/p>","protected":false},"featured_media":920,"template":"","meta":{"_kad_post_transparent":"default","_kad_post_title":"","_kad_post_layout":"default","_kad_post_sidebar_id":"","_kad_post_content_style":"default","_kad_post_vertical_padding":"default","_kad_post_feature":"","_kad_post_feature_position":"","_kad_post_header":false,"_kad_post_footer":false,"_kad_post_classname":""},"product_brand":[],"product_cat":[15,27,17],"product_tag":[341,342,343],"class_list":{"0":"post-893","1":"product","2":"type-product","3":"status-publish","4":"has-post-thumbnail","6":"product_cat-red-light-therapy","7":"product_cat-red-light-therapy-belt","8":"product_cat-services","9":"product_tag-customized-clamshell-box","10":"product_tag-magnetic-perfume-box","11":"product_tag-perfume-gift-box-sourcing","13":"first","14":"instock","15":"shipping-taxable","16":"product-type-simple","17":"entry","18":"content-bg","19":"loop-entry"},"_links":{"self":[{"href":"https:\/\/red-lighttherapy.com\/it\/wp-json\/wp\/v2\/product\/893","targetHints":{"allow":["GET"]}}],"collection":[{"href":"https:\/\/red-lighttherapy.com\/it\/wp-json\/wp\/v2\/product"}],"about":[{"href":"https:\/\/red-lighttherapy.com\/it\/wp-json\/wp\/v2\/types\/product"}],"wp:featuredmedia":[{"embeddable":true,"href":"https:\/\/red-lighttherapy.com\/it\/wp-json\/wp\/v2\/media\/920"}],"wp:attachment":[{"href":"https:\/\/red-lighttherapy.com\/it\/wp-json\/wp\/v2\/media?parent=893"}],"wp:term":[{"taxonomy":"product_brand","embeddable":true,"href":"https:\/\/red-lighttherapy.com\/it\/wp-json\/wp\/v2\/product_brand?post=893"},{"taxonomy":"product_cat","embeddable":true,"href":"https:\/\/red-lighttherapy.com\/it\/wp-json\/wp\/v2\/product_cat?post=893"},{"taxonomy":"product_tag","embeddable":true,"href":"https:\/\/red-lighttherapy.com\/it\/wp-json\/wp\/v2\/product_tag?post=893"}],"curies":[{"name":"wp","href":"https:\/\/api.w.org\/{rel}","templated":true}]}}