{"id":865,"date":"2025-04-15T06:34:05","date_gmt":"2025-04-15T06:34:05","guid":{"rendered":"https:\/\/red-lighttherapy.com\/?post_type=product&#038;p=865"},"modified":"2025-04-15T07:43:08","modified_gmt":"2025-04-15T07:43:08","slug":"custom-commercial-clamshell-gift-cannabis-packaging-boxes","status":"publish","type":"product","link":"https:\/\/red-lighttherapy.com\/it\/custom-commercial-clamshell-gift-cannabis-packaging-boxes\/","title":{"rendered":"Scatole commerciali personalizzate per l'imballaggio dei regali di cannabis a conchiglia"},"content":{"rendered":"<h2 id=\"customized-product-description-for-commercial-clamshell-gift-box-cannabis-gift-box-\">Descrizione del prodotto personalizzata per la scatola regalo commerciale a conchiglia per la cannabis:<\/h2>\n<h2 id=\"1-magnetic-clamshell-gift-box-system-\">1.\u00a0<strong>Sistema di confezioni regalo a conchiglia magnetica<\/strong><\/h2>\n<p>Adotta una struttura a scatto magnetico di alta precisione, con un angolo di apertura e chiusura di 120\u00b0, dotata di cerniera in banda stagnata spessa 0,8 mm e mantiene la stabilit\u00e0 magnetica 98% dopo 10.000 test di fatica. Le linee del corpo della scatola adottano una tecnologia di taglio degli stampi di livello militare, con un errore sul bordo di \u22640,1 mm, e l'aspetto robusto \u00e8 ottenuto con la tecnologia di intaglio di precisione CNC. L'apertura e la chiusura con una sola mano richiedono una spinta di 1,2N, adatta per un accesso rapido negli scenari di lavoro.<\/p>\n<h2 id=\"2-modular-lining-configuration-\">2.\u00a0<strong>Configurazione modulare del rivestimento<\/strong><\/h2>\n<p>La fodera adotta una spugna EVA per uso alimentare, con una densit\u00e0 di 45\u00b15 kg\/m\u00b3, una precisione dei fori di \u00b10,5 mm e supporta 12 forme di contenitori, come quelli cilindrici e quadrati. Lo stampo di rivestimento pu\u00f2 essere sostituito in base ai requisiti dell'ordine e il tempo di sostituzione del singolo stampo \u00e8 di \u226430 minuti. \u00c8 adatto a gommosi di cannabis pre-riempiti, sigarette, bottiglie di olio essenziale e altri prodotti multiformi.<\/p>\n<h2 id=\"3-color-and-pattern-technology-\">3.\u00a0<strong>Tecnologia dei colori e dei modelli<\/strong><\/h2>\n<p>Il colore principale utilizza il giallo brillante ad alta saturazione della speciale libreria di colori Pantone PANTONE 109C. Il rivestimento opaco \u00e8 sovrapposto da una macchina da stampa offset a 6 colori e la superficie al tatto raggiunge il coefficiente di attrito della carta vetrata a 400-600 maglie. Il motivo nero dipinto a mano utilizza la tecnologia di goffratura UV, l'altezza di sporgenza delle linee \u00e8 di 0,3 mm e l'area di riconoscimento Braille \u00e8 inoltre sovrapposta con una nano-goffratura, che aumenta il riconoscimento tattile di 60%.<\/p>\n<h2 id=\"4-process-combination-solution-\">4.\u00a0<strong>Soluzione combinata di processo<\/strong><\/h2>\n<p>Supporta l'incisione laser (profondit\u00e0 regolabile 0,1-0,5 mm), la stampa a freddo (oro\/argento\/foglio laser), la goffratura tridimensionale (precisione di goffratura 3D 0,02 mm) e altri processi misti. L'area LOGO del coperchio della scatola riserva un'area di personalizzazione di 2\u00d73 cm, che pu\u00f2 realizzare simultaneamente l'incisione laser del codice QR e la stampa a caldo del testo, soddisfacendo la duplice esigenza di anticontraffazione e di visualizzazione del marchio.<\/p>\n<h2 id=\"5-printing-and-production-capacity-guarantee-\">5.\u00a0<strong>Garanzia di capacit\u00e0 di stampa e produzione<\/strong><\/h2>\n<p>Adotta la macchina da stampa offset Heidelberg XL106-8+L, supporta la stampa simultanea CMYK+3 colori spot, controllo della differenza di colore \u0394E\u22641,5. La fabbrica \u00e8 dotata di 18 linee di produzione completamente automatiche, con una capacit\u00e0 produttiva giornaliera di 1 milione di pezzi, e 72 ore di produzione continua possono completare 500.000 ordini urgenti. Il processo di proofing integra la modellazione 3D e il taglio CNC, e le scatole campione fisiche vengono fornite entro 24 ore dalla conferma della bozza di progetto.<\/p>\n<h2 id=\"6-customized-service-terms-\">6.\u00a0<strong>Condizioni di servizio personalizzate<\/strong><\/h2>\n<p>La quantit\u00e0 minima ordinabile \u00e8 di 500 pezzi e sono supportati i lotti misti SKU. Il ciclo di consegna standard \u00e8 di 7 giorni, mentre l'ordine accelerato pu\u00f2 essere compresso a 3 giorni. Forniamo carta ecologica certificata FSC e opzioni di rivestimento in PLA degradabile, che soddisfano gli standard di accesso al mercato del Nord America e dell'Unione Europea.<\/p>\n<h2 id=\"-technical-parameters-\"><strong>Parametri tecnici<\/strong><\/h2>\n<table>\n<thead>\n<tr>\n<th>Progetto<\/th>\n<th>Parametri<\/th>\n<\/tr>\n<\/thead>\n<tbody>\n<tr>\n<td>Dimensioni della scatola<\/td>\n<td>Personalizzabile<\/td>\n<\/tr>\n<tr>\n<td>Spessore del materiale<\/td>\n<td>Lamiera 0,25 mm + rivestimento 2 mm EVA<\/td>\n<\/tr>\n<tr>\n<td>Attrazione magnetica<\/td>\n<td>800-1200 Gauss<\/td>\n<\/tr>\n<tr>\n<td>Capacit\u00e0 di carico<\/td>\n<td>Carico statico \u22655kg\/resistenza alla caduta dinamica 1,2m<\/td>\n<\/tr>\n<\/tbody>\n<\/table>","protected":false},"excerpt":{"rendered":"<p>La struttura della scatola regalo a conchiglia combina stabilit\u00e0 e sfruttamento dello spazio. La scatola ha linee nitide e pulite. Il design magnetico di apertura e chiusura consente un facile utilizzo con una sola mano. La durata di apertura e chiusura \u00e8 di oltre mille volte. Il colore principale \u00e8 il giallo, con motivi neri dipinti a mano. Il colore principale \u00e8 il giallo, con motivi neri dipinti a mano, e il forte riconoscimento tattile garantisce che i vostri prodotti di cannabis attirino l'attenzione dei consumatori sullo scaffale.<\/p>","protected":false},"featured_media":866,"template":"","meta":{"_kad_post_transparent":"default","_kad_post_title":"","_kad_post_layout":"default","_kad_post_sidebar_id":"","_kad_post_content_style":"default","_kad_post_vertical_padding":"default","_kad_post_feature":"","_kad_post_feature_position":"","_kad_post_header":false,"_kad_post_footer":false,"_kad_post_classname":""},"product_brand":[],"product_cat":[15,27,17],"product_tag":[327,329,328],"class_list":{"0":"post-865","1":"product","2":"type-product","3":"status-publish","4":"has-post-thumbnail","6":"product_cat-red-light-therapy","7":"product_cat-red-light-therapy-belt","8":"product_cat-services","9":"product_tag-clamshell-gift-boxes","10":"product_tag-commercial-cannabis-packaging","11":"product_tag-custom-cannabis-packaging","13":"first","14":"instock","15":"shipping-taxable","16":"product-type-simple","17":"entry","18":"content-bg","19":"loop-entry"},"_links":{"self":[{"href":"https:\/\/red-lighttherapy.com\/it\/wp-json\/wp\/v2\/product\/865","targetHints":{"allow":["GET"]}}],"collection":[{"href":"https:\/\/red-lighttherapy.com\/it\/wp-json\/wp\/v2\/product"}],"about":[{"href":"https:\/\/red-lighttherapy.com\/it\/wp-json\/wp\/v2\/types\/product"}],"wp:featuredmedia":[{"embeddable":true,"href":"https:\/\/red-lighttherapy.com\/it\/wp-json\/wp\/v2\/media\/866"}],"wp:attachment":[{"href":"https:\/\/red-lighttherapy.com\/it\/wp-json\/wp\/v2\/media?parent=865"}],"wp:term":[{"taxonomy":"product_brand","embeddable":true,"href":"https:\/\/red-lighttherapy.com\/it\/wp-json\/wp\/v2\/product_brand?post=865"},{"taxonomy":"product_cat","embeddable":true,"href":"https:\/\/red-lighttherapy.com\/it\/wp-json\/wp\/v2\/product_cat?post=865"},{"taxonomy":"product_tag","embeddable":true,"href":"https:\/\/red-lighttherapy.com\/it\/wp-json\/wp\/v2\/product_tag?post=865"}],"curies":[{"name":"wp","href":"https:\/\/api.w.org\/{rel}","templated":true}]}}