{"id":853,"date":"2025-04-15T06:10:00","date_gmt":"2025-04-15T06:10:00","guid":{"rendered":"https:\/\/red-lighttherapy.com\/?post_type=product&#038;p=853"},"modified":"2025-04-15T07:44:04","modified_gmt":"2025-04-15T07:44:04","slug":"luxury-brand-manufacturer-magnetic-closure-box-for-hair-wigs","status":"publish","type":"product","link":"https:\/\/red-lighttherapy.com\/it\/luxury-brand-manufacturer-magnetic-closure-box-for-hair-wigs\/","title":{"rendered":"Marca di lusso Produttore scatola di chiusura magnetica per parrucche di capelli"},"content":{"rendered":"<h2 id=\"-magnetic-luxury-wig-storage-box-product-description-\"><strong>Chiusura magnetica Scatola per parrucche di lusso Descrizione del prodotto<\/strong><\/h2>\n<h2 id=\"-i-innovative-magnetic-opening-and-closing-system-guarding-exquisite-art-\"><strong>1. Innovativo sistema di apertura e chiusura magnetica, che custodisce un'arte squisita.<\/strong><\/h2>\n<p>Adottare\u00a0<strong>design della scatola magnetica<\/strong>Per ottenere l'apertura e la chiusura con una sola mano si utilizzano componenti magnetici ad alta resistenza, facili da usare e con un'eccellente tenuta. La superficie di contatto tra il coperchio della scatola e il corpo della scatola \u00e8 perfettamente adattata, in modo da isolare efficacemente la polvere, l'umidit\u00e0 e la pressione esterna, garantendo un ambiente di conservazione a temperatura e umidit\u00e0 costanti per le parrucche e prolungandone la durata. Lo strato di flanella antipolvere incorporato e la pellicola di schermatura elettrostatica evitano ulteriormente i danni da attrito delle fibre e assicurano che la forma della parrucca sia buona come prima.<\/p>\n<h2 id=\"-ii-visual-language-that-emphasizes-both-aesthetics-and-function-\"><strong>2. Un linguaggio visivo che enfatizza sia l'estetica che la funzione.<\/strong><\/h2>\n<ul>\n<li>Con\u00a0<strong>composizione simmetrica centrata<\/strong>\u00a0come nucleo, il corpo della scatola si dispiega a velocit\u00e0 uniforme lungo l'asse centrale al momento dell'apertura, conferendo alla scatola un senso di rituale e punti di memoria esclusivi del marchio. L'angolo di apertura del coperchio della scatola \u00e8 controllato con precisione a 90\u00b0, adatto per l'esposizione sugli scaffali e per le scene di regalo, e migliora la tensione visiva dell'esposizione del prodotto.<\/li>\n<li>Il corpo della scatola adotta\u00a0<strong>tecnologia di taglio geometrico ordinata<\/strong>Il design di questo mobile, privo di decorazioni ridondanti sulla superficie e con una transizione fluida tra i bordi ad angolo retto e i piani, si adatta al linguaggio del design moderno e di lusso. La struttura modulare impilabile consente di risparmiare 40% di spazio di stoccaggio e di ridurre il tasso di perdita nel trasporto.<\/li>\n<\/ul>\n<h2 id=\"-three-sustainable-materials-and-process-innovation-\"><strong>3. Innovazione dei materiali e dei processi sostenibili<\/strong><\/h2>\n<ul>\n<li>Il materiale principale \u00e8\u00a0<strong>Carta patinata certificata FSC<\/strong>La tecnologia di goffratura composita a cinque strati aumenta la resistenza alla compressione di 300% e la capacit\u00e0 di carico raggiunge i 5 kg senza deformazioni. Il design leggero del sandwich a nido d'ape tiene conto della portabilit\u00e0 e il peso di una singola scatola \u00e8 di soli 280g.<\/li>\n<li>Il logo del marchio adotta\u00a0<strong>tecnologia di stampaggio a caldo tridimensionale di livello nanometrico<\/strong>L'errore di precisione del bordo \u00e8 \u22640,1 mm e la rifrazione della luce presenta una delicata lucentezza metallica. Il colore nero puro e opaco \u00e8 calmo e sobrio e si abbina al modello di\u00a0<strong>nastro di raso giallo brillante<\/strong>\u00a0che attraversa il corpo della scatola, formando un forte contrasto visivo e migliorando il riconoscimento dello scaffale da parte di 70%.<\/li>\n<\/ul>\n<h2 id=\"-four-humanized-lining-system-\"><strong>4. Sistema di rivestimento umanizzato<\/strong><\/h2>\n<ul>\n<li><strong>Supporto interno con scanalatura fustellata<\/strong>\u00a0\u00e8 personalizzato in base all'arco della parrucca, e i capelli sono fissati dalla schiuma di memoria EVA e dal telaio di supporto dell'arco per evitare estrusioni e deformazioni. La superficie della scanalatura \u00e8 ricoperta da una fodera di seta traspirante per mantenere il naturale stato di morbidezza della parrucca, che pu\u00f2 essere indossata fuori dalla scatola.<\/li>\n<\/ul>\n<h2 id=\"-v-environmental-commitment-and-brand-value-\"><strong>5. Impegno ambientale e valore del marchio<\/strong><\/h2>\n<ul>\n<li>L'intero processo, dalle materie prime alla produzione, attua la\u00a0<strong>Standard della catena di fornitura verde<\/strong>. L'inchiostro per imballaggi adotta una formula vegetale a base d'acqua con un tasso di biodegradabilit\u00e0 di 98%. Per ogni prodotto venduto, 1% del ricavato sar\u00e0 devoluto al progetto di protezione della foresta pluviale tropicale, evidenziando la responsabilit\u00e0 sociale del marchio.<\/li>\n<\/ul>\n<h2 id=\"-product-parameters-\"><strong>Parametri del prodotto<\/strong><\/h2>\n<table>\n<thead>\n<tr>\n<th>Progetto<\/th>\n<th>Specifiche tecniche<\/th>\n<\/tr>\n<\/thead>\n<tbody>\n<tr>\n<td>Materiale<\/td>\n<td>Carta patinata certificata FSC<\/td>\n<\/tr>\n<tr>\n<td>Fodera<\/td>\n<td>EVA curva personalizzata + fodera in seta<\/td>\n<\/tr>\n<tr>\n<td>Componente di aspirazione magnetica<\/td>\n<td>Magnete forte<\/td>\n<\/tr>\n<tr>\n<td>Dimensione<\/td>\n<td>Personalizzabile<\/td>\n<\/tr>\n<\/tbody>\n<\/table>","protected":false},"excerpt":{"rendered":"<p>Il design della scatola a chiusura magnetica consente una facile apertura e chiusura con una sola mano. \u00c8 facile da usare e ha forti propriet\u00e0 sigillanti, proteggendo la parrucca da polvere e umidit\u00e0. La composizione simmetrica centrata mette in evidenza il corpo del prodotto e aumenta il senso di cerimonia all'apertura della scatola. \u00c8 adatto per l'esposizione sugli scaffali o per le scene regalo.<\/p>","protected":false},"featured_media":854,"template":"","meta":{"_kad_post_transparent":"default","_kad_post_title":"","_kad_post_layout":"default","_kad_post_sidebar_id":"","_kad_post_content_style":"default","_kad_post_vertical_padding":"default","_kad_post_feature":"","_kad_post_feature_position":"","_kad_post_header":false,"_kad_post_footer":false,"_kad_post_classname":""},"product_brand":[],"product_cat":[15,27,17],"product_tag":[323,321,322],"class_list":{"0":"post-853","1":"product","2":"type-product","3":"status-publish","4":"has-post-thumbnail","6":"product_cat-red-light-therapy","7":"product_cat-red-light-therapy-belt","8":"product_cat-services","9":"product_tag-brand-manufacturer-hair-wigs-box","10":"product_tag-luxury-box-for-hair","11":"product_tag-magnetic-closure-box-for-wigs","13":"first","14":"instock","15":"shipping-taxable","16":"product-type-simple","17":"entry","18":"content-bg","19":"loop-entry"},"_links":{"self":[{"href":"https:\/\/red-lighttherapy.com\/it\/wp-json\/wp\/v2\/product\/853","targetHints":{"allow":["GET"]}}],"collection":[{"href":"https:\/\/red-lighttherapy.com\/it\/wp-json\/wp\/v2\/product"}],"about":[{"href":"https:\/\/red-lighttherapy.com\/it\/wp-json\/wp\/v2\/types\/product"}],"wp:featuredmedia":[{"embeddable":true,"href":"https:\/\/red-lighttherapy.com\/it\/wp-json\/wp\/v2\/media\/854"}],"wp:attachment":[{"href":"https:\/\/red-lighttherapy.com\/it\/wp-json\/wp\/v2\/media?parent=853"}],"wp:term":[{"taxonomy":"product_brand","embeddable":true,"href":"https:\/\/red-lighttherapy.com\/it\/wp-json\/wp\/v2\/product_brand?post=853"},{"taxonomy":"product_cat","embeddable":true,"href":"https:\/\/red-lighttherapy.com\/it\/wp-json\/wp\/v2\/product_cat?post=853"},{"taxonomy":"product_tag","embeddable":true,"href":"https:\/\/red-lighttherapy.com\/it\/wp-json\/wp\/v2\/product_tag?post=853"}],"curies":[{"name":"wp","href":"https:\/\/api.w.org\/{rel}","templated":true}]}}