{"id":847,"date":"2025-04-15T05:57:09","date_gmt":"2025-04-15T05:57:09","guid":{"rendered":"https:\/\/red-lighttherapy.com\/?post_type=product&#038;p=847"},"modified":"2025-04-15T07:44:32","modified_gmt":"2025-04-15T07:44:32","slug":"fabrication-hair-wigs-extension-magnetic-lid-boxes-packaging","status":"publish","type":"product","link":"https:\/\/red-lighttherapy.com\/it\/fabrication-hair-wigs-extension-magnetic-lid-boxes-packaging\/","title":{"rendered":"Fabbricazione Capelli Parrucche Estensione Coperchio Magnetico Scatole Imballaggio"},"content":{"rendered":"<h2 id=\"-wig-and-hair-extension-magnetic-cover-box-packaging-product-description-\"><strong>Parrucca ed estensione per capelli, confezione con coperchio magnetico Descrizione del prodotto<\/strong><\/h2>\n<h2 id=\"1-three-dimensional-structure-design-stability-and-space-efficiency-coexist\">1. Progettazione della struttura tridimensionale: stabilit\u00e0 ed efficienza spaziale coesistono<\/h2>\n<p>Questa scatola di copertura magnetica adotta un\u00a0<strong>struttura pieghevole tridimensionale<\/strong>Il sistema \u00e8 basato sull'ottimizzazione ergonomica della disposizione degli spazi interni, che pu\u00f2 ospitare 1-2 parrucche o prodotti per l'estensione dei capelli, e allo stesso tempo migliora la stabilit\u00e0 complessiva grazie alla precisione della chiusura e al design della nervatura di supporto. Il\u00a0<strong>processo di rinforzo del cartone a doppio strato<\/strong>\u00a0\u00e8 utilizzato agli angoli del corpo della scatola, in combinazione con il trattamento dei bordi arrotondati, per eliminare completamente il rischio di graffi da bava, garantendo sicurezza e durata durante il trasporto e l'uso.<\/p>\n<h2 id=\"2-magnetic-opening-and-closing-system-convenience-and-sealing-double-guarantee\">2. Sistema di apertura e chiusura magnetica: doppia garanzia di praticit\u00e0 e tenuta.<\/h2>\n<p>Dotato di un\u00a0<strong>modulo magnetico di alta precisione<\/strong>Il sistema \u00e8 in grado di realizzare operazioni di apertura e chiusura con una sola mano e di assorbire e chiudere automaticamente anche quando l'angolo di apertura e chiusura raggiunge i 120\u00b0. Il design silenzioso della guida di scorrimento rende il processo di apertura e chiusura privo di rumori meccanici e forma una\u00a0<strong>struttura sigillata completamente avvolta<\/strong>\u00a0dopo la chiusura, che impedisce efficacemente l'intrusione di polvere e l'apertura accidentale durante il trasporto. \u00c8 stato testato per resistere a 3 kg di pressione verticale senza subire deformazioni.<\/p>\n<h2 id=\"3-environmentally-friendly-materials-and-crafts-fsc-certification-leads-the-green-trend\">3. Materiali e artigianato rispettosi dell'ambiente: La certificazione FSC guida la tendenza verde<\/h2>\n<p>Il corpo della scatola \u00e8 realizzato in\u00a0<strong>Carta patinata certificata FSC<\/strong>La superficie \u00e8 rivestita di inchiostro ecologico opaco e il materiale \u00e8 100% riciclabile e degradabile. La fodera utilizza cotone ammortizzante EVA e divisori staccabili, che non solo proteggono il prodotto, ma supportano anche la riorganizzazione personalizzata dello spazio e riducono i rifiuti di imballaggio. L'intero processo produttivo ha superato la certificazione del sistema di gestione ambientale ISO14001 e l'impronta di carbonio \u00e8 40% inferiore a quella degli imballaggi tradizionali.<\/p>\n<h2 id=\"4-visual-aesthetics-and-brand-extension\">4. Estetica visiva ed estensione del marchio<\/h2>\n<ol>\n<li><strong>Colore principale della serie lavanda<\/strong>: Ispirato al sistema cromatico, il lavanda a bassa saturazione presenta una texture di alto livello ed \u00e8 abbinato al processo di rivestimento perlescente. Presenta un effetto lucido sfumato alla luce naturale e alla luce, che aumenta l'attrattiva dell'esposizione a scaffale.<\/li>\n<li><strong>Elementi visivi del marchio dello stesso colore<\/strong>:<\/li>\n<li>Il nastro manuale \u00e8 realizzato in poliestere riciclato, con una larghezza di 2,5 cm e una capacit\u00e0 di carico di 8 kg, che si raccorda perfettamente con il colore del corpo della scatola.<\/li>\n<li>Al centro del coperchio della scatola \u00e8 intarsiata una\u00a0<strong>striscia decorativa magnetica satinata<\/strong>e il LOGO del marchio viene stampato e pressato, formando una continuit\u00e0 visiva dall'imballaggio al logo del marchio.<\/li>\n<\/ol>\n<h2 id=\"5-professional-manufacturing-and-fast-delivery\">5. Produzione professionale e consegna veloce<\/h2>\n<p>Affidarsi a\u00a0<strong>16 anni di esperienza nella produzione di imballaggi<\/strong>La fabbrica \u00e8 dotata di un sistema di gestione intelligente ERP per ottenere il controllo digitale dell'intero processo, dalla progettazione alla produzione di massa. Supporta un ordine minimo di 500 pezzi, completa la produzione e la consegna entro 7 giorni, con una capacit\u00e0 produttiva media giornaliera di 1 milione di pezzi e un tasso di rendimento stabile di oltre 99,8%.<\/p>\n<h2 id=\"-technical-parameters-\"><strong>Parametri tecnici<\/strong><\/h2>\n<table>\n<thead>\n<tr>\n<th>Progetto<\/th>\n<th>Specifiche tecniche<\/th>\n<\/tr>\n<\/thead>\n<tbody>\n<tr>\n<td>Dimensioni della scatola esterna<\/td>\n<td>Personalizzabile<\/td>\n<\/tr>\n<tr>\n<td>Forza magnetica<\/td>\n<td>\u2265800GS<\/td>\n<\/tr>\n<tr>\n<td>Certificazione ambientale<\/td>\n<td>FSC, RoHS, REACH<\/td>\n<\/tr>\n<tr>\n<td>Ciclo di consegna<\/td>\n<td>7 giorni (compresa la conferma della bozza)<\/td>\n<\/tr>\n<\/tbody>\n<\/table>","protected":false},"excerpt":{"rendered":"<p>La scatola a chiusura magnetica consente un comodo utilizzo con una sola mano e il processo di apertura e chiusura \u00e8 silenzioso e fluido. \u00c8 adatta per marchi di parrucche di fascia alta, set di regali per saloni di parrucchieri, prodotti di estensione per capelli per il commercio elettronico transfrontaliero e altri scenari, e supporta servizi personalizzati come la stampa a caldo LOGO\/stampa UV e l'anticontraffazione laser.<\/p>","protected":false},"featured_media":848,"template":"","meta":{"_kad_post_transparent":"default","_kad_post_title":"","_kad_post_layout":"default","_kad_post_sidebar_id":"","_kad_post_content_style":"default","_kad_post_vertical_padding":"default","_kad_post_feature":"","_kad_post_feature_position":"","_kad_post_header":false,"_kad_post_footer":false,"_kad_post_classname":""},"product_brand":[],"product_cat":[15,27,17],"product_tag":[319,320,318],"class_list":{"0":"post-847","1":"product","2":"type-product","3":"status-publish","4":"has-post-thumbnail","6":"product_cat-red-light-therapy","7":"product_cat-red-light-therapy-belt","8":"product_cat-services","9":"product_tag-custom-wig-packaging-boxes-wholesale","10":"product_tag-notable-wig-packaging","11":"product_tag-wig-boxes","13":"first","14":"instock","15":"shipping-taxable","16":"product-type-simple","17":"entry","18":"content-bg","19":"loop-entry"},"_links":{"self":[{"href":"https:\/\/red-lighttherapy.com\/it\/wp-json\/wp\/v2\/product\/847","targetHints":{"allow":["GET"]}}],"collection":[{"href":"https:\/\/red-lighttherapy.com\/it\/wp-json\/wp\/v2\/product"}],"about":[{"href":"https:\/\/red-lighttherapy.com\/it\/wp-json\/wp\/v2\/types\/product"}],"wp:featuredmedia":[{"embeddable":true,"href":"https:\/\/red-lighttherapy.com\/it\/wp-json\/wp\/v2\/media\/848"}],"wp:attachment":[{"href":"https:\/\/red-lighttherapy.com\/it\/wp-json\/wp\/v2\/media?parent=847"}],"wp:term":[{"taxonomy":"product_brand","embeddable":true,"href":"https:\/\/red-lighttherapy.com\/it\/wp-json\/wp\/v2\/product_brand?post=847"},{"taxonomy":"product_cat","embeddable":true,"href":"https:\/\/red-lighttherapy.com\/it\/wp-json\/wp\/v2\/product_cat?post=847"},{"taxonomy":"product_tag","embeddable":true,"href":"https:\/\/red-lighttherapy.com\/it\/wp-json\/wp\/v2\/product_tag?post=847"}],"curies":[{"name":"wp","href":"https:\/\/api.w.org\/{rel}","templated":true}]}}