{"id":836,"date":"2025-04-15T03:39:51","date_gmt":"2025-04-15T03:39:51","guid":{"rendered":"https:\/\/red-lighttherapy.com\/?post_type=product&#038;p=836"},"modified":"2025-04-15T04:18:39","modified_gmt":"2025-04-15T04:18:39","slug":"magnetic-closure-scissors-boxes-packaging-solution-with-eva","status":"publish","type":"product","link":"https:\/\/red-lighttherapy.com\/it\/magnetic-closure-scissors-boxes-packaging-solution-with-eva\/","title":{"rendered":"Soluzione di imballaggio con chiusura magnetica per scatole di forbici con Eva"},"content":{"rendered":"<h2 id=\"-eva-magnetic-sealing-scissors-box-packaging-solution-\">Soluzione di imballaggio con chiusura magnetica per scatole di forbici con Eva<\/h2>\n<h2 id=\"1-magnetic-flip-cover-structure-one-hand-operation-ultimate-sealing-\">1.\u00a0<strong>Struttura del coperchio a chiusura magnetica: funzionamento con una sola mano, tenuta ottimale<\/strong><\/h2>\n<p>\u00c8 stato adottato il design del coperchio a chiusura magnetica. Quando \u00e8 chiuso, il gruppo magnetico N52 e il foglio metallico sono abbinati con precisione per ottenere una chiusura senza soluzione di continuit\u00e0, che pu\u00f2 essere facilmente aperta e chiusa con una sola mano. La forza di aspirazione magnetica \u00e8 stata verificata da 5000 test di apertura e chiusura e mantiene un'aspirazione stabile (la forza magnetica \u00e8 superiore a 14 kg\/cm\u00b2), superando di gran lunga gli standard del settore. Il bordo del coperchio della scatola adotta un processo di transizione ad arco per migliorare la scorrevolezza dell'apertura e della chiusura ed evitare il rischio di pizzicare le mani.<\/p>\n<h2 id=\"2-stepped-eva-sponge-lining-precise-shockproof-suitable-for-high-end-scissors-\">2.\u00a0<strong>Rivestimento in spugna EVA a gradini: preciso e resistente agli urti, adatto a forbici di alta gamma<\/strong><\/h2>\n<p>Il rivestimento \u00e8 realizzato in materiale EVA ad alta densit\u00e0 (ecologico e con un'eccellente resistenza agli urti), tagliato con precisione attraverso il processo di apertura dello stampo a gradini per adattarsi perfettamente al contorno delle forbici. L'interno \u00e8 diviso in tre strati: l'impugnatura fissa superiore, la lama centrale e il supporto inferiore rinforzato, per ottenere una protezione antisismica a 360\u00b0 e una resistenza alla compressione durante il trasporto superiore a 50 kg.<\/p>\n<h2 id=\"3-golden-section-box-design-balanced-aesthetics-of-visual-and-function-\">3.\u00a0<strong>Design della scatola a sezione d'oro: Estetica bilanciata di vista e funzione<\/strong><\/h2>\n<p>Il rapporto tra lunghezza, larghezza e altezza della scatola di imballaggio segue rigorosamente la sezione aurea 1:0,618, combinata con il colore nero principale e la texture opaca, evidenziando il lusso di fascia alta. Il bordo del corpo della scatola \u00e8 lavorato con angoli arrotondati di 5 mm per migliorare il comfort di presa, riprendendo la logica dell'estetica geometrica. L'angolo di apertura del coperchio del cofanetto \u00e8 di 110\u00b0, per una posizione ergonomica ed elegante di apertura e chiusura quando viene esposto.<\/p>\n<h2 id=\"4-customized-surface-technology-in-depth-transmission-of-brand-value-\">4.\u00a0<strong>Tecnologia di superficie personalizzata: Trasmissione approfondita del valore del marchio<\/strong><\/h2>\n<ul>\n<li><strong>Incisione laser<\/strong>: La tecnologia di incisione laser UV \u00e8 utilizzata nell'area centrale del coperchio della scatola, che pu\u00f2 presentare un LOGO o una texture del marchio con una precisione di 0,1 mm e supporta l'effetto di contrasto tra texture metallica e opaca.<\/li>\n<li><strong>Processo di stampa a caldo<\/strong>: La stampa a caldo locale in oro\/argento migliora il livello visivo, come la decorazione della linea o il testo dello slogan sul bordo del coperchio della scatola.<\/li>\n<li><strong>Rivestimento UV<\/strong>: La superficie \u00e8 ricoperta di inchiostro UV opaco, delicato e resistente all'usura per evitare residui di impronte digitali.<\/li>\n<\/ul>\n<h2 id=\"5-efficient-production-and-verification-system-48-hour-ultra-fast-proofing-\">5.\u00a0<strong>Efficiente sistema di produzione e verifica: Prova di stampa ultraveloce in 48 ore<\/strong><\/h2>\n<p>Grazie alla libreria di scatole intelligenti e alla linea di produzione automatizzata, supporta una risposta rapida all'intero processo, dalla progettazione alla campionatura:<\/p>\n<ul>\n<li><strong>Verifica strutturale<\/strong>: La modellazione 3D genera animazioni di piegatura e simula gli effetti di apertura e chiusura in tempo reale.<\/li>\n<li><strong>Abbinamento dei materiali<\/strong>: Sono disponibili 10 densit\u00e0 di EVA (20-60 kg\/m\u00b3) e 5 specifiche di magneti (diametro 5-20 mm).<\/li>\n<li><strong>Prove di stampa<\/strong>: Adottando la stampa digitale + la modalit\u00e0 di produzione di prova in piccoli lotti, i campioni fisici con verifica del processo vengono consegnati entro 48 ore.<\/li>\n<\/ul>\n<h2 id=\"-technical-parameters-and-applicable-scenarios-\"><strong>Parametri tecnici e scenari applicabili<\/strong><\/h2>\n<table>\n<thead>\n<tr>\n<th><strong>Progetto<\/strong><\/th>\n<th><strong>Specifiche tecniche<\/strong><\/th>\n<\/tr>\n<\/thead>\n<tbody>\n<tr>\n<td>Materiale<\/td>\n<td>Scatola esterna: 450g di cartone nero + rivestimento in EVA (spessore 10mm)<\/td>\n<\/tr>\n<tr>\n<td>Configurazione del magnete<\/td>\n<td>Magnete N52 NdFeB \u00d7 2 (diametro 12 mm, spessore 3 mm)<\/td>\n<\/tr>\n<tr>\n<td>Processo di superficie<\/td>\n<td>UV opaco + stampa a caldo\/incisione laser (combinazione opzionale)<\/td>\n<\/tr>\n<tr>\n<td>Dimensioni delle forbici applicabili<\/td>\n<td>Lunghezza 150-250 mm (supporta un rivestimento a griglia personalizzato)<\/td>\n<\/tr>\n<tr>\n<td>Livello di protezione<\/td>\n<td>Altezza antigoccia 1,5 m, portata 50 kg senza deformazioni<\/td>\n<\/tr>\n<\/tbody>\n<\/table>\n<p><strong>Campi applicabili<\/strong>forbici per la casa di alta gamma, strumenti professionali per parrucchieri, strumenti medico-chirurgici e altri strumenti di precisione.<\/p>\n<h2 id=\"-value-proposition-\"><strong>Proposta di valore<\/strong><\/h2>\n<ul>\n<li><strong>Marchio premium<\/strong>: Il design nero e minimalista \u00e8 abbinato all'interazione magnetica per creare un'esperienza di alto livello: \"aprire la scatola \u00e8 un senso di cerimonia\".<\/li>\n<li><strong>Ottimizzazione dei costi<\/strong>: Il processo di stampaggio integrato del rivestimento in EVA riduce le fasi di assemblaggio e il costo di produzione di massa \u00e8 inferiore di 15% rispetto alla soluzione tradizionale in schiuma.<\/li>\n<li><strong>Impegno per la tutela dell'ambiente<\/strong>: I materiali EVA sono riciclabili e degradabili e sono conformi agli standard RoHS dell'UE.<\/li>\n<\/ul>","protected":false},"excerpt":{"rendered":"<p>Viene utilizzata una struttura di chiusura magnetica, che si chiude ermeticamente senza spazi vuoti e pu\u00f2 essere facilmente azionata con una sola mano. Il rivestimento interno in spugna a gradini \u00e8 modellato con precisione per soddisfare i requisiti antiurto dei prodotti di imballaggio a forbice.<\/p>","protected":false},"featured_media":837,"template":"","meta":{"_kad_post_transparent":"default","_kad_post_title":"","_kad_post_layout":"default","_kad_post_sidebar_id":"","_kad_post_content_style":"default","_kad_post_vertical_padding":"default","_kad_post_feature":"","_kad_post_feature_position":"","_kad_post_header":false,"_kad_post_footer":false,"_kad_post_classname":""},"product_brand":[],"product_cat":[15,17],"product_tag":[315,316,317],"class_list":{"0":"post-836","1":"product","2":"type-product","3":"status-publish","4":"has-post-thumbnail","6":"product_cat-red-light-therapy","7":"product_cat-services","8":"product_tag-magnetic-closure-boxes-for-scissors","9":"product_tag-scissors-boxes-packaging-solution","10":"product_tag-scissors-packaging-with-eva","12":"first","13":"instock","14":"shipping-taxable","15":"product-type-simple","16":"entry","17":"content-bg","18":"loop-entry"},"_links":{"self":[{"href":"https:\/\/red-lighttherapy.com\/it\/wp-json\/wp\/v2\/product\/836","targetHints":{"allow":["GET"]}}],"collection":[{"href":"https:\/\/red-lighttherapy.com\/it\/wp-json\/wp\/v2\/product"}],"about":[{"href":"https:\/\/red-lighttherapy.com\/it\/wp-json\/wp\/v2\/types\/product"}],"wp:featuredmedia":[{"embeddable":true,"href":"https:\/\/red-lighttherapy.com\/it\/wp-json\/wp\/v2\/media\/837"}],"wp:attachment":[{"href":"https:\/\/red-lighttherapy.com\/it\/wp-json\/wp\/v2\/media?parent=836"}],"wp:term":[{"taxonomy":"product_brand","embeddable":true,"href":"https:\/\/red-lighttherapy.com\/it\/wp-json\/wp\/v2\/product_brand?post=836"},{"taxonomy":"product_cat","embeddable":true,"href":"https:\/\/red-lighttherapy.com\/it\/wp-json\/wp\/v2\/product_cat?post=836"},{"taxonomy":"product_tag","embeddable":true,"href":"https:\/\/red-lighttherapy.com\/it\/wp-json\/wp\/v2\/product_tag?post=836"}],"curies":[{"name":"wp","href":"https:\/\/api.w.org\/{rel}","templated":true}]}}