{"id":824,"date":"2025-04-15T03:12:20","date_gmt":"2025-04-15T03:12:20","guid":{"rendered":"https:\/\/red-lighttherapy.com\/?post_type=product&#038;p=824"},"modified":"2025-04-15T03:26:31","modified_gmt":"2025-04-15T03:26:31","slug":"custom-luxury-sliding-drawer-wigs-packaging-boxes-bulk","status":"publish","type":"product","link":"https:\/\/red-lighttherapy.com\/it\/custom-luxury-sliding-drawer-wigs-packaging-boxes-bulk\/","title":{"rendered":"Lusso personalizzato cassetto scorrevole parrucche scatole d'imballaggio alla rinfusa"},"content":{"rendered":"<h2 id=\"customized-luxury-sliding-drawer-style-wig-packaging-box-product-description\">Lusso personalizzato cassetto scorrevole parrucche scatole di imballaggio alla rinfusa Descrizione del prodotto<\/h2>\n<h2><strong>1. Innovativo s<\/strong>cassetto scorrevole <strong>design di apertura<\/strong><\/h2>\n<p>Adottando una struttura di precisione a guide di scorrimento, \u00e8 possibile aprirlo e chiuderlo senza problemi con una sola spinta, tenendo in considerazione\u00a0<strong>senso del rituale e convenienza<\/strong>. Il design a cassetto si ispira alle scatole per parrucche di alta gamma. Il binario interno \u00e8 stato ripetutamente testato e ottimizzato per garantire un funzionamento regolare senza inceppamenti. Allo stesso tempo, la fibbia magnetica \u00e8 utilizzata per ottenere la stabilit\u00e0 della chiusura ed evitare scivolamenti accidentali.<\/p>\n<h2 id=\"-2-scientific-lining-support-system-\"><strong>2. Sistema di supporto scientifico del rivestimento<\/strong><\/h2>\n<p>La fodera \u00e8 realizzata in un materiale composito di spugna EVA ad alta densit\u00e0 e tessuto floccato. Attraverso\u00a0<strong>Modellazione 3D per simulare la forma della parrucca<\/strong>\u00c8 prevista la progettazione di partizioni personalizzate:<\/p>\n<ul>\n<li><strong>Stabilit\u00e0<\/strong>: La scanalatura \u00e8 precisa in base alle dimensioni della parrucca, si adatta alla curvatura del pezzo di capelli ed evita lo scuotimento e l'usura durante il trasporto;<\/li>\n<li><strong>Protezione<\/strong>: La superficie floccata riduce l'adsorbimento statico e prolunga la durata della parrucca.<\/li>\n<\/ul>\n<h2 id=\"-three-laser-precision-and-detail-processing-\"><strong>3. Precisione laser e lavorazione dei dettagli<\/strong><\/h2>\n<ul>\n<li><strong>Taglio a zero errori<\/strong>: Utilizzando l'apparecchiatura laser tedesca TRUMPF, l'errore \u00e8 controllato entro \u00b10,1 mm per garantire un aggancio perfetto del corpo della scatola;<\/li>\n<li><strong>Tocco umano<\/strong>: Il bordo \u00e8 lavorato con un processo di rettifica ad angolo R, il tocco \u00e8 delicato e privo di bave, ed \u00e8 conforme all'esperienza di presa ergonomica.<\/li>\n<\/ul>\n<h2 id=\"-four-soothing-visual-aesthetic-design-\"><strong>4. Design estetico rilassante<\/strong><\/h2>\n<ul>\n<li><strong>Colore principale<\/strong>: Basato sul verde, viene utilizzato un processo di rivestimento UV opaco e il colore a bassa saturazione pu\u00f2 ridurre la pressione visiva, che si adatta alla tonalit\u00e0 dei marchi di parrucche di fascia alta;<\/li>\n<li><strong>Elementi decorativi<\/strong>: Con nastro di raso nero, il posizionamento preciso dell'apertura della scatola \u00e8 ottenuto grazie a scanalature di guida preimpostate per migliorare il senso della cerimonia di unboxing.<\/li>\n<\/ul>\n<h2 id=\"-v-multi-dimensional-free-customization-solution-\"><strong>5. Soluzione di personalizzazione libera multidimensionale<\/strong><\/h2>\n<p>Supporta una combinazione flessibile di\u00a0<strong>dimensioni, struttura e funzione<\/strong>\u00a0moduli:<\/p>\n<ol>\n<li><strong>Adattamento delle dimensioni<\/strong>: 15-60 cm di lunghezza, 3-15 cm di altezza, compatibile con i capelli corti e con le coperture per la testa;<\/li>\n<li><strong>Espansione della funzione<\/strong>: Slot per schede opzionali a prova di umidit\u00e0, strato specchiato a LED, slot per schede di marca, ecc;<\/li>\n<li><strong>Aggiornamento strutturale<\/strong>: Fornisce forme derivate come coperture superiori e inferiori, doppie porte e stili pieghevoli.<\/li>\n<\/ol>\n<h2 id=\"-sixth-flexible-supply-chain-service-\"><strong>6. Servizio di catena di fornitura flessibile<\/strong><\/h2>\n<ul>\n<li><strong>Risposta rapida<\/strong>: Prova di stampa completa entro 72 ore, supporto per la conferma simultanea di rendering 3D e oggetti fisici;<\/li>\n<li><strong>Ordine minimo flessibile<\/strong>: 500 pezzi per la produzione in lotti, 10 specifiche possono essere miscelate in un singolo lotto per ridurre la pressione delle scorte;<\/li>\n<li><strong>Servizio a valore aggiunto<\/strong>: Design a marchio libero VI fusion, soluzioni logistiche transfrontaliere e garanzia post-vendita.<\/li>\n<\/ul>\n<h2 id=\"-vii-environmental-protection-and-quality-commitment-\"><strong>7. Protezione dell'ambiente e impegno per la qualit\u00e0<\/strong><\/h2>\n<ul>\n<li><strong>Certificazione del materiale<\/strong>: Il corpo della scatola utilizza cartone bianco certificato FSC e colla ecologica a base d'acqua e ha superato i test sui metalli pesanti dell'SGS;<\/li>\n<li><strong>Garanzia di produttivit\u00e0<\/strong>: Lo stabilimento di propriet\u00e0 \u00e8 dotato di macchine fustellatrici e linee di produzione di stampa offset completamente automatiche, con una capacit\u00e0 produttiva media giornaliera di oltre 10.000.000 di pezzi.<\/li>\n<\/ul>","protected":false},"excerpt":{"rendered":"<p>Il design dell'apertura del cassetto di carta consente un utilizzo agevole con una sola mano, combinando un senso di cerimonia con la praticit\u00e0. La fodera \u00e8 stata calcolata con precisione per sostenere in modo stabile parrucche di diverse dimensioni, per evitare scosse e usura.<\/p>","protected":false},"featured_media":825,"template":"","meta":{"_kad_post_transparent":"default","_kad_post_title":"","_kad_post_layout":"default","_kad_post_sidebar_id":"","_kad_post_content_style":"default","_kad_post_vertical_padding":"default","_kad_post_feature":"","_kad_post_feature_position":"","_kad_post_header":false,"_kad_post_footer":false,"_kad_post_classname":""},"product_brand":[],"product_cat":[15,20,17],"product_tag":[311,309,310],"class_list":{"0":"post-824","1":"product","2":"type-product","3":"status-publish","4":"has-post-thumbnail","6":"product_cat-red-light-therapy","7":"product_cat-led-face-light-therapy","8":"product_cat-services","9":"product_tag-bulk-wigs-boxes","10":"product_tag-custom-wigs-packaging-boxes","11":"product_tag-luxury-sliding-wigs-boxes","13":"first","14":"instock","15":"shipping-taxable","16":"product-type-simple","17":"entry","18":"content-bg","19":"loop-entry"},"_links":{"self":[{"href":"https:\/\/red-lighttherapy.com\/it\/wp-json\/wp\/v2\/product\/824","targetHints":{"allow":["GET"]}}],"collection":[{"href":"https:\/\/red-lighttherapy.com\/it\/wp-json\/wp\/v2\/product"}],"about":[{"href":"https:\/\/red-lighttherapy.com\/it\/wp-json\/wp\/v2\/types\/product"}],"wp:featuredmedia":[{"embeddable":true,"href":"https:\/\/red-lighttherapy.com\/it\/wp-json\/wp\/v2\/media\/825"}],"wp:attachment":[{"href":"https:\/\/red-lighttherapy.com\/it\/wp-json\/wp\/v2\/media?parent=824"}],"wp:term":[{"taxonomy":"product_brand","embeddable":true,"href":"https:\/\/red-lighttherapy.com\/it\/wp-json\/wp\/v2\/product_brand?post=824"},{"taxonomy":"product_cat","embeddable":true,"href":"https:\/\/red-lighttherapy.com\/it\/wp-json\/wp\/v2\/product_cat?post=824"},{"taxonomy":"product_tag","embeddable":true,"href":"https:\/\/red-lighttherapy.com\/it\/wp-json\/wp\/v2\/product_tag?post=824"}],"curies":[{"name":"wp","href":"https:\/\/api.w.org\/{rel}","templated":true}]}}