{"id":812,"date":"2025-04-15T02:51:47","date_gmt":"2025-04-15T02:51:47","guid":{"rendered":"https:\/\/red-lighttherapy.com\/?post_type=product&#038;p=812"},"modified":"2025-04-15T03:01:39","modified_gmt":"2025-04-15T03:01:39","slug":"bespoke-soft-touch-lamination-match-style-necklaces-box","status":"publish","type":"product","link":"https:\/\/red-lighttherapy.com\/it\/bespoke-soft-touch-lamination-match-style-necklaces-box\/","title":{"rendered":"Scatola per collane di stile Bespoke Soft Touch Lamination Match"},"content":{"rendered":"<h2 id=\"customized-soft-touch-coating-matching-style-necklace-box-product-description\">Scatola per collana in stile coordinato con rivestimento soft touch su misura Descrizione del prodotto<\/h2>\n<h2 id=\"1-cuboid-drawer-structure-\">1. Carta<strong> struttura della cassettiera<\/strong><\/h2>\n<ul>\n<li>Adottando una forma rettangolare calcolata con precisione, il tasso di utilizzo dello spazio interno \u00e8 aumentato di 30%, adatto per l'esposizione sul bancone della gioielleria e per le scene di stoccaggio della toeletta di casa. Il design a strati del cassetto consente di riporre diversi gioielli come collane, anelli, orecchini, ecc. in categorie per evitare l'aggrovigliamento e l'usura.<\/li>\n<li>Il corpo della scatola \u00e8 stato\u00a0<strong>ottimizzato geometricamente<\/strong>I bordi sono lavorati con angoli arrotondati di 0,5 mm, il che non solo mantiene il senso tridimensionale, ma migliora anche la stabilit\u00e0 di impilamento. Pu\u00f2 sopportare 5 strati di pressione sovrapposti durante il trasporto e collabora con materiali tampone anticollisione (come il cotone perlato EPE) per ottenere una sicurezza di trasporto completa.<\/li>\n<\/ul>\n<h2 id=\"2-slide-rail-pull-out-one-hand-operation-\">2.\u00a0<strong>Estrazione della guida di scorrimento con una sola mano<\/strong><\/h2>\n<ul>\n<li>Dotato di\u00a0<strong>guida di scorrimento a smorzamento silenzioso<\/strong>La resistenza all'apertura e alla chiusura \u00e8 \u22641,5N e pu\u00f2 essere aperta senza problemi con una sola spinta della mano, il che \u00e8 40% pi\u00f9 efficiente del tradizionale funzionamento a ribalta. Il test di durata della guida di scorrimento \u00e8 di oltre 100.000 volte, adatto a scenari di utilizzo ad alta frequenza.<\/li>\n<li>Il cassetto \u00e8 integrato con un\u00a0<strong>sistema di posizionamento magnetico<\/strong>\u00a0che si allinea automaticamente quando viene chiuso per evitare slittamenti accidentali dovuti alle vibrazioni.<\/li>\n<\/ul>\n<h2 id=\"-second-surface-technology-and-visual-presentation-\"><strong>3. Tecnologia di superficie e presentazione visiva<\/strong><\/h2>\n<ol>\n<li><strong>Rivestimento soft touch e texture tridimensionale<\/strong><\/li>\n<li>Il corpo della scatola adotta\u00a0<strong>Tecnologia di rivestimento in PU<\/strong>\u00a0La superficie \u00e8 delicata come il velluto e presenta propriet\u00e0 antigraffio e anti-impronta. Attraverso\u00a0<strong>Tecnologia di goffratura 3D<\/strong>\u00a0La texture tridimensionale del motivo a diamante\/crocodile \u00e8 stata creata per migliorare la stratificazione visiva e il riconoscimento del marchio.<\/li>\n<\/ol>\n<h2 id=\"4-dark-blue-main-color-and-hot-stamping-luxury-\">4.\u00a0<strong>Colore principale blu scuro e lusso di stampa a caldo<\/strong><\/h2>\n<ul>\n<li>Il corpo della scatola \u00e8 principalmente in\u00a0<strong>Pantone 19-4052 blu scuro classico<\/strong>\u00a0che simboleggia fiducia ed eternit\u00e0 ed \u00e8 molto coerente con il linguaggio visivo dei beni di lusso. Con\u00a0<strong>tecnologia di stampaggio a caldo parziale<\/strong>\u00a0Si utilizzano lamine d'oro 24K e la tecnologia di posizionamento laser, la lucentezza del metallo \u0394E\u22641,5 e la precisione del bordo del testo\/logo raggiunge \u00b10,1 mm, evidenziando la nobile struttura.<\/li>\n<\/ul>\n<h2 id=\"5-eva-velvet-composite-inner-support-\">5.\u00a0<strong>Supporto interno in EVA+velluto composito<\/strong><\/h2>\n<ul>\n<li>Il rivestimento interno adotta\u00a0<strong>spugna EVA ad alta densit\u00e0<\/strong>\u00a0(durezza 40\u00b15 Shore C) e\u00a0<strong>Velluto 600D<\/strong>\u00a0struttura composita, morbida al tatto e con una forte resistenza alla pressione, che protegge i gioielli dagli urti.<\/li>\n<li><strong>Design modulare degli slot per schede<\/strong>:<\/li>\n<li><strong>Slot per collana<\/strong>: Profondit\u00e0 della scanalatura a U 15 mm, adatta a collane con catene di lunghezza 40-70 cm;<\/li>\n<li><strong>Porta anelli<\/strong>: Posizione di fissaggio dell'anello in silicone regolabile, compatibile con anelli 4-20;<\/li>\n<li><strong>Presa per gioielli da orecchio<\/strong>Foro per il perno di 2 mm di diametro e alloggiamento magnetico per il tappo auricolare.<\/li>\n<\/ul>\n<h2 id=\"6-highly-customized-solutions-\">6.\u00a0<strong>Soluzioni altamente personalizzate<\/strong><\/h2>\n<ul>\n<li><strong>Personalizzazione delle dimensioni<\/strong>: Supporta la regolazione delle dimensioni della scatola da 5cm\u00d75cm a 30cm\u00d730cm, adatta per set di nozze, scatole regalo per un singolo articolo e altri scenari;<\/li>\n<li><strong>Integrazione degli elementi del marchio<\/strong>: Pu\u00f2 incorporare chip RFID, incidere al laser loghi di marca o regolare i modelli in rilievo e le posizioni di stampa a caldo in combinazione con i sistemi VI del cliente;<\/li>\n<li><strong>Produzione e imballaggio di massa<\/strong>: Supporta un ordine minimo di 500 pezzi e fornisce soluzioni di imballaggio integrate come sacchetti antipolvere, scatole regalo e pallet per il trasporto.<\/li>\n<\/ul>\n<h2 id=\"7-technical-parameters-and-environmental-standards-\">7.\u00a0<strong>Parametri tecnici e standard ambientali<\/strong><\/h2>\n<ul>\n<li><strong>Materiale<\/strong>: Supporto in plastica ABS alimentare + rivestimento in PU ecologico (certificato REACH\/SVHC);<\/li>\n<li><strong>Standard di processo<\/strong>: Sistema di gestione della qualit\u00e0 ISO 9001, errore di precisione di stampaggio a caldo \u22640,2 mm;<\/li>\n<li><strong>Scenari applicabili<\/strong>: Negozi monomarca di gioielli, personalizzazione di regali di alta gamma, confezionamento di gioielli per case d'asta.<\/li>\n<\/ul>","protected":false},"excerpt":{"rendered":"<p>Creare una soluzione per i cassetti di carta per gioielli che sia al tempo stesso pratica e artistica, soddisfacendo le esigenze dei marchi di gioielleria di fascia alta per un packaging raffinato, funzionale e personalizzato.<\/p>","protected":false},"featured_media":813,"template":"","meta":{"_kad_post_transparent":"default","_kad_post_title":"","_kad_post_layout":"default","_kad_post_sidebar_id":"","_kad_post_content_style":"default","_kad_post_vertical_padding":"default","_kad_post_feature":"","_kad_post_feature_position":"","_kad_post_header":false,"_kad_post_footer":false,"_kad_post_classname":""},"product_brand":[],"product_cat":[15,20,17],"product_tag":[303,305,304],"class_list":{"0":"post-812","1":"product","2":"type-product","3":"status-publish","4":"has-post-thumbnail","6":"product_cat-red-light-therapy","7":"product_cat-led-face-light-therapy","8":"product_cat-services","9":"product_tag-bespoke-necklaces-box","10":"product_tag-match-style-necklaces-box","11":"product_tag-soft-touch-lamination-necklaces-box","13":"first","14":"instock","15":"shipping-taxable","16":"product-type-simple","17":"entry","18":"content-bg","19":"loop-entry"},"_links":{"self":[{"href":"https:\/\/red-lighttherapy.com\/it\/wp-json\/wp\/v2\/product\/812","targetHints":{"allow":["GET"]}}],"collection":[{"href":"https:\/\/red-lighttherapy.com\/it\/wp-json\/wp\/v2\/product"}],"about":[{"href":"https:\/\/red-lighttherapy.com\/it\/wp-json\/wp\/v2\/types\/product"}],"wp:featuredmedia":[{"embeddable":true,"href":"https:\/\/red-lighttherapy.com\/it\/wp-json\/wp\/v2\/media\/813"}],"wp:attachment":[{"href":"https:\/\/red-lighttherapy.com\/it\/wp-json\/wp\/v2\/media?parent=812"}],"wp:term":[{"taxonomy":"product_brand","embeddable":true,"href":"https:\/\/red-lighttherapy.com\/it\/wp-json\/wp\/v2\/product_brand?post=812"},{"taxonomy":"product_cat","embeddable":true,"href":"https:\/\/red-lighttherapy.com\/it\/wp-json\/wp\/v2\/product_cat?post=812"},{"taxonomy":"product_tag","embeddable":true,"href":"https:\/\/red-lighttherapy.com\/it\/wp-json\/wp\/v2\/product_tag?post=812"}],"curies":[{"name":"wp","href":"https:\/\/api.w.org\/{rel}","templated":true}]}}