{"id":806,"date":"2025-04-15T02:36:36","date_gmt":"2025-04-15T02:36:36","guid":{"rendered":"https:\/\/red-lighttherapy.com\/?post_type=product&#038;p=806"},"modified":"2025-04-15T02:51:40","modified_gmt":"2025-04-15T02:51:40","slug":"oem-odm-rigid-slide-drawer-style-jewelry-earring-gift-boxes","status":"publish","type":"product","link":"https:\/\/red-lighttherapy.com\/it\/oem-odm-rigid-slide-drawer-style-jewelry-earring-gift-boxes\/","title":{"rendered":"OEM ODM rigido Slide cassetto stile gioielli orecchini scatole regalo"},"content":{"rendered":"<h2><strong>Cassetto a scorrimento rigido OEM ODM <\/strong><strong>Gioielli Orecchini Confezione regalo Descrizione del prodotto<\/strong><\/h2>\n<h2 id=\"1-classic-box-type-and-slide-rail-nesting-design-\">1.\u00a0<strong>Classico design a scatola e guida di scorrimento<\/strong><\/h2>\n<ul>\n<li>Il\u00a0<strong>tipo di scatola con fondo e coperchio inferiore<\/strong>\u00a0Il corpo della scatola ha linee semplici e robuste, che si adattano al tono high-end dei prodotti di gioielleria. Il coperchio della scatola e il corpo della scatola sono annidati attraverso il\u00a0<strong>sistema di guide di precisione<\/strong>e possono scorrere agevolmente durante l'apertura e la chiusura con una leggera trazione, risparmiando spazio e dando un senso di rituale all'apertura della scatola. La guida di scorrimento adotta un design con fibbia anti-caduta e non si \u00e8 allentata dopo 5000 test di estrazione.<\/li>\n<\/ul>\n<h2 id=\"2-scientific-partition-and-protective-inner-box-\">2.\u00a0<strong>Divisorio scientifico e scatola interna protettiva<\/strong><\/h2>\n<ul>\n<li>La scatola interna \u00e8 realizzata in materiale EVA ad alta densit\u00e0 di colore grigio chiaro. Il design del divisorio comprende\u00a0<strong>fessure per il fissaggio degli orecchini, area per l'asta di sospensione delle collane e strato piatto dei braccialetti<\/strong>che evita efficacemente i danni da attrito ai gioielli. La superficie interna del rivestimento \u00e8 ricoperta da uno strato di floccaggio di 0,8 mm, che svolge funzioni di tamponamento e antistatiche ed \u00e8 adatto a materiali facilmente ossidabili come gioielli in argento e pietre preziose.<\/li>\n<\/ul>\n<h2 id=\"3-material-and-surface-technology-\">3.\u00a0<strong>Tecnologia dei materiali e delle superfici<\/strong><\/h2>\n<ul>\n<li>Il corpo della scatola \u00e8 realizzato in\u00a0<strong>carta patinata ad alta densit\u00e0<\/strong>con elevata resistenza alla compressione e certificazione di sicurezza UE REACH e RoHS. La superficie \u00e8 ricoperta di\u00a0<strong>Rivestimento antiusura nano<\/strong>che si sente delicato come il velluto, \u00e8 resistente ai graffi e alle impronte digitali, con una fedelt\u00e0 cromatica superiore a 95% di Pantone.<\/li>\n<li>Opzionale\u00a0<strong>stampa a caldo\/goffratura\/incisione laser<\/strong>\u00a0tecnologia: la stampa a caldo utilizza una lamina d'oro da 24 carati, la profondit\u00e0 di goffratura \u00e8 di 0,2 mm e la precisione dell'incisione laser \u00e8 di 0,015 mm.<\/li>\n<\/ul>\n<h2 id=\"4-ergonomics-and-aesthetic-design-\">4.\u00a0<strong>Ergonomia e design estetico<\/strong><\/h2>\n<ul>\n<li><strong>Il colore principale, marrone e rosa, si ispira all'estetica dei colori nudi e la texture opaca trasmette una sensazione di calore e lusso. Il manico adotta\u00a0<\/strong>Design del tubo rotondo a forma di C**, con una larghezza di \uff1e20 cm, adatto agli adulti per essere tenuto con quattro dita, con forza uniforme e risparmio di manodopera, e il comfort di apertura e chiusura \u00e8 aumentato da 40%. Gli angoli sono trattati a R, arrotondati e privi di bave, conformi agli standard di controllo qualit\u00e0 ISO 9001.<\/li>\n<\/ul>\n<h2 id=\"5-flexible-production-and-quality-control-process-\">5.\u00a0<strong>Processo di produzione e controllo qualit\u00e0 flessibile<\/strong><\/h2>\n<ul>\n<li>Supporto\u00a0<strong>Ordine minimo di 500 pezzi<\/strong>ciclo di 8-15 giorni (compresi 4-7 giorni per le prove di stampa). Il processo di produzione comprende pi\u00f9 di 20 processi quali stampaggio, taglio laser, stampaggio CNC, ecc:<\/li>\n<li><strong>Tre ispezioni manuali della qualit\u00e0<\/strong>: Ispezione SGS delle materie prime, verifica della struttura dei semilavorati e ispezione dell'integrit\u00e0 superficiale del prodotto finito;<\/li>\n<li><strong>Spruzzatura di rivestimenti antiusura<\/strong>: Rivestimento polimerico composito, test in nebbia salina &gt; 72 ore senza caduta;<\/li>\n<li><strong>Rettifica fine di bordi e angoli<\/strong>: Errore dell'angolo R \u2264 0,1 mm, attraverso il rilevamento 3D del proiettore.<\/li>\n<\/ul>\n<h2 id=\"6-environmental-protection-and-compliance-\">6.\u00a0<strong>Protezione e conformit\u00e0 ambientale<\/strong><\/h2>\n<ul>\n<li>Il materiale ha superato la certificazione forestale FSC, il processo di laminazione utilizza adesivi a base d'acqua e le emissioni di VOC sono 50% inferiori al limite UE.<\/li>\n<\/ul>\n<h2 id=\"-application-scenarios-and-customized-services-\"><strong>Scenari applicativi e servizi personalizzati<\/strong><\/h2>\n<ul>\n<li><strong>Scenari applicabili<\/strong>: vendita al dettaglio di gioielli di alta gamma, regali di marca, joint venture di lusso, personalizzazione di matrimoni, ecc;<\/li>\n<li><strong>Servizi a valore aggiunto<\/strong>: fornisce sacchetti sigillati antiossidazione, soluzioni di adattamento sicure per l'umidit\u00e0 costante e etichette laser AR anticontraffazione;<\/li>\n<li><strong>Standard di consegna<\/strong>Ogni lotto \u00e8 accompagnato da un rapporto di prova del materiale, a supporto dei servizi DDP di logistica globale.<\/li>\n<\/ul>\n<h2 id=\"-technical-parameters-\"><strong>Parametri tecnici<\/strong><\/h2>\n<table>\n<thead>\n<tr>\n<th>Progetto<\/th>\n<th>Parametri<\/th>\n<\/tr>\n<\/thead>\n<tbody>\n<tr>\n<td>Materiale<\/td>\n<td>450 g di carta patinata + fodera in EVA<\/td>\n<\/tr>\n<tr>\n<td>Dimensioni della scatola<\/td>\n<td>240\u00d7160\u00d760 mm<\/td>\n<\/tr>\n<tr>\n<td>Capacit\u00e0 di carico<\/td>\n<td>Statico 5kg\/dinamico 2kg<\/td>\n<\/tr>\n<tr>\n<td>Durezza della superficie<\/td>\n<td>Durezza della matita 3H<\/td>\n<\/tr>\n<tr>\n<td>Quantit\u00e0 minima ordinabile<\/td>\n<td>500 pezzi<\/td>\n<\/tr>\n<tr>\n<td>Ciclo di consegna<\/td>\n<td>15 giorni per i modelli normali<\/td>\n<\/tr>\n<\/tbody>\n<\/table>\n<p><strong>Conclusione<\/strong>\u00a0Questo prodotto richiede\u00a0<strong>\"estetica visiva + protezione funzionale\"<\/strong>\u00a0e fornisce ai marchi una soluzione completa, dall'imballaggio all'esperienza dell'utente, grazie a una tecnologia di precisione e a un sistema di produzione flessibile. Che si tratti della classica stampa a caldo o della goffratura personalizzata, pu\u00f2 diventare un mezzo silenzioso per trasmettere il valore del marchio.<\/p>","protected":false},"excerpt":{"rendered":"<p>Questa confezione regalo per orecchini in stile cassetto di carta \u00e8 stata progettata appositamente per i marchi di gioielli di fascia alta. Combina l'estetica classica con l'artigianato moderno. Basato sul tipo di scatola con coperchio superiore e inferiore, crea una soluzione di archiviazione che \u00e8 sia cerimoniale che pratica attraverso linee geometriche ordinate e una struttura precisa. Il prodotto ha superato otto processi di controllo della qualit\u00e0 ed \u00e8 stato combinato con gli standard di sicurezza degli imballaggi dell'UE per ottenere una garanzia di qualit\u00e0 completa, dai materiali ai prodotti finiti. \u00c8 adatto a esigenze personalizzate nei settori della gioielleria, degli orologi, dei beni di lusso, ecc.<\/p>","protected":false},"featured_media":810,"template":"","meta":{"_kad_post_transparent":"default","_kad_post_title":"","_kad_post_layout":"default","_kad_post_sidebar_id":"","_kad_post_content_style":"default","_kad_post_vertical_padding":"default","_kad_post_feature":"","_kad_post_feature_position":"","_kad_post_header":false,"_kad_post_footer":false,"_kad_post_classname":""},"product_brand":[],"product_cat":[15,20,17],"product_tag":[301,300,302],"class_list":{"0":"post-806","1":"product","2":"type-product","3":"status-publish","4":"has-post-thumbnail","6":"product_cat-red-light-therapy","7":"product_cat-led-face-light-therapy","8":"product_cat-services","9":"product_tag-earring-drawer-style-boxes","10":"product_tag-jewelry-gift-boxes","11":"product_tag-oem-odm-rigid-boxes","13":"first","14":"instock","15":"shipping-taxable","16":"product-type-simple","17":"entry","18":"content-bg","19":"loop-entry"},"_links":{"self":[{"href":"https:\/\/red-lighttherapy.com\/it\/wp-json\/wp\/v2\/product\/806","targetHints":{"allow":["GET"]}}],"collection":[{"href":"https:\/\/red-lighttherapy.com\/it\/wp-json\/wp\/v2\/product"}],"about":[{"href":"https:\/\/red-lighttherapy.com\/it\/wp-json\/wp\/v2\/types\/product"}],"wp:featuredmedia":[{"embeddable":true,"href":"https:\/\/red-lighttherapy.com\/it\/wp-json\/wp\/v2\/media\/810"}],"wp:attachment":[{"href":"https:\/\/red-lighttherapy.com\/it\/wp-json\/wp\/v2\/media?parent=806"}],"wp:term":[{"taxonomy":"product_brand","embeddable":true,"href":"https:\/\/red-lighttherapy.com\/it\/wp-json\/wp\/v2\/product_brand?post=806"},{"taxonomy":"product_cat","embeddable":true,"href":"https:\/\/red-lighttherapy.com\/it\/wp-json\/wp\/v2\/product_cat?post=806"},{"taxonomy":"product_tag","embeddable":true,"href":"https:\/\/red-lighttherapy.com\/it\/wp-json\/wp\/v2\/product_tag?post=806"}],"curies":[{"name":"wp","href":"https:\/\/api.w.org\/{rel}","templated":true}]}}