{"id":795,"date":"2025-04-14T16:43:08","date_gmt":"2025-04-14T16:43:08","guid":{"rendered":"https:\/\/red-lighttherapy.com\/?post_type=product&#038;p=795"},"modified":"2025-04-15T02:12:49","modified_gmt":"2025-04-15T02:12:49","slug":"customized-child-resistant-rigid-paperboard-slider-box-supplier","status":"publish","type":"product","link":"https:\/\/red-lighttherapy.com\/it\/customized-child-resistant-rigid-paperboard-slider-box-supplier\/","title":{"rendered":"Fornitore su misura della scatola del cursore del cartone rigido resistente ai bambini"},"content":{"rendered":"<h3 id=\"1-cannabis-e-cigarette-style-design-childproof-buckle-both-safe-and-fashionable-\">1.\u00a0<strong>Cannabis e-sigaretta stile design \u00d7 fibbia a prova di bambino, sia sicuro e alla moda<\/strong><\/h3>\n<p>La scatola scorrevole adotta il classico linguaggio di design delle sigarette elettroniche alla cannabis (sigarette elettroniche CBD), con linee minimaliste e forma tecnologica come nucleo centrale, ed \u00e8 dotata di un dispositivo di fibbia a prova di bambino, che non solo soddisfa le esigenze di protezione dei bambini, ma trasmette anche un tono di marchio di fascia alta e all'avanguardia. Il design della fibbia a prova di bambino \u00e8 conforme agli standard di sicurezza internazionali (come la norma EN 71-3). Grazie alle fibbie fisiche e alle strutture di sblocco nascoste, impedisce efficacemente ai bambini di toccarla accidentalmente, mantenendo al tempo stesso la morbidezza dell'aspetto. Lo schema di colori complessivo \u00e8 dominato dal bianco e dal verde bosco, simulando l'atmosfera fresca della foresta originale, trasmettendo un'esperienza visiva naturale e tranquilla e in linea con la tendenza al consumo sano.<\/p>\n<h3 id=\"2-material-technology-350g-cardboard-1000g-cardboard-enhanced-pull-out-experience-\">2.\u00a0<strong>Tecnologia dei materiali: cartone da 350 g \u00d7 cartone da 1000 g, migliore esperienza di estrazione<\/strong><\/h3>\n<p>L'involucro esterno utilizza un cartone di 350 g ad alta grammatura con una pellicola opaca sulla superficie, resistente all'usura e delicata; l'involucro interno utilizza un cartone ispessito di 1000 g, giuntato senza soluzione di continuit\u00e0 grazie alla tecnologia di fustellatura di precisione, e la resistenza durante il processo di estrazione \u00e8 uniforme. Grazie al design del tampone di smorzamento, l'esperienza d'uso \u00e8 di alto livello: \"leggera spinta all'avvio, arresto costante senza scosse\". Il contrasto tra i materiali interni ed esterni crea un senso di gerarchia e aumenta il valore aggiunto del prodotto.<\/p>\n<h3 id=\"3-primitive-forest-theme-visual-design-3d-green-leaf-uv-technology-\">3.\u00a0<strong>Design visivo a tema foresta primitiva, tecnologia UV 3D a foglia verde<\/strong><\/h3>\n<p>Gli elementi a foglia verde presentano un effetto tridimensionale in rilievo grazie alla tecnologia di stampa UV locale, formando una lucentezza sfumata sotto la luce e l'ombra, simulando la consistenza e il tocco delle foglie vere. Le posizioni chiave della confezione regalo (come l'area della serratura e quella del logo del marchio) utilizzano la tecnologia di stampa a caldo oro\/argento, combinata con una fustellatura di alta precisione per garantire che il disegno sia chiaro e resistente all'usura. Il logo del marchio \u00e8 integrato nel disegno della vena della foglia per migliorare l'immagine dell'integrazione tra natura e tecnologia e migliorare il riconoscimento.<\/p>\n<h3 id=\"4-flexible-mold-development-capabilities-quick-response-to-customization-needs-\">4.\u00a0<strong>Capacit\u00e0 di sviluppo stampi flessibili, risposta rapida alle esigenze di personalizzazione<\/strong><\/h3>\n<p>Il fornitore \u00e8 dotato di un sistema di sviluppo di stampi a processo completo, che supporta la conversione rapida da disegni 2D a modellazione 3D, e pu\u00f2 personalizzare stampi di forma speciale (come binari estraibili curvi, strutture multistrato annidate), con una quantit\u00e0 minima d'ordine a partire da 500 pezzi. Grazie al design modulare, le dimensioni della confezione regalo, la posizione della serratura e il contenuto della stampa possono essere regolati in modo flessibile e il ciclo di consegna si riduce a 12-15 giorni, soddisfacendo le urgenti esigenze di differenziazione del packaging dei marchi di sigarette elettroniche.<\/p>\n<h3 id=\"5-industry-technology-frontier-exploration-continuous-innovation-and-upgrading-\">5.\u00a0<strong>Esplorazione delle frontiere tecnologiche del settore, innovazione e aggiornamento continui<\/strong><\/h3>\n<p>Partecipare attivamente alle fiere internazionali sulle sigarette elettroniche, come la tedesca EVO NXT e l'italiana InterTabac, confrontarsi con aziende leader come British American Tobacco e Philip Morris International e introdurre tecnologie innovative come gli algoritmi di corrispondenza dei colori AI e i rivestimenti biodegradabili. La soluzione \"inchiostro UV a zero solventi\" lanciata nel 2024 ha superato la certificazione REACH dell'UE, riducendo le emissioni di COV di 90% e promuovendo la trasformazione verde del settore.<\/p>\n<h3 id=\"6-full-link-environmentally-friendly-production-system-\">6.\u00a0<strong>Sistema di produzione ecologico full-link<\/strong><\/h3>\n<p>Lo stabilimento utilizza apparecchiature per il rivestimento di pellicole a base d'acqua importate dalla Germania per sostituire i tradizionali processi a base di solventi, riducendo 90% i volatili nocivi; istituisce un sistema di trattamento delle acque reflue a ciclo chiuso per ottenere 95% il riutilizzo delle risorse idriche. Il 100% dei materiali di imballaggio utilizza pasta di legno certificata FSC e 30% di fibra riciclata viene aggiunta alla scatola interna, in conformit\u00e0 con il sistema di gestione ambientale ISO 14001. Ha superato la certificazione dell'impronta di carbonio nel 2024 e le emissioni di carbonio per scatola sono 40% inferiori alla media del settore.<\/p>\n<h3 id=\"7-compliance-and-sustainable-development-dual-drive-\">7.\u00a0<strong>Conformit\u00e0 e sviluppo sostenibile a doppia mandata<\/strong><\/h3>\n<p>Seguiamo rigorosamente le \"Misure di gestione della sigaretta elettronica\" e la direttiva UE TPD, e tutti i prodotti superano i test di sicurezza fisica meccanica EN 71-1 e la certificazione del sistema di qualit\u00e0 ISO 9001.<\/p>","protected":false},"excerpt":{"rendered":"<p>Integrando estetica del design industriale, standard di sicurezza elevati e concetti di economia circolare, forniamo ai marchi di sigarette elettroniche soluzioni di prodotto competitive sul mercato e socialmente responsabili, in particolare per le aziende di sigarette elettroniche CBD che si posizionano nella fascia alta e si concentrano sull'immagine ESG.<\/p>","protected":false},"featured_media":800,"template":"","meta":{"_kad_post_transparent":"default","_kad_post_title":"","_kad_post_layout":"default","_kad_post_sidebar_id":"","_kad_post_content_style":"default","_kad_post_vertical_padding":"default","_kad_post_feature":"","_kad_post_feature_position":"","_kad_post_header":false,"_kad_post_footer":false,"_kad_post_classname":""},"product_brand":[],"product_cat":[15,20,40,17],"product_tag":[295,294,296],"class_list":{"0":"post-795","1":"product","2":"type-product","3":"status-publish","4":"has-post-thumbnail","6":"product_cat-red-light-therapy","7":"product_cat-led-face-light-therapy","8":"product_cat-red-light-therapy-panel","9":"product_cat-services","10":"product_tag-child-resistant-box","11":"product_tag-customized-paperboard-box","12":"product_tag-slider-box-supplier","14":"first","15":"instock","16":"shipping-taxable","17":"product-type-simple","18":"entry","19":"content-bg","20":"loop-entry"},"_links":{"self":[{"href":"https:\/\/red-lighttherapy.com\/it\/wp-json\/wp\/v2\/product\/795","targetHints":{"allow":["GET"]}}],"collection":[{"href":"https:\/\/red-lighttherapy.com\/it\/wp-json\/wp\/v2\/product"}],"about":[{"href":"https:\/\/red-lighttherapy.com\/it\/wp-json\/wp\/v2\/types\/product"}],"wp:featuredmedia":[{"embeddable":true,"href":"https:\/\/red-lighttherapy.com\/it\/wp-json\/wp\/v2\/media\/800"}],"wp:attachment":[{"href":"https:\/\/red-lighttherapy.com\/it\/wp-json\/wp\/v2\/media?parent=795"}],"wp:term":[{"taxonomy":"product_brand","embeddable":true,"href":"https:\/\/red-lighttherapy.com\/it\/wp-json\/wp\/v2\/product_brand?post=795"},{"taxonomy":"product_cat","embeddable":true,"href":"https:\/\/red-lighttherapy.com\/it\/wp-json\/wp\/v2\/product_cat?post=795"},{"taxonomy":"product_tag","embeddable":true,"href":"https:\/\/red-lighttherapy.com\/it\/wp-json\/wp\/v2\/product_tag?post=795"}],"curies":[{"name":"wp","href":"https:\/\/api.w.org\/{rel}","templated":true}]}}