{"id":770,"date":"2025-04-14T11:10:04","date_gmt":"2025-04-14T11:10:04","guid":{"rendered":"https:\/\/red-lighttherapy.com\/?post_type=product&#038;p=770"},"modified":"2025-04-14T12:25:23","modified_gmt":"2025-04-14T12:25:23","slug":"vendor-folding-carton-for-bluetooth-earphone-electronics","status":"publish","type":"product","link":"https:\/\/red-lighttherapy.com\/it\/vendor-folding-carton-for-bluetooth-earphone-electronics\/","title":{"rendered":"Cartone pieghevole del venditore per l'elettronica degli auricolari Bluetooth"},"content":{"rendered":"<h2 id=\"-1-double-card-box-design-imported-heidelberg-printing-process-\"><strong>1. Design della scatola a doppia scheda e processo di stampa Heidelberg importato<\/strong><\/h2>\n<p>L'innovativa struttura a doppia scatola di cartone \u00e8 combinata con la tecnologia di stampa ad alta precisione della macchina da stampa Heidelberg, importata dalla Germania, per garantire che il disegno sia luminoso e vivido con un'elevata riproduzione dei colori. La macchina da stampa Heidelberg \u00e8 nota per il suo controllo digitale, i punti chiari e il volume preciso dell'inchiostro, in grado di soddisfare i severi requisiti del marchio per gli effetti visivi del packaging e di migliorare significativamente lo stile e il riconoscimento del prodotto.<\/p>\n<h2 id=\"-2-window-film-display-function-\"><strong>2. Funzione di visualizzazione della pellicola per finestre<\/strong><\/h2>\n<p>Il corpo della scatola \u00e8 progettato con una struttura a finestra e una pellicola trasparente ad alta definizione (come il PVC o il PET) viene applicata per mostrare in modo intuitivo l'aspetto del prodotto auricolare e migliorare il primo impatto visivo del consumatore. La pellicola \u00e8 strettamente combinata con il cartone bianco e presenta resistenza ai graffi e trasmittanza alla luce. \u00c8 adatto per l'esposizione nell'e-commerce e per gli scenari di vendita al dettaglio offline per migliorare l'esperienza dell'utente.<\/p>\n<h2 id=\"-3-350g-white-cardboard-material-process-details-\"><strong>3. Cartone bianco da 350 g Dettagli sul materiale e sul processo<\/strong><\/h2>\n<p>Il corpo della scatola \u00e8 realizzato in cartone bianco da 350 g ad alto peso, che presenta un'eccellente rigidit\u00e0 e una forte resistenza alla pressione, proteggendo efficacemente i prodotti interni. La superficie del cartone bianco \u00e8 molto liscia e, in combinazione con il processo di stampa offset della macchina da stampa Heidelberg, pu\u00f2 ottenere delicati colori sfumati ed effetti di stampa a caldo\/argento del LOGO del marchio. La fodera adotta una struttura pieghevole personalizzata, che tiene conto sia della protezione che dell'utilizzo dello spazio.<\/p>\n<h2 id=\"-4-card-box-flat-design-cost-optimization-\"><strong>4. Design piatto della scatola di cartone e ottimizzazione dei costi<\/strong><\/h2>\n<p>Il design pieghevole della scatola di cartone supporta la spedizione in piano e il tasso di compressione del volume di trasporto raggiunge pi\u00f9 di 70%, riducendo significativamente i costi logistici. Il processo di stampaggio integrato riduce il processo di assemblaggio e, grazie alla linea di produzione automatizzata (come la stampa offset, la fustellatura e l'incollaggio integrato delle scatole), la capacit\u00e0 produttiva giornaliera pu\u00f2 raggiungere pi\u00f9 di 10.000 pezzi, realizzando una riduzione dei costi su larga scala.<\/p>\n<h2 id=\"-5-supply-chain-and-quality-assurance-\"><strong>5. Catena di approvvigionamento e garanzia di qualit\u00e0<\/strong><\/h2>\n<p>Con 16 anni di esperienza nelle fabbriche di origine e un sistema di catena di fornitura maturo, l'intero processo, dall'approvvigionamento della carta al confezionamento del prodotto finito, \u00e8 controllabile. La fabbrica ha superato la certificazione ISO e controlla rigorosamente le materie prime del cartone bianco (come il cartone bianco a base grigia o la carta di pasta di legno importata) e gli errori di stampa (\u00b10,01 mm) per garantire la coerenza dei lotti. Supporta la personalizzazione di piccoli lotti e risponde in modo flessibile alle esigenze dei clienti.<\/p>\n<h2 id=\"-6-foreign-trade-services-and-one-stop-support-\"><strong>6. Servizi per il commercio estero e supporto unico<\/strong><\/h2>\n<p>Il team di professionisti del commercio estero fornisce servizi multilingue (inglese, spagnolo, ecc.), coprendo i principali mercati come Europa, America e Sud-Est asiatico. Supportiamo le qualifiche per l'esportazione transfrontaliera e la certificazione di conformit\u00e0 della piattaforma (come i requisiti di imballaggio di Amazon ed eBay), e forniamo servizi di processo completi come la prova di progettazione, la logistica delle dichiarazioni doganali e il risarcimento post-vendita per ridurre la complessit\u00e0 delle operazioni dei clienti.<\/p>\n<h2><strong>7. Servizi a valore aggiunto e riferimenti a casi concreti<\/strong><\/h2>\n<ul>\n<li><strong>Supporto alla progettazione<\/strong>: Pu\u00f2 fornire soluzioni estetiche semplici (come la scatola con texture bianca opaca, la struttura di apertura e chiusura magnetica) o elementi tecnologici (come le spie semitrasparenti);<\/li>\n<li><strong>Opzioni di protezione ambientale<\/strong>: Fornire carta certificata FSC e stampa con inchiostro a base d'acqua, in linea con gli standard di protezione ambientale dell'UE;<\/li>\n<li><strong>Cooperazione di magazzino<\/strong>: Supporta l'inventario gestito e la modalit\u00e0 VMI, riducendo il ciclo di consegna a 7-10 giorni.<\/li>\n<\/ul>","protected":false},"excerpt":{"rendered":"<p>Questo design \u00e8 una scatola di cartoncino a doppio inserto. L'intera scatola \u00e8 realizzata in cartoncino bianco da 350 g, rigido e con un buon effetto di stampa. La finestra e la pellicola permettono di esporre meglio il prodotto.<\/p>","protected":false},"featured_media":771,"template":"","meta":{"_kad_post_transparent":"default","_kad_post_title":"","_kad_post_layout":"default","_kad_post_sidebar_id":"","_kad_post_content_style":"default","_kad_post_vertical_padding":"default","_kad_post_feature":"","_kad_post_feature_position":"","_kad_post_header":false,"_kad_post_footer":false,"_kad_post_classname":""},"product_brand":[],"product_cat":[15,24,17],"product_tag":[285,286,287],"class_list":{"0":"post-770","1":"product","2":"type-product","3":"status-publish","4":"has-post-thumbnail","6":"product_cat-red-light-therapy","7":"product_cat-red-light-therapy-bed","8":"product_cat-services","9":"product_tag-folding-carton-for-bluetooth","10":"product_tag-folding-carton-for-earphone","11":"product_tag-vendor-folding-carton","13":"first","14":"instock","15":"shipping-taxable","16":"product-type-simple","17":"entry","18":"content-bg","19":"loop-entry"},"_links":{"self":[{"href":"https:\/\/red-lighttherapy.com\/it\/wp-json\/wp\/v2\/product\/770","targetHints":{"allow":["GET"]}}],"collection":[{"href":"https:\/\/red-lighttherapy.com\/it\/wp-json\/wp\/v2\/product"}],"about":[{"href":"https:\/\/red-lighttherapy.com\/it\/wp-json\/wp\/v2\/types\/product"}],"wp:featuredmedia":[{"embeddable":true,"href":"https:\/\/red-lighttherapy.com\/it\/wp-json\/wp\/v2\/media\/771"}],"wp:attachment":[{"href":"https:\/\/red-lighttherapy.com\/it\/wp-json\/wp\/v2\/media?parent=770"}],"wp:term":[{"taxonomy":"product_brand","embeddable":true,"href":"https:\/\/red-lighttherapy.com\/it\/wp-json\/wp\/v2\/product_brand?post=770"},{"taxonomy":"product_cat","embeddable":true,"href":"https:\/\/red-lighttherapy.com\/it\/wp-json\/wp\/v2\/product_cat?post=770"},{"taxonomy":"product_tag","embeddable":true,"href":"https:\/\/red-lighttherapy.com\/it\/wp-json\/wp\/v2\/product_tag?post=770"}],"curies":[{"name":"wp","href":"https:\/\/api.w.org\/{rel}","templated":true}]}}