{"id":750,"date":"2025-04-14T09:34:38","date_gmt":"2025-04-14T09:34:38","guid":{"rendered":"https:\/\/red-lighttherapy.com\/?post_type=product&#038;p=750"},"modified":"2025-04-14T09:46:20","modified_gmt":"2025-04-14T09:46:20","slug":"custom-recycled-kraft-paper-candle-cardboard-boxes-wholesale","status":"publish","type":"product","link":"https:\/\/red-lighttherapy.com\/it\/custom-recycled-kraft-paper-candle-cardboard-boxes-wholesale\/","title":{"rendered":"Custom riciclato carta Kraft candela scatole di cartone all'ingrosso"},"content":{"rendered":"<h2 id=\"customized-recycled-kraft-paper-candle-packaging-box-products\">Prodotti su misura della scatola di imballaggio della candela in carta kraft riciclata<\/h2>\n<h2 id=\"-1-full-link-eco-friendly-material-degradable-recycled-kraft-paper-card-box-\"><strong>1. Materiale eco-compatibile a tutto tondo: scatola in carta kraft riciclata e degradabile.<\/strong><\/h2>\n<p>Utilizzo\u00a0<strong>Carta kraft riciclata con certificazione FSC<\/strong>\u00a0come materiale di base, le materie prime provengono da risorse forestali gestite in modo sostenibile e la grammatura della carta \u00e8 compresa tra 250 e 450 g e pu\u00f2 essere personalizzata, tenendo conto delle propriet\u00e0 di resistenza e protezione ambientale.\u00a0<strong>Stampa con inchiostro ecologico a base d'acqua<\/strong>\u00a0viene utilizzato nel processo di produzione, senza residui di metalli pesanti, in conformit\u00e0 alle normative REACH dell'UE e agli standard FDA degli Stati Uniti. Il prodotto pu\u00f2 essere completamente degradato in\u00a0<strong>6-12 mesi<\/strong>\u00a0nell'ambiente naturale, con un tasso di riciclaggio superiore a 90%, soddisfacendo i requisiti dell'economia circolare.<\/p>\n<h2 id=\"-2-innovative-window-design-balancing-the-sense-of-ritual-and-trust-\"><strong>2. Design innovativo delle finestre: bilanciare il senso del rituale e della fiducia<\/strong><\/h2>\n<ul>\n<li><strong>Finestra visiva<\/strong>: Utilizzando la tecnologia di incavo laser per creare una finestra di forma speciale (forma rotonda\/petalo opzionale), ricoperta di\u00a0<strong>film trasparente in PE degradabile<\/strong>In questo modo non solo si mantiene l'esperienza di sorpresa dell'apertura della scatola, ma si permette anche ai consumatori di osservare direttamente la consistenza della candela e l'integrit\u00e0 del corpo della cera.<\/li>\n<\/ul>\n<h2 id=\"-3-natural-aesthetics-presentation-petal-color-jump-process-\"><strong>3. Presentazione dell'estetica naturale: processo di salto di colore dei petali<\/strong><\/h2>\n<ul>\n<li><strong>Trattamento della superficie<\/strong>: Attraverso\u00a0<strong>Vetrificazione locale UV + processo di stampa a caldo<\/strong>,\u00a0<strong>Morandi colore motivo petali<\/strong>\u00a0\u00e8 sovrapposto al colore naturale di base della carta kraft per simulare la texture naturale delle piante. L'area del salto di colore \u00e8 serigrafata con inchiostro di soia e il valore della differenza di colore \u0394E\u22641,5, che rafforza l'immagine naturale evitando l'affaticamento visivo.<\/li>\n<li><strong>Aggiornamento tattile<\/strong>: L'area dei petali aggiunge\u00a0<strong>trattamento di micro-goffratura<\/strong>e il tatto simula la consistenza dei petali veri per aumentare il valore dell'esperienza sensoriale della confezione.<\/li>\n<\/ul>\n<h2 id=\"-4-functional-extension-design-empty-box-transformation-guide-\"><strong>4. Progettazione dell'estensione funzionale: Guida alla trasformazione in scatola vuota<\/strong><\/h2>\n<p>Fornire\u00a0<strong>Istruzioni per la trasformazione fai da te<\/strong>\u00a0per guidare i consumatori a trasformare le scatole vuote in:<\/p>\n<ul>\n<li><strong>Scatola di immagazzinaggio<\/strong>: La scatola \u00e8 preinstallata con un divisorio staccabile (il materiale \u00e8 lo stesso del corpo della scatola), adatto per riporre piccoli oggetti come gioielli e cancelleria;<\/li>\n<li><strong>Contenitore per la semina<\/strong>: Il fondo della scatola \u00e8 preimpostato con una linea di fustellatura a fori di drenaggio ed \u00e8 abbinato a una scatola cieca di semi per dare una seconda vita alla confezione. Il piano di trasformazione \u00e8 collegato alla piattaforma interattiva dei social media del marchio tramite un\u00a0<strong>Codice QR<\/strong>\u00a0per migliorare la partecipazione degli utenti.<\/li>\n<\/ul>\n<h2 id=\"-5-compliance-label-system-meet-the-requirements-of-the-european-and-american-markets-\"><strong>5. Sistema di etichettatura di conformit\u00e0: soddisfa i requisiti dei mercati europei e americani.<\/strong><\/h2>\n<ul>\n<li><strong>Etichetta informativa<\/strong>: La stampa del corpo della scatola comprende\u00a0<strong>Marchio CE, marchio di riciclaggio (\u267b), icona della certificazione FSC<\/strong>e l'elenco degli ingredienti (compresa la base di cera, la fragranza, il tempo di combustione, ecc;)<\/li>\n<li><strong>Attributi personalizzati fatti a mano<\/strong>:\u00a0<strong>Codifica del lotto di sigillatura della vernice<\/strong>\u00a0+ firma artigianale di stampaggio a caldo, ogni prodotto \u00e8 contrassegnato da un numero indipendente (come HN-XXXXX-CR) per migliorare il senso della temperatura fatta a mano;<\/li>\n<li><strong>Istruzioni multilingue<\/strong>: Le avvertenze di sicurezza e le istruzioni per l'uso sono riportate in inglese\/spagnolo\/francese, in conformit\u00e0 con la \"Direttiva sugli imballaggi e i rifiuti di imballaggio\" dell'UE e con i requisiti del CPSC degli Stati Uniti.<\/li>\n<\/ul>\n<h2 id=\"-6-efficient-production-and-cost-advantages-\"><strong>6. Produzione efficiente e vantaggi in termini di costi<\/strong><\/h2>\n<ul>\n<li><strong>Design della scatola<\/strong>: Adottare\u00a0<strong>Struttura della scatola di cartone in un unico pezzo<\/strong>La piastra di fustellatura \u00e8 adatta per l'incollaggio automatico ad alta velocit\u00e0 delle cartelle, con una capacit\u00e0 produttiva giornaliera di 5 milioni di pezzi e la possibilit\u00e0 di produrre una quantit\u00e0 minima d'ordine di 500 pezzi;<\/li>\n<li><strong>Vantaggio del prezzo unitario<\/strong>: Il prezzo unitario degli ordini di grandi volumi (pi\u00f9 di 1 milione di pezzi) pu\u00f2 essere inferiore a\u00a0<strong>US$0.1\/pezzo<\/strong>\u00a0(sulla base di una scatola standard in carta kraft da 350 g), supportando la stampa a caldo del LOGO, l'apertura della finestra e altre esigenze personalizzate senza sovrapprezzo;<\/li>\n<li><strong>Ottimizzazione della logistica<\/strong>: Lo spessore del corpo della scatola allo stato aperto \u00e8 di \u22643 mm, il che consente di risparmiare 60% di spazio di stoccaggio rispetto all'imballaggio tradizionale ed \u00e8 adatto alla consegna diretta di piccoli pacchi nel commercio elettronico transfrontaliero.<\/li>\n<\/ul>","protected":false},"excerpt":{"rendered":"<p>La scatola di cartone \u00e8 realizzata in carta kraft degradabile, facile da riciclare e in grado di garantire la massima eco-compatibilit\u00e0. Il design della finestra mantiene il senso di sorpresa all'apertura della scatola e risolve il problema della \"fiducia visiva\" del consumatore.<\/p>","protected":false},"featured_media":757,"template":"","meta":{"_kad_post_transparent":"default","_kad_post_title":"","_kad_post_layout":"default","_kad_post_sidebar_id":"","_kad_post_content_style":"default","_kad_post_vertical_padding":"default","_kad_post_feature":"","_kad_post_feature_position":"","_kad_post_header":false,"_kad_post_footer":false,"_kad_post_classname":""},"product_brand":[],"product_cat":[15,24,17],"product_tag":[280,279,281],"class_list":{"0":"post-750","1":"product","2":"type-product","3":"status-publish","4":"has-post-thumbnail","6":"product_cat-red-light-therapy","7":"product_cat-red-light-therapy-bed","8":"product_cat-services","9":"product_tag-candle-cardboard-boxes","10":"product_tag-custom-candle-boxes-wholesale","11":"product_tag-custom-candle-cardboard-boxes","13":"first","14":"instock","15":"shipping-taxable","16":"product-type-simple","17":"entry","18":"content-bg","19":"loop-entry"},"_links":{"self":[{"href":"https:\/\/red-lighttherapy.com\/it\/wp-json\/wp\/v2\/product\/750","targetHints":{"allow":["GET"]}}],"collection":[{"href":"https:\/\/red-lighttherapy.com\/it\/wp-json\/wp\/v2\/product"}],"about":[{"href":"https:\/\/red-lighttherapy.com\/it\/wp-json\/wp\/v2\/types\/product"}],"wp:featuredmedia":[{"embeddable":true,"href":"https:\/\/red-lighttherapy.com\/it\/wp-json\/wp\/v2\/media\/757"}],"wp:attachment":[{"href":"https:\/\/red-lighttherapy.com\/it\/wp-json\/wp\/v2\/media?parent=750"}],"wp:term":[{"taxonomy":"product_brand","embeddable":true,"href":"https:\/\/red-lighttherapy.com\/it\/wp-json\/wp\/v2\/product_brand?post=750"},{"taxonomy":"product_cat","embeddable":true,"href":"https:\/\/red-lighttherapy.com\/it\/wp-json\/wp\/v2\/product_cat?post=750"},{"taxonomy":"product_tag","embeddable":true,"href":"https:\/\/red-lighttherapy.com\/it\/wp-json\/wp\/v2\/product_tag?post=750"}],"curies":[{"name":"wp","href":"https:\/\/api.w.org\/{rel}","templated":true}]}}