{"id":732,"date":"2025-04-14T07:23:02","date_gmt":"2025-04-14T07:23:02","guid":{"rendered":"https:\/\/red-lighttherapy.com\/?post_type=product&#038;p=732"},"modified":"2025-04-14T07:35:30","modified_gmt":"2025-04-14T07:35:30","slug":"custom-makeup-beauty-blender-sponge-packaging-boxes-factory","status":"publish","type":"product","link":"https:\/\/red-lighttherapy.com\/it\/custom-makeup-beauty-blender-sponge-packaging-boxes-factory\/","title":{"rendered":"Fabbrica su ordinazione delle scatole d'imballaggio della spugna del frullatore di bellezza del trucco"},"content":{"rendered":"<h2 id=\"customized-makeup-egg-sponge-packaging-box\">Scatola di imballaggio di spugna d'uovo su misura per il trucco<\/h2>\n<h2 id=\"1-high-quality-materials-and-transparent-display-design-\">1.\u00a0<strong>Materiali di alta qualit\u00e0 e design trasparente del display<\/strong><\/h2>\n<p>Questo prodotto \u00e8 realizzato in cartoncino bianco ad alta grammatura da 350 g. La carta \u00e8 spessa e nitida, con resistenza alla pressione ed estetica. La parte anteriore della scatola \u00e8 progettata in modo innovativo con\u00a0<strong>tecnologia delle pellicole per l'apertura delle finestre<\/strong>Il bordo della finestra \u00e8 realizzato con film in PVC o PET ad alta trasparenza, in grado non solo di mostrare chiaramente la forma e il colore dell'uovo truccato interno, ma anche di svolgere un ruolo di prevenzione della polvere e dell'umidit\u00e0. Il bordo dell'area della finestra adotta un processo di taglio di precisione per garantire un'aderenza senza sbavature, migliorare l'attrattiva dell'esposizione dei prodotti e facilitare la scelta intuitiva da parte dei clienti.<\/p>\n<h2 id=\"2-high-end-printing-technology-empowers-brand-image-\">2.\u00a0<strong>La tecnologia di stampa di alto livello rafforza l'immagine del marchio<\/strong><\/h2>\n<p>La stampa della superficie della scatola adotta\u00a0<strong>Macchina da stampa Heidelberg importata<\/strong>dotato di un sistema di gestione del colore completamente automatico a quattro colori, ripristina con precisione il LOGO del marchio, il motivo e il colore sfumato. L'inchiostro di stampa ha superato la certificazione di protezione ambientale SGS, con colori ricchi e nessun odore irritante. Con il processo di verniciatura UV locale, realizza la combinazione di lucentezza a specchio e texture opaca, conferendo alla scatola di imballaggio una stratificazione visiva di alto livello. L'accuratezza del controllo della differenza di colore raggiunge \u0394E\u22641,5, assicurando la coerenza della produzione in lotti e favorendo il posizionamento di fascia alta del marchio.<\/p>\n<h2 id=\"3-environmentally-friendly-lining-and-efficient-structural-design-\">3.\u00a0<strong>Rivestimento ecologico e design strutturale efficiente<\/strong><\/h2>\n<p>Il rivestimento adotta\u00a0<strong>tecnologia di fustellatura della carta ecologica<\/strong>e forma una struttura di supporto a nido d'ape attraverso una precisa piegatura, che fissa saldamente l'uovo di bellezza per evitare scosse durante il trasporto. La carta utilizza un cartoncino di cellulosa grezza certificata FSC, completamente riciclabile e degradabile, che sostituisce il tradizionale rivestimento in schiuma, ed \u00e8 conforme agli standard di protezione ambientale REACH dell'UE. L'insieme\u00a0<strong>scatola di cartone design piatto<\/strong>\u00a0che \u00e8 una forma pieghevole in un unico pezzo quando non \u00e8 assemblata, riducendo notevolmente l'occupazione di spazio per lo stoccaggio e il trasporto e riducendo i costi logistici di oltre 30%. Dopo aver ricevuto la merce, i clienti possono assemblarla rapidamente a mano senza l'ausilio di colla, con una notevole comodit\u00e0 d'uso.<\/p>\n<h2 id=\"4-source-factory-guarantee-and-full-link-service-\">4.\u00a0<strong>Garanzia di fabbrica alla fonte e servizio full-link<\/strong><\/h2>\n<p>Affidarsi a\u00a0<strong>16 anni di esperienza nella produzione di imballaggi<\/strong>Lo stabilimento \u00e8 dotato di fustellatrici completamente automatiche, incollatrici di scatole e linee di ispezione della qualit\u00e0, con una capacit\u00e0 produttiva giornaliera di oltre 100.000 scatole standard e un ciclo di consegna ridotto a 7-10 giorni lavorativi. La catena di fornitura integra risorse a monte come carta, film e inchiostro, con costi 15%-20% inferiori alla media del mercato, e supporta una produzione flessibile con un ordine minimo di 1.000 pezzi. La certificazione del sistema di gestione della qualit\u00e0 ISO9001 \u00e8 stata superata, l'intera ispezione della qualit\u00e0 copre l'ingresso delle materie prime fino alla spedizione dei prodotti finiti, e il tasso di difetti \u00e8 controllato entro 0,3%.<\/p>\n<h2 id=\"5-integrated-foreign-trade-service-solution-\">5.\u00a0<strong>Soluzione integrata per il commercio estero<\/strong><\/h2>\n<p>Il team di professionisti del commercio estero fornisce\u00a0<strong>servizi transfrontalieri one-stop<\/strong>che copre le prove di progettazione, la dichiarazione doganale di esportazione, la logistica internazionale e l'assistenza post-vendita. Supporta il docking aziendale multilingue in inglese, spagnolo, arabo, ecc. e ha familiarit\u00e0 con gli standard di accesso al mercato in Europa, Stati Uniti, Medio Oriente e Sud-Est asiatico (come la certificazione FDA, CE). Pu\u00f2 assistere i clienti nel completamento dell'impianto del marchio VI, delle etichette anticontraffazione personalizzate e dell'ottimizzazione del packaging per la conformit\u00e0 della piattaforma di e-commerce transfrontaliera, aiutando il layout globale del marchio.<\/p>\n<h2 id=\"-summary-of-core-advantages-\"><strong>Sintesi dei vantaggi principali<\/strong><\/h2>\n<ul>\n<li><strong>Ottimizzazione dei costi<\/strong>: Struttura piatta + fornitura diretta dalla fonte, riduzione dei costi complessivi di 25%<\/li>\n<li><strong>Conformit\u00e0 ambientale<\/strong>: Materiali biodegradabili durante l'intero processo, superamento degli audit di responsabilit\u00e0 sociale BSCI e Sedex<\/li>\n<li><strong>Garanzia di qualit\u00e0<\/strong>: Stampa Heidelberg + linea di produzione automatizzata, la precisione del colore raggiunge la corrispondenza Pantone 99%<\/li>\n<li><strong>Servizio agile<\/strong>: Le bozze di progettazione 3D vengono fornite entro 48 ore e le prove di stampa vengono completate entro 72 ore.<\/li>\n<\/ul>","protected":false},"excerpt":{"rendered":"<p>Il design della scatola di cartone prevede l'utilizzo di cartoncino bianco da 350 g per l'intera scatola, che consente di ridurre i costi e di effettuare spedizioni piatte, riducendo notevolmente i costi di trasporto. La finestra con pellicola consente di esporre meglio il prodotto, mentre il rivestimento interno \u00e8 progettato con cartoncini di carta, comodi per fissare il prodotto e pi\u00f9 rispettosi dell'ambiente.<\/p>","protected":false},"featured_media":733,"template":"","meta":{"_kad_post_transparent":"default","_kad_post_title":"","_kad_post_layout":"default","_kad_post_sidebar_id":"","_kad_post_content_style":"default","_kad_post_vertical_padding":"default","_kad_post_feature":"","_kad_post_feature_position":"","_kad_post_header":false,"_kad_post_footer":false,"_kad_post_classname":""},"product_brand":[],"product_cat":[15,28,24,17],"product_tag":[272,271,270],"class_list":{"0":"post-732","1":"product","2":"type-product","3":"status-publish","4":"has-post-thumbnail","6":"product_cat-red-light-therapy","7":"product_cat-customize","8":"product_cat-red-light-therapy-bed","9":"product_cat-services","10":"product_tag-custom-beauty-sponge-packaging-factory","11":"product_tag-custom-blender-packaging","12":"product_tag-makeup-beauty-packaging-boxes","14":"first","15":"instock","16":"shipping-taxable","17":"product-type-simple","18":"entry","19":"content-bg","20":"loop-entry"},"_links":{"self":[{"href":"https:\/\/red-lighttherapy.com\/it\/wp-json\/wp\/v2\/product\/732","targetHints":{"allow":["GET"]}}],"collection":[{"href":"https:\/\/red-lighttherapy.com\/it\/wp-json\/wp\/v2\/product"}],"about":[{"href":"https:\/\/red-lighttherapy.com\/it\/wp-json\/wp\/v2\/types\/product"}],"wp:featuredmedia":[{"embeddable":true,"href":"https:\/\/red-lighttherapy.com\/it\/wp-json\/wp\/v2\/media\/733"}],"wp:attachment":[{"href":"https:\/\/red-lighttherapy.com\/it\/wp-json\/wp\/v2\/media?parent=732"}],"wp:term":[{"taxonomy":"product_brand","embeddable":true,"href":"https:\/\/red-lighttherapy.com\/it\/wp-json\/wp\/v2\/product_brand?post=732"},{"taxonomy":"product_cat","embeddable":true,"href":"https:\/\/red-lighttherapy.com\/it\/wp-json\/wp\/v2\/product_cat?post=732"},{"taxonomy":"product_tag","embeddable":true,"href":"https:\/\/red-lighttherapy.com\/it\/wp-json\/wp\/v2\/product_tag?post=732"}],"curies":[{"name":"wp","href":"https:\/\/api.w.org\/{rel}","templated":true}]}}