{"id":719,"date":"2025-04-14T06:56:26","date_gmt":"2025-04-14T06:56:26","guid":{"rendered":"https:\/\/red-lighttherapy.com\/?post_type=product&#038;p=719"},"modified":"2025-04-14T07:08:31","modified_gmt":"2025-04-14T07:08:31","slug":"luxury-custom-cosmetic-face-serum-cream-folding-mailer-box","status":"publish","type":"product","link":"https:\/\/red-lighttherapy.com\/it\/luxury-custom-cosmetic-face-serum-cream-folding-mailer-box\/","title":{"rendered":"Lusso Custom cosmetici viso siero crema pieghevole Mailer Box"},"content":{"rendered":"<h2 id=\"product-description-of-luxury-customized-cosmetics-facial-essence-cream-folding-mailing-box\">Descrizione del prodotto di lusso personalizzato cosmetici crema essenza facciale pieghevole Mailing Box<\/h2>\n<h2 id=\"-1-folding-airplane-box-structure-efficient-and-convenient-innovation-\"><strong>1. Struttura del mailer box pieghevole: innovazione efficiente e conveniente<\/strong><\/h2>\n<ol>\n<li><strong>Processo di cordonatura preciso, montaggio rapido<\/strong> La scatola da imballaggio adotta il classico design della scatola mailer pieghevole, con pieghe evidenti pre-stampate sul bordo, senza l'ausilio di colla o strumenti, e pu\u00f2 completare lo stampaggio tridimensionale in 30 secondi. L'esclusiva struttura di tipo lock assicura la stabilit\u00e0 del corpo della scatola, evita la dispersione accidentale durante il trasporto e tiene conto della protezione dell'ambiente e dell'efficienza.<\/li>\n<li><strong>Divisione scientifica del magazzino, adattamento flessibile<\/strong>\u00a0Lo spazio interno pu\u00f2 essere personalizzato con divisori stratificati in base alle esigenze del cliente (come slot indipendenti per flaconi di crema all'essenza, scatole di ciglia o pennelli da trucco) per evitare collisioni tra i prodotti. Le dimensioni supportano la regolazione personalizzata, il minimo pu\u00f2 essere personalizzato a 10cm\u00d75cm (set di ciglia portatile) e il massimo pu\u00f2 essere espanso a 30cm\u00d720cm (combinazione di confezioni regalo multipezzo), adattandosi alle diverse esigenze di scena.<\/li>\n<\/ol>\n<h2 id=\"-second-luxurious-appearance-matte-black-and-gold-aesthetics-\"><strong>2. Aspetto lussuoso: estetica in nero opaco e oro<\/strong><\/h2>\n<ol>\n<li><strong>Trattamento superficiale della texture<\/strong>\u00a0Il corpo della scatola adotta una base di cartone nero opaco da 320 g ad alto peso, delicato come il velluto, ed \u00e8 dotato di tecnologia di laminazione UV, impermeabile, antivegetativa e resistente all'usura. La superficie \u00e8 delineata con il LOGO del marchio o con un motivo personalizzato grazie alla tecnologia di stampa a caldo, mentre le linee dorate si profilano sullo sfondo opaco, creando un impatto visivo di basso profilo e di lusso.<\/li>\n<li><strong>Miglioramento del logo del marchio<\/strong>\u00a0\u00c8 possibile aggiungere la tecnologia di rilievo (come i motivi concavi e convessi per simulare la texture della pelle), oppure incorporare codici QR invisibili in combinazione con la tecnologia AR per migliorare il senso di interazione e gli attributi tecnologici, in linea con la ricerca di \"esperienze immersive\" da parte degli utenti di fascia alta.<\/li>\n<\/ol>\n<h2 id=\"-three-double-protection-double-protection-of-materials-and-structure-\"><strong>3. Doppia protezione: doppia protezione dei materiali e della struttura<\/strong><\/h2>\n<ol>\n<li><strong>Strato tampone in carta ondulata naturale<\/strong>\u00a0Il corpo della scatola adotta un cartone ondulato a doppio strato di tipo AB (spessore 3 mm) e la struttura a nido d'ape pu\u00f2 assorbire pi\u00f9 di 80% della forza d'urto esterna. Anche in caso di trasporto violento, il prodotto interno pu\u00f2 rimanere intatto. Il materiale \u00e8 certificato FSC e 100% degradabile, conforme al concetto di lusso sostenibile.<\/li>\n<li><strong>Tecnologia di rinforzo degli angoli<\/strong>\u00a0Gli angoli sono realizzati con una tecnologia di laminazione della carta a doppio strato, con strisce anticompressione incorporate per il rinforzo, e la capacit\u00e0 di carico raggiunge i 5 kg, resistendo efficacemente alla deformazione dell'impilamento. Alle giunzioni tra il coperchio e il corpo della scatola sono state aggiunte strisce di spugna antivibrazioni per isolare ulteriormente le vibrazioni e l'umidit\u00e0, adatte al trasporto transfrontaliero su lunghe distanze.<\/li>\n<\/ol>\n<h2 id=\"-technical-parameters-\"><strong>Parametri tecnici<\/strong><\/h2>\n<table>\n<thead>\n<tr>\n<th>Progetto<\/th>\n<th>Specifiche tecniche<\/th>\n<\/tr>\n<\/thead>\n<tbody>\n<tr>\n<td>Materiale<\/td>\n<td>Carta ondulata AB a doppio strato (certificata FSC)<\/td>\n<\/tr>\n<tr>\n<td>Tecnologia di superficie<\/td>\n<td>Verniciatura UV opaca + stampa a caldo \/ goffratura parziale<\/td>\n<\/tr>\n<tr>\n<td>Capacit\u00e0 di carico<\/td>\n<td>\u22645kg<\/td>\n<\/tr>\n<tr>\n<td>Certificazione ambientale<\/td>\n<td>SGS, REACH, RoHS<\/td>\n<\/tr>\n<tr>\n<td>Quantit\u00e0 minima ordinabile<\/td>\n<td>500 pezzi (sono disponibili formati misti)<\/td>\n<\/tr>\n<\/tbody>\n<\/table>\n<h2 id=\"-applicable-scenarios-\"><strong>Scenari applicabili<\/strong><\/h2>\n<ul>\n<li><strong>Consegna speciale di prodotti di lusso per la cura della pelle<\/strong>come la crema all'essenza, la fiala e altri articoli ad alto prezzo;<\/li>\n<li><strong>Cofanetto regalo limitato<\/strong>: combinazione intercategoriale (essenza + crema per il contorno occhi + strumenti personalizzati);<\/li>\n<li><strong>Servizio di abbonamento di bellezza<\/strong>: soluzioni personalizzate per la cura della pelle consegnate su base mensile.<\/li>\n<\/ul>","protected":false},"excerpt":{"rendered":"<p>Questa scatola pieghevole \u00e8 stata progettata appositamente per i cosmetici personalizzati di fascia alta. Si basa su \"estetica minimalista\" e \"protezione scientifica\" e combina perfettamente senso artistico e funzionalit\u00e0. Il suo design si ispira alla tendenza globale dell'imballaggio personalizzato, combinato con il concetto di protezione di livello aeronautico, per fornire una protezione a tutto tondo a prodotti di bellezza di alta qualit\u00e0, come prodotti di lusso per la cura della pelle, creme per l'essenza del viso, ciglia, ecc.<\/p>","protected":false},"featured_media":720,"template":"","meta":{"_kad_post_transparent":"default","_kad_post_title":"","_kad_post_layout":"default","_kad_post_sidebar_id":"","_kad_post_content_style":"default","_kad_post_vertical_padding":"default","_kad_post_feature":"","_kad_post_feature_position":"","_kad_post_header":false,"_kad_post_footer":false,"_kad_post_classname":""},"product_brand":[],"product_cat":[15,28,17],"product_tag":[186,265,266],"class_list":{"0":"post-719","1":"product","2":"type-product","3":"status-publish","4":"has-post-thumbnail","6":"product_cat-red-light-therapy","7":"product_cat-customize","8":"product_cat-services","9":"product_tag-cosmetic-boxes-supplies","10":"product_tag-custom-face-serum-folding-mailer-box","11":"product_tag-face-cream-mailer-boxes","13":"first","14":"instock","15":"shipping-taxable","16":"product-type-simple","17":"entry","18":"content-bg","19":"loop-entry"},"_links":{"self":[{"href":"https:\/\/red-lighttherapy.com\/it\/wp-json\/wp\/v2\/product\/719","targetHints":{"allow":["GET"]}}],"collection":[{"href":"https:\/\/red-lighttherapy.com\/it\/wp-json\/wp\/v2\/product"}],"about":[{"href":"https:\/\/red-lighttherapy.com\/it\/wp-json\/wp\/v2\/types\/product"}],"wp:featuredmedia":[{"embeddable":true,"href":"https:\/\/red-lighttherapy.com\/it\/wp-json\/wp\/v2\/media\/720"}],"wp:attachment":[{"href":"https:\/\/red-lighttherapy.com\/it\/wp-json\/wp\/v2\/media?parent=719"}],"wp:term":[{"taxonomy":"product_brand","embeddable":true,"href":"https:\/\/red-lighttherapy.com\/it\/wp-json\/wp\/v2\/product_brand?post=719"},{"taxonomy":"product_cat","embeddable":true,"href":"https:\/\/red-lighttherapy.com\/it\/wp-json\/wp\/v2\/product_cat?post=719"},{"taxonomy":"product_tag","embeddable":true,"href":"https:\/\/red-lighttherapy.com\/it\/wp-json\/wp\/v2\/product_tag?post=719"}],"curies":[{"name":"wp","href":"https:\/\/api.w.org\/{rel}","templated":true}]}}