{"id":714,"date":"2025-04-14T06:40:13","date_gmt":"2025-04-14T06:40:13","guid":{"rendered":"https:\/\/red-lighttherapy.com\/?post_type=product&#038;p=714"},"modified":"2025-04-14T06:56:17","modified_gmt":"2025-04-14T06:56:17","slug":"wholesale-underclothes-bikini-brief-sports-shorts-mailer-box","status":"publish","type":"product","link":"https:\/\/red-lighttherapy.com\/it\/wholesale-underclothes-bikini-brief-sports-shorts-mailer-box\/","title":{"rendered":"Ingrosso Biancheria intima Bikini Brief Sport Shorts Mailer Box"},"content":{"rendered":"<h2 id=\"-1-visual-impact-classic-red-and-blue-contrast-design-\"><strong>1. Impatto visivo: design classico a contrasto rosso e blu<\/strong><\/h2>\n<p>La scatola di imballaggio utilizza una combinazione di colori a contrasto rosso ad alta sterilizzazione e blu mare scuro per creare un forte effetto visivo opposto. Il rosso \u00e8 simbolo dell'entusiasmo e della vitalit\u00e0 del marchio, il blu esprime professionalit\u00e0 e convinzione e, abbinato alla tecnologia di strappo dei tappetini, non solo evita la sensazione di riflesso a basso costo, ma aumenta anche la stabilit\u00e0 del colore. Questo design \u00e8 adatto al mercato dell'abbigliamento sportivo, aumentando l'attrattiva delle prestazioni sugli scaffali, esprimendo con precisione i toni giovani ed energici del marchio.<\/p>\n<h2 id=\"-2-structural-innovation-embedded-opening-and-closing-airplane-box-shape-\"><strong>2. Innovazione strutturale: apertura e chiusura incorporata a forma di scatola di aeroplano<\/strong><\/h2>\n<p>Il corpo della scatola adotta la forma standard delle scatole per aerei e gli angoli sono arrotondati per evitare il rischio di danni causati dall'attrito durante il trasporto. Il coperchio della scatola \u00e8 progettato come una struttura di apertura e chiusura incorporata e la chiusura senza soluzione di continuit\u00e0 \u00e8 ottenuta grazie a una fustellatura precisa:<\/p>\n<ul>\n<li><strong>Sigillatura<\/strong>: La fibbia incorporata assicura che il coperchio della scatola sia ben saldo per evitare l'ingresso di polvere o vapore acqueo;<\/li>\n<li><strong>Convenienza<\/strong>: Non \u00e8 necessario alcuno strumento per l'apertura e la chiusura e pu\u00f2 essere facilmente azionato con una sola mano, il che \u00e8 comodo per i clienti per ispezionare o reimballare rapidamente;<\/li>\n<li><strong>Durata<\/strong>: I bordi e gli angoli sono ispessiti e rinforzati e possono essere riutilizzati 3-5 volte, riducendo i costi di perdita dell'imballaggio.<\/li>\n<\/ul>\n<h2 id=\"-3-material-science-lightweight-and-compression-resistance-\"><strong>3. Scienza dei materiali: Leggerezza e resistenza alla compressione<\/strong><\/h2>\n<p>Il corpo della scatola adotta una struttura in carta ondulata, la carta di superficie \u00e8 carta kraft ad alta resistenza da 200 g e l'anima \u00e8 in cellulosa riciclata ecologica:<\/p>\n<ul>\n<li><strong>Test di compressione<\/strong>: La capacit\u00e0 di carico statico \u00e8 di 50 kg e il test di caduta dinamica supera l'altezza di 1,2 metri;<\/li>\n<li><strong>Certificazione ambientale<\/strong>: Il materiale ha superato la certificazione FSC e pu\u00f2 essere 100% riciclato e degradato, soddisfacendo i requisiti di imballaggio ecologico del commercio elettronico transfrontaliero.<\/li>\n<\/ul>\n<h2 id=\"-4-warehousing-optimization-expandable-flat-design-\"><strong>4. Ottimizzazione del magazzino: design piatto espandibile<\/strong><\/h2>\n<p>La scatola di imballaggio adotta una struttura a innesto senza colla, che supporta l'espansione completa in una forma piatta e il tasso di compressione del volume durante il trasporto \u00e8 pari a 80%.<\/p>\n<ul>\n<li><strong>Scenario di stoccaggio<\/strong>: 1 metro cubo di spazio pu\u00f2 ospitare 2.000 scatole piatte, risparmiando 60% di spazio di stoccaggio rispetto alle scatole tridimensionali;<\/li>\n<li><strong>Scenario di trasporto<\/strong>: Si adattano ai pallet logistici standard, supportano l'imballaggio e il trasporto separato dei prodotti e riducono i costi logistici;<\/li>\n<li><strong>Efficienza di assemblaggio<\/strong>: Il cliente finale pu\u00f2 piegarlo e modellarlo manualmente in 10 secondi senza l'ausilio di nastri o strumenti.<\/li>\n<\/ul>\n<h2 id=\"-5-brand-empowerment-customized-logo-and-printing-process-\"><strong>5. Potenziamento del marchio: LOGO e processo di stampa personalizzati.<\/strong><\/h2>\n<p>Il corpo della scatola \u00e8 dotato di un'area riservata per la stampa UV lucida, che supporta la personalizzazione del LOGO del marchio, dello slogan o del codice QR:<\/p>\n<ul>\n<li><strong>Selezione del processo<\/strong>Stampa a caldo, serigrafia, goffratura e altri processi opzionali, adatti alle esigenze di texture dei marchi di biancheria intima di fascia alta;<\/li>\n<li><strong>Trasmissione di informazioni<\/strong>: La colonna delle informazioni sul prodotto \u00e8 disegnata sul retro; \u00e8 possibile stampare la tabella delle taglie, le istruzioni di lavaggio o la dichiarazione di protezione ambientale;<\/li>\n<li><strong>Funzione anticontraffazione<\/strong>: Supporta l'inchiostro fluorescente invisibile o il marchio laser anticontraffazione per proteggere i diritti di propriet\u00e0 intellettuale del marchio.<\/li>\n<\/ul>\n<h2 id=\"-6-flexible-customization-adapt-to-multiple-market-positioning-\"><strong>6. Personalizzazione flessibile: adattarsi a diversi posizionamenti di mercato<\/strong><\/h2>\n<p>Per le diverse linee di prodotto e strategie di mercato, forniamo servizi di personalizzazione a tutto campo:<\/p>\n<ul>\n<li><strong>Selezione del tipo di scatola<\/strong>: scatola base per aereo, scatola a cassetto, scatola a finestra (adatta all'imballaggio trasparente del bikini);<\/li>\n<li><strong>Aggiornamento del materiale<\/strong>La linea di alta gamma pu\u00f2 scegliere carta micro ondulata di tipo E (1,5 mm) o aggiungere un rivestimento impermeabile;<\/li>\n<li><strong>Adattamento alla stampa<\/strong>:<\/li>\n<li><strong>Mercato di massa<\/strong>: Viene adottata la stampa in quadricromia CMYK e il costo \u00e8 controllabile;<\/li>\n<li><strong>Linea leggera e di lusso<\/strong>: Pantone spot color + UV locale, migliorano il livello visivo;<\/li>\n<li><strong>Serie di prodotti per la protezione dell'ambiente<\/strong>: Utilizzare inchiostro di soia per la stampa, evidenziando il concetto di sviluppo sostenibile.<\/li>\n<\/ul>\n<h2 id=\"-applicable-scenarios-and-market-value-\"><strong>Scenari applicabili e valore di mercato<\/strong><\/h2>\n<p>Questa serie di scatole da imballaggio \u00e8 progettata per l'abbigliamento sportivo, l'intimo all'ingrosso e il commercio elettronico transfrontaliero, ed \u00e8 adatta per:<\/p>\n<ul>\n<li><strong>Vendita diretta del marchio<\/strong>: Migliorare l'esperienza di disimballaggio del cliente grazie a una confezione altamente riconoscibile e aumentare il tasso di riacquisto;<\/li>\n<li><strong>Canali di distribuzione<\/strong>: Il trasporto piatto riduce il costo dei collegamenti intermedi e si adatta alle esigenze delle agenzie multilivello;<\/li>\n<li><strong>Mercati esteri<\/strong>: Grazie alla struttura resistente alla pressione e al design leggero, soddisfa i severi standard della logistica transfrontaliera.<\/li>\n<\/ul>\n<p>Grazie alla profonda integrazione di design strutturale scientifico, materiali ecologici e visione del marchio, la serie di scatole da imballaggio \"Red and Blue Vitality\" diventer\u00e0 un duplice strumento per migliorare l'efficienza della vostra catena di approvvigionamento e per fornire valore al marchio.<\/p>","protected":false},"excerpt":{"rendered":"<p>In risposta alle esigenze di vendita all'ingrosso e di trasporto di prodotti di abbigliamento leggeri come reggiseni sportivi, bikini, slip e pantaloncini sportivi, abbiamo lanciato la serie di scatole speciali di nuova concezione \"Red and Blue Vitality\". Questo prodotto \u00e8 funzionale e integra l'estetica del marchio e i concetti di protezione ambientale, contribuendo a migliorare l'immagine del marchio e a ottimizzare l'efficienza della catena di approvvigionamento.<\/p>","protected":false},"featured_media":716,"template":"","meta":{"_kad_post_transparent":"default","_kad_post_title":"","_kad_post_layout":"default","_kad_post_sidebar_id":"","_kad_post_content_style":"default","_kad_post_vertical_padding":"default","_kad_post_feature":"","_kad_post_feature_position":"","_kad_post_header":false,"_kad_post_footer":false,"_kad_post_classname":""},"product_brand":[],"product_cat":[15,30,17],"product_tag":[263,264,262],"class_list":{"0":"post-714","1":"product","2":"type-product","3":"status-publish","4":"has-post-thumbnail","6":"product_cat-red-light-therapy","7":"product_cat-dropshipping","8":"product_cat-services","9":"product_tag-custom-sports-shorts-mailer-box","10":"product_tag-underclothes-packaging","11":"product_tag-wholesale-bikini-mailer-box","13":"first","14":"instock","15":"shipping-taxable","16":"product-type-simple","17":"entry","18":"content-bg","19":"loop-entry"},"_links":{"self":[{"href":"https:\/\/red-lighttherapy.com\/it\/wp-json\/wp\/v2\/product\/714","targetHints":{"allow":["GET"]}}],"collection":[{"href":"https:\/\/red-lighttherapy.com\/it\/wp-json\/wp\/v2\/product"}],"about":[{"href":"https:\/\/red-lighttherapy.com\/it\/wp-json\/wp\/v2\/types\/product"}],"wp:featuredmedia":[{"embeddable":true,"href":"https:\/\/red-lighttherapy.com\/it\/wp-json\/wp\/v2\/media\/716"}],"wp:attachment":[{"href":"https:\/\/red-lighttherapy.com\/it\/wp-json\/wp\/v2\/media?parent=714"}],"wp:term":[{"taxonomy":"product_brand","embeddable":true,"href":"https:\/\/red-lighttherapy.com\/it\/wp-json\/wp\/v2\/product_brand?post=714"},{"taxonomy":"product_cat","embeddable":true,"href":"https:\/\/red-lighttherapy.com\/it\/wp-json\/wp\/v2\/product_cat?post=714"},{"taxonomy":"product_tag","embeddable":true,"href":"https:\/\/red-lighttherapy.com\/it\/wp-json\/wp\/v2\/product_tag?post=714"}],"curies":[{"name":"wp","href":"https:\/\/api.w.org\/{rel}","templated":true}]}}