{"id":709,"date":"2025-04-14T06:16:33","date_gmt":"2025-04-14T06:16:33","guid":{"rendered":"https:\/\/red-lighttherapy.com\/?post_type=product&#038;p=709"},"modified":"2025-04-14T06:39:50","modified_gmt":"2025-04-14T06:39:50","slug":"factory-custom-apparel-shoe-sweater-bra-clothes-mailer-box","status":"publish","type":"product","link":"https:\/\/red-lighttherapy.com\/it\/factory-custom-apparel-shoe-sweater-bra-clothes-mailer-box\/","title":{"rendered":"Fabbrica Custom Apparel Shoe Sweater Bra Clothes Mailer Box"},"content":{"rendered":"<h2 id=\"-rainbow-gradient-series-clothing-transport-box-products-\">Fabbrica Custom Apparel Shoe Sweater Bra Clothes Mailer Box<\/h2>\n<h2 id=\"-i-appearance-design-fusion-of-rainbow-gradient-aesthetics-and-brand-imprint-\"><strong>1. Design dell'aspetto: fusione dell'estetica a gradiente arcobaleno e dell'impronta del marchio.<\/strong><\/h2>\n<ol>\n<li><strong>Scatola con gradiente arcobaleno<\/strong>\u00a0Il corpo della scatola utilizza una tecnologia di stampa ad alta precisione per creare una transizione di colore gradiente, che si collega naturalmente dai colori caldi a quelli freddi, come il bagliore del mattino che tinge il cielo. Il sistema di colori sfumati si adatta alle preferenze estetiche dei gruppi di consumatori giovani, trasmette vitalit\u00e0, creativit\u00e0 e attitudine alla moda e forma un'eco visiva con i diversi stili di abbigliamento, scarpe e altri prodotti.<\/li>\n<li><strong>LOGO del marchio design dinamico di fusione<\/strong>\u00a0Il logo del marchio utilizza il processo di \"inchiostro ottico che cambia colore\". Il colore del LOGO cambia a seconda dell'angolo di luce e si fonde naturalmente con lo strato sfumato dello sfondo, come la luce che appare e scompare nella luce del mattino. Questo design supera i limiti dei loghi monocromatici tradizionali, migliora la stratificazione visiva e i punti di memoria e realizza il legame profondo tra i simboli del marchio e l'estetica del packaging.<\/li>\n<\/ol>\n<h2 id=\"-second-structural-optimization-efficient-assembly-and-durable-protection-\"><strong>2. Ottimizzazione strutturale: montaggio efficiente e protezione duratura<\/strong><\/h2>\n<ol>\n<li><strong>Struttura a forma di scatola aeronautica a ripiegamento rapido<\/strong>\u00a0Grazie al design brevettato della piega, il corpo della scatola pu\u00f2 essere assemblato piegando lungo il segno pre-stampato, senza colla o attrezzi. Il tempo misurato per l'assemblaggio di una singola scatola \u00e8 di \u226415 secondi, un tempo 60% pi\u00f9 efficiente rispetto all'imballaggio tradizionale, che riduce notevolmente i costi di manodopera e di stoccaggio.<\/li>\n<li><strong>Sistema di protezione della scatola a doppio strato<\/strong><\/li>\n<li><strong>Scatola esterna<\/strong>: La superficie \u00e8 ricoperta da una pellicola antiusura in poliuretano a base d'acqua di 0,2 mm di spessore (processo ecologico), con una resistenza ai graffi di durezza 5H e un grado di impermeabilit\u00e0 IPX4, in grado di resistere agli attriti e agli ambienti umidi della logistica e del trasporto.<\/li>\n<li><strong>Scatola interna<\/strong>: Fodera in cartone rigido bianco puro per alimenti, senza impurit\u00e0 e interferenze di colore, per concentrarsi sul corpo del prodotto al momento del disimballaggio. Alla parete interna \u00e8 stata aggiunta una struttura tampone a nido d'ape, con una capacit\u00e0 di carico di 8 kg, adatta ai requisiti di resistenza alla pressione di diverse categorie come maglioni e scarpe.<\/li>\n<\/ol>\n<h2 id=\"-iii-environmental-qualification-and-production-guarantee-\"><strong>3. Qualificazione ambientale e garanzia di produzione<\/strong><\/h2>\n<ol>\n<li><strong>Certificazione forestale FSC e gestione della qualit\u00e0 ISO<\/strong>\u00a0100% delle materie prime del corpo della scatola hanno superato la certificazione della catena di produzione e di vendita FSC-COC e l'inchiostro da stampa \u00e8 conforme agli standard di protezione ambientale REACH dell'UE. La fabbrica possiede la certificazione del sistema di gestione della qualit\u00e0 ISO 9001 e del sistema di gestione ambientale ISO 14001. 16 anni di esperienza di produzione assicurano che la tolleranza di differenza di colore di ogni lotto di imballaggio sia \u22645% e che il tasso di consegna puntuale sia \u226598%.<\/li>\n<li><strong>Estensione del servizio personalizzato<\/strong>\u00a0Supporto di opzioni di aggiornamento personalizzate:<\/li>\n<li><strong>Espansione della funzione<\/strong>: pannello divisorio incorporato, gancio per il sacchetto della polvere;<\/li>\n<li><strong>Aggiornamento del processo<\/strong>: stampa a caldo\/impressione, struttura di apertura e chiusura magnetica;<\/li>\n<li><strong>Adattamento delle dimensioni<\/strong>: Fornire una libreria di 20+ dimensioni standard, supportare la personalizzazione non standard (errore \u00b11mm).<\/li>\n<\/ol>\n<h2 id=\"-fourth-application-scenarios-and-value-empowerment-\"><strong>4. Scenari applicativi e responsabilizzazione del valore<\/strong><\/h2>\n<p>Questa serie di imballaggi \u00e8 adatta a marchi di lusso leggero e fast fashion come abbigliamento, biancheria intima, scarpe, maglioni, ecc:<\/p>\n<ul>\n<li><strong>Direct mail per l'e-commerce<\/strong>: L'aspetto sfumato dell'arcobaleno aumenta il tasso di unboxing sui social media;<\/li>\n<li><strong>Display del negozio<\/strong>: Il sistema visivo unificato del marchio rafforza l'immagine del terminale;<\/li>\n<li><strong>Co-branding limitato<\/strong>: Il design dinamico del LOGO si adatta alle esigenze di cooperazione transfrontaliera in materia di propriet\u00e0 intellettuale.<\/li>\n<\/ul>","protected":false},"excerpt":{"rendered":"<p>Il tipo di scatola mailer pu\u00f2 essere rapidamente piegata e assemblata seguendo semplicemente il disegno della piega, risparmiando sui costi di trasporto e stoccaggio. Il corpo della scatola adotta un design a colori sfumati arcobaleno per presentare un effetto visivo alla moda e vivace, in linea con il posizionamento creativo. Il rivestimento superficiale ha propriet\u00e0 antiusura e antiumidit\u00e0, adatte al trasporto e alla protezione dei prodotti di abbigliamento.<\/p>","protected":false},"featured_media":710,"template":"","meta":{"_kad_post_transparent":"default","_kad_post_title":"","_kad_post_layout":"default","_kad_post_sidebar_id":"","_kad_post_content_style":"default","_kad_post_vertical_padding":"default","_kad_post_feature":"","_kad_post_feature_position":"","_kad_post_header":false,"_kad_post_footer":false,"_kad_post_classname":""},"product_brand":[],"product_cat":[15,30,17],"product_tag":[259,260,261],"class_list":{"0":"post-709","1":"product","2":"type-product","3":"status-publish","4":"has-post-thumbnail","6":"product_cat-red-light-therapy","7":"product_cat-dropshipping","8":"product_cat-services","9":"product_tag-custom-apparel-clothes-mailer-box","10":"product_tag-mailer-box-for-shoe","11":"product_tag-sweater-bra-packaging-boxes","13":"first","14":"instock","15":"shipping-taxable","16":"product-type-simple","17":"entry","18":"content-bg","19":"loop-entry"},"_links":{"self":[{"href":"https:\/\/red-lighttherapy.com\/it\/wp-json\/wp\/v2\/product\/709","targetHints":{"allow":["GET"]}}],"collection":[{"href":"https:\/\/red-lighttherapy.com\/it\/wp-json\/wp\/v2\/product"}],"about":[{"href":"https:\/\/red-lighttherapy.com\/it\/wp-json\/wp\/v2\/types\/product"}],"wp:featuredmedia":[{"embeddable":true,"href":"https:\/\/red-lighttherapy.com\/it\/wp-json\/wp\/v2\/media\/710"}],"wp:attachment":[{"href":"https:\/\/red-lighttherapy.com\/it\/wp-json\/wp\/v2\/media?parent=709"}],"wp:term":[{"taxonomy":"product_brand","embeddable":true,"href":"https:\/\/red-lighttherapy.com\/it\/wp-json\/wp\/v2\/product_brand?post=709"},{"taxonomy":"product_cat","embeddable":true,"href":"https:\/\/red-lighttherapy.com\/it\/wp-json\/wp\/v2\/product_cat?post=709"},{"taxonomy":"product_tag","embeddable":true,"href":"https:\/\/red-lighttherapy.com\/it\/wp-json\/wp\/v2\/product_tag?post=709"}],"curies":[{"name":"wp","href":"https:\/\/api.w.org\/{rel}","templated":true}]}}