{"id":698,"date":"2025-04-14T05:57:18","date_gmt":"2025-04-14T05:57:18","guid":{"rendered":"https:\/\/red-lighttherapy.com\/?post_type=product&#038;p=698"},"modified":"2025-04-14T06:06:07","modified_gmt":"2025-04-14T06:06:07","slug":"hot-selling-mailer-baseball-hat-shipping-boxes-suppliers","status":"publish","type":"product","link":"https:\/\/red-lighttherapy.com\/it\/hot-selling-mailer-baseball-hat-shipping-boxes-suppliers\/","title":{"rendered":"Fornitori di scatole di spedizione del cappello di baseball del mailer di vendita calda"},"content":{"rendered":"<h2 id=\"-macaron-color-baseball-cap-transport-box-product-description-\"><strong>Macaron colore vendita calda Mailer Baseball Cap spedizione Box Descrizione del prodotto<\/strong><\/h2>\n<h2 id=\"-1-macaron-color-visual-aesthetics-\"><strong>1. Estetica visiva del colore Macaron<\/strong><\/h2>\n<p>Il corpo della scatola utilizza un\u00a0<strong>verde chiaro (verde menta)<\/strong>\u00a0e\u00a0<strong>azzurro (blu soda)<\/strong>\u00a0come colori principali, ispirati alla natura e all'oceano, per trasmettere un'esperienza visiva rinfrescante ed elegante. L'abbinamento dei colori si rif\u00e0 alle tendenze internazionali e il design a bassa saturazione evita l'affaticamento visivo, adatto per lo sport, il tempo libero, il consumo femminile e altri marchi.<\/p>\n<h2 id=\"-2-single-material-environmentally-friendly-structure-\"><strong>2. Struttura ecologica monomateriale<\/strong><\/h2>\n<p>Utilizzo\u00a0<strong>100% cartone ondulato riciclabile<\/strong>\u00a0(modello di flauto A\/B\/E),\u00a0<strong>processo composito di tutte le poliolefine<\/strong>\u00a0raggiunge una struttura monomateriale, evitando i problemi di riciclaggio e smistamento causati dai materiali compositi tradizionali (come fogli di alluminio e PET). Questo design soddisfa gli standard dell'UE sull'economia circolare degli imballaggi e pu\u00f2 essere inserito direttamente nel flusso di riciclaggio della carta, riducendo le emissioni di carbonio e lo spreco di risorse.<\/p>\n<h2 id=\"-3-interesting-lining-and-minimalist-appearance-\"><strong>3. Fodera interessante e aspetto minimalista<\/strong><\/h2>\n<ul>\n<li><strong>Scatola esterna<\/strong>: Superficie opaca minimalista con logo del marchio stampato su due lati, senza decorazioni ridondanti, che sottolinea il concetto di protezione ambientale.<\/li>\n<li><strong>Fodera interna<\/strong>: Personalizzato\u00a0<strong>punti colorati\/disegni geometrici<\/strong>\u00a0(colori a contrasto arancione, rosa e giallo opzionali), stampato con inchiostro ecologico a base d'acqua, che crea un contrasto visivo a sorpresa al momento dell'unboxing, migliorando l'esperienza interattiva del consumatore.<\/li>\n<\/ul>\n<h2 id=\"-4-double-sided-printing-and-efficient-use-of-paper-\"><strong>4. Stampa fronte\/retro e uso efficiente della carta<\/strong><\/h2>\n<p>La stampa fronte\/retro si ottiene grazie a\u00a0<strong>Stampa offset CMYK + tecnologia di stampa flessografica<\/strong>Il modello dello strato interno e le informazioni sul marchio dello strato esterno sono presentati simultaneamente e il tasso di utilizzo della carta \u00e8 aumentato di 30%. Il processo di stampa \u00e8 conforme agli standard di certificazione forestale FSC e l'inchiostro ha superato il test RoHS di assenza di metalli pesanti per garantire la sicurezza e la tutela dell'ambiente.<\/p>\n<h2 id=\"-5-foldable-reusable-opening-and-closing-structure-\"><strong>5. Struttura di apertura e chiusura riutilizzabile e pieghevole<\/strong><\/h2>\n<ul>\n<li><strong>Design di apertura e chiusura<\/strong>: Il coperchio della scatola adotta\u00a0<strong>fibbia incorporata + banda magnetica<\/strong>che non ha bisogno di essere fissato con nastro adesivo e pu\u00f2 essere smontato e assemblato ripetutamente pi\u00f9 di 10 volte, adatto allo stoccaggio dei consumatori, ai regali e ad altre esigenze di riutilizzo in pi\u00f9 scene.<\/li>\n<li><strong>Resistenza alla compressione<\/strong>: Il corpo della scatola pu\u00f2 sopportare un carico fino a 15 kg e gli angoli sono rinforzati per evitare l'estrusione e la deformazione del trasporto.<\/li>\n<\/ul>\n<h2 id=\"-6-waterproof-material-and-multi-functional-adaptation-\"><strong>6. Materiale impermeabile e adattamento multifunzionale<\/strong><\/h2>\n<ul>\n<li><strong>Trattamento impermeabile<\/strong>: La superficie del cartone \u00e8 rivestita con\u00a0<strong>film lucido\/vernice opaca<\/strong>che raggiunge l'effetto antispruzzo IPX4, \u00e8 in grado di resistere alla pioggia di breve durata o all'ambiente umido ed \u00e8 perfettamente adatto a costumi da bagno, scarpe sportive e altre categorie.<\/li>\n<li><strong>Dimensione flessibile<\/strong>: Supporto alla personalizzazione (dimensioni standard di riferimento 38,9\u00d727,8\u00d710,2 cm), interstrato EVA o finestra in PVC possono essere installati all'interno per soddisfare le esigenze di trasporto misto di pi\u00f9 categorie.<\/li>\n<\/ul>\n<h2 id=\"-technical-parameters-and-certification-\"><strong>Parametri tecnici e certificazione<\/strong><\/h2>\n<table>\n<thead>\n<tr>\n<th>Attributi<\/th>\n<th>Dettagli dei parametri<\/th>\n<\/tr>\n<\/thead>\n<tbody>\n<tr>\n<td><strong>Materiale<\/strong><\/td>\n<td>Carta ondulata ad alta resistenza (flauto tipo C, quantitativo 300g\/\u33a1)<\/td>\n<\/tr>\n<tr>\n<td><strong>Processo di stampa<\/strong><\/td>\n<td>Stampa offset fronte\/retro + tinta piatta Pantone, goffratura opzionale\/ effetto UV locale<\/td>\n<\/tr>\n<tr>\n<td><strong>Certificazione ambientale<\/strong><\/td>\n<td>FSC, ISO14021, RoHS, REACH<\/td>\n<\/tr>\n<tr>\n<td><strong>Quantit\u00e0 minima ordinabile<\/strong><\/td>\n<td>500 pezzi (supporto alla personalizzazione del campione, consegna in 7 giorni lavorativi)<\/td>\n<\/tr>\n<\/tbody>\n<\/table>","protected":false},"excerpt":{"rendered":"<p>Questa scatola per il trasporto di cappellini da baseball \u00e8 progettata per prodotti di lusso leggeri come abbigliamento sportivo, costumi da bagno, scarpe e cappelli. Integra concetti di protezione ambientale e creativit\u00e0 estetica, con freschi colori macaron, materiali riciclabili e struttura umanizzata come punti di forza, tenendo conto della praticit\u00e0 e della sostenibilit\u00e0, aiutando il marchio a trasmettere un atteggiamento verde e alla moda.<\/p>","protected":false},"featured_media":699,"template":"","meta":{"_kad_post_transparent":"default","_kad_post_title":"","_kad_post_layout":"default","_kad_post_sidebar_id":"","_kad_post_content_style":"default","_kad_post_vertical_padding":"default","_kad_post_feature":"","_kad_post_feature_position":"","_kad_post_header":false,"_kad_post_footer":false,"_kad_post_classname":""},"product_brand":[],"product_cat":[15,30,17],"product_tag":[255,253,254],"class_list":{"0":"post-698","1":"product","2":"type-product","3":"status-publish","4":"has-post-thumbnail","6":"product_cat-red-light-therapy","7":"product_cat-dropshipping","8":"product_cat-services","9":"product_tag-baseball-hat-boxes-suppliers","10":"product_tag-baseball-hat-shipping-boxes","11":"product_tag-hot-selling-hat-shipping-boxes","13":"first","14":"instock","15":"shipping-taxable","16":"product-type-simple","17":"entry","18":"content-bg","19":"loop-entry"},"_links":{"self":[{"href":"https:\/\/red-lighttherapy.com\/it\/wp-json\/wp\/v2\/product\/698","targetHints":{"allow":["GET"]}}],"collection":[{"href":"https:\/\/red-lighttherapy.com\/it\/wp-json\/wp\/v2\/product"}],"about":[{"href":"https:\/\/red-lighttherapy.com\/it\/wp-json\/wp\/v2\/types\/product"}],"wp:featuredmedia":[{"embeddable":true,"href":"https:\/\/red-lighttherapy.com\/it\/wp-json\/wp\/v2\/media\/699"}],"wp:attachment":[{"href":"https:\/\/red-lighttherapy.com\/it\/wp-json\/wp\/v2\/media?parent=698"}],"wp:term":[{"taxonomy":"product_brand","embeddable":true,"href":"https:\/\/red-lighttherapy.com\/it\/wp-json\/wp\/v2\/product_brand?post=698"},{"taxonomy":"product_cat","embeddable":true,"href":"https:\/\/red-lighttherapy.com\/it\/wp-json\/wp\/v2\/product_cat?post=698"},{"taxonomy":"product_tag","embeddable":true,"href":"https:\/\/red-lighttherapy.com\/it\/wp-json\/wp\/v2\/product_tag?post=698"}],"curies":[{"name":"wp","href":"https:\/\/api.w.org\/{rel}","templated":true}]}}