{"id":693,"date":"2025-04-14T05:47:06","date_gmt":"2025-04-14T05:47:06","guid":{"rendered":"https:\/\/red-lighttherapy.com\/?post_type=product&#038;p=693"},"modified":"2025-04-14T05:56:47","modified_gmt":"2025-04-14T05:56:47","slug":"order-custom-cosmetic-skin-care-box-beauty-packaging-factory","status":"publish","type":"product","link":"https:\/\/red-lighttherapy.com\/it\/order-custom-cosmetic-skin-care-box-beauty-packaging-factory\/","title":{"rendered":"Ordine Custom cosmetici cura della pelle Box bellezza Packaging Factory"},"content":{"rendered":"<h2 id=\"-product-description-of-customized-skin-care-gift-box-series-\"><strong>Descrizione del prodotto di Ordine Custom cosmetici cura della pelle Box bellezza Packaging Factory<\/strong><\/h2>\n<h2 id=\"-i-environmental-protection-and-quality-are-equally-important-defining-a-new-standard-of-luxury-\"><strong>1. La protezione dell'ambiente e la qualit\u00e0 sono ugualmente importanti e definiscono un nuovo standard di lusso.<\/strong><\/h2>\n<p>Questa confezione regalo utilizza carta dura ecologica certificata FSC e le materie prime provengono da foreste gestite in modo sostenibile, tenendo conto sia della responsabilit\u00e0 ecologica che delle prestazioni eccellenti. Il cartone \u00e8 rinforzato da un processo composito multistrato e la resistenza alla compressione \u00e8 aumentata da 40%. Pu\u00f2 resistere a una forza esterna di oltre 5 kg durante il trasporto, garantendo l'assenza di danni al contenuto. La struttura della scatola incorpora la tecnologia del nucleo di carta a nido d'ape e l'ammortizzazione \u00e8 migliorata dal supporto tridimensionale esagonale. Con una struttura in cartone di media densit\u00e0 ad alta densit\u00e0, raggiunge un perfetto equilibrio tra \"leggerezza\" e \"robustezza\", fornendo una protezione di livello fortezza per i prodotti per la cura della pelle.<\/p>\n<h2 id=\"-ii-the-integration-of-color-aesthetics-and-minimalist-design-\"><strong>2. L'integrazione dell'estetica del colore e del design minimalista<\/strong><\/h2>\n<p>L'aspetto della confezione regalo adotta i toni del rosa macaron e dell'arancio, basati sul colore popolare annuale di Pantone, e presenta una transizione naturale dall'alba al tramonto grazie alla tecnologia di stampa digitale a gradiente. La superficie \u00e8 ricoperta da uno strato di pellicola opaca per alimenti, delicata come il velluto, che resiste efficacemente ai graffi ed elimina i residui di impronte digitali, mantenendo a lungo la purezza visiva. Il coperchio si apre e si chiude con una combinazione di fibbia magnetica e cerniera a caduta lenta. Si blocca automaticamente quando l'angolo di apertura raggiunge i 110\u00b0. Lo specchio incorporato e il prodotto possono essere esposti in modo stabile con una sola mano, unendo cos\u00ec rituale e praticit\u00e0.<\/p>\n<h2 id=\"-three-modular-lining-system-unlocking-multiple-scenarios-\"><strong>3. Sistema di rivestimento modulare, che apre molteplici scenari<\/strong><\/h2>\n<p>L'innovativo design della fodera sostituibile a doppio strato, con spugna di floccaggio EVA come materiale di base, supporta tre schemi di adattamento:<\/p>\n<ol>\n<li><strong>Area per la combinazione di pi\u00f9 bottiglie<\/strong>: divisione a nido d'ape personalizzata, fissaggio preciso di bottiglie e lattine con specifiche da 30-100 ml, spostamento anti-collisione;<\/li>\n<li><strong>Area espositiva per singolo prodotto<\/strong>: i divisori rimovibili possono regolare liberamente lo spazio, adattandosi a confezioni di forma speciale come maschere per il viso ed essenze;<\/li>\n<li><strong>Strato di stoccaggio degli utensili<\/strong>Aggiungere slot per schede in silicone per riporre in modo stabile strumenti di bellezza in metallo o contagocce in vetro. La fodera \u00e8 collegata al corpo della scatola attraverso una fessura e pu\u00f2 essere sostituita in 3 secondi, soddisfacendo le esigenze di molteplici scenari come regali di Natale, set da viaggio e prove di nuovi prodotti.<\/li>\n<\/ol>\n<h2 id=\"-fourth-details-empower-the-experience-craftsmanship-runs-through-the-whole-process-\"><strong>4. I dettagli danno forza all'esperienza, l'artigianalit\u00e0 attraversa l'intero processo.<\/strong><\/h2>\n<ul>\n<li><strong>Catena di processo rispettosa dell'ambiente<\/strong>: Dalla stampa con inchiostro a base d'acqua allo stampaggio a caldo senza colla, viene utilizzata plastica 0 in tutto il processo e si ottiene la certificazione biodegradabile SGS;<\/li>\n<li><strong>Interazione umanizzata<\/strong>: Il coperchio della scatola \u00e8 dotato di un albero di smorzamento incorporato, che si apre e si chiude in modo silenzioso e con forza uniforme, evitando la sensazione brusca delle scatole a molla tradizionali;<\/li>\n<li><strong>Estensione del valore del marchio<\/strong>: Supporta la personalizzazione del LOGO al laser, la tecnologia opzionale di stampa a caldo, sbalzo o goffratura UV per migliorare il riconoscimento del marchio.<\/li>\n<\/ul>\n<h2 id=\"-technical-parameters-\"><strong>Parametri tecnici<\/strong><\/h2>\n<table>\n<thead>\n<tr>\n<th>Progetto<\/th>\n<th>Specifiche tecniche<\/th>\n<\/tr>\n<\/thead>\n<tbody>\n<tr>\n<td>Materiale<\/td>\n<td>Cartone misto certificato FSC (spessore 2,5 mm)<\/td>\n<\/tr>\n<tr>\n<td>Tecnologia di superficie<\/td>\n<td>Laminazione opaca di grado alimentare (resistenza alla temperatura -20\u2103~80\u2103)<\/td>\n<\/tr>\n<tr>\n<td>Capacit\u00e0 di carico<\/td>\n<td>Resistenza alla compressione statica 5kg\/dinamica di trasporto 8G<\/td>\n<\/tr>\n<tr>\n<td>Compatibilit\u00e0 del rivestimento<\/td>\n<td>Supporto di 3 tipi di moduli\/carichi a scatola singola fino a 12 pezzi<\/td>\n<\/tr>\n<tr>\n<td>Quantit\u00e0 minima ordinabile<\/td>\n<td>500 set (supporto per prove di stampa in piccoli lotti)<\/td>\n<\/tr>\n<\/tbody>\n<\/table>","protected":false},"excerpt":{"rendered":"<p>Si tratta di una scatola mailer progettata per prodotti di alta gamma per la cura della pelle. \u00c8 realizzata in carta dura ed ecologica. Il corpo della scatola \u00e8 di colore rosa e arancione sfumato macaron, conforme alla tendenza estetica della moda moderna. Utilizza carta ecologica certificata FSC con una forte struttura di compressione.<\/p>","protected":false},"featured_media":694,"template":"","meta":{"_kad_post_transparent":"default","_kad_post_title":"","_kad_post_layout":"default","_kad_post_sidebar_id":"","_kad_post_content_style":"default","_kad_post_vertical_padding":"default","_kad_post_feature":"","_kad_post_feature_position":"","_kad_post_header":false,"_kad_post_footer":false,"_kad_post_classname":""},"product_brand":[],"product_cat":[15,28,17],"product_tag":[252,250,251],"class_list":{"0":"post-693","1":"product","2":"type-product","3":"status-publish","4":"has-post-thumbnail","6":"product_cat-red-light-therapy","7":"product_cat-customize","8":"product_cat-services","9":"product_tag-beauty-packaging-factory","10":"product_tag-cosmetic-packaging-factory","11":"product_tag-custom-skin-care-box","13":"first","14":"instock","15":"shipping-taxable","16":"product-type-simple","17":"entry","18":"content-bg","19":"loop-entry"},"_links":{"self":[{"href":"https:\/\/red-lighttherapy.com\/it\/wp-json\/wp\/v2\/product\/693","targetHints":{"allow":["GET"]}}],"collection":[{"href":"https:\/\/red-lighttherapy.com\/it\/wp-json\/wp\/v2\/product"}],"about":[{"href":"https:\/\/red-lighttherapy.com\/it\/wp-json\/wp\/v2\/types\/product"}],"wp:featuredmedia":[{"embeddable":true,"href":"https:\/\/red-lighttherapy.com\/it\/wp-json\/wp\/v2\/media\/694"}],"wp:attachment":[{"href":"https:\/\/red-lighttherapy.com\/it\/wp-json\/wp\/v2\/media?parent=693"}],"wp:term":[{"taxonomy":"product_brand","embeddable":true,"href":"https:\/\/red-lighttherapy.com\/it\/wp-json\/wp\/v2\/product_brand?post=693"},{"taxonomy":"product_cat","embeddable":true,"href":"https:\/\/red-lighttherapy.com\/it\/wp-json\/wp\/v2\/product_cat?post=693"},{"taxonomy":"product_tag","embeddable":true,"href":"https:\/\/red-lighttherapy.com\/it\/wp-json\/wp\/v2\/product_tag?post=693"}],"curies":[{"name":"wp","href":"https:\/\/api.w.org\/{rel}","templated":true}]}}