{"id":683,"date":"2025-04-14T05:19:50","date_gmt":"2025-04-14T05:19:50","guid":{"rendered":"https:\/\/red-lighttherapy.com\/?post_type=product&#038;p=683"},"modified":"2025-04-14T05:48:46","modified_gmt":"2025-04-14T05:48:46","slug":"custom-printed-face-cream-skincare-packaging-box-factory","status":"publish","type":"product","link":"https:\/\/red-lighttherapy.com\/it\/custom-printed-face-cream-skincare-packaging-box-factory\/","title":{"rendered":"Personalizzato stampato crema viso Skincare Packaging Box Factory"},"content":{"rendered":"<h2 id=\"1-blue-and-orange-contrast-and-animal-pattern-fusion-\">1.\u00a0<strong>Contrasto blu e arancione e fusione di motivi animali<\/strong><\/h2>\n<p>Utilizzando una combinazione di colori complementari blu e arancione (distanza di tinta 180\u00b0), con un blu cobalto altamente saturo e un arancione vibrante per creare un impatto visivo, con texture astratte di animali zebrati o ghepardi, si forma una tensione visiva dinamica sulla superficie della scatola di imballaggio. L'immagine principale \u00e8 tagliata e disposta con blocchi di colore irregolari e il senso di luce tridimensionale \u00e8 presentato attraverso la sovrapposizione di colori sfumati e la tecnologia di rivestimento UV locale. Ad esempio, la parte anteriore del corpo della scatola utilizza motivi blu a base arancione per simulare la luce e l'ombra della giungla al tramonto, mentre il lato utilizza motivi arancioni a base blu per fare eco, trasmettendo la collisione tra la bellezza selvaggia e la moda urbana.<\/p>\n<h2 id=\"2-asymmetric-patches-and-stripes-design-\">2.\u00a0<strong>Design asimmetrico a toppe e strisce<\/strong><\/h2>\n<p>Rompendo la tradizionale composizione simmetrica, la superficie della scatola \u00e8 sfalsata da macchie strappate e strisce oblique, combinate con la tecnologia di goffratura per migliorare la stratificazione tattile. Ad esempio, la parte superiore del coperchio della scatola utilizza la tecnologia dell'incisione laser per presentare un incavo geometrico irregolare, rivelando la carta di supporto arancione fluorescente interna, formando un uovo di Pasqua visivo \"nascosto\". Il bordo \u00e8 progettato con una struttura ondulata a coltello, che non solo richiama l'immagine dei segni degli artigli degli animali, ma aumenta anche la resistenza alla compressione del corpo della scatola.<\/p>\n<h2 id=\"3-logo-high-frequency-repetition-and-three-dimensional-presentation-\">3.\u00a0<strong>LOGO ripetizione ad alta frequenza e presentazione tridimensionale<\/strong><\/h2>\n<p>Il LOGO del marchio adotta un design a ripetizione ad alta frequenza: il logo principale \u00e8 centrato sul coperchio della scatola con la tecnologia dell'argento caldo, il lato \u00e8 disposto in una matrice di LOGO in miniatura (ripetuto ogni 10 cm) e il fondo \u00e8 incorporato con un LOGO fluorescente invisibile (sviluppato sotto la luce ultravioletta) con un processo di colorazione a incasso. La superficie del logo combina le tecnologie di goffratura e di stampa in lamina d'oro, con uno spessore di 0,3 mm, un tocco tridimensionale e un aumento della resistenza all'usura di 40%.<\/p>\n<h2 id=\"4-foldable-airplane-box-structure-\">4.\u00a0<strong>Struttura pieghevole a scatola d'aereo<\/strong><\/h2>\n<p>\u00c8 stato adottato il design della scatola per aereo standard internazionale 0421, con dimensioni di 200\u00d7150\u00d750 mm e uno spessore di soli 15 mm dopo la piegatura, che consente di risparmiare 85% di spazio di stoccaggio. I pannelli laterali del corpo della scatola sono realizzati in cartone ondulato a tre strati (struttura composita flauto B + flauto C), con una resistenza alla compressione verticale di 5000N\/m\u00b2, in grado di sopportare un trasporto impilato a 5 strati. L'apertura e la chiusura sono progettate con una guarnizione distruttiva a coltello e i consumatori possono aprirla strappando lungo la linea prestabilita, il che \u00e8 sia antifurto che conveniente.<\/p>\n<h2 id=\"5-lightweight-and-high-strength-corrugated-paper-\">5.\u00a0<strong>Carta ondulata leggera e ad alta resistenza<\/strong><\/h2>\n<p>Sono state selezionate carta kraft di grado AA (quantit\u00e0 220g\/m\u00b2) e carta ondulata ad alta resistenza (indice di pressione anulare \u22658,5N-m\/g). Grazie all'ottimizzazione della forma d'onda dell'ondulato di tipo UV, le prestazioni di tamponamento sono migliorate di 30% rispetto alle scatole di carta tradizionali. La superficie \u00e8 ricoperta da una pellicola ecologica opaca, il coefficiente di attrito \u00e8 di 0,6 e il tasso di perdita di trasporto pu\u00f2 essere controllato entro 0,5%.<\/p>\n<h2 id=\"6-high-definition-printing-and-functional-coating-\">6.\u00a0<strong>Stampa ad alta definizione e rivestimento funzionale<\/strong><\/h2>\n<p>Viene utilizzata una macchina da stampa offset Heidelberg a cinque colori (risoluzione 4800 dpi) per ottenere una precisione di linea di 0,1 mm e una differenza blu-arancio \u0394E\u22641,5 (standard ISO 12647). L'area del motivo chiave viene sovrapposta con la serigrafia locale, lo spessore dello strato di inchiostro \u00e8 di 0,15 mm e la saturazione del colore \u00e8 aumentata da 20%. Il rivestimento antibatterico \u00e8 stampato sulla parete interna della scatola (in conformit\u00e0 agli standard FDA 21CFR) per inibire efficacemente la crescita dei microrganismi.<\/p>\n<h2 id=\"7-customized-service-agile-response-cooperation-process-\">7.\u00a0<strong>\u3010Servizio personalizzato Risposta agile \u3011Processo di cooperazione<\/strong><\/h2>\n<ul>\n<li><strong>Prove di progettazione<\/strong>: Fornire rendering 3D e prove fisiche entro 3 giorni lavorativi (supporto file AI adattamento automatico del tipo di scatola)<\/li>\n<li><strong>Ciclo di produzione di massa<\/strong>: Ordine minimo di 500 pezzi, consegna in 5-7 giorni (supporto del servizio accelerato di 72 ore).<\/li>\n<li><strong>Ottimizzazione dei costi<\/strong>: Grazie alla tecnologia di prestampa, \u00e8 possibile mescolare 6 tipi di scatole nello stesso lotto e il tasso di utilizzo del cartone raggiunge 95%.<\/li>\n<\/ul>","protected":false},"excerpt":{"rendered":"<p>Questa scatola mailer per il confezionamento di prodotti per la cura della pelle con crema per il viso utilizza il blu e l'arancione come schema di colori principale. Il forte contrasto pu\u00f2 attirare rapidamente l'attenzione dei consumatori. Il design irregolare del modello pu\u00f2 dare al marchio un'etichetta visiva all'avanguardia e personalizzata.<\/p>","protected":false},"featured_media":686,"template":"","meta":{"_kad_post_transparent":"default","_kad_post_title":"","_kad_post_layout":"default","_kad_post_sidebar_id":"","_kad_post_content_style":"default","_kad_post_vertical_padding":"default","_kad_post_feature":"","_kad_post_feature_position":"","_kad_post_header":false,"_kad_post_footer":false,"_kad_post_classname":""},"product_brand":[],"product_cat":[15,28,17],"product_tag":[245,244,246],"class_list":{"0":"post-683","1":"product","2":"type-product","3":"status-publish","4":"has-post-thumbnail","6":"product_cat-red-light-therapy","7":"product_cat-customize","8":"product_cat-services","9":"product_tag-custom-skincare-packaging","10":"product_tag-face-cream-packaging-box","11":"product_tag-face-cream-skincare-box-factory","13":"first","14":"instock","15":"shipping-taxable","16":"product-type-simple","17":"entry","18":"content-bg","19":"loop-entry"},"_links":{"self":[{"href":"https:\/\/red-lighttherapy.com\/it\/wp-json\/wp\/v2\/product\/683","targetHints":{"allow":["GET"]}}],"collection":[{"href":"https:\/\/red-lighttherapy.com\/it\/wp-json\/wp\/v2\/product"}],"about":[{"href":"https:\/\/red-lighttherapy.com\/it\/wp-json\/wp\/v2\/types\/product"}],"wp:featuredmedia":[{"embeddable":true,"href":"https:\/\/red-lighttherapy.com\/it\/wp-json\/wp\/v2\/media\/686"}],"wp:attachment":[{"href":"https:\/\/red-lighttherapy.com\/it\/wp-json\/wp\/v2\/media?parent=683"}],"wp:term":[{"taxonomy":"product_brand","embeddable":true,"href":"https:\/\/red-lighttherapy.com\/it\/wp-json\/wp\/v2\/product_brand?post=683"},{"taxonomy":"product_cat","embeddable":true,"href":"https:\/\/red-lighttherapy.com\/it\/wp-json\/wp\/v2\/product_cat?post=683"},{"taxonomy":"product_tag","embeddable":true,"href":"https:\/\/red-lighttherapy.com\/it\/wp-json\/wp\/v2\/product_tag?post=683"}],"curies":[{"name":"wp","href":"https:\/\/api.w.org\/{rel}","templated":true}]}}