{"id":673,"date":"2025-04-14T04:06:29","date_gmt":"2025-04-14T04:06:29","guid":{"rendered":"https:\/\/red-lighttherapy.com\/?post_type=product&#038;p=673"},"modified":"2025-04-14T05:02:07","modified_gmt":"2025-04-14T05:02:07","slug":"eco-friendly-cosmetic-perfume-shipping-packaging-suppliers","status":"publish","type":"product","link":"https:\/\/red-lighttherapy.com\/it\/eco-friendly-cosmetic-perfume-shipping-packaging-suppliers\/","title":{"rendered":"Fornitori di imballaggi per la spedizione di profumi cosmetici ecologici"},"content":{"rendered":"<h2 id=\"environmentally-friendly-cosmetics-and-perfume-transportation-packaging-solutions\">Fornitori di imballaggi per la spedizione di profumi cosmetici ecologici<\/h2>\n<h2 id=\"-1-glue-free-packaging-technology-ultra-fast-packaging-experience-\"><strong>1. Tecnologia di confezionamento senza colla, esperienza di confezionamento ultraveloce<\/strong><\/h2>\n<p>L'adozione della struttura brevettata della scatola aerea a scatto, il design preciso delle pieghe e il dispositivo a scatto autobloccante consentono di ottenere un imballaggio \"senza colla, una sola piega e chiusura\", che pu\u00f2 essere completato in soli 30 secondi, con un'efficienza superiore di oltre 60% rispetto all'imballaggio tradizionale con nastro adesivo. Questa tecnologia non solo elimina l'inquinamento da nastro adesivo, ma realizza anche la comoda esperienza di disimballaggio \"tira e apri\" grazie al design della linea di strappo antifurto, che si adatta perfettamente agli scenari di consegna ad alta frequenza del commercio elettronico.<\/p>\n<h2 id=\"-2-high-strength-corrugated-paper-materials-triple-protection-system-\"><strong>2. Materiali di carta ondulata ad alta resistenza, triplo sistema di protezione<\/strong><\/h2>\n<p>Selezionato cartone ondulato composito A\/B\/C (quantit\u00e0 280-360g\/m\u00b2), e la forza d'impatto viene dispersa attraverso la struttura ondulata UV. I dati di laboratorio dimostrano che la struttura ondulata a cinque strati \u00e8 in grado di sopportare una resistenza alla compressione verticale di 5000N\/m\u00b2, che equivale a sopportare una pressione di peso di mezza tonnellata su un'area di 1 metro quadrato. Il processo di rivestimento della superficie migliora la resistenza all'umidit\u00e0 (tolleranza all'umidit\u00e0 \u2265 85%RH) e lo strato interno di tamponamento a nido d'ape assorbe efficacemente le vibrazioni del trasporto, garantendo che la bottiglia di vetro per profumi non subisca alcun danno nel test di caduta da 1,2 metri.<\/p>\n<h2 id=\"-3-flat-folding-storage-space-utilization-increased-by-70-\"><strong>3. L'utilizzo dello spazio \u00e8 aumentato di 70%.<\/strong><\/h2>\n<p>Il formato dispiegato \u00e8 di 1200\u00d7800 mm e lo spessore dopo la piegatura \u00e8 di soli 3,2 cm, che possono essere impilati con una densit\u00e0 di stoccaggio di 200 pezzi\/metro cubo. L'esclusivo design della linea di piegatura a \"Z\" supporta lo svolgimento inverso e pu\u00f2 essere riportato allo stato piatto senza smontaggio durante il riciclaggio, riducendo i costi complessivi di stoccaggio e logistica. Rispetto agli imballaggi tradizionali, la capacit\u00e0 di stoccaggio richiesta per la stessa quantit\u00e0 di merce si riduce di 45%, il che \u00e8 particolarmente adatto alle esigenze di stoccaggio flessibile dei prodotti caldi stagionali o delle promozioni a tempo limitato.<\/p>\n<h2 id=\"-4-full-chain-environmental-certification-controllable-degradation-cycle-\"><strong>4. Certificazione ambientale a catena completa, ciclo di degradazione controllabile<\/strong><\/h2>\n<p>Il materiale ha superato la certificazione forestale FSC e utilizza un inchiostro di stampa a base d'acqua e un adesivo a base di amido di mais per garantire un tasso di degradazione naturale di oltre 95% entro 180 giorni. La valutazione del ciclo di vita (LCA) dell'imballaggio mostra che l'impronta di carbonio dell'intero processo, dalla raccolta delle materie prime al trattamento dei rifiuti, \u00e8 inferiore di 82% rispetto a quella degli imballaggi in plastica PE. Con la stessa tecnologia di imballaggio senza colla del marchio ON&amp;DO, si ottiene un ciclo chiuso senza inquinamento da colla, dalla produzione al riciclaggio.<\/p>\n<h2 id=\"-5-soft-pink-visual-system-awakening-emotional-resonance-\"><strong>5. Sistema visivo rosa tenue, risvegliare la risonanza emotiva<\/strong><\/h2>\n<p>Fornisce 12 livelli di colore personalizzati da Pantone 13-2807TCX \"First Love Pink\" a 14-1312TCX \"Rose Quartz Pink\", utilizzando la tecnologia di laminazione opaca per presentare il \"tocco caldo della pelle\" come descritto a pagina 4. Pu\u00f2 essere abbinato alla stampa a caldo in rilievo, alla stampa UV parziale e ad altri processi per stampare texture floreali o il LOGO del marchio sulla scatola. Ricerche empiriche dimostrano che il tasso di conversione di disimballaggio dei profumi con confezione rosa \u00e8 23% superiore a quello dei colori neutri, il che \u00e8 particolarmente adatto a nodi di marketing emozionale come San Valentino e la festa della mamma.<\/p>\n<h2 id=\"-6-flexible-customization-service-empowering-brand-differentiation-\"><strong>6. Servizio di personalizzazione flessibile, che favorisce la differenziazione del marchio.<\/strong><\/h2>\n<p>Supporta la personalizzazione dell'intero processo, dall'ideazione all'implementazione:<\/p>\n<ul>\n<li><strong>Innovazione del tipo di scatola<\/strong>: pu\u00f2 sviluppare strutture di forma speciale, come prismi esagonali e forme a cuore.<\/li>\n<li><strong>Espansione della funzione<\/strong>: coperchio magnetico incorporato, slot per schede di ricarica staccabili<\/li>\n<li><strong>Integrazione intelligente<\/strong>dotati di chip NFC per ottenere la tracciabilit\u00e0 anticontraffazione, o combinati con la tecnologia AR per presentare storie di fragranze dinamiche.<\/li>\n<li><strong>Adattamento della scena<\/strong>: Fornisce una copertura completa da una confezione di prova da 5 ml a una confezione regalo da 1000 ml, soddisfacendo le esigenze di molteplici scenari come la pubblicit\u00e0 diretta per il commercio elettronico, l'esposizione al banco, il trasporto transfrontaliero, ecc.<\/li>\n<\/ul>\n<h2 id=\"-technical-parameters-\"><strong>Parametri tecnici<\/strong><\/h2>\n<table>\n<thead>\n<tr>\n<th>Articolo<\/th>\n<th>Valore standard<\/th>\n<th>Base del test<\/th>\n<\/tr>\n<\/thead>\n<tbody>\n<tr>\n<td>Resistenza alla compressione<\/td>\n<td>\u2265485kgf (a pieno carico)<\/td>\n<td>GB\/T 6546-2021<\/td>\n<\/tr>\n<tr>\n<td>Contenuto di umidit\u00e0<\/td>\n<td>8,5\u00b11,2%<\/td>\n<td>ISO 287:2017<\/td>\n<\/tr>\n<tr>\n<td>Ciclo di degradazione<\/td>\n<td>\u2264180 giorni nel terreno<\/td>\n<td>ASTM D6400<\/td>\n<\/tr>\n<tr>\n<td>Precisione di stampa<\/td>\n<td>175 linee di punti ad alta definizione<\/td>\n<td>Certificazione del colore G7<\/td>\n<\/tr>\n<\/tbody>\n<\/table>\n<h2 id=\"-cooperation-process-\"><strong>Processo di cooperazione<\/strong><\/h2>\n<ol>\n<li><strong>Diagnosi della domanda<\/strong>: Fornire un rapporto sulla strategia di imballaggio entro 48 ore (compresa l'analisi dei prodotti della concorrenza e i suggerimenti per l'ottimizzazione dei costi).<\/li>\n<li><strong>Verifica delle prove<\/strong>: Consegnare i disegni della struttura 3D e le scatole campione fisiche entro 5 giorni lavorativi.<\/li>\n<li><strong>Garanzia di produzione di massa<\/strong>: Fabbrica propria dotata di macchina da stampa Heidelberg a 7 colori, in grado di supportare 500.000-500.000 ordini flessibili.<\/li>\n<li><strong>Tracciabilit\u00e0 post-vendita<\/strong>: Fornire un'assicurazione di qualit\u00e0 di 12 mesi e un piano di risarcimento dei danni.<\/li>\n<\/ol>","protected":false},"excerpt":{"rendered":"<p>Questa scatola mailer \u00e8 realizzata in carta ondulata, in grado di attutire efficacemente l'impatto durante il trasporto e di proteggere i vostri profumi e prodotti di bellezza. Una volta piegata, diventa un piatto piatto, che occupa poco spazio e riduce i costi di stoccaggio.<\/p>","protected":false},"featured_media":674,"template":"","meta":{"_kad_post_transparent":"default","_kad_post_title":"","_kad_post_layout":"default","_kad_post_sidebar_id":"","_kad_post_content_style":"default","_kad_post_vertical_padding":"default","_kad_post_feature":"","_kad_post_feature_position":"","_kad_post_header":false,"_kad_post_footer":false,"_kad_post_classname":""},"product_brand":[],"product_cat":[15,28,17],"product_tag":[240,238,239],"class_list":{"0":"post-673","1":"product","2":"type-product","3":"status-publish","4":"has-post-thumbnail","6":"product_cat-red-light-therapy","7":"product_cat-customize","8":"product_cat-services","9":"product_tag-cosmetic-perfume-shipping-boxes","10":"product_tag-eco-friendly-cosmetic-packaging","11":"product_tag-perfume-packaging-suppliers","13":"first","14":"instock","15":"shipping-taxable","16":"product-type-simple","17":"entry","18":"content-bg","19":"loop-entry"},"_links":{"self":[{"href":"https:\/\/red-lighttherapy.com\/it\/wp-json\/wp\/v2\/product\/673","targetHints":{"allow":["GET"]}}],"collection":[{"href":"https:\/\/red-lighttherapy.com\/it\/wp-json\/wp\/v2\/product"}],"about":[{"href":"https:\/\/red-lighttherapy.com\/it\/wp-json\/wp\/v2\/types\/product"}],"wp:featuredmedia":[{"embeddable":true,"href":"https:\/\/red-lighttherapy.com\/it\/wp-json\/wp\/v2\/media\/674"}],"wp:attachment":[{"href":"https:\/\/red-lighttherapy.com\/it\/wp-json\/wp\/v2\/media?parent=673"}],"wp:term":[{"taxonomy":"product_brand","embeddable":true,"href":"https:\/\/red-lighttherapy.com\/it\/wp-json\/wp\/v2\/product_brand?post=673"},{"taxonomy":"product_cat","embeddable":true,"href":"https:\/\/red-lighttherapy.com\/it\/wp-json\/wp\/v2\/product_cat?post=673"},{"taxonomy":"product_tag","embeddable":true,"href":"https:\/\/red-lighttherapy.com\/it\/wp-json\/wp\/v2\/product_tag?post=673"}],"curies":[{"name":"wp","href":"https:\/\/api.w.org\/{rel}","templated":true}]}}