{"id":668,"date":"2025-04-14T03:52:12","date_gmt":"2025-04-14T03:52:12","guid":{"rendered":"https:\/\/red-lighttherapy.com\/?post_type=product&#038;p=668"},"modified":"2025-04-14T04:06:16","modified_gmt":"2025-04-14T04:06:16","slug":"custom-cosmetics-lip-gloss-mailer-packaging-boxes-wholesale","status":"publish","type":"product","link":"https:\/\/red-lighttherapy.com\/it\/custom-cosmetics-lip-gloss-mailer-packaging-boxes-wholesale\/","title":{"rendered":"Custom cosmetici Lip Gloss Mailer imballaggio scatole all'ingrosso"},"content":{"rendered":"<h2 id=\"customized-cosmetic-lip-gloss-mailing-box-mailer-box-product-description\">Personalizzato cosmetico Lip Gloss Mailing Box Descrizione del prodotto<\/h2>\n<h2 id=\"-1-integrated-folding-design-environmentally-friendly-and-efficient-\"><strong>1. Design pieghevole integrato, ecologico ed efficiente<\/strong><\/h2>\n<p>Adozione di un'innovativa struttura a scatola di montaggio,\u00a0<strong>stampaggio pieghevole integrato<\/strong>\u00a0L'assemblaggio della scatola \u00e8 ottenuto attraverso un processo di fustellatura di precisione e non richiede l'uso di colla o chiodi per l'assemblaggio ausiliario, che pu\u00f2 essere completato in 3 secondi. Il design del corpo della scatola tiene conto sia della stabilit\u00e0 strutturale che della praticit\u00e0 di montaggio, migliorando l'efficienza dell'imballaggio e riducendo i costi di manodopera. Il materiale \u00e8 il cartone ondulato riciclato 100%, conforme alle tendenze globali di tutela ambientale e ai requisiti normativi per gli imballaggi ecologici in Medio Oriente.<\/p>\n<h2 id=\"-2-high-strength-pressure-resistant-material-all-round-protection-\"><strong>2. Materiale resistente alla pressione ad alta resistenza, per una protezione a tutto tondo.<\/strong><\/h2>\n<p>Il corpo della scatola \u00e8 realizzato in <strong>cartone ondulato<\/strong>con struttura composita a scanalature A\/B\/C (la scanalatura A ha una forte resistenza agli urti, la scanalatura B ha un'eccellente capacit\u00e0 di sopportare la pressione in piano), e la resistenza alla compressione raggiunge il livello leader del settore. Attraverso\u00a0<strong>tecnologia di incorporazione delle costole<\/strong>\u00a0(come la fibra di bamb\u00f9 o le nervature metalliche) e il rinforzo dello strato di fibra a forma di griglia, \u00e8 in grado di resistere alla pressione di impilamento e all'impatto delle collisioni durante il trasporto e di proteggere efficacemente le parti vulnerabili come i flaconi di lucidalabbra e le testine dei pennelli.<\/p>\n<h2 id=\"-3-middle-eastern-style-geometric-pattern-design-to-enhance-brand-recognition-\"><strong>3. Disegno geometrico in stile mediorientale per migliorare il riconoscimento del marchio.<\/strong><\/h2>\n<p>La stampa di superficie incorpora\u00a0<strong>Elementi estetici geometrici islamici<\/strong>Come le stelle ottagonali, i motivi simmetrici esagonali e le linee della calligrafia araba, combinati con l'ispirazione tradizionale delle piastrelle a mosaico per creare un design con profondit\u00e0 culturale e modernit\u00e0. Lo schema dei colori fa riferimento alle preferenze del mercato mediorientale, utilizzando\u00a0<strong>oro caldo, marrone scuro, bordeaux<\/strong>\u00a0e altre tonalit\u00e0 lussuose, con un rivestimento UV parzialmente opaco per sottolineare il posizionamento di fascia alta del prodotto.<\/p>\n<h2 id=\"-4-double-sided-printing-technology-environmental-protection-and-functionality-\"><strong>4. Tecnologia di stampa fronte\/retro, protezione ambientale e funzionalit\u00e0.<\/strong><\/h2>\n<p>Supporto\u00a0<strong>stampa a colori su due lati<\/strong>Lo strato interno pu\u00f2 essere stampato con le storie del marchio, le istruzioni per l'uso o le etichette multilingue, mentre lo strato esterno mostra le informazioni principali e i modelli visivi del prodotto per massimizzare l'uso dello spazio dell'imballaggio.\u00a0<strong>Inchiostro a base d'acqua<\/strong>\u00a0e\u00a0<strong>rivestimento ecologico a base di soia<\/strong>\u00a0sono utilizzati per rispettare le norme ambientali REACH dell'UE. Allo stesso tempo,\u00a0<strong>tecnologia di stampa digitale<\/strong>\u00a0viene utilizzato per garantire che il modello non presenti differenze di colore, che i bordi siano chiari e che la saturazione del colore sia aumentata di 30%.<\/p>\n<h2 id=\"-5-high-definition-printing-technology-to-enhance-visual-communication-\"><strong>5. Tecnologia di stampa ad alta definizione per migliorare la comunicazione visiva.<\/strong><\/h2>\n<p>Utilizzo\u00a0<strong>stampa offset + tecnologia di stampaggio a freddo<\/strong>\u00a0per ottenere dettagli di precisione di 0,1 mm, come il logo con texture metallica, l'effetto lucidalabbra sfumato, ecc. Attraverso\u00a0<strong>Calibrazione della scheda colore Pantone<\/strong>\u00a0e la tecnologia di sovrastampa a quattro colori, assicurano che il numero di colore del marchio (come il rosso rosa, l'arancione corallo) rimanga coerente nei diversi lotti per evitare problemi di differenza di colore. La superficie pu\u00f2 essere lavorata con\u00a0<strong>goffratura, UV locale, glassatura<\/strong>ecc. per migliorare l'esperienza tattile e l'attrattiva dello scaffale.<\/p>\n<h2 id=\"-6-in-depth-customized-service-flexible-adaptation-needs-\"><strong>6. Servizio personalizzato approfondito, esigenze di adattamento flessibili<\/strong><\/h2>\n<ul>\n<li><strong>Personalizzazione del tipo di scatola<\/strong>: Fornire una scatola standard per aerei, un tipo di cassetto, un coperchio superiore e inferiore e altre strutture, supportare una finestra di forma speciale per visualizzare il numero di colore delle labbra.<\/li>\n<li><strong>Adattamento delle dimensioni<\/strong>: Fornire la personalizzazione della gamma di altezza 105-200 mm in base alle specifiche del lucidalabbra (come il tubo sottile da 10 ml o la bottiglia grassa da 30 ml) per ottimizzare l'utilizzo dello spazio di trasporto.<\/li>\n<li><strong>Aggiornamento del materiale<\/strong>: Film di alluminio opzionale a prova di umidit\u00e0, cartone o fibra di canna da zucchero, materiale ecologico per adattarsi al clima ad alta temperatura e umidit\u00e0 del Medio Oriente.<\/li>\n<li><strong>Combinazione artigianale<\/strong>: Supporta la stampa a caldo, la serigrafia, la goffratura e altre sovrapposizioni multi-artigianali per soddisfare le esigenze speciali dell'edizione limitata o delle confezioni regalo per le vacanze.<\/li>\n<\/ul>\n<h2 id=\"-7-cooperation-process-\"><strong>7. Processo di cooperazione<\/strong>:<\/h2>\n<ol>\n<li><strong>Richiesta di conferma<\/strong>: Fornire le dimensioni del prodotto, la bozza di progetto e la quantit\u00e0, ottenere il diagramma della struttura 3D e il campione di materiale.<\/li>\n<li><strong>Test di verifica<\/strong>: Consegnare il campione fisico entro 7 giorni lavorativi, compreso il test di caduta e il rapporto di resistenza alla compressione.<\/li>\n<li><strong>Produzione di massa<\/strong>: Ordine minimo di 1.000 pezzi, supporto di carta certificata FSC e servizio di tracciabilit\u00e0 dell'impronta di carbonio.<\/li>\n<\/ol>\n<h2 id=\"-8-core-advantages-\"><strong>8. Vantaggi fondamentali<\/strong>:<\/h2>\n<ul>\n<li><strong>Ottimizzazione dei costi<\/strong>: La struttura integrata riduce i materiali di consumo 20% e il design senza colla riduce il rischio di inquinamento da stoccaggio.<\/li>\n<li><strong>Adattamento culturale<\/strong>: Team di progettazione localizzato in Medio Oriente per garantire che i modelli e i colori siano conformi ai tab\u00f9 religiosi ed estetici.<\/li>\n<li><strong>Garanzia della catena di approvvigionamento<\/strong>: La propria fabbrica ha superato la certificazione ISO 9001\/BSCI.<\/li>\n<\/ul>","protected":false},"excerpt":{"rendered":"<p>Questa scatola mailer adotta un design pieghevole integrato, non richiede colla, richiede 3 secondi per essere formata e il materiale di cartone ondulato ad alta resistenza ha una buona forza di compressione per proteggere i vostri prodotti dai danni. \u00c8 molto adatta per oli essenziali, maschere per il viso, lucidalabbra e altri imballaggi cosmetici.<\/p>","protected":false},"featured_media":669,"template":"","meta":{"_kad_post_transparent":"default","_kad_post_title":"","_kad_post_layout":"default","_kad_post_sidebar_id":"","_kad_post_content_style":"default","_kad_post_vertical_padding":"default","_kad_post_feature":"","_kad_post_feature_position":"","_kad_post_header":false,"_kad_post_footer":false,"_kad_post_classname":""},"product_brand":[],"product_cat":[15,28,17],"product_tag":[89,237,236],"class_list":{"0":"post-668","1":"product","2":"type-product","3":"status-publish","4":"has-post-thumbnail","6":"product_cat-red-light-therapy","7":"product_cat-customize","8":"product_cat-services","9":"product_tag-custom-cosmetics-packaging","10":"product_tag-custom-lip-gloss-boxes-wholesale","11":"product_tag-lip-gloss-mailer-boxes","13":"first","14":"instock","15":"shipping-taxable","16":"product-type-simple","17":"entry","18":"content-bg","19":"loop-entry"},"_links":{"self":[{"href":"https:\/\/red-lighttherapy.com\/it\/wp-json\/wp\/v2\/product\/668","targetHints":{"allow":["GET"]}}],"collection":[{"href":"https:\/\/red-lighttherapy.com\/it\/wp-json\/wp\/v2\/product"}],"about":[{"href":"https:\/\/red-lighttherapy.com\/it\/wp-json\/wp\/v2\/types\/product"}],"wp:featuredmedia":[{"embeddable":true,"href":"https:\/\/red-lighttherapy.com\/it\/wp-json\/wp\/v2\/media\/669"}],"wp:attachment":[{"href":"https:\/\/red-lighttherapy.com\/it\/wp-json\/wp\/v2\/media?parent=668"}],"wp:term":[{"taxonomy":"product_brand","embeddable":true,"href":"https:\/\/red-lighttherapy.com\/it\/wp-json\/wp\/v2\/product_brand?post=668"},{"taxonomy":"product_cat","embeddable":true,"href":"https:\/\/red-lighttherapy.com\/it\/wp-json\/wp\/v2\/product_cat?post=668"},{"taxonomy":"product_tag","embeddable":true,"href":"https:\/\/red-lighttherapy.com\/it\/wp-json\/wp\/v2\/product_tag?post=668"}],"curies":[{"name":"wp","href":"https:\/\/api.w.org\/{rel}","templated":true}]}}