{"id":663,"date":"2025-04-14T03:37:04","date_gmt":"2025-04-14T03:37:04","guid":{"rendered":"https:\/\/red-lighttherapy.com\/?post_type=product&#038;p=663"},"modified":"2025-04-14T03:51:59","modified_gmt":"2025-04-14T03:51:59","slug":"supplies-premium-quality-mailer-boxes-for-underwear-t-shirt","status":"publish","type":"product","link":"https:\/\/red-lighttherapy.com\/it\/supplies-premium-quality-mailer-boxes-for-underwear-t-shirt\/","title":{"rendered":"Forniture Scatole Mailer di qualit\u00e0 superiore per T-Shirt di biancheria intima"},"content":{"rendered":"<h2 id=\"-foldable-double-sided-hot-stamping-custom-airplane-box-\"><strong>Scatole mailer pieghevoli di qualit\u00e0 superiore per biancheria intima T-Shirt<\/strong><\/h2>\n<h2 id=\"-1-sustainable-folding-design-new-experience-of-recycling-\"><strong>1. Design pieghevole sostenibile Nuove esperienze di riciclaggio<\/strong><\/h2>\n<p>Questa scatola per aerei adotta una struttura pieghevole brevettata, grazie alla fibbia di precisione e al design modulare delle pieghe, pu\u00f2 essere piegata e riutilizzata pi\u00f9 di 10 volte senza subire danni. Dopo il dispiegamento, \u00e8 una scatola tridimensionale (supporta le dimensioni standard di 32<em>25<\/em>10 cm) e il volume si riduce a 1\/4 delle dimensioni originali dopo la piegatura, con un notevole risparmio di spazio (riduzione dei costi di stoccaggio di 60% rispetto all'imballaggio tradizionale). Grazie al materiale di cartone per l'esportazione a cinque strati di grado AA, la resistenza alla compressione raggiunge i 2000 Newton e non subisce deformazioni dopo i test in ambienti estremi da -40\u2103 a 80\u2103, adatti a vari scenari di trasporto come il trasporto marittimo e aereo.<\/p>\n<h2 id=\"-2-low-cost-and-efficient-production-intelligent-supply-chain-optimization-\"><strong>2. Produzione efficiente e a basso costo Ottimizzazione intelligente della catena di fornitura<\/strong><\/h2>\n<ul>\n<li><strong>Adattamento della linea di produzione automatizzata<\/strong>: Adottando apparecchiature integrate di fustellatura e piegatura completamente automatiche, la capacit\u00e0 produttiva giornaliera raggiunge i 200.000 pezzi e il costo del lavoro si riduce di 45%;<\/li>\n<li><strong>Modalit\u00e0 zero inventario<\/strong>: Il ciclo di produzione personalizzato su richiesta \u00e8 di 3-7 giorni e supporta una quantit\u00e0 minima di ordine di 500 pezzi, alleviando la pressione finanziaria.<\/li>\n<\/ul>\n<h2 id=\"-three-double-sided-printing-hot-stamping-technology-brand-visual-upgrade-\"><strong>3. Stampa su due lati + tecnologia di stampa a caldo aggiornamento visivo del marchio<\/strong><\/h2>\n<ul>\n<li><strong>Stampa fronte\/retro ad alta definizione<\/strong>: Utilizzando il sistema di colori CMYK\/Pantone con tecnologia di laminazione UV, la risoluzione raggiunge i 300 dpi, supportando LOGO, parametri di prodotto, illustrazioni artistiche e altre combinazioni di elementi;<\/li>\n<li><strong>Tecnologia di stampa a caldo tridimensionale<\/strong>Utilizzando il foglio di alluminio elettrochimico ecologico tedesco Kurz, la resistenza all'usura del testo\/modello stampato a caldo locale \u00e8 aumentata di 3 volte, la riflettivit\u00e0 della luce raggiunge 90% e l'impatto visivo \u00e8 paragonabile a quello degli imballaggi di beni di lusso;<\/li>\n<li><strong>Funzione anticontraffazione intelligente<\/strong>: Le etichette opzionali con stampa a caldo a colori sensibili alla temperatura o l'inserimento di chip NFC possono migliorare l'esperienza interattiva dei consumatori.<\/li>\n<\/ul>\n<h2 id=\"-fourth-macaron-aesthetics-humanized-details-\"><strong>4. Estetica del macaron + dettagli umanizzati<\/strong><\/h2>\n<ul>\n<li><strong>Design del colore principale<\/strong>Il colore principale \u00e8 la nebbia lavanda a bassa saturazione, mentre la scala di grigi 5% \u00e8 integrata per creare una texture nebulosa. Il fascino visivo misurato \u00e8 aumentato da 37%;<\/li>\n<li><strong>Angoli arrotondati di sicurezza<\/strong>: I bordi sono arrotondati + processo di laminazione opaca, e la resistenza ai graffi \u00e8 aumentata da 50%, che soddisfa gli standard di sicurezza dei bambini dell'UE;<\/li>\n<li><strong>Comoda struttura di apertura e chiusura<\/strong>Il design del coperchio magnetico e della maniglia antiscivolo, l'apertura e la chiusura con una sola mano richiedono solo 0,5 secondi e la soddisfazione degli utenti ha raggiunto i 92%.<\/li>\n<\/ul>\n<h2 id=\"-v-customized-services-for-the-entire-industry-flexible-adaptation-scenarios-\"><strong>5. Servizi personalizzati per l'intero settore - Scenari di adattamento flessibili<\/strong><\/h2>\n<table>\n<thead>\n<tr>\n<th><strong>Adattamento al settore<\/strong><\/th>\n<th><strong>Dimensioni personalizzate<\/strong><\/th>\n<th><strong>Espositore a valigetta<\/strong><\/th>\n<\/tr>\n<\/thead>\n<tbody>\n<tr>\n<td>Marchio di biancheria intima<\/td>\n<td>Barriera antiumidit\u00e0 incorporata + fori traspiranti<\/td>\n<td>Posizione fissa del pizzo + fodera antibatterica<\/td>\n<\/tr>\n<tr>\n<td>Abbigliamento sportivo<\/td>\n<td>Struttura rinforzata resistente alla pressione<\/td>\n<td>Divisorio pieghevole per l'abbigliamento da yoga<\/td>\n<\/tr>\n<tr>\n<td>Bellezza e cura della persona<\/td>\n<td>Formato mini + scatola interna a specchio<\/td>\n<td>Slot in cotone perlato antiurto per rossetto<\/td>\n<\/tr>\n<tr>\n<td>Personalizzazione del regalo<\/td>\n<td>Finestra di forma speciale + foro per il nastro<\/td>\n<td>Motivo in rilievo con stampa a caldo limitata alle festivit\u00e0<\/td>\n<\/tr>\n<\/tbody>\n<\/table>\n<p><strong>Impegno ambientale<\/strong>: Grazie alla carta certificata FSC e alla tecnologia dell'inchiostro a base d'acqua, l'impronta di carbonio \u00e8 ridotta di 42% rispetto all'imballaggio tradizionale e supporta il riciclaggio biodegradabile di 100%.<\/p>\n<p><strong>Personalizza ora<\/strong>: Forniamo modifiche gratuite alla bozza di design, prove di stampa in 48 ore e servizi di logistica DDP globale, rendendo il packaging del vostro marchio un ambasciatore silenzioso delle vendite!<\/p>","protected":false},"excerpt":{"rendered":"<p>Questa scatola mailer, il cui colore principale \u00e8 la nebbia di lavanda macaron, pu\u00f2 essere piegata e riutilizzata pi\u00f9 volte, riducendo il consumo di imballaggi monouso. Ha un prezzo unitario basso durante la produzione di massa, che consente di risparmiare spazio di stoccaggio e costi di trasporto. L'operazione di piegatura \u00e8 semplice e consente di risparmiare lavoro.<\/p>","protected":false},"featured_media":664,"template":"","meta":{"_kad_post_transparent":"default","_kad_post_title":"","_kad_post_layout":"default","_kad_post_sidebar_id":"","_kad_post_content_style":"default","_kad_post_vertical_padding":"default","_kad_post_feature":"","_kad_post_feature_position":"","_kad_post_header":false,"_kad_post_footer":false,"_kad_post_classname":""},"product_brand":[],"product_cat":[15,30,17],"product_tag":[233,235,234],"class_list":{"0":"post-663","1":"product","2":"type-product","3":"status-publish","4":"has-post-thumbnail","6":"product_cat-red-light-therapy","7":"product_cat-dropshipping","8":"product_cat-services","9":"product_tag-premium-quality-mailer-boxes","10":"product_tag-supplies-shipping-t-shirt","11":"product_tag-underwear-mailer-boxes","13":"first","14":"instock","15":"shipping-taxable","16":"product-type-simple","17":"entry","18":"content-bg","19":"loop-entry"},"_links":{"self":[{"href":"https:\/\/red-lighttherapy.com\/it\/wp-json\/wp\/v2\/product\/663","targetHints":{"allow":["GET"]}}],"collection":[{"href":"https:\/\/red-lighttherapy.com\/it\/wp-json\/wp\/v2\/product"}],"about":[{"href":"https:\/\/red-lighttherapy.com\/it\/wp-json\/wp\/v2\/types\/product"}],"wp:featuredmedia":[{"embeddable":true,"href":"https:\/\/red-lighttherapy.com\/it\/wp-json\/wp\/v2\/media\/664"}],"wp:attachment":[{"href":"https:\/\/red-lighttherapy.com\/it\/wp-json\/wp\/v2\/media?parent=663"}],"wp:term":[{"taxonomy":"product_brand","embeddable":true,"href":"https:\/\/red-lighttherapy.com\/it\/wp-json\/wp\/v2\/product_brand?post=663"},{"taxonomy":"product_cat","embeddable":true,"href":"https:\/\/red-lighttherapy.com\/it\/wp-json\/wp\/v2\/product_cat?post=663"},{"taxonomy":"product_tag","embeddable":true,"href":"https:\/\/red-lighttherapy.com\/it\/wp-json\/wp\/v2\/product_tag?post=663"}],"curies":[{"name":"wp","href":"https:\/\/api.w.org\/{rel}","templated":true}]}}