{"id":652,"date":"2025-04-14T03:15:00","date_gmt":"2025-04-14T03:15:00","guid":{"rendered":"https:\/\/red-lighttherapy.com\/?post_type=product&#038;p=652"},"modified":"2025-04-14T03:25:26","modified_gmt":"2025-04-14T03:25:26","slug":"elegant-custom-bracelets-necklace-packaging-boxes-wholesale","status":"publish","type":"product","link":"https:\/\/red-lighttherapy.com\/it\/elegant-custom-bracelets-necklace-packaging-boxes-wholesale\/","title":{"rendered":"Elegante personalizzato bracciali collana imballaggio scatole all'ingrosso"},"content":{"rendered":"<h2><strong>Descrizione del prodotto di Elegante personalizzato gioielli bracciali collana Box imballaggio scatole all'ingrosso<\/strong><\/h2>\n<p>Nel settore della gioielleria, il packaging non \u00e8 solo un contenitore di gioielli, ma anche un'estensione dello stile del marchio e dell'esperienza dell'utente. Il <strong>portagioie minimalista con coperchio e base<\/strong>\u00a0che abbiamo creato con grande cura \u00e8 incentrata sull'artigianalit\u00e0 e sul design estetico, adattandosi perfettamente a pi\u00f9 categorie di gioielli come bracciali, collane e orecchini, dando ai vostri prodotti un valore aggiunto pi\u00f9 elevato.<\/p>\n<h2 id=\"-1-minimalist-shape-universal-adaptation-\"><strong>1. Forma minimalista, adattamento universale<\/strong><\/h2>\n<p>La scatola classica con coperchio e top \u00e8 progettata con linee semplici e pulite, senza decorazioni ridondanti, ed \u00e8 adatta a prodotti di gioielleria di diverse dimensioni e forme. I coperchi superiore e inferiore si adattano con precisione e lo spazio di apertura e chiusura mostra un senso di rituale. Il design inclinato del coperchio \u00e8 comodo per l'esposizione, sia che si tratti di esposizione da banco o di riprese online, pu\u00f2 presentare in modo intuitivo i dettagli abbaglianti dei gioielli.<\/p>\n<h2 id=\"-2-color-aesthetics-classic-eye-catching-\"><strong>2. Estetica del colore, classico accattivante<\/strong><\/h2>\n<p>Il corpo della scatola \u00e8 principalmente in beige e oro chiaro, con un lusso morbido ed elegante, che si integra con la lucentezza metallica dei gioielli. Il nastro rosso, utilizzato come tocco finale, non solo mantiene il senso rituale della confezione regalo tradizionale, ma aumenta anche l'impatto visivo grazie al contrasto dei colori. Il nastro pu\u00f2 essere personalizzato per stampare il logo del marchio, che pu\u00f2 rafforzare il punto di memoria del marchio dai dettagli e migliorare l'esposizione.<\/p>\n<h2 id=\"-three-lining-technology-double-protection-\"><strong>3. Tecnologia di rivestimento, doppia protezione<\/strong><\/h2>\n<p>La scatola \u00e8 rivestita di velluto nero, delicato e morbido, efficacemente antiscivolo e resistente agli urti, che impedisce ai gioielli di essere danneggiati da attriti e scosse durante il trasporto o l'esposizione. Lo sfondo nero intenso mette in risalto la brillantezza dei gioielli e il livello visivo \u00e8 chiaro, evidenziando ulteriormente la consistenza di alto livello del prodotto.<\/p>\n<h2 id=\"-fourth-light-and-environmentally-friendly-practical-and-convenient-\"><strong>4. Leggero ed ecologico, pratico e conveniente<\/strong><\/h2>\n<p>Il corpo della scatola \u00e8 realizzato in cartone leggero ed ecologico, che unisce compattezza e portabilit\u00e0, ha un'eccellente resistenza alla pressione, pu\u00f2 essere riutilizzato ed \u00e8 conforme al concetto di sostenibilit\u00e0. Il design dalle dimensioni raffinate consente di trasportarla o conservarla a lungo come scatola di stoccaggio, prolungando il ciclo di vita dell'imballaggio e riducendo lo spreco di risorse.<\/p>\n<h2 id=\"-five-brand-empowerment-value-upgrade-\"><strong>5. Potenziamento del marchio, miglioramento del valore<\/strong><\/h2>\n<p>La stessa scatola di imballaggio pu\u00f2 essere regalata come omaggio indipendente per migliorare l'esperienza di unboxing del cliente e la reputazione del marchio. Dal logo del nastro al processo di stampa a caldo della scatola, ogni dettaglio pu\u00f2 essere integrato con elementi specifici del marchio (come la stampa a caldo del LOGO, l'argento vivo, la serigrafia, ecc.) per formare simboli visivi differenziati e aiutare l'immagine del marchio a stabilirsi.<\/p>\n<h2 id=\"-six-customized-service-flexible-and-efficient-\"><strong>6. Servizio personalizzato, flessibile ed efficiente<\/strong><\/h2>\n<p>Supportare ordini di piccoli lotti (500 pezzi per un singolo modello) e fornire opzioni di processo diversificate:<\/p>\n<ul>\n<li><strong>Personalizzazione del LOGO<\/strong>: stampa a nastro, stampa a caldo della scatola, incisione laser e altri processi per soddisfare le esigenze di personalizzazione del marchio;<\/li>\n<li><strong>Prova rapida<\/strong>2-3 giorni per completare la produzione del campione, ciclo di produzione in lotti di 7-14 giorni, ritmo di vendita flessibile;<\/li>\n<li><strong>Adattamento globale<\/strong>: Soddisfare gli standard di protezione ambientale europei e americani (come l'assenza di rivestimento in metalli pesanti, materiali riciclabili), adatti all'esportazione transfrontaliera.<\/li>\n<\/ul>\n<h2 id=\"-conclusion-\"><strong>Conclusione<\/strong><\/h2>\n<p>Questa scatola di imballaggio per gioielli con coperchio superiore e inferiore, con un'estetica minimalista e funzioni pratiche come nucleo centrale, migliora in modo completo la competitivit\u00e0 del mercato dei prodotti di gioielleria dalla visione, al tatto, al valore del marchio. Che si tratti di una confezione specifica per un marchio o di un regalo indipendente, pu\u00f2 diventare sinonimo di \"squisitezza e qualit\u00e0\" nel cuore dei consumatori. Vi invitiamo sinceramente a collaborare e a raggiungere l'altezza del marchio con i dettagli!<\/p>","protected":false},"excerpt":{"rendered":"<p>Il corpo della scatola \u00e8 beige e oro chiaro con un nastro rosso, classico, elegante e accattivante. La forma minimalista \u00e8 adatta a diverse categorie di gioielli, come collane, bracciali e orecchini.<\/p>","protected":false},"featured_media":653,"template":"","meta":{"_kad_post_transparent":"default","_kad_post_title":"","_kad_post_layout":"default","_kad_post_sidebar_id":"","_kad_post_content_style":"default","_kad_post_vertical_padding":"default","_kad_post_feature":"","_kad_post_feature_position":"","_kad_post_header":false,"_kad_post_footer":false,"_kad_post_classname":""},"product_brand":[],"product_cat":[15,19,17],"product_tag":[227,228,229],"class_list":{"0":"post-652","1":"product","2":"type-product","3":"status-publish","4":"has-post-thumbnail","6":"product_cat-red-light-therapy","7":"product_cat-red-light-therapy-stand","8":"product_cat-services","9":"product_tag-custom-bracelets-packaging-boxes","10":"product_tag-necklace-packaging-boxes-wholesale","11":"product_tag-ribbon-jewelry-boxes","13":"first","14":"instock","15":"shipping-taxable","16":"product-type-simple","17":"entry","18":"content-bg","19":"loop-entry"},"_links":{"self":[{"href":"https:\/\/red-lighttherapy.com\/it\/wp-json\/wp\/v2\/product\/652","targetHints":{"allow":["GET"]}}],"collection":[{"href":"https:\/\/red-lighttherapy.com\/it\/wp-json\/wp\/v2\/product"}],"about":[{"href":"https:\/\/red-lighttherapy.com\/it\/wp-json\/wp\/v2\/types\/product"}],"wp:featuredmedia":[{"embeddable":true,"href":"https:\/\/red-lighttherapy.com\/it\/wp-json\/wp\/v2\/media\/653"}],"wp:attachment":[{"href":"https:\/\/red-lighttherapy.com\/it\/wp-json\/wp\/v2\/media?parent=652"}],"wp:term":[{"taxonomy":"product_brand","embeddable":true,"href":"https:\/\/red-lighttherapy.com\/it\/wp-json\/wp\/v2\/product_brand?post=652"},{"taxonomy":"product_cat","embeddable":true,"href":"https:\/\/red-lighttherapy.com\/it\/wp-json\/wp\/v2\/product_cat?post=652"},{"taxonomy":"product_tag","embeddable":true,"href":"https:\/\/red-lighttherapy.com\/it\/wp-json\/wp\/v2\/product_tag?post=652"}],"curies":[{"name":"wp","href":"https:\/\/api.w.org\/{rel}","templated":true}]}}