{"id":646,"date":"2025-04-14T03:00:46","date_gmt":"2025-04-14T03:00:46","guid":{"rendered":"https:\/\/red-lighttherapy.com\/?post_type=product&#038;p=646"},"modified":"2025-04-14T03:14:46","modified_gmt":"2025-04-14T03:14:46","slug":"wholesale-custom-luxury-round-shaped-perfume-with-insert","status":"publish","type":"product","link":"https:\/\/red-lighttherapy.com\/it\/wholesale-custom-luxury-round-shaped-perfume-with-insert\/","title":{"rendered":"Commercio all'ingrosso Custom lusso rotondo a forma di profumo con inserto"},"content":{"rendered":"<h2 id=\"-product-description-of-customized-luxury-round-perfume-box-\"><strong>Descrizione del prodotto di lusso personalizzato scatola di profumo rotondo<\/strong><\/h2>\n<p>Combinando la tendenza estetica e le esigenze pratiche delle confezioni di profumi di alta gamma, di seguito \u00e8 riportata una descrizione dettagliata del design della scatola di profumo rotonda personalizzata, che combina arte e funzionalit\u00e0 per soddisfare il posizionamento differenziato del marchio:<\/p>\n<h2 id=\"1-ingenious-structural-design-combination-of-geometric-aesthetics-and-ergonomics-\">1.\u00a0<strong>Design strutturale ingegnoso: Combinazione di estetica geometrica ed ergonomia<\/strong><\/h2>\n<ul>\n<li><strong>Forma cilindrica simmetrica<\/strong>: Il corpo cilindrico e il coperchio rotondo adottano la differenza di altezza del rapporto aureo (altezza del cilindro 12 cm\/altezza del coperchio 3 cm), formando un senso di equilibrio visivo, la superficie superiore leggermente convessa e l'eco della linea inferiore verso l'interno, riflettendo l'estetica minimalista.<\/li>\n<li><strong>Comfort di presa ottimizzato<\/strong>: Il corpo cilindrico adotta un arco di 5,5 cm di diametro, che si adatta alla curva dei palmi delle donne asiatiche. \u00c8 stabile da tenere con una sola mano e l'apertura e la chiusura sono fluide e prive di resistenza, migliorando cos\u00ec l'esperienza d'uso.<\/li>\n<\/ul>\n<h2 id=\"2-inner-lining-material-and-protective-function-technology-empowers-quality-assurance-\">2.\u00a0<strong>Materiale di rivestimento interno e funzione protettiva: La tecnologia consente di garantire la qualit\u00e0<\/strong><\/h2>\n<ul>\n<li><strong>Strato interno anti-penetrazione<\/strong>: L'interno del barile \u00e8 rivestito in PE alimentare grigio chiaro (spessore 0,8 mm), liscio e senza giunture, che isola efficacemente la penetrazione dei liquidi e impedisce al profumo di volatilizzarsi o fuoriuscire. Allo stesso tempo, il design anti-ultravioletti prolunga la durata di conservazione del profumo.<\/li>\n<li><strong>Parete esterna in carta patinata ecologica<\/strong>: Lo strato esterno utilizza una carta patinata ad alta densit\u00e0 da 450 g\/m\u00b2, con una pellicola opaca sulla superficie, che ha un tocco delicato ed \u00e8 resistente ai graffi. \u00c8 conforme alla certificazione ambientale FSC e supporta aperture e chiusure ripetute per oltre 500 volte senza deformazioni.<\/li>\n<\/ul>\n<h2 id=\"3-artistic-design-language-floral-elements-interpret-the-brand-story-\">3.\u00a0<strong>Linguaggio artistico del design: Gli elementi floreali interpretano la storia del marchio<\/strong><\/h2>\n<ul>\n<li><strong>Artigianato tridimensionale in rilievo<\/strong>: Il corpo della scatola si basa sul sistema di colori e utilizza la tecnologia di stampa a caldo + rilievo UV per presentare rami floreali e motivi di frutta (come mughetto, rosa, ecc.). L'accuratezza delle venature dei rami e delle foglie raggiunge 0,1 mm, ed \u00e8 abbinata a uno sfondo con texture opaca per creare un'atmosfera fresca e letteraria.<\/li>\n<li><strong>Design del tema a pi\u00f9 versioni<\/strong>: Fornire serie come \"Four Seasons Flower Language\" e \"Secret Garden\". La versione primaverile si basa principalmente sulle linee dinamiche dei fiori di ciliegio che cadono, mentre la versione invernale incorpora la tecnologia di intaglio del cristallo a fiocco di neve per aumentare il valore della collezione e l'adattabilit\u00e0 alla scena.<\/li>\n<\/ul>\n<h2 id=\"iv-brand-logo-system-strengthen-visual-unity-\">4. <strong>Sistema di logo del marchio: Rafforzare l'unit\u00e0 visiva<\/strong><\/h2>\n<ul>\n<li><strong>Logo del marchio integrato<\/strong>: Il LOGO del marchio pu\u00f2 essere inciso al laser al centro della parte superiore del tappo (supporta la stampa a caldo su lamina metallica o la stampa 3D a rilievo), mentre sul lato del fusto \u00e8 riservata un'area per il logo di 10 cm\u00d73 cm, che supporta la personalizzazione del codice QR e dello slogan del marchio per associare l'immagine del marchio.<\/li>\n<li><strong>Supporto all'estensione visiva<\/strong>: Fornire la stessa serie di sacchetti regalo, nastri e biglietti d'auguri, gli elementi del modello sono coerenti con la scatola principale, formando un sistema visivo completo del marchio.<\/li>\n<\/ul>\n<h2 id=\"v-customized-production-service-advantages-of-china-s-source-factory-\">5. <strong>Servizio di produzione personalizzato: Vantaggi della fabbrica di origine cinese<\/strong><\/h2>\n<ul>\n<li><strong>Piano di personalizzazione flessibile<\/strong>: Supporto all'ordine a partire da 500 pezzi, possibilit\u00e0 di modifiche personalizzate come le dimensioni (diametro 5-15 cm), il colore (corrispondenza accurata della scheda colori Pantone), la suddivisione della fodera (strato di suddivisione per pi\u00f9 bottiglie), ecc.<\/li>\n<li><strong>Sistema di controllo qualit\u00e0<\/strong>: Ha superato la certificazione ISO 9001, utilizzando macchine fustellatrici completamente automatiche e linee di ispezione della qualit\u00e0 per garantire che l'errore del corpo della scatola sia \u22640,2 mm e il tasso di rottura sia inferiore a 0,5%.<\/li>\n<\/ul>\n<h2 id=\"vi-application-scenarios-and-added-value-\">6. <strong>Scenari di applicazione e valore aggiunto<\/strong><\/h2>\n<ul>\n<li><strong>Adattamento a pi\u00f9 scenari<\/strong>: La versione classica \u00e8 adatta per l'esposizione al banco, l'edizione limitata per le festivit\u00e0 pu\u00f2 essere abbinata a un set di confezioni regalo (come la versione con stampa a caldo in oro rosa) e la versione personalizzata aziendale pu\u00f2 incorporare elementi IP in co-branding per espandere il mercato dei regali aziendali.<\/li>\n<li><strong>Uso sostenibile<\/strong>: La scatola vuota pu\u00f2 essere utilizzata come contenitore di gioielli o come decorazione per la casa, e la fodera pu\u00f2 essere sostituita con uno strato di flanella per estendere il ciclo di vita del prodotto e soddisfare la tendenza al consumo ecologico.<\/li>\n<\/ul>\n<p><strong>Sintesi<\/strong>: Questa scatola rotonda per profumi \u00e8 guidata dal duplice principio \"arte + funzione\". Grazie alla struttura precisa, ai materiali ecologici, al design personalizzato e ai vantaggi produttivi della Cina, soddisfa le esigenze dei marchi di profumi di fascia alta in termini di estetica del packaging, qualit\u00e0 e valore del marchio. Il modello di fornitura diretta in fabbrica riduce ulteriormente i costi e aiuta i clienti a conquistare quote di mercato nel settore del lusso.<\/p>","protected":false},"excerpt":{"rendered":"<p>La combinazione del corpo cilindrico e del coperchio rotondo di questa scatola da imballaggio cilindrica \u00e8 semplice e simmetrica, e la differenza di altezza crea un equilibrio visivo. L'interno del corpo cilindrico \u00e8 realizzato in materiale liscio grigio chiaro per proteggere il profumo liquido dalla penetrazione. Il design della scatola crea una sensazione di freschezza e letterariet\u00e0, in linea con il posizionamento dei profumi di alta gamma.<\/p>","protected":false},"featured_media":647,"template":"","meta":{"_kad_post_transparent":"default","_kad_post_title":"","_kad_post_layout":"default","_kad_post_sidebar_id":"","_kad_post_content_style":"default","_kad_post_vertical_padding":"default","_kad_post_feature":"","_kad_post_feature_position":"","_kad_post_header":false,"_kad_post_footer":false,"_kad_post_classname":""},"product_brand":[],"product_cat":[15,17],"product_tag":[224,225,226],"class_list":{"0":"post-646","1":"product","2":"type-product","3":"status-publish","4":"has-post-thumbnail","6":"product_cat-red-light-therapy","7":"product_cat-services","8":"product_tag-custom-perfume-box","9":"product_tag-elegant-perfume-packaging-boxes","10":"product_tag-perfume-packaging-round-box","12":"first","13":"instock","14":"shipping-taxable","15":"product-type-simple","16":"entry","17":"content-bg","18":"loop-entry"},"_links":{"self":[{"href":"https:\/\/red-lighttherapy.com\/it\/wp-json\/wp\/v2\/product\/646","targetHints":{"allow":["GET"]}}],"collection":[{"href":"https:\/\/red-lighttherapy.com\/it\/wp-json\/wp\/v2\/product"}],"about":[{"href":"https:\/\/red-lighttherapy.com\/it\/wp-json\/wp\/v2\/types\/product"}],"wp:featuredmedia":[{"embeddable":true,"href":"https:\/\/red-lighttherapy.com\/it\/wp-json\/wp\/v2\/media\/647"}],"wp:attachment":[{"href":"https:\/\/red-lighttherapy.com\/it\/wp-json\/wp\/v2\/media?parent=646"}],"wp:term":[{"taxonomy":"product_brand","embeddable":true,"href":"https:\/\/red-lighttherapy.com\/it\/wp-json\/wp\/v2\/product_brand?post=646"},{"taxonomy":"product_cat","embeddable":true,"href":"https:\/\/red-lighttherapy.com\/it\/wp-json\/wp\/v2\/product_cat?post=646"},{"taxonomy":"product_tag","embeddable":true,"href":"https:\/\/red-lighttherapy.com\/it\/wp-json\/wp\/v2\/product_tag?post=646"}],"curies":[{"name":"wp","href":"https:\/\/api.w.org\/{rel}","templated":true}]}}