{"id":640,"date":"2025-04-13T08:49:20","date_gmt":"2025-04-13T08:49:20","guid":{"rendered":"https:\/\/red-lighttherapy.com\/?post_type=product&#038;p=640"},"modified":"2025-04-20T06:02:06","modified_gmt":"2025-04-20T06:02:06","slug":"custom-bath-soap-sleeve-slide-drawer-boxes-wholesale","status":"publish","type":"product","link":"https:\/\/red-lighttherapy.com\/it\/custom-bath-soap-sleeve-slide-drawer-boxes-wholesale\/","title":{"rendered":"Manicotto di sapone da bagno personalizzato e cassettiere a scorrimento all'ingrosso"},"content":{"rendered":"<h2 id=\"customized-bath-soap-box-and-sliding-drawer-box-wholesale-product-description\">Personalizzato bagno scatola di sapone e cassetto scorrevole Box all'ingrosso Descrizione del prodotto<\/h2>\n<h2 id=\"1-convenient-pull-out-opening-and-closing-\">1.\u00a0<strong>Comoda apertura e chiusura delle scatole di carta a cassetto<\/strong><\/h2>\n<p>Il nastro del cassetto per scatole di carta \u00e8 incorporato in materiale siliconico blu scuro resistente all'usura, che scorre senza inceppamenti, adatto all'uso in ambienti umidi come bagni e cucine. Il binario del cassetto adotta la tecnologia di scorrimento silenzioso per garantire un processo di estrazione e trascinamento fluido e duraturo.<\/p>\n<h2 id=\"2-internal-partition-and-buffer-protection-\">2.\u00a0<strong>Protezione della partizione interna e del buffer<\/strong><\/h2>\n<ul>\n<li><strong>Design della partizione anticollisione<\/strong>: All'interno sono presenti divisori regolabili per adattarsi a saponi o articoli da toilette di dimensioni diverse, per evitare collisioni e usura degli articoli.<\/li>\n<li><strong>Carta stracciata + rafia doppio tampone<\/strong>: Il fondo \u00e8 rivestito di rafia naturale, morbida ed elastica, che assorbe efficacemente le vibrazioni durante il trasporto o gli spostamenti; la carta sminuzzata riempie gli spazi vuoti per rafforzare ulteriormente la protezione.<\/li>\n<\/ul>\n<h2 id=\"3-environmentally-friendly-materials-and-durability-\">3.\u00a0<strong>Materiali ecologici e durata nel tempo<\/strong><\/h2>\n<ul>\n<li><strong>Corpo della scatola in carta patinata<\/strong>: Viene utilizzata carta patinata ispessita e la superficie \u00e8 ricoperta da una pellicola opaca ecologica, impermeabile e a prova di umidit\u00e0, con una forte resistenza allo strappo, che pu\u00f2 essere riutilizzata per conservare cosmetici, articoli di cancelleria e altre scene.<\/li>\n<li><strong>Struttura di rinforzo personalizzabile<\/strong>: Per le esigenze di stoccaggio di oggetti pesanti, pu\u00f2 essere aggiornato con un processo composito di carta patinata a doppio strato per aumentare la capacit\u00e0 di carico a 5 kg.<\/li>\n<\/ul>\n<h2 id=\"4-appearance-customization-\">4.\u00a0<strong>Personalizzazione dell'aspetto<\/strong><\/h2>\n<ul>\n<li><strong>Modello e colore<\/strong>: Supporta un'accurata corrispondenza dei colori delle schede Pantone e il motivo paisley pu\u00f2 essere sostituito con motivi personalizzati come geometrie e piante.<\/li>\n<li><strong>Logo del marchio<\/strong>: Fornisce stampa a caldo, goffratura UV, serigrafia e altri processi, e pu\u00f2 stampare LOGO aziendali o slogan personalizzati.<\/li>\n<\/ul>\n<h2 id=\"5-function-adjustment-\">5.\u00a0<strong>Regolazione della funzione<\/strong><\/h2>\n<ul>\n<li><strong>Dimensione flessibile<\/strong>: Fornisce una personalizzazione a grandezza naturale dei modelli mini portatili (11,5<em>8 cm) a combinazioni di cassetti multistrato (40<\/em>30 cm).<\/li>\n<li><strong>Selezione del rivestimento<\/strong>: Oltre alla rafia, pu\u00f2 essere sostituita con EVA, cotone perlato e altri materiali per soddisfare le diverse esigenze di protezione dagli urti.<\/li>\n<\/ul>\n<h2 id=\"6-applicable-scenarios-and-advantages-\">6.\u00a0<strong>Scenari e vantaggi applicabili<\/strong><\/h2>\n<ul>\n<li><strong>Scenari domestici e commerciali<\/strong>: Applicabile alle scatole di sapone per il bagno, al confezionamento di articoli da toilette per hotel, alla personalizzazione di confezioni regalo, ecc.<\/li>\n<li><strong>Protezione dell'ambiente e convenienza economica<\/strong>: Il materiale \u00e8 conforme alle certificazioni RoHS e SGS e una singola scatola pu\u00f2 essere riutilizzata per pi\u00f9 di 3 anni, riducendo i rifiuti di imballaggio.<\/li>\n<\/ul>","protected":false},"excerpt":{"rendered":"<p>Il corpo della scatola \u00e8 di colore verde chiaro e verde-blu, con un motivo paisley bianco retr\u00f2, che presenta un effetto visivo fresco ed elegante. L'anello di trazione blu scuro forma un contrasto cromatico con il corpo della scatola, esaltando la stratificazione del design.<\/p>","protected":false},"featured_media":643,"template":"","meta":{"_kad_post_transparent":"default","_kad_post_title":"","_kad_post_layout":"default","_kad_post_sidebar_id":"","_kad_post_content_style":"default","_kad_post_vertical_padding":"default","_kad_post_feature":"","_kad_post_feature_position":"","_kad_post_header":false,"_kad_post_footer":false,"_kad_post_classname":""},"product_brand":[],"product_cat":[15,28,20,17],"product_tag":[222,221,223],"class_list":{"0":"post-640","1":"product","2":"type-product","3":"status-publish","4":"has-post-thumbnail","6":"product_cat-red-light-therapy","7":"product_cat-customize","8":"product_cat-led-face-light-therapy","9":"product_cat-services","10":"product_tag-bath-soap-slide-drawer-boxes","11":"product_tag-custom-soap-boxes","12":"product_tag-soap-boxes-wholesale","14":"first","15":"instock","16":"shipping-taxable","17":"product-type-simple","18":"entry","19":"content-bg","20":"loop-entry"},"_links":{"self":[{"href":"https:\/\/red-lighttherapy.com\/it\/wp-json\/wp\/v2\/product\/640","targetHints":{"allow":["GET"]}}],"collection":[{"href":"https:\/\/red-lighttherapy.com\/it\/wp-json\/wp\/v2\/product"}],"about":[{"href":"https:\/\/red-lighttherapy.com\/it\/wp-json\/wp\/v2\/types\/product"}],"wp:featuredmedia":[{"embeddable":true,"href":"https:\/\/red-lighttherapy.com\/it\/wp-json\/wp\/v2\/media\/643"}],"wp:attachment":[{"href":"https:\/\/red-lighttherapy.com\/it\/wp-json\/wp\/v2\/media?parent=640"}],"wp:term":[{"taxonomy":"product_brand","embeddable":true,"href":"https:\/\/red-lighttherapy.com\/it\/wp-json\/wp\/v2\/product_brand?post=640"},{"taxonomy":"product_cat","embeddable":true,"href":"https:\/\/red-lighttherapy.com\/it\/wp-json\/wp\/v2\/product_cat?post=640"},{"taxonomy":"product_tag","embeddable":true,"href":"https:\/\/red-lighttherapy.com\/it\/wp-json\/wp\/v2\/product_tag?post=640"}],"curies":[{"name":"wp","href":"https:\/\/api.w.org\/{rel}","templated":true}]}}