{"id":634,"date":"2025-04-13T08:18:35","date_gmt":"2025-04-13T08:18:35","guid":{"rendered":"https:\/\/red-lighttherapy.com\/?post_type=product&#038;p=634"},"modified":"2025-04-13T08:47:17","modified_gmt":"2025-04-13T08:47:17","slug":"luxury-foldable-shopping-paper-bags-for-apparel-cosmetic","status":"publish","type":"product","link":"https:\/\/red-lighttherapy.com\/it\/luxury-foldable-shopping-paper-bags-for-apparel-cosmetic\/","title":{"rendered":"Sacchetti di carta per lo shopping pieghevoli di lusso per i cosmetici dell'abbigliamento"},"content":{"rendered":"<h2 id=\"1-shopping-paper-bags-\">1.\u00a0<strong>Borse di carta per la spesa<\/strong><\/h2>\n<p>Progettati per gli scenari di vendita al dettaglio di fascia alta, i sacchetti di carta per la spesa sono realizzati in carta spessa ecologica certificata FSC (peso 200-450 g), che pu\u00f2 essere personalizzata in strutture rettangolari, esagonali o di forma speciale, adatte all'esposizione dell'immagine del marchio di abbigliamento, cosmetici e altri prodotti. La superficie del sacchetto di carta pu\u00f2 essere integrata con la stampa a caldo del logo del marchio, la goffratura e altri processi e supporta la tecnologia di codifica anticontraffazione integrata.<\/p>\n<h2 id=\"2-foldable-and-flat-shipping-\">2.\u00a0<strong>Spedizione pieghevole e piatta<\/strong><\/h2>\n<p>Adottando un design a struttura tubolare pieghevole, lo spessore dopo la piegatura \u00e8 di soli 1-2 mm, in grado di supportare migliaia di pezzi di imballaggi impilati, riducendo i costi di trasporto di oltre 70%. I design principali includono:<\/p>\n<h2 id=\"3-hot-stamping-process-\">3. Oro h<strong>processo di stampaggio della lamina<\/strong><\/h2>\n<p>Adotta il foglio d'oro tedesco Kurz per la stampa a caldo, combinato con uno stampo di alta precisione da 0,1 mm per ottenere un effetto di rilievo tridimensionale. Le innovazioni tecnologiche includono:<\/p>\n<ul>\n<li><strong>Tecnologia di sovrapposizione a doppio colore<\/strong>: oro a specchio + oro smerigliato stratificati a caldo per migliorare la stratificazione visiva;<\/li>\n<li><strong>Microintaglio anticontraffazione<\/strong>: codice di micro-marca incorporato;<\/li>\n<li><strong>Certificazione ambientale<\/strong>: utilizzando adesivi a base d'acqua e superando il test di migrazione dei metalli pesanti dell'SGS, in linea con gli standard REACH dell'UE.<\/li>\n<\/ul>\n<h2 id=\"4-ribbon-handle-\">4.\u00a0<strong>Maniglia a nastro<\/strong><\/h2>\n<p>La maniglia \u00e8 realizzata in poliestere ad alta densit\u00e0 o in materiale misto cotone e lino, la larghezza pu\u00f2 essere personalizzata a 8-15 mm e la capacit\u00e0 di carico \u00e8 fino a 8 kg. I processi innovativi includono:<\/p>\n<ul>\n<li><strong>Fissazione con pressatura a caldo incorporata<\/strong>: evitare il problema della facile lacerazione della punzonatura tradizionale, come la struttura precisa della cerniera dello schermo pieghevole Sanlipu;<\/li>\n<li><strong>Design multifunzionale<\/strong>: etichette di marca integrate, nappe o chiusure magnetiche all'estremit\u00e0, adatte a scene di confezioni regalo di lusso. Ad esempio, i marchi di abbigliamento utilizzano spesso nastri allargati per migliorare il comfort di presa.<\/li>\n<\/ul>\n<h2 id=\"5-highly-customized-service-\">5.\u00a0<strong>Servizio altamente personalizzato<\/strong><\/h2>\n<p>Fornire soluzioni di personalizzazione flessibili e full-link:<\/p>\n<ul>\n<li><strong>Adattamento funzionale<\/strong>: Le borse per abiti sono dotate di ganci appendiabiti integrati e le scatole per cosmetici sono progettate con fodere indipendenti;<\/li>\n<li><strong>Combinazione di processi<\/strong>: Supporta 12 processi come la stampa a tinte piatte Pantone + UV locale + incavatura laser, come il design della superficie AB dei sacchetti di carta co-branded Disney;<\/li>\n<li><strong>Risposta rapida<\/strong>Ciclo di prova di 72 ore, supporto di un ordine minimo di 500 pezzi, adattamento alle esigenze di edizione limitata dei negozi pop-up.<\/li>\n<\/ul>\n<h2 id=\"6-surface-lamination-\">6.\u00a0<strong>Laminazione superficiale<\/strong><\/h2>\n<p>Adotta la tecnologia di laminazione opaca o lucida a base d'acqua per ottenere un triplo miglioramento delle prestazioni:<\/p>\n<ul>\n<li><strong>Protezione<\/strong>: Superficie a prova di spruzzi di livello IPX4, resistente a una differenza di temperatura compresa tra -20\u2103 e 50\u2103;<\/li>\n<li><strong>Ottimizzazione del touch<\/strong>: Rivestimento opaco simile alla pelle, ha superato i 5000 test di usura Martindale;<\/li>\n<li><strong>Compatibilit\u00e0 con l'ambiente<\/strong>: Il materiale di laminazione \u00e8 riciclabile e degradabile e soddisfa i requisiti del \"Plastic Restriction Order\" cinese.<\/li>\n<\/ul>\n<h2 id=\"7-pink-main-color-design-\">7.\u00a0<strong>Colore principale rosa<\/strong><\/h2>\n<p>\u00c8 stato selezionato il colore rosa balletto Pantone 13-2805 TCX, che \u00e8 stato verificato dalla psicologia del colore per aumentare il desiderio d'acquisto di 73% delle consumatrici. La combinazione di colori comprende:<\/p>\n<ul>\n<li><strong>Stesso abbinamento di colori<\/strong>: Stampa a caldo oro champagne + nastro bianco perla per creare un'atmosfera leggera e lussuosa;<\/li>\n<li><strong>Combinazione di colori a contrasto<\/strong>: Manici blu foschia\/verde menta, adatti alle marche di tendenza della generazione Z. Per esempio, la serie Chanel 2025 primavera-estate utilizza un design a contrasto in raso rosa ghiaccio e finiture argentate.<\/li>\n<\/ul>\n<h2 id=\"8-advantages-of-chinese-source-manufacturers-\">8.\u00a0<strong>Vantaggi dei produttori di origine cinese<\/strong><\/h2>\n<p>Aziende leader come Nanwang Technology e Mingdai Paper Products hanno:<\/p>\n<ul>\n<li><strong>Garanzia di capacit\u00e0<\/strong>: 12 linee di produzione completamente automatiche, se la capacit\u00e0 produttiva supera i 20 milioni di pezzi;<\/li>\n<li><strong>Certificazione di conformit\u00e0<\/strong>: Possedere la certificazione ISO 14001 e Sedex per la responsabilit\u00e0 sociale, in linea con gli standard di accesso ai marchi europei e americani;<\/li>\n<li><strong>Barriere tecniche<\/strong>: Ha sviluppato in modo indipendente una tecnologia di produzione di sacchetti di formato ultra-grande, monopolizzando 30% della quota di mercato coreana dei sacchetti di carta per abbigliamento.<\/li>\n<\/ul>","protected":false},"excerpt":{"rendered":"<p>Il nostro sacchetto di carta da imballaggio pu\u00f2 essere piegato e steso per la spedizione per ridurre i costi di trasporto. \u00c8 ottimizzato attraverso linee di preindentazione per garantire che rimanga inalterato dopo la piegatura e il processo di stampa a caldo sulla superficie migliora la stratificazione visiva.<\/p>","protected":false},"featured_media":638,"template":"","meta":{"_kad_post_transparent":"default","_kad_post_title":"","_kad_post_layout":"default","_kad_post_sidebar_id":"","_kad_post_content_style":"default","_kad_post_vertical_padding":"default","_kad_post_feature":"","_kad_post_feature_position":"","_kad_post_header":false,"_kad_post_footer":false,"_kad_post_classname":""},"product_brand":[],"product_cat":[15,28,30,17],"product_tag":[220,218,219],"class_list":{"0":"post-634","1":"product","2":"type-product","3":"status-publish","4":"has-post-thumbnail","6":"product_cat-red-light-therapy","7":"product_cat-customize","8":"product_cat-dropshipping","9":"product_cat-services","10":"product_tag-luxury-apparel-cosmetic-paper-bags","11":"product_tag-shopping-paper-bags-for-apparel","12":"product_tag-shopping-paper-bags-for-cosmetic","14":"first","15":"instock","16":"shipping-taxable","17":"product-type-simple","18":"entry","19":"content-bg","20":"loop-entry"},"_links":{"self":[{"href":"https:\/\/red-lighttherapy.com\/it\/wp-json\/wp\/v2\/product\/634","targetHints":{"allow":["GET"]}}],"collection":[{"href":"https:\/\/red-lighttherapy.com\/it\/wp-json\/wp\/v2\/product"}],"about":[{"href":"https:\/\/red-lighttherapy.com\/it\/wp-json\/wp\/v2\/types\/product"}],"wp:featuredmedia":[{"embeddable":true,"href":"https:\/\/red-lighttherapy.com\/it\/wp-json\/wp\/v2\/media\/638"}],"wp:attachment":[{"href":"https:\/\/red-lighttherapy.com\/it\/wp-json\/wp\/v2\/media?parent=634"}],"wp:term":[{"taxonomy":"product_brand","embeddable":true,"href":"https:\/\/red-lighttherapy.com\/it\/wp-json\/wp\/v2\/product_brand?post=634"},{"taxonomy":"product_cat","embeddable":true,"href":"https:\/\/red-lighttherapy.com\/it\/wp-json\/wp\/v2\/product_cat?post=634"},{"taxonomy":"product_tag","embeddable":true,"href":"https:\/\/red-lighttherapy.com\/it\/wp-json\/wp\/v2\/product_tag?post=634"}],"curies":[{"name":"wp","href":"https:\/\/api.w.org\/{rel}","templated":true}]}}