{"id":628,"date":"2025-04-13T07:49:49","date_gmt":"2025-04-13T07:49:49","guid":{"rendered":"https:\/\/red-lighttherapy.com\/?post_type=product&#038;p=628"},"modified":"2025-04-13T08:18:26","modified_gmt":"2025-04-13T08:18:26","slug":"custom-printed-vape-pen-cartridge-packaging-box-manufacturer","status":"publish","type":"product","link":"https:\/\/red-lighttherapy.com\/it\/custom-printed-vape-pen-cartridge-packaging-box-manufacturer\/","title":{"rendered":"Personalizzato stampato Vape Pen Cartuccia Packaging Box Produttore"},"content":{"rendered":"<h2 id=\"16-years-of-craftsmanship-to-create-a-child-resistant-child-resistant-e-cigarette-pen-ink-cartridge-packaging-solution\">Soluzione di imballaggio del produttore di cartucce per penne da svapo stampate su misura<\/h2>\n<h2><strong>1. Resistente ai bambini <\/strong><strong>Design<\/strong><\/h2>\n<p>Adottando un design innovativo della struttura a fibbia, richiede una forza e un angolo specifici per aprirsi, prevenendo efficacemente il rischio che i bambini lo tocchino per errore. Il foro ovale sul lato della scatola di imballaggio \u00e8 combinato con il tipo di scatola estraibile, che non solo soddisfa le esigenze degli adulti per un comodo accesso, ma soddisfa anche gli standard internazionali di sicurezza per i bambini attraverso un design a barriera fisica.<\/p>\n<h2 id=\"-2-drawer-paper-boxes-design-\"><strong>2. Design delle scatole di carta per cassetti<\/strong><\/h2>\n<p>Il tipo di cassetto per la carta \u00e8 incentrato su un'esperienza di apertura e chiusura senza problemi. L'apertura a striscia lunga nera \u00e8 abbinata al colore di sfondo sfumato, che ha sia una bellezza visiva che funzioni pratiche. La struttura del corpo della scatola \u00e8 stabile, pu\u00f2 essere aperta e chiusa ripetutamente senza allentamenti e si adatta perfettamente all'uso ad alta frequenza delle cartucce di inchiostro della penna per sigaretta elettronica.<\/p>\n<h2 id=\"-3-premium-art-paper-\"><strong>3. Carta d'arte premium<\/strong><\/h2>\n<p>Carta patinata selezionata da 300 g o pi\u00f9, con pellicola opaca\/lucida sulla superficie, resistente all'usura e alla pressione e con un'elevata resa dei colori di stampa. Il materiale \u00e8 ecologico e non tossico, e la certificazione ROHS \u00e8 stata superata, assicurando che non sbiadir\u00e0 o si deformer\u00e0 durante lo stoccaggio prolungato, esaltando la texture di alto livello del prodotto.<\/p>\n<h2 id=\"-4-360-customizable-printing-\"><strong>4. Stampa personalizzabile a 360\u00b0<\/strong><\/h2>\n<p>Supporta la stampa multidirezionale sulla superficie, sul lato e sul fondo della scatola e pu\u00f2 sostituire liberamente le parole \"TEXT\" (testo) e \"LOGO\", compatibile con effetti sfumati da monocromatici a a colori. Che si tratti di loghi del marchio, avvertenze o motivi di cartoni animati, possono essere ripristinati con precisione per ottenere un elevato grado di unit\u00e0 visiva tra imballaggio e marchio.<\/p>\n<h2 id=\"-5-tailored-foam-insert-\"><strong>5. Inserto in schiuma su misura<\/strong><\/h2>\n<p>In base alle dimensioni, alla forma e alla disposizione della cartuccia\/penna, forniamo servizi di personalizzazione del rivestimento in EVA\/PEP. La precisione di fustellatura del rivestimento \u00e8 di \u00b10,5 mm, che fissa efficacemente il prodotto per evitare urti e collisioni, ottimizzando l'utilizzo dello spazio e riducendo il tasso di perdita nel trasporto.<\/p>\n<h2 id=\"-6-cartoon-ip-empowerment-marketing-cartoon-visual-impact-\"><strong>6. Cartoon IP Empowerment Marketing (impatto visivo dei cartoni animati)<\/strong><\/h2>\n<p>Design originale o autorizzato dei cartoni animati, come animali carini, illustrazioni alla moda, ecc., con sfumature rosa e viola, marrone e fresco e altri schemi di colore. Le immagini vivaci raggiungono direttamente i giovani gruppi di consumatori, aiutando i marchi a stabilire rapidamente punti di memoria tra i prodotti concorrenti.<\/p>\n<p><em>##\u00a0<\/em>7. 16 anni di approvazione della fabbrica di origine (esperto OEM\/ODM)** Produttore leader in Cina nel settore degli imballaggi per sigarette elettroniche, serve pi\u00f9 di 300 marchi in tutto il mondo e fornisce pi\u00f9 di 50 milioni di scatole di imballaggio personalizzate in totale. Dalle prove di progettazione all'ispezione della qualit\u00e0 della produzione di massa, l'intera catena di fabbriche di propriet\u00e0 \u00e8 controllata per garantire una risposta in 48 ore e una consegna ultraveloce in 7-15 giorni.<\/p>","protected":false},"excerpt":{"rendered":"<p>Questa scatola di carta per cassetti a prova di bambino \u00e8 realizzata in carta patinata di alta qualit\u00e0 e laminata, tenendo conto dell'elevata resa cromatica e della protezione ambientale. Supporta la personalizzazione della stampa full-scene ed \u00e8 dotata di una fustellatura precisa per evitare urti e pressioni. Grazie all'innovazione strutturale e all'ottimizzazione dei materiali, raggiunge un triplice equilibrio tra protezione della sicurezza, fascino visivo ed efficienza di trasporto.<\/p>","protected":false},"featured_media":631,"template":"","meta":{"_kad_post_transparent":"default","_kad_post_title":"","_kad_post_layout":"default","_kad_post_sidebar_id":"","_kad_post_content_style":"default","_kad_post_vertical_padding":"default","_kad_post_feature":"","_kad_post_feature_position":"","_kad_post_header":false,"_kad_post_footer":false,"_kad_post_classname":""},"product_brand":[],"product_cat":[15,40,17],"product_tag":[216,217,215],"class_list":{"0":"post-628","1":"product","2":"type-product","3":"status-publish","4":"has-post-thumbnail","6":"product_cat-red-light-therapy","7":"product_cat-red-light-therapy-panel","8":"product_cat-services","9":"product_tag-cartridge-packaging-manufacturer","10":"product_tag-custom-vape-packaging","11":"product_tag-vape-pen-cartridge-packaging","13":"first","14":"instock","15":"shipping-taxable","16":"product-type-simple","17":"entry","18":"content-bg","19":"loop-entry"},"_links":{"self":[{"href":"https:\/\/red-lighttherapy.com\/it\/wp-json\/wp\/v2\/product\/628","targetHints":{"allow":["GET"]}}],"collection":[{"href":"https:\/\/red-lighttherapy.com\/it\/wp-json\/wp\/v2\/product"}],"about":[{"href":"https:\/\/red-lighttherapy.com\/it\/wp-json\/wp\/v2\/types\/product"}],"wp:featuredmedia":[{"embeddable":true,"href":"https:\/\/red-lighttherapy.com\/it\/wp-json\/wp\/v2\/media\/631"}],"wp:attachment":[{"href":"https:\/\/red-lighttherapy.com\/it\/wp-json\/wp\/v2\/media?parent=628"}],"wp:term":[{"taxonomy":"product_brand","embeddable":true,"href":"https:\/\/red-lighttherapy.com\/it\/wp-json\/wp\/v2\/product_brand?post=628"},{"taxonomy":"product_cat","embeddable":true,"href":"https:\/\/red-lighttherapy.com\/it\/wp-json\/wp\/v2\/product_cat?post=628"},{"taxonomy":"product_tag","embeddable":true,"href":"https:\/\/red-lighttherapy.com\/it\/wp-json\/wp\/v2\/product_tag?post=628"}],"curies":[{"name":"wp","href":"https:\/\/api.w.org\/{rel}","templated":true}]}}