{"id":610,"date":"2025-04-13T07:04:49","date_gmt":"2025-04-13T07:04:49","guid":{"rendered":"https:\/\/red-lighttherapy.com\/?post_type=product&#038;p=610"},"modified":"2025-04-13T07:17:38","modified_gmt":"2025-04-13T07:17:38","slug":"custom-scarves-apparel-t-shirt-paper-tube-packaging-wholesale","status":"publish","type":"product","link":"https:\/\/red-lighttherapy.com\/it\/custom-scarves-apparel-t-shirt-paper-tube-packaging-wholesale\/","title":{"rendered":"Sciarpe personalizzate Abbigliamento T-Shirt carta tubo imballaggio all'ingrosso"},"content":{"rendered":"<h2 id=\"customized-scarf-clothing-t-shirt-paper-tube-packaging-product-description\">Descrizione del prodotto per l'imballaggio del tubo di carta di abbigliamento sciarpa personalizzata T-shirt<\/h2>\n<h2 id=\"1-fresh-visual-experience-\">1.\u00a0<strong>Esperienza visiva fresca<\/strong><\/h2>\n<ul>\n<li>Il corpo della scatola adotta un design azzurro, con un effetto visivo tranquillo e trasparente, che si adatta perfettamente al posizionamento puro e delicato dei prodotti per l'infanzia. La superficie \u00e8 ricoperta da fitti disegni di cartoni animati (gattini, orsetti, nuvole, stelle, ecc.) e la delicata texture \u00e8 ottenuta grazie a una tecnologia di stampa ad alta precisione, che trasmette un divertimento infantile e un'atmosfera calda.<\/li>\n<li><strong>Design della finestra<\/strong>: Il corpo della scatola adotta in parte una finestra trasparente, in modo che i consumatori possano osservare direttamente il materiale e i dettagli delle sciarpe interne, delle magliette e di altri prodotti, migliorando la fiducia nell'acquisto e l'esperienza interattiva.<\/li>\n<\/ul>\n<h2 id=\"2-environmentally-friendly-materials-and-high-quality-printing-\">2.\u00a0<strong>Materiali ecologici e stampa di alta qualit\u00e0<\/strong><\/h2>\n<ul>\n<li>Utilizzo\u00a0<strong>Carta patinata ecologica certificata FSC<\/strong>La superficie \u00e8 liscia e piatta, l'assorbimento dell'inchiostro \u00e8 uniforme e il grado di riproduzione del colore \u00e8 superiore a 95%, assicurando che il disegno sia brillante e duraturo.<\/li>\n<li>Il materiale ha superato il\u00a0<strong>Certificazione del sistema di gestione della qualit\u00e0 ISO<\/strong>soddisfa gli standard di sicurezza dei prodotti per l'infanzia e la maternit\u00e0, \u00e8 atossico e innocuo e pu\u00f2 essere riciclato e degradato, aiutando il marchio a creare un doppio marchio \"verde + qualit\u00e0\".<\/li>\n<\/ul>\n<h2 id=\"3-flexible-customization-solution-\">3.\u00a0<strong>Soluzione di personalizzazione flessibile<\/strong><\/h2>\n<ul>\n<li><strong>Tipo e dimensioni della scatola<\/strong>: Supporta la personalizzazione di vari tipi di scatole, come le scatole cilindriche e le scatole quadrate, con dimensioni che vanno dalla S alla XXL, adatte a diverse forme di prodotto come sciarpe, magliette e vestiti per bambini.<\/li>\n<li><strong>Stampa e artigianato<\/strong>: Stampa a caldo personalizzabile, goffratura UV, verniciatura locale e altri processi per soddisfare esigenze diverse come il LOGO del marchio, il co-branding IP e i temi delle festivit\u00e0.<\/li>\n<\/ul>\n<h2 id=\"4-direct-supply-from-chinese-source-factory-\">4.\u00a0<strong>Fornitura diretta dalla fabbrica di origine cinese<\/strong><\/h2>\n<ul>\n<li>Prodotto nella nostra fabbrica, utilizzando attrezzature completamente automatizzate e sistemi di stoccaggio intelligenti per garantire che il ciclo di consegna degli ordini all'ingrosso sia abbreviato di 30% e il costo sia ridotto di 20%.<\/li>\n<li>Fornire un servizio one-stop, dalla prova di progettazione alla distribuzione logistica, ridurre il legame con gli intermediari e migliorare l'efficienza della comunicazione e il controllo dei costi.<\/li>\n<\/ul>\n<h2 id=\"-certification-and-brand-empowerment-\"><strong>5. Certificazione e potenziamento del marchio<\/strong><\/h2>\n<ol>\n<li><strong>Approvazione della doppia certificazione<\/strong><\/li>\n<li><strong>Certificazione forestale FSC<\/strong>: Assicurarsi che i materiali di imballaggio provengano da foreste gestite in modo sostenibile e trasmettere il concetto di responsabilit\u00e0 ambientale.<\/li>\n<li><strong>Certificazione di qualit\u00e0 ISO 9001<\/strong>: La standardizzazione dell'intero processo, dall'approvvigionamento delle materie prime alla produzione, garantisce la durata e la coerenza del prodotto.<\/li>\n<\/ol>\n<h2 id=\"-application-scenarios-and-customer-value-\"><strong>Scenari applicativi e valore per il cliente<\/strong><\/h2>\n<ul>\n<li><strong>Marchio di abbigliamento per mamma e bambino<\/strong>: Gli elementi dei cartoni animati e i toni del blu chiaro si adattano al tono dei prodotti per l'infanzia, mentre il design della finestra facilita la visualizzazione delle caratteristiche di morbidezza e delicatezza della pelle del prodotto.<\/li>\n<li><strong>Marchio di abbigliamento di moda<\/strong>: Il tipo di scatola e il processo di stampa personalizzati possono migliorare la riconoscibilit\u00e0 del marchio, come ad esempio l'edizione limitata per le vacanze e le confezioni IP in co-branding.<\/li>\n<li><strong>Regali e commercio elettronico transfrontaliero<\/strong>: I materiali ecologici e le etichette a doppia certificazione soddisfano i requisiti per l'accesso al mercato in Europa e negli Stati Uniti, aiutando i marchi ad andare oltreoceano.<\/li>\n<\/ul>","protected":false},"excerpt":{"rendered":"<p>Questa confezione in tubo di carta utilizza come colore principale l'azzurro, che ha un effetto visivo fresco e tranquillo e pu\u00f2 creare rapidamente un'atmosfera leggera e trasparente. La superficie della scatola \u00e8 ricoperta da fitti disegni di cartoni animati (come gattini, orsetti, nuvole, stelle, fiori, ecc.). Lo stile \u00e8 fresco e carino, in linea con il posizionamento dei prodotti materno-infantili.<\/p>","protected":false},"featured_media":612,"template":"","meta":{"_kad_post_transparent":"default","_kad_post_title":"","_kad_post_layout":"default","_kad_post_sidebar_id":"","_kad_post_content_style":"default","_kad_post_vertical_padding":"default","_kad_post_feature":"","_kad_post_feature_position":"","_kad_post_header":false,"_kad_post_footer":false,"_kad_post_classname":""},"product_brand":[],"product_cat":[15,30,17],"product_tag":[210,209,208],"class_list":{"0":"post-610","1":"product","2":"type-product","3":"status-publish","4":"has-post-thumbnail","6":"product_cat-red-light-therapy","7":"product_cat-dropshipping","8":"product_cat-services","9":"product_tag-apparel-paper-tube-wholesale","10":"product_tag-apparel-t-shirt-paper-tube","11":"product_tag-custom-scarves-packaging","13":"first","14":"instock","15":"shipping-taxable","16":"product-type-simple","17":"entry","18":"content-bg","19":"loop-entry"},"_links":{"self":[{"href":"https:\/\/red-lighttherapy.com\/it\/wp-json\/wp\/v2\/product\/610","targetHints":{"allow":["GET"]}}],"collection":[{"href":"https:\/\/red-lighttherapy.com\/it\/wp-json\/wp\/v2\/product"}],"about":[{"href":"https:\/\/red-lighttherapy.com\/it\/wp-json\/wp\/v2\/types\/product"}],"wp:featuredmedia":[{"embeddable":true,"href":"https:\/\/red-lighttherapy.com\/it\/wp-json\/wp\/v2\/media\/612"}],"wp:attachment":[{"href":"https:\/\/red-lighttherapy.com\/it\/wp-json\/wp\/v2\/media?parent=610"}],"wp:term":[{"taxonomy":"product_brand","embeddable":true,"href":"https:\/\/red-lighttherapy.com\/it\/wp-json\/wp\/v2\/product_brand?post=610"},{"taxonomy":"product_cat","embeddable":true,"href":"https:\/\/red-lighttherapy.com\/it\/wp-json\/wp\/v2\/product_cat?post=610"},{"taxonomy":"product_tag","embeddable":true,"href":"https:\/\/red-lighttherapy.com\/it\/wp-json\/wp\/v2\/product_tag?post=610"}],"curies":[{"name":"wp","href":"https:\/\/api.w.org\/{rel}","templated":true}]}}