{"id":602,"date":"2025-04-12T14:02:24","date_gmt":"2025-04-12T14:02:24","guid":{"rendered":"https:\/\/red-lighttherapy.com\/?post_type=product&#038;p=602"},"modified":"2025-04-12T18:07:09","modified_gmt":"2025-04-12T18:07:09","slug":"food-grade-tea-candle-kraft-paper-tube-packaging-supplier","status":"publish","type":"product","link":"https:\/\/red-lighttherapy.com\/it\/food-grade-tea-candle-kraft-paper-tube-packaging-supplier\/","title":{"rendered":"Fornitore d'imballaggio della metropolitana di carta kraft della candela del t\u00e8 del commestibile"},"content":{"rendered":"<h2 id=\"food-grade-tea-candle-kraft-paper-tube-packaging-product-description\">Fornitore d'imballaggio della metropolitana di carta kraft della candela del t\u00e8 del commestibile Descrizione del prodotto<\/h2>\n<h2 id=\"1-structural-design-split-buckle-structure-\">1.\u00a0<strong>Design strutturale: struttura a fibbia divisa<\/strong><\/h2>\n<ul>\n<li><strong>Design separato delle coperture superiore e inferiore<\/strong>: Il coperchio e il corpo della scatola adottano una struttura indipendente e il diametro del coperchio \u00e8 leggermente superiore a quello del corpo della scatola (la tolleranza \u00e8 controllata entro 0,5 mm). Il processo di fustellatura di precisione \u00e8 utilizzato per ottenere una piegatura senza soluzione di continuit\u00e0, in modo da garantire che non si verifichino allentamenti o aperture accidentali durante il trasporto.<\/li>\n<li><strong>Sistema di chiusura dello slot per schede a profondit\u00e0 ridotta<\/strong>: All'interno del coperchio \u00e8 presente una fessura circolare poco profonda (profondit\u00e0 1-2 mm), che forma una chiusura con la flangia superiore del corpo della scatola. L'utente pu\u00f2 aprirla con una leggera pressione, mentre quando \u00e8 chiusa si richiude e si blocca automaticamente, combinando comodit\u00e0 e decoro.<\/li>\n<\/ul>\n<h2 id=\"2-environmentally-friendly-material-degradable-food-grade-kraft-paper-\">2.\u00a0<strong>Materiale ecologico: carta kraft alimentare degradabile<\/strong><\/h2>\n<ul>\n<li><strong>Materie prime e artigianato<\/strong>: Realizzato con pasta di legno o fibra riciclata certificata FSC, ha superato i test di sicurezza alimentare (in conformit\u00e0 con gli standard GB 4806.8), non contiene agenti fluorescenti, plastificanti e altre sostanze nocive e pu\u00f2 entrare direttamente in contatto con il corpo della candela.<\/li>\n<li><strong>Prestazioni di degrado<\/strong>: Completamente degradato entro 6-12 mesi in ambiente naturale, il prodotto della degradazione \u00e8 una fibra naturale e non vi \u00e8 alcun rischio di inquinamento del suolo.<\/li>\n<\/ul>\n<h2 id=\"3-function-optimization-inner-wall-reinforcement-and-protection-\">3.\u00a0<strong>Ottimizzazione della funzione: rinforzo e protezione della parete interna<\/strong><\/h2>\n<ul>\n<li><strong>Trattamento della parete interna liscia<\/strong>: Un rivestimento in PE alimentare di 0,05 mm di spessore viene formato attraverso un processo di laminazione per garantire che la parete interna sia liscia e priva di bave, evitare graffi sulla superficie della candela e migliorare la resistenza alla compressione (capacit\u00e0 di carico fino a 5 kg).<\/li>\n<li><strong>A prova di umidit\u00e0<\/strong>: La carta kraft di grammatura \u2265 250g\/m\u00b2, con rivestimento interno, pu\u00f2 bloccare l'impatto delle variazioni di umidit\u00e0 sulla struttura della candela.<\/li>\n<\/ul>\n<h2 id=\"4-visual-design-minimalist-natural-aesthetics-\">4.\u00a0<strong>Design visivo: estetica naturale e minimalista<\/strong><\/h2>\n<ul>\n<li><strong>Colore e stampa<\/strong>: Il corpo della scatola utilizza un colore di base marrone chiaro (Pantone 16-1125 TPX) e la superficie \u00e8 stampata in monocromia con inchiostro a base d'acqua. Il motivo \u00e8 costituito principalmente da linee vegetali come felci e foglie di ulivo, mentre lo spazio bianco locale rappresenta \u226540%, creando un equilibrio visivo di \"meno \u00e8 meglio\".<\/li>\n<li><strong>Presentazione della texture<\/strong>: La texture naturale della carta kraft viene mantenuta e il processo di laminazione opaca viene utilizzato per migliorare la delicatezza tattile e la sensazione di qualit\u00e0.<\/li>\n<\/ul>\n<h2 id=\"-technical-parameters-\"><strong>5. Parametri tecnici<\/strong><\/h2>\n<table>\n<thead>\n<tr>\n<th>Progetto<\/th>\n<th>Specifiche tecniche<\/th>\n<\/tr>\n<\/thead>\n<tbody>\n<tr>\n<td>Materiale<\/td>\n<td>Carta kraft per uso alimentare (tutta pasta di legno\/fibra riciclata)<\/td>\n<\/tr>\n<tr>\n<td>Gamma di diametri<\/td>\n<td>50-150 mm (\u00e8 supportata la personalizzazione)<\/td>\n<\/tr>\n<tr>\n<td>Gamma di altezza<\/td>\n<td>80-300 mm (possibilit\u00e0 di personalizzazione)<\/td>\n<\/tr>\n<tr>\n<td>Spessore della parete<\/td>\n<td>1,2-2,5 mm (regolabile)<\/td>\n<\/tr>\n<tr>\n<td>Capacit\u00e0 di carico<\/td>\n<td>\u22645kg<\/td>\n<\/tr>\n<tr>\n<td>Quantit\u00e0 minima ordinabile<\/td>\n<td>500 pezzi (\u00e8 supportata la prova in piccoli lotti)<\/td>\n<\/tr>\n<\/tbody>\n<\/table>\n<h2 id=\"-supplier-service-advantages-\"><strong>6. Vantaggi del servizio del fornitore<\/strong><\/h2>\n<ul>\n<li><strong>Supporto alla personalizzazione<\/strong>: Fornire un servizio di personalizzazione unico per dimensioni, modello e processo e consegnare le prove di stampa entro 3-5 giorni lavorativi.<\/li>\n<li><strong>Certificazione ambientale<\/strong>: Superato il sistema di gestione ambientale ISO 14001 e la certificazione FDA per i materiali a contatto con gli alimenti.<\/li>\n<li><strong>Garanzia di capacit\u00e0<\/strong>: Produzione giornaliera \u2265 100.000 pezzi, che supporta la fornitura speciale transfrontaliera e la produzione accelerata di ordini urgenti.<\/li>\n<\/ul>\n<h2 id=\"-application-scenarios-\"><strong>Scenari di applicazione<\/strong><\/h2>\n<ul>\n<li><strong>Marchi di candele da t\u00e8 di alta gamma<\/strong>: Adatto al confezionamento di candele ecologiche come la cera di soia naturale e la cera d'api.<\/li>\n<li><strong>Mercato dei regali e delle feste<\/strong>: Pu\u00f2 essere abbinato a elementi decorativi come corda di canapa e fiori secchi per aumentare il valore aggiunto dei regali.<\/li>\n<li><strong>Commercio al dettaglio sostenibile<\/strong>: In linea con il concetto di \"rifiuti zero\", \u00e8 adatto a canali come i negozi biologici e i mercati ambientali.<\/li>\n<\/ul>","protected":false},"excerpt":{"rendered":"<p>Questo prodotto \u00e8 una scatola cilindrica ecologica progettata per le candele da t\u00e8. \u00c8 realizzata in carta kraft alimentare, combinata con una struttura innovativa e un'estetica minimalista, per raggiungere l'unit\u00e0 di funzionalit\u00e0 e sostenibilit\u00e0. \u00c8 adatta a scene come candele profumate, candele artigianali, candele da regalo, ecc., tenendo conto della protezione, della praticit\u00e0 e della bellezza visiva.<\/p>","protected":false},"featured_media":604,"template":"","meta":{"_kad_post_transparent":"default","_kad_post_title":"","_kad_post_layout":"default","_kad_post_sidebar_id":"","_kad_post_content_style":"default","_kad_post_vertical_padding":"default","_kad_post_feature":"","_kad_post_feature_position":"","_kad_post_header":false,"_kad_post_footer":false,"_kad_post_classname":""},"product_brand":[],"product_cat":[15,17],"product_tag":[206,207,205],"class_list":{"0":"post-602","1":"product","2":"type-product","3":"status-publish","4":"has-post-thumbnail","6":"product_cat-red-light-therapy","7":"product_cat-services","8":"product_tag-candle-paper-tube-packaging","9":"product_tag-food-grade-tea-supplier","10":"product_tag-tea-paper-tube","12":"first","13":"instock","14":"shipping-taxable","15":"product-type-simple","16":"entry","17":"content-bg","18":"loop-entry"},"_links":{"self":[{"href":"https:\/\/red-lighttherapy.com\/it\/wp-json\/wp\/v2\/product\/602","targetHints":{"allow":["GET"]}}],"collection":[{"href":"https:\/\/red-lighttherapy.com\/it\/wp-json\/wp\/v2\/product"}],"about":[{"href":"https:\/\/red-lighttherapy.com\/it\/wp-json\/wp\/v2\/types\/product"}],"wp:featuredmedia":[{"embeddable":true,"href":"https:\/\/red-lighttherapy.com\/it\/wp-json\/wp\/v2\/media\/604"}],"wp:attachment":[{"href":"https:\/\/red-lighttherapy.com\/it\/wp-json\/wp\/v2\/media?parent=602"}],"wp:term":[{"taxonomy":"product_brand","embeddable":true,"href":"https:\/\/red-lighttherapy.com\/it\/wp-json\/wp\/v2\/product_brand?post=602"},{"taxonomy":"product_cat","embeddable":true,"href":"https:\/\/red-lighttherapy.com\/it\/wp-json\/wp\/v2\/product_cat?post=602"},{"taxonomy":"product_tag","embeddable":true,"href":"https:\/\/red-lighttherapy.com\/it\/wp-json\/wp\/v2\/product_tag?post=602"}],"curies":[{"name":"wp","href":"https:\/\/api.w.org\/{rel}","templated":true}]}}