{"id":596,"date":"2025-04-12T12:06:18","date_gmt":"2025-04-12T12:06:18","guid":{"rendered":"https:\/\/red-lighttherapy.com\/?post_type=product&#038;p=596"},"modified":"2025-04-12T14:02:15","modified_gmt":"2025-04-12T14:02:15","slug":"paper-tube-packaging-cosmetic-perfume-packaging-wholesale","status":"publish","type":"product","link":"https:\/\/red-lighttherapy.com\/it\/paper-tube-packaging-cosmetic-perfume-packaging-wholesale\/","title":{"rendered":"Tubo di carta imballaggio cosmetico profumo imballaggio all'ingrosso"},"content":{"rendered":"<h2 id=\"paper-tube-packaging-cosmetics-and-perfume-packaging-wholesale-product-description\">Tubo di carta per l'imballaggio di cosmetici e profumi all'ingrosso descrizione del prodotto<\/h2>\n<h2 id=\"1-design-concept-the-perfect-fusion-of-simplicity-and-luxury-\">1.\u00a0<strong>Concetto di design: la perfetta fusione di semplicit\u00e0 e lusso<\/strong><\/h2>\n<p>Le nostre confezioni cilindriche in carta si basano su linee morbide e adottano un design ergonomico a rapporto aureo. \u00c8 facile da aprire e chiudere e comodo da prendere. \u00c8 adatta a prodotti eccellenti come profumi e cosmetici di alta gamma. Le dimensioni complessive liberano le decorazioni infruttuose e adottano un'estetica minimale nella forma. Il colore nero principale \u00e8 decorato con la tecnologia di stampa a caldo, che non solo espone la natura low-key e sobria del marchio, ma descrive anche una magnifica struttura attraverso la luminosit\u00e0 del metallo, che si adatta perfettamente alla posizione del mercato.<\/p>\n<h2 id=\"2-core-technology-environmentally-friendly-materials-and-high-end-hot-stamping-technology-\">2.\u00a0<strong>Tecnologia di base: materiali ecocompatibili e tecnologia di stampa a caldo di alto livello<\/strong><\/h2>\n<ol>\n<li><strong>Contenuto di carta patinata ecologica<\/strong>: Il corpo della scatola \u00e8 costituito da carta spessa ed ecologica (250-400 g), che presenta un'elevata durezza e lubrificazione, assicurando che l'imballaggio sia resistente alla pressione e all'umidit\u00e0 e proteggendo efficacemente i materiali dall'estrusione del trasporto o dall'umidit\u00e0 ambientale. La carta ha superato la certificazione di sicurezza alimentare, \u00e8 atossica e inodore e soddisfa gli standard internazionali di imballaggio ecologico.<\/li>\n<li><strong>Processo di stampa a caldo senza inchiostro<\/strong>: Attraverso stampi in silicone ad alta temperatura, la lamina metallica viene stampata con precisione per presentare immagini e testi tridimensionali stampati a caldo senza inchiostro. Questo processo \u00e8 altamente ecologico e il colore del metallo \u00e8 duraturo e non sbiadito. \u00c8 particolarmente indicato per i prodotti di fascia alta, come cosmetici e profumi, che devono mettere in evidenza il logo del marchio. Il modello di stampa a caldo pu\u00f2 essere personalizzato come LOGO, motivo o linea d'arte astratta per migliorare il riconoscimento dell'imballaggio e l'effetto espositivo.<\/li>\n<\/ol>\n<h2 id=\"iii-customized-service-accurately-match-market-demand-\">3. <strong>Servizio personalizzato: Corrispondere accuratamente alla domanda del mercato<\/strong><\/h2>\n<ol>\n<li><strong>Fodera interna a movimento zero<\/strong>: EVA, cotone perlato, tessuto floccato e altri materiali di rivestimento tra cui scegliere, personalizzati in base alla forma del prodotto per ottenere un effetto di fissaggio a \"spostamento zero\". Ad esempio, i flaconi di profumo possono utilizzare un supporto interno in spugna sagomata per evitare scuotimenti; i cosmetici fragili possono essere abbinati a uno strato di tamponamento in flock per tenere conto della protezione e del rituale di disimballaggio.<\/li>\n<li><strong>Adattamento del mercato regionale<\/strong>: Adattamento flessibile dei dettagli del packaging in base alle preferenze culturali e alle abitudini di consumo del mercato del cliente. Ad esempio:<\/li>\n<li><strong>Mercati europei e americani<\/strong>: preferisco le linee minimaliste di stampa a caldo e il nero opaco;<\/li>\n<li><strong>Mercati asiatici<\/strong>preferiscono modelli complessi di stampa a caldo e materiali lucidi. Supportare la personalizzazione dell'intero processo, dalle dimensioni, al modello, all'artigianato, per favorire la strategia di localizzazione del marchio.<\/li>\n<\/ol>\n<h2 id=\"iv-source-factory-advantages-quality-and-cost-\">4. <strong>Vantaggi della fabbrica di origine: qualit\u00e0 e costi<\/strong><\/h2>\n<p>Essendo una delle tre principali fabbriche di imballaggi in carta in Cina, integriamo le seguenti risorse fondamentali:<\/p>\n<ul>\n<li><strong>Produzione in scala<\/strong>: 50.000 metri quadrati di fabbriche autogestite, con una capacit\u00e0 produttiva giornaliera di oltre 10.000 pezzi, e supporto per la consegna in 48 ore di ordini urgenti;<\/li>\n<li><strong>Vantaggio di costo<\/strong>: Eliminando la differenza di prezzo degli intermediari, il prezzo unitario degli imballaggi in carta patinata per la stampa a caldo \u00e8 20%-30% inferiore al prezzo medio del mercato;<\/li>\n<li><strong>Garanzia di qualit\u00e0<\/strong>: Grazie al controllo di processo standardizzato ISO, viene fornito un servizio di consegna di campioni gratuiti per supportare i clienti a condurre ispezioni in fabbrica.<\/li>\n<\/ul>\n<h2 id=\"5-application-scenarios-and-case-studies-\">5.\u00a0<strong>Scenari applicativi e casi di studio<\/strong><\/h2>\n<ul>\n<li><strong>Serie di profumi<\/strong>: Scatola cilindrica da 30 ml (5 cm di diametro \u00d7 12 cm di altezza), con rivestimento in velluto e LOGO del marchio impresso in oro;<\/li>\n<li><strong>Set per la cura della pelle di alta gamma<\/strong>: barattolo di carta a doppio strato, con essenza sullo strato superiore e confezioni di ricambio sullo strato inferiore, e un design del coperchio magnetico apri e chiudi;<\/li>\n<li><strong>Confezione regalo per le vacanze<\/strong>: scatola a forma di cuore con tecnologia a rilievo in oro, con all'interno biglietti d'auguri e nastri personalizzati per valorizzare il regalo.<\/li>\n<\/ul>\n<h2 id=\"6-cooperation-process-\">6.\u00a0<strong>Processo di cooperazione<\/strong><\/h2>\n<ol>\n<li><strong>Comunicazione della domanda<\/strong>: Fornire le dimensioni del prodotto, la bozza di progetto o il campione;<\/li>\n<li><strong>Conferma della prova di stampa<\/strong>: Inviare il campione fisico entro 3-5 giorni lavorativi;<\/li>\n<li><strong>Produzione di massa<\/strong>: La consegna viene effettuata 7-10 giorni dopo la firma del contratto;<\/li>\n<li><strong>Assistenza post-vendita<\/strong>: Fornire servizi a valore aggiunto come lo stoccaggio e la sostituzione.<\/li>\n<\/ol>","protected":false},"excerpt":{"rendered":"<p>L'imballaggio in tubo di carta dalle linee morbide \u00e8 adatto per essere tenuto e aperto a mano. \u00c8 facile da aprire e chiudere. Il design \u00e8 semplice ed elegante. Il processo di stampa a caldo dell'oro non richiede la stampa a inchiostro. \u00c8 molto adatto per la stampa su marchi di fascia alta, come le scatole di imballaggio di cosmetici e profumi.<\/p>","protected":false},"featured_media":597,"template":"","meta":{"_kad_post_transparent":"default","_kad_post_title":"","_kad_post_layout":"default","_kad_post_sidebar_id":"","_kad_post_content_style":"default","_kad_post_vertical_padding":"default","_kad_post_feature":"","_kad_post_feature_position":"","_kad_post_header":false,"_kad_post_footer":false,"_kad_post_classname":""},"product_brand":[],"product_cat":[15,28,17],"product_tag":[202,203,204],"class_list":{"0":"post-596","1":"product","2":"type-product","3":"status-publish","4":"has-post-thumbnail","6":"product_cat-red-light-therapy","7":"product_cat-customize","8":"product_cat-services","9":"product_tag-cosmetic-paper-tube","10":"product_tag-perfume-packaging-wholesale","11":"product_tag-perfume-paper-tube","13":"first","14":"instock","15":"shipping-taxable","16":"product-type-simple","17":"entry","18":"content-bg","19":"loop-entry"},"_links":{"self":[{"href":"https:\/\/red-lighttherapy.com\/it\/wp-json\/wp\/v2\/product\/596","targetHints":{"allow":["GET"]}}],"collection":[{"href":"https:\/\/red-lighttherapy.com\/it\/wp-json\/wp\/v2\/product"}],"about":[{"href":"https:\/\/red-lighttherapy.com\/it\/wp-json\/wp\/v2\/types\/product"}],"wp:featuredmedia":[{"embeddable":true,"href":"https:\/\/red-lighttherapy.com\/it\/wp-json\/wp\/v2\/media\/597"}],"wp:attachment":[{"href":"https:\/\/red-lighttherapy.com\/it\/wp-json\/wp\/v2\/media?parent=596"}],"wp:term":[{"taxonomy":"product_brand","embeddable":true,"href":"https:\/\/red-lighttherapy.com\/it\/wp-json\/wp\/v2\/product_brand?post=596"},{"taxonomy":"product_cat","embeddable":true,"href":"https:\/\/red-lighttherapy.com\/it\/wp-json\/wp\/v2\/product_cat?post=596"},{"taxonomy":"product_tag","embeddable":true,"href":"https:\/\/red-lighttherapy.com\/it\/wp-json\/wp\/v2\/product_tag?post=596"}],"curies":[{"name":"wp","href":"https:\/\/api.w.org\/{rel}","templated":true}]}}