{"id":589,"date":"2025-04-12T11:23:53","date_gmt":"2025-04-12T11:23:53","guid":{"rendered":"https:\/\/red-lighttherapy.com\/?post_type=product&#038;p=589"},"modified":"2025-04-12T12:06:10","modified_gmt":"2025-04-12T12:06:10","slug":"supplier-custom-textured-paper-tube-packaging-essential-oil","status":"publish","type":"product","link":"https:\/\/red-lighttherapy.com\/it\/supplier-custom-textured-paper-tube-packaging-essential-oil\/","title":{"rendered":"Fornitore Tubo di carta testurizzato personalizzato che imballa olio essenziale"},"content":{"rendered":"<h2 id=\"-customized-textured-paper-tube-essential-oil-packaging-product-description-\"><strong>Tubo di carta testurizzato su misura per l'imballaggio dell'olio essenziale Descrizione del prodotto<\/strong><\/h2>\n<h2 id=\"-1-healing-visual-experience-\"><strong>1. Esperienza visiva curativa<\/strong><\/h2>\n<p>Questa confezione cilindrica \u00e8 principalmente di colore rosa macaron. La tonalit\u00e0 rosa tenue e a bassa saturazione pu\u00f2 ridurre efficacemente l'affaticamento visivo. Il design dalle linee semplici crea un'atmosfera sensoriale rilassante e curativa, che si adatta alle propriet\u00e0 curative naturali dei prodotti a base di oli essenziali. La superficie della scatola di imballaggio adotta la tecnologia della texture opaca, che ha un tocco delicato e migliora ulteriormente la doppia esperienza di comfort della vista e del tatto.<\/p>\n<h2 id=\"-2-innovative-top-and-bottom-cover-structure-\"><strong>2. Innovativa struttura del coperchio superiore e inferiore<\/strong><\/h2>\n<p>Viene adottato il design del coperchio superiore e inferiore diviso in due. Quando il corpo della scatola \u00e8 chiuso, si adatta perfettamente. Non ci sono decorazioni ridondanti sulla linea di demarcazione e il contorno liscio \u00e8 delineato da linee geometriche minimaliste. La forma cilindrica \u00e8 combinata con il processo di chiusura a micro-arco per presentare una morbida sensazione di stratificazione. Il momento dell'apertura e della chiusura ha un senso di rituale e di praticit\u00e0, adatto alle esigenze espositive di profumi, candele e altri prodotti.<\/p>\n<h2 id=\"-3-embossed-texture-technology-\"><strong>3. Tecnologia di texture in rilievo<\/strong><\/h2>\n<p>La superficie del contenitore \u00e8 ricoperta da una texture in rilievo poco profonda, con sottili increspature orizzontali che simulano le increspature naturali, e parzialmente punteggiata da motivi floreali radiali scuri, che formano un effetto di luce e ombra sfumata grazie alla profondit\u00e0 di microincisione di 0,3-0,5 mm. Il design della texture non solo migliora l'esperienza di presa antiscivolo, ma presenta anche una texture tridimensionale incombente sotto diversi angoli di luce, conferendo alla confezione un'espressione artistica bassa e profonda.<\/p>\n<h2 id=\"-4-highly-customized-solutions-\"><strong>4. Soluzioni altamente personalizzate<\/strong><\/h2>\n<p>Supporta la completa personalizzazione delle dimensioni, della struttura e del processo di stampa:<\/p>\n<ul>\n<li><strong>Adattabilit\u00e0<\/strong>: Il diametro interno\/altezza pu\u00f2 essere regolato per adattarsi a flaconi di olio essenziale da 30ml-200ml, vasetti di crema per il viso da 50-500g o candele per aromaterapia di diametro 5-15cm;<\/li>\n<li><strong>Espansione della funzione<\/strong>: Fodera opzionale EVA antiurto, fibbia magnetica di apertura e chiusura o nastro di tenuta e altri dettagli possono essere equipaggiati per soddisfare le esigenze di confezioni regalo di alta gamma;<\/li>\n<li><strong>Personalizzazione visiva<\/strong>: Supporta la stampa a colori speciale, la stampa a caldo, la verniciatura locale UV e altri processi e pu\u00f2 essere integrata con il LOGO del marchio o con modelli personalizzati.<\/li>\n<\/ul>\n<h2 id=\"-5-quality-assurance-and-delivery-service-\"><strong>5. Garanzia di qualit\u00e0 e servizio di consegna<\/strong><\/h2>\n<p>Grazie a 16 anni di esperienza nel settore dell'imballaggio e della stampa, la fabbrica \u00e8 dotata di macchine fustellatrici completamente automatiche, linee di collegamento per la stampa rotocalco e apparecchiature intelligenti per l'ispezione della qualit\u00e0, in modo da ottenere una prova rapida in 72 ore e una consegna della produzione di massa in 15 giorni. Forniamo servizi one-stop, dalle proposte di design alla selezione dei materiali, fino alla distribuzione logistica, per garantire che la qualit\u00e0 dell'imballaggio e il ciclo di produzione siano controllabili con precisione.<\/p>\n<h2 id=\"-applicable-scenarios-\"><strong>Scenari applicabili<\/strong><\/h2>\n<ul>\n<li>Serie di oli essenziali\/fragranze: La struttura del coperchio superiore e inferiore protegge il corpo del flacone, mentre la texture in rilievo migliora la consistenza del display<\/li>\n<li>Scatola regalo per la cura della pelle: Colore Macaron abbinato al design minimalista, in linea con il tono dei marchi di bellezza di fascia alta.<\/li>\n<li>Edizione limitata per le vacanze: Creare una linea di prodotti differenziata grazie a una combinazione personalizzata di texture e colori<\/li>\n<\/ul>","protected":false},"excerpt":{"rendered":"<p>L'imballaggio in tubo di carta adotta una struttura di copertura superiore e inferiore divisa, con un effetto visivo morbido e stratificato. La superficie \u00e8 ricoperta da una texture a rilievo poco profonda, che aggiunge un angolo visivo<\/p>","protected":false},"featured_media":593,"template":"","meta":{"_kad_post_transparent":"default","_kad_post_title":"","_kad_post_layout":"default","_kad_post_sidebar_id":"","_kad_post_content_style":"default","_kad_post_vertical_padding":"default","_kad_post_feature":"","_kad_post_feature_position":"","_kad_post_header":false,"_kad_post_footer":false,"_kad_post_classname":""},"product_brand":[],"product_cat":[15,28,17],"product_tag":[199,201,200],"class_list":{"0":"post-589","1":"product","2":"type-product","3":"status-publish","4":"has-post-thumbnail","6":"product_cat-red-light-therapy","7":"product_cat-customize","8":"product_cat-services","9":"product_tag-essential-oil-cylinder-boxes","10":"product_tag-essential-oil-paper-tube-packaging","11":"product_tag-supplier-essential-oil-packaging","13":"first","14":"instock","15":"shipping-taxable","16":"product-type-simple","17":"entry","18":"content-bg","19":"loop-entry"},"_links":{"self":[{"href":"https:\/\/red-lighttherapy.com\/it\/wp-json\/wp\/v2\/product\/589","targetHints":{"allow":["GET"]}}],"collection":[{"href":"https:\/\/red-lighttherapy.com\/it\/wp-json\/wp\/v2\/product"}],"about":[{"href":"https:\/\/red-lighttherapy.com\/it\/wp-json\/wp\/v2\/types\/product"}],"wp:featuredmedia":[{"embeddable":true,"href":"https:\/\/red-lighttherapy.com\/it\/wp-json\/wp\/v2\/media\/593"}],"wp:attachment":[{"href":"https:\/\/red-lighttherapy.com\/it\/wp-json\/wp\/v2\/media?parent=589"}],"wp:term":[{"taxonomy":"product_brand","embeddable":true,"href":"https:\/\/red-lighttherapy.com\/it\/wp-json\/wp\/v2\/product_brand?post=589"},{"taxonomy":"product_cat","embeddable":true,"href":"https:\/\/red-lighttherapy.com\/it\/wp-json\/wp\/v2\/product_cat?post=589"},{"taxonomy":"product_tag","embeddable":true,"href":"https:\/\/red-lighttherapy.com\/it\/wp-json\/wp\/v2\/product_tag?post=589"}],"curies":[{"name":"wp","href":"https:\/\/api.w.org\/{rel}","templated":true}]}}