{"id":583,"date":"2025-04-12T11:03:45","date_gmt":"2025-04-12T11:03:45","guid":{"rendered":"https:\/\/red-lighttherapy.com\/?post_type=product&#038;p=583"},"modified":"2025-04-12T11:23:45","modified_gmt":"2025-04-12T11:23:45","slug":"manufacturer-custom-paper-tube-for-coffee-candles-cosmetics","status":"publish","type":"product","link":"https:\/\/red-lighttherapy.com\/it\/manufacturer-custom-paper-tube-for-coffee-candles-cosmetics\/","title":{"rendered":"Tubo di carta su ordinazione del produttore per i cosmetici delle candele del caff\u00e8"},"content":{"rendered":"<h2 id=\"-customized-cylindrical-paper-tube-packaging-solution-with-top-and-bottom-lid-\">Tubo di carta su ordinazione del produttore per i cosmetici delle candele del caff\u00e8<\/h2>\n<h2 id=\"-1-warm-atmosphere-aesthetic-design-\"><strong>1. Design estetico dall'atmosfera calda<\/strong><\/h2>\n<p>La struttura cilindrica superiore e inferiore \u00e8 adottata e il corpo della scatola supporta la combinazione di colori sfumati macaron (come il bianco crema, il rosa pesca, il verde menta, ecc.) e crea un'atmosfera visiva calda e curativa grazie alla texture opaca e all'abbinamento morbido dei colori. Lo strato interno pu\u00f2 essere rivestito per migliorare la saturazione del colore e la durata, ed \u00e8 adatto a scene di alto livello come confezioni regalo di chicchi di caff\u00e8, candele per aromaterapia e set per la cura della pelle.<\/p>\n<h2 id=\"-2-brand-logo-enhancement-design-\"><strong>2. Progettazione del logo del marchio<\/strong><\/h2>\n<p>La parte superiore del coperchio della scatola adotta una tecnologia di goffratura di precisione per presentare un LOGO del marchio nero ad alto contrasto e supporta la tecnologia di goffratura tridimensionale o di stampa a caldo. Ad esempio, i barattoli di carta per cosmetici possono essere abbinati a loghi lucidi e metallizzati per creare un contrasto visivo con il corpo opaco della scatola e migliorare il riconoscimento del marchio; le confezioni di candele possono trasmettere la consistenza attraverso la goffratura convessa e concava, adatta allo stile minimalista nordico o allo stile retro light luxury.<\/p>\n<h2 id=\"-3-cost-effective-material-selection-\"><strong>3. Selezione del materiale a costi contenuti<\/strong><\/h2>\n<p>Il corpo principale adotta una struttura composita di carta patinata da 180-300 g e lo strato interno \u00e8 laminato con pellicola di alluminio alimentare o rivestimento antiumidit\u00e0 (il trattamento antibatterico \u00e8 opzionale per i cosmetici). Lo spessore della carta patinata pu\u00f2 essere regolato in base ai requisiti di resistenza al carico (ad esempio, i barattoli di candele devono rafforzare la forza di sostegno) e il costo \u00e8 30%-50% inferiore a quello dei tradizionali barattoli di ferro. Allo stesso tempo, ha superato la certificazione di gestione della qualit\u00e0 ISO 9001 per garantire una resistenza alla compressione \u226550 kg.<\/p>\n<h2 id=\"-4-flexible-printing-and-layout-innovation-\"><strong>4. Innovazione di stampa e layout flessibile<\/strong><\/h2>\n<p>-\u00a0<strong>Personalizzazione dei modelli<\/strong>: Supporta la stampa offset, la superficie lucida parziale UV, la serigrafia e altre combinazioni multiprocesso, che possono presentare illustrazioni, texture geometriche, macchie sfumate e altri disegni. Ad esempio, le confezioni di caff\u00e8 possono essere stampate con illustrazioni dell'origine e i barattoli di cosmetici possono essere abbinati a linee di arte astratta. -\u00a0<strong>Stampa funzionale<\/strong>: Aggiungete etichette di tracciabilit\u00e0 con codice QR, istruzioni per l'uso o grafici interattivi (come i diagrammi degli ingredienti delle spezie) per migliorare l'esperienza dell'utente.<\/p>\n<h2 id=\"-5-one-stop-service-for-the-whole-process-\"><strong>5. Servizio unico per l'intero processo<\/strong><\/h2>\n<p>Dalla modellazione e prova di stampa in 3D alla produzione di massa e alla consegna, forniamo: -\u00a0<strong>Supporto alla progettazione<\/strong>Un team di professionisti assiste nell'ottimizzazione della struttura (come il coefficiente di smorzamento dell'apertura e della chiusura del coperchio superiore e inferiore), nella calibrazione del colore e nella revisione della conformit\u00e0 normativa (come le specifiche dell'etichetta per il packaging cosmetico). -\u00a0<strong>Controllo della produzione<\/strong>: Adottando una macchina automatica per l'avvolgimento dei tubi e una macchina per la laminazione della carta a posizionamento visivo per garantire una precisione dimensionale di \u00b10,5 mm, con una capacit\u00e0 di produzione mensile di 500.000 pezzi, in grado di supportare una produzione accelerata di 7 giorni per gli ordini urgenti.<\/p>\n<h2 id=\"-6-precision-lining-matching-system-\"><strong>6. Sistema di accoppiamento di precisione del rivestimento<\/strong><\/h2>\n<p>Vassoio interno in EVA\/PEP personalizzato in base alla forma del prodotto (ad esempio candele affusolate, flaconi di fondotinta cilindrici): -\u00a0<strong>Struttura fissa<\/strong>: Il design a strati a scatto evita le scosse durante il trasporto e per i cosmetici \u00e8 possibile aggiungere una pellicola a bolle d'aria antiurto. -\u00a0<strong>Espansione della funzione<\/strong>: Aggiungete l'apertura e la chiusura magnetica, le maniglie a nastro o i divisori staccabili per abbinare le combinazioni di confezioni regalo.<\/p>\n<h2 id=\"-advantages-of-cooperation-\"><strong>Vantaggi della cooperazione<\/strong><\/h2>\n<p>-\u00a0<strong>Certificazione ambientale<\/strong>: Carta certificata FSC + inchiostro biodegradabile, in linea con gli standard UE EN 13432. -\u00a0<strong>Servizi a valore aggiunto<\/strong>: Rapporti gratuiti sull'analisi del packaging dei prodotti della concorrenza e guide trimestrali sulle tendenze per aiutarvi a cogliere le opportunit\u00e0 del mercato.<\/p>","protected":false},"excerpt":{"rendered":"<p>La confezione in tubo di carta con parte superiore e inferiore pu\u00f2 essere realizzata con una combinazione di colori macaron per creare un'atmosfera calda. Il logo nero \u00e8 impresso sulla parte superiore del coperchio, consentendo ai consumatori di vedere il vostro marchio a colpo d'occhio e di approfondire la loro impressione.<\/p>","protected":false},"featured_media":584,"template":"","meta":{"_kad_post_transparent":"default","_kad_post_title":"","_kad_post_layout":"default","_kad_post_sidebar_id":"","_kad_post_content_style":"default","_kad_post_vertical_padding":"default","_kad_post_feature":"","_kad_post_feature_position":"","_kad_post_header":false,"_kad_post_footer":false,"_kad_post_classname":""},"product_brand":[],"product_cat":[15,28,17],"product_tag":[197,198,196],"class_list":{"0":"post-583","1":"product","2":"type-product","3":"status-publish","4":"has-post-thumbnail","6":"product_cat-red-light-therapy","7":"product_cat-customize","8":"product_cat-services","9":"product_tag-candles-paper-tube-manufacturer","10":"product_tag-cosmetics-paper-tube-packaging","11":"product_tag-custom-coffee-paper-tube","13":"first","14":"instock","15":"shipping-taxable","16":"product-type-simple","17":"entry","18":"content-bg","19":"loop-entry"},"_links":{"self":[{"href":"https:\/\/red-lighttherapy.com\/it\/wp-json\/wp\/v2\/product\/583","targetHints":{"allow":["GET"]}}],"collection":[{"href":"https:\/\/red-lighttherapy.com\/it\/wp-json\/wp\/v2\/product"}],"about":[{"href":"https:\/\/red-lighttherapy.com\/it\/wp-json\/wp\/v2\/types\/product"}],"wp:featuredmedia":[{"embeddable":true,"href":"https:\/\/red-lighttherapy.com\/it\/wp-json\/wp\/v2\/media\/584"}],"wp:attachment":[{"href":"https:\/\/red-lighttherapy.com\/it\/wp-json\/wp\/v2\/media?parent=583"}],"wp:term":[{"taxonomy":"product_brand","embeddable":true,"href":"https:\/\/red-lighttherapy.com\/it\/wp-json\/wp\/v2\/product_brand?post=583"},{"taxonomy":"product_cat","embeddable":true,"href":"https:\/\/red-lighttherapy.com\/it\/wp-json\/wp\/v2\/product_cat?post=583"},{"taxonomy":"product_tag","embeddable":true,"href":"https:\/\/red-lighttherapy.com\/it\/wp-json\/wp\/v2\/product_tag?post=583"}],"curies":[{"name":"wp","href":"https:\/\/api.w.org\/{rel}","templated":true}]}}