{"id":559,"date":"2025-04-12T08:13:57","date_gmt":"2025-04-12T08:13:57","guid":{"rendered":"https:\/\/red-lighttherapy.com\/?post_type=product&#038;p=559"},"modified":"2025-04-12T08:34:31","modified_gmt":"2025-04-12T08:34:31","slug":"wholesale-premium-custom-perfume-cosmetic-boxes-supplies","status":"publish","type":"product","link":"https:\/\/red-lighttherapy.com\/it\/wholesale-premium-custom-perfume-cosmetic-boxes-supplies\/","title":{"rendered":"Commercio all'ingrosso Premium Custom profumo cosmetici scatole Forniture"},"content":{"rendered":"<h2 id=\"-customized-perfume-and-cosmetics-box-product-description-\"><strong>Descrizione del prodotto della scatola di profumi e cosmetici personalizzata<\/strong><\/h2>\n<p>Per soddisfare le esigenze di confezionamento di profumi e cosmetici di fascia alta, abbiamo lanciato soluzioni di confezionamento personalizzate che combinano funzionalit\u00e0, estetica e valore del marchio e creano i seguenti vantaggi fondamentali per i clienti all'ingrosso:<\/p>\n<h2 id=\"1-coated-paper-material-sturdy-and-durable-\">1.\u00a0<strong>Materiale in carta patinata, robusto e resistente<\/strong><\/h2>\n<p>Il materiale \u00e8 costituito da carta patinata ad alta grammatura, con una superficie liscia e delicata e un tasso di riproduzione dei colori di stampa superiore a 95%. La carta ha un'eccellente rigidit\u00e0 e capacit\u00e0 di carico. Una singola scatola pu\u00f2 sopportare fino a 1,5 kg, ed \u00e8 adatta per l'imballaggio sicuro di vari contenitori fragili come bottiglie di vetro e di ceramica, soddisfacendo al contempo le esigenze di esposizione multistrato.<\/p>\n<h2 id=\"2-herm-s-orange-design-strong-visual-impact-\">2.\u00a0<strong>Design arancione Herm\u00e8s, forte impatto visivo<\/strong><\/h2>\n<p>La scatola esterna utilizza l'iconico arancione di Herm\u00e8s, combinato con la colla opaca o la tecnologia di stampa a caldo, per formare un \"focus visivo\" sullo scaffale. L'arancione simboleggia la vitalit\u00e0 e il lusso e pu\u00f2 migliorare efficacemente il riconoscimento del marchio. I dati dimostrano che le confezioni di colore arancione possono aumentare il tasso di permanenza dei consumatori del 20%. Il tipo di scatola supporta una variet\u00e0 di metodi di apertura, come i coperchi superiore e inferiore e i coperchi a ribalta, ed \u00e8 abbinata a LOGO stampati a caldo o a texture in rilievo per migliorare il senso della cerimonia di unboxing.<\/p>\n<h2 id=\"3-customized-protection-of-eva-lining-\">3.\u00a0<strong>Protezione personalizzata della fodera in EVA<\/strong><\/h2>\n<p>Il rivestimento \u00e8 realizzato in materiale EVA ad alta densit\u00e0, con una resistenza agli urti pari a 1,5 volte lo standard industriale e in grado di assorbire 70% dell'energia di vibrazione del trasporto. Offre opzioni di durezza da 25\u00b0 a 80\u00b0 e un design personalizzato delle scanalature in base alla forma della bottiglia di profumo per garantire il fissaggio senza spostamenti; la superficie pu\u00f2 essere floccata (come la texture vellutata) o smerigliata opaca, tenendo conto sia della protezione che del tocco di alta gamma.<\/p>\n<h2 id=\"4-diversified-printing-and-creative-design-\">4.\u00a0<strong>Stampa diversificata e design creativo<\/strong><\/h2>\n<p>Supporta la stampa in quadricromia CMYK, l'UV parziale, la goffratura 3D e altri processi e pu\u00f2 essere integrato con illustrazioni artistiche, geometrie minimaliste o elementi culturali esclusivi del marchio. Ad esempio:<\/p>\n<ul>\n<li><strong>Tema del festival<\/strong>: Combinato con fiocchi di neve e motivi floreali stampati a caldo per creare scatole regalo in edizione limitata;<\/li>\n<li><strong>Concetto di protezione ambientale<\/strong>: Stampa con inchiostri rinnovabili e abbinamento con loghi in materiale degradabile;<\/li>\n<li><strong>Interazione intelligente<\/strong>: Incorpora un codice QR AR, scansiona il codice per passare alla storia del marchio o al tutorial d'uso.<\/li>\n<\/ul>\n<h2 id=\"5-one-stop-service-and-detail-control-\">5.\u00a0<strong>Servizio unico e controllo dei dettagli<\/strong><\/h2>\n<p>Grazie a 20 anni di esperienza nel settore dell'imballaggio e della stampa, forniamo servizi completi, dalla progettazione alle prove di stampa, fino alla produzione in serie:<\/p>\n<ul>\n<li><strong>Ottimizzazione strutturale<\/strong>: Verificare la portanza del cassonetto e la scorrevolezza di apertura e chiusura attraverso la modellazione 3D;<\/li>\n<li><strong>Ispezione di qualit\u00e0<\/strong>: Il laboratorio esegue test di compressione, di resistenza all'umidit\u00e0 e di caduta per garantire la sicurezza del trasporto;<\/li>\n<li><strong>Produzione flessibile<\/strong>: Supporta un ordine minimo di 500, una grande quantit\u00e0 e un buon prezzo, e una consegna veloce entro 7-15 giorni.<\/li>\n<\/ul>\n<h2 id=\"-why-choose-us-\"><strong>Perch\u00e9 scegliere noi?<\/strong><\/h2>\n<ul>\n<li><strong>Team di professionisti<\/strong>: Designer e ingegneri sviluppano insieme, bilanciando estetica e praticit\u00e0;<\/li>\n<li><strong>Vantaggio di costo<\/strong>: Funzionamento diretto in fabbrica, riduzione dei collegamenti intermedi e dei costi complessivi di 15%-30%;<\/li>\n<li><strong>Garanzia post-vendita<\/strong>: Fornire il servizio di riacquisto dell'ordine di ritorno per risolvere i danni da trasporto o i difetti di fabbricazione.<\/li>\n<\/ul>","protected":false},"excerpt":{"rendered":"<p>Design della scatola di carta a cassetti Apertura a scorrimento Migliora l'esperienza dell'unboxing. Il corpo della scatola \u00e8 di colore arancione Herm\u00e8s, che possiede vitalit\u00e0 e calore. Pu\u00f2 attirare l'attenzione dei clienti sulla vetrina dello scaffale. La fodera pu\u00f2 essere personalizzata in base alle vostre esigenze per ottenere un movimento zero dei prodotti e proteggere i flaconi di profumi e cosmetici da eventuali danni.<\/p>","protected":false},"featured_media":562,"template":"","meta":{"_kad_post_transparent":"default","_kad_post_title":"","_kad_post_layout":"default","_kad_post_sidebar_id":"","_kad_post_content_style":"default","_kad_post_vertical_padding":"default","_kad_post_feature":"","_kad_post_feature_position":"","_kad_post_header":false,"_kad_post_footer":false,"_kad_post_classname":""},"product_brand":[],"product_cat":[15,28,20,17],"product_tag":[186,185,187],"class_list":{"0":"post-559","1":"product","2":"type-product","3":"status-publish","4":"has-post-thumbnail","6":"product_cat-red-light-therapy","7":"product_cat-customize","8":"product_cat-led-face-light-therapy","9":"product_cat-services","10":"product_tag-cosmetic-boxes-supplies","11":"product_tag-custom-perfume-boxes","12":"product_tag-wholesale-premium-boxes","14":"first","15":"instock","16":"shipping-taxable","17":"product-type-simple","18":"entry","19":"content-bg","20":"loop-entry"},"_links":{"self":[{"href":"https:\/\/red-lighttherapy.com\/it\/wp-json\/wp\/v2\/product\/559","targetHints":{"allow":["GET"]}}],"collection":[{"href":"https:\/\/red-lighttherapy.com\/it\/wp-json\/wp\/v2\/product"}],"about":[{"href":"https:\/\/red-lighttherapy.com\/it\/wp-json\/wp\/v2\/types\/product"}],"wp:featuredmedia":[{"embeddable":true,"href":"https:\/\/red-lighttherapy.com\/it\/wp-json\/wp\/v2\/media\/562"}],"wp:attachment":[{"href":"https:\/\/red-lighttherapy.com\/it\/wp-json\/wp\/v2\/media?parent=559"}],"wp:term":[{"taxonomy":"product_brand","embeddable":true,"href":"https:\/\/red-lighttherapy.com\/it\/wp-json\/wp\/v2\/product_brand?post=559"},{"taxonomy":"product_cat","embeddable":true,"href":"https:\/\/red-lighttherapy.com\/it\/wp-json\/wp\/v2\/product_cat?post=559"},{"taxonomy":"product_tag","embeddable":true,"href":"https:\/\/red-lighttherapy.com\/it\/wp-json\/wp\/v2\/product_tag?post=559"}],"curies":[{"name":"wp","href":"https:\/\/api.w.org\/{rel}","templated":true}]}}