{"id":539,"date":"2025-04-12T07:12:46","date_gmt":"2025-04-12T07:12:46","guid":{"rendered":"https:\/\/red-lighttherapy.com\/?post_type=product&#038;p=539"},"modified":"2025-04-12T07:30:03","modified_gmt":"2025-04-12T07:30:03","slug":"custom-wine-glasses-cup-drinkware-lid-and-base-box-wholesale","status":"publish","type":"product","link":"https:\/\/red-lighttherapy.com\/it\/custom-wine-glasses-cup-drinkware-lid-and-base-box-wholesale\/","title":{"rendered":"Bicchieri da vino personalizzati Coppa Drinkware Coperchio e scatola di base all'ingrosso"},"content":{"rendered":"<h2 id=\"-customized-wine-glasses-and-wineware-box-with-lid-and-top-cover-product-description-\"><strong>Bicchieri da vino personalizzati Coppa Drinkware Coperchio e scatola di base all'ingrosso Descrizione del prodotto<\/strong><\/h2>\n<h2 id=\"-1-innovative-box-design-with-lid-and-top-cover-\"><strong>1. Design innovativo della scatola con coperchio e coperchio superiore<\/strong><\/h2>\n<p>Adottare\u00a0<strong>struttura separata delle palpebre superiori e inferiori<\/strong>Pu\u00f2 essere facilmente aperto e chiuso con una sola mano, tenendo conto della praticit\u00e0 e del senso del rituale. L'interno della scatola \u00e8 personalizzato in base alle dimensioni del bicchiere da vino e fissato da una spugna EVA o da una fodera in blister per ottenere un'ottima qualit\u00e0 di conservazione.\u00a0<strong>Protezione dagli urti a spostamento zero<\/strong>\u00a0durante il trasporto, garantendo che i prodotti in vetro siano sicuri e non danneggiati.<\/p>\n<h2 id=\"-2-three-dimensional-hot-stamping-process-details-highlight-the-brand-\"><strong>2. Processo di stampaggio a caldo tridimensionale, i dettagli evidenziano il marchio<\/strong><\/h2>\n<p>Utilizzo\u00a0<strong>tecnologia di stampaggio a caldo tridimensionale ad alta precisione<\/strong>Pu\u00f2 presentare LOGO di marca a livello di micron, modelli o testo, anche linee complesse e piccoli modelli possono essere visualizzati chiaramente, dando la scatola di imballaggio\u00a0<strong>texture metallica e strati tridimensionali<\/strong>. In combinazione con la serigrafia, la goffratura e altri processi, aumenta l'impatto visivo e contribuisce a migliorare l'immagine di fascia alta del marchio.<\/p>\n<h2 id=\"-3-one-stop-customization-service-worry-free-throughout-the-process-\"><strong>3. Servizio di personalizzazione one-stop, senza preoccupazioni per tutto il processo<\/strong><\/h2>\n<ul>\n<li><strong>Adattamento preciso delle dimensioni<\/strong>: Supporta la personalizzazione di bicchieri da vino a grandezza naturale da 3 oz a 10 oz (85ml-285ml) e sviluppa stampi in base ai disegni o ai campioni del cliente 1:1 per garantire che il rivestimento e i bicchieri da vino\u00a0<strong>si adattano perfettamente<\/strong>.<\/li>\n<li><strong>Supporto gratuito alla progettazione<\/strong>: Un team di professionisti fornisce la struttura dell'imballaggio e la progettazione dello schema visivo, integrando il tono del marchio per creare un imballaggio differenziato.<\/li>\n<li><strong>Pre-ispezione della qualit\u00e0 dei campioni<\/strong>: I campioni gratuiti sono inviati con rapporti di ispezione della qualit\u00e0 e la produzione di massa sar\u00e0 effettuata dopo la conferma.<\/li>\n<\/ul>\n<h2 id=\"-4-intelligent-production-guarantees-efficiency-and-quality-\"><strong>4. La produzione intelligente garantisce efficienza e qualit\u00e0<\/strong><\/h2>\n<p>Affidarsi a\u00a0<strong>16 anni di esperienza nel settore<\/strong>\u00a0e\u00a0<strong>sistema di gestione intelligente della produzione<\/strong>L'intero processo, dall'approvvigionamento delle materie prime alla consegna del prodotto finito, \u00e8 automatizzato e controllato. La fabbrica \u00e8 dotata di un sistema di tracciamento degli ordini ERP e di un sistema di esecuzione della produzione MES per garantire la consegna tempestiva degli ordini e un tasso di qualificazione dei prodotti del 99,8%.<\/p>\n<h2 id=\"-5-successful-cases-and-word-of-mouth-endorsement-\"><strong>5. Casi di successo e passaparola<\/strong><\/h2>\n<p>Copertura dei servizi\u00a0<strong>vino bianco, vino rosso, marche di vino straniere di alto livello<\/strong>e i clienti cooperativi includono note aziende vinicole ed esportatori transfrontalieri. Con il\u00a0<strong>fonte fornitura diretta della fabbrica<\/strong>\u00a0vantaggio, forniamo soluzioni economicamente vantaggiose, supportando ordini di prova in piccoli lotti e produzione di massa su larga scala.<\/p>\n<h2 id=\"-why-choose-us-\"><strong>Perch\u00e9 scegliere noi?<\/strong><\/h2>\n<p>\u2705\u00a0<strong>Design gratuito + prove di stampa gratuite<\/strong>Risposta rapida alle esigenze in 48 ore<br \/>\n\u2705\u00a0<strong>Fabbrica certificata ISO<\/strong>in linea con gli standard di protezione ambientale delle esportazioni transfrontaliere<br \/>\n\u2705\u00a0<strong>100% ispezione di qualit\u00e0 prima dell'immagazzinamento<\/strong>tasso di rottura promesso inferiore a 0,1%<\/p>","protected":false},"excerpt":{"rendered":"<p>Il tipo di scatola con coperchio e base adotta il metodo di separazione dei coperchi superiore e inferiore, facile da usare con una sola mano. Il processo di stampa a caldo pu\u00f2 mostrare perfettamente l'artigianato di qualit\u00e0 di fronte ai clienti e migliorare la popolarit\u00e0 del vostro marchio. Pu\u00f2 essere altamente personalizzato per adattarsi al packaging di bicchieri e utensili da vino.<\/p>","protected":false},"featured_media":540,"template":"","meta":{"_kad_post_transparent":"default","_kad_post_title":"","_kad_post_layout":"default","_kad_post_sidebar_id":"","_kad_post_content_style":"default","_kad_post_vertical_padding":"default","_kad_post_feature":"","_kad_post_feature_position":"","_kad_post_header":false,"_kad_post_footer":false,"_kad_post_classname":""},"product_brand":[],"product_cat":[15,19,17],"product_tag":[178,176,177],"class_list":{"0":"post-539","1":"product","2":"type-product","3":"status-publish","4":"has-post-thumbnail","6":"product_cat-red-light-therapy","7":"product_cat-red-light-therapy-stand","8":"product_cat-services","9":"product_tag-custom-drinkware-box-wholesale","10":"product_tag-custom-wine-box","11":"product_tag-glasses-cup-lid-and-base-box","13":"first","14":"instock","15":"shipping-taxable","16":"product-type-simple","17":"entry","18":"content-bg","19":"loop-entry"},"_links":{"self":[{"href":"https:\/\/red-lighttherapy.com\/it\/wp-json\/wp\/v2\/product\/539","targetHints":{"allow":["GET"]}}],"collection":[{"href":"https:\/\/red-lighttherapy.com\/it\/wp-json\/wp\/v2\/product"}],"about":[{"href":"https:\/\/red-lighttherapy.com\/it\/wp-json\/wp\/v2\/types\/product"}],"wp:featuredmedia":[{"embeddable":true,"href":"https:\/\/red-lighttherapy.com\/it\/wp-json\/wp\/v2\/media\/540"}],"wp:attachment":[{"href":"https:\/\/red-lighttherapy.com\/it\/wp-json\/wp\/v2\/media?parent=539"}],"wp:term":[{"taxonomy":"product_brand","embeddable":true,"href":"https:\/\/red-lighttherapy.com\/it\/wp-json\/wp\/v2\/product_brand?post=539"},{"taxonomy":"product_cat","embeddable":true,"href":"https:\/\/red-lighttherapy.com\/it\/wp-json\/wp\/v2\/product_cat?post=539"},{"taxonomy":"product_tag","embeddable":true,"href":"https:\/\/red-lighttherapy.com\/it\/wp-json\/wp\/v2\/product_tag?post=539"}],"curies":[{"name":"wp","href":"https:\/\/api.w.org\/{rel}","templated":true}]}}