{"id":529,"date":"2025-04-12T06:52:35","date_gmt":"2025-04-12T06:52:35","guid":{"rendered":"https:\/\/red-lighttherapy.com\/?post_type=product&#038;p=529"},"modified":"2025-04-20T06:01:01","modified_gmt":"2025-04-20T06:01:01","slug":"lid-and-base-box-clothes-apparel-shapewear-packaging-factory","status":"publish","type":"product","link":"https:\/\/red-lighttherapy.com\/it\/lid-and-base-box-clothes-apparel-shapewear-packaging-factory\/","title":{"rendered":"Coperchio e base Box Abbigliamento Shapewear Packaging Factory"},"content":{"rendered":"<h2>Coperchio e base Box Abbigliamento Shapewear Packaging Factory<\/h2>\n<h2 id=\"1-appearance-design-\">1.\u00a0<strong>Design dell'aspetto<\/strong><\/h2>\n<p>Il corpo della scatola adotta la classica struttura del coperchio superiore e inferiore, i coperchi superiore e inferiore sono saldamente mordenti e l'apertura e la chiusura sono comode e stabili. Il colore principale marrone opaco \u00e8 abbinato al LOGO o al motivo del processo di stampa\/goffratura a caldo, che rivela la struttura leggera e lussuosa in modo discreto. Se \u00e8 necessario migliorare il livello visivo, \u00e8 possibile aggiungere la tecnologia di rilievo o goffratura per migliorare il tatto e il senso tridimensionale.<\/p>\n<h2 id=\"2-inner-lining-adaptation-\">2.\u00a0<strong>Adattamento del rivestimento interno<\/strong><\/h2>\n<p>In base alle dimensioni e al posizionamento delle categorie di abbigliamento (come body shapers, magliette, gonne), fornire opzioni di rivestimento diversificate:<\/p>\n<ul>\n<li><strong>Fodera in EVA<\/strong>: La superficie \u00e8 ricoperta da una delicata flanella, morbida e resistente ai graffi, adatta a tessuti di pizzo o seta di alta gamma;<\/li>\n<li><strong>Supporto interno in cotone perlato<\/strong>: Ecologica e resistente alla pressione, la scanalatura pu\u00f2 essere personalizzata per fissare i vestiti e garantire un trasporto a prova di urto;<\/li>\n<li><strong>Divisorio a strati in tessuto di seta<\/strong>: Con le cinghie a papillon, pu\u00f2 separare pi\u00f9 capi di abbigliamento e migliorare il senso della cerimonia quando si disfa l'imballaggio.<\/li>\n<\/ul>\n<h2 id=\"3-decorative-details-\">3.\u00a0<strong>Dettagli decorativi<\/strong><\/h2>\n<p>Il coperchio della scatola \u00e8 dotato di un nastro a fiocco in raso dello stesso colore o di colore contrastante, che presenta una forma completa grazie a un processo di piegatura tridimensionale. La coda del nastro pu\u00f2 essere stampata con uno slogan del marchio, in modo da combinare il riconoscimento del marchio con la decorazione. La scatola interna pu\u00f2 essere dotata di una fibbia magnetica o di una maniglia a nastro per migliorare la comodit\u00e0 di apertura.<\/p>\n<h2 id=\"4-customized-service-\">4.\u00a0<strong>Servizio personalizzato<\/strong><\/h2>\n<p>Basandosi su 16 anni di esperienza nel settore della stampa e del packaging, supporta la personalizzazione di tutti i link:<\/p>\n<ul>\n<li><strong>Dimensione flessibile<\/strong>: Dalle scatole per biancheria intima compatte (come 16\u00d724 cm) alle scatole per cappotti di grande capacit\u00e0 (come 30\u00d750 cm), \u00e8 adatta a diversi prodotti;<\/li>\n<li><strong>Aggiornamento tecnologico<\/strong>: Stampa UV opzionale, laser parziale, materiali degradabili, ecc. per soddisfare le esigenze di protezione ambientale o di fascia alta;<\/li>\n<li><strong>Elementi del marchio<\/strong>: Il cartone interno pu\u00f2 essere stampato con le istruzioni di lavaggio o le storie del marchio, mentre la scatola esterna pu\u00f2 essere stampata con etichette anticontraffazione per migliorare l'esperienza del cliente.<\/li>\n<\/ul>\n<h2 id=\"5-quality-assurance-\">5.\u00a0<strong>Garanzia di qualit\u00e0<\/strong><\/h2>\n<p>La catena di fornitura integra la produzione di materie prime come carta, EVA e nastro, e ha superato la certificazione del sistema di qualit\u00e0 ISO9001 per garantire un controllo completo della qualit\u00e0 dalla prova di progettazione alla consegna di massa. Supporta il monitoraggio in tempo reale dell'avanzamento della produzione su WeChat, la consegna rapida entro 7-15 giorni e la logistica diretta in altri luoghi.<\/p>\n<h2 id=\"-application-scenarios-\"><strong>Scenari di applicazione:<\/strong><\/h2>\n<p>Adatto per l'imballaggio di prodotti come body shapers, vestiti per la casa e abiti pr\u00eat-\u00e0-porter di fascia alta, tenendo conto delle esigenze di miglioramento dell'immagine del marchio e di protezione del trasporto. Supporta la personalizzazione di manoscritti e campioni e fornisce servizi gratuiti di ottimizzazione del design e di revisione.<\/p>","protected":false},"excerpt":{"rendered":"<p>L'intera scatola \u00e8 di colore marrone, con un coperchio e una base in stile scatole, che \u00e8 di basso profilo e costante, abbastanza alla moda, e ha un effetto tridimensionale con accessori di nastro a fiocco. \u00c8 vario e pratico e aggiunge un tocco di colore alla vostra scatola da imballaggio.<\/p>","protected":false},"featured_media":534,"template":"","meta":{"_kad_post_transparent":"default","_kad_post_title":"","_kad_post_layout":"default","_kad_post_sidebar_id":"","_kad_post_content_style":"default","_kad_post_vertical_padding":"default","_kad_post_feature":"","_kad_post_feature_position":"","_kad_post_header":false,"_kad_post_footer":false,"_kad_post_classname":""},"product_brand":[],"product_cat":[15,30,19,17],"product_tag":[174,173,175],"class_list":{"0":"post-529","1":"product","2":"type-product","3":"status-publish","4":"has-post-thumbnail","6":"product_cat-red-light-therapy","7":"product_cat-dropshipping","8":"product_cat-red-light-therapy-stand","9":"product_cat-services","10":"product_tag-apparel-lid-and-base-box","11":"product_tag-clothes-packaging-factory","12":"product_tag-shapewear-packaging-factory","14":"first","15":"instock","16":"shipping-taxable","17":"product-type-simple","18":"entry","19":"content-bg","20":"loop-entry"},"_links":{"self":[{"href":"https:\/\/red-lighttherapy.com\/it\/wp-json\/wp\/v2\/product\/529","targetHints":{"allow":["GET"]}}],"collection":[{"href":"https:\/\/red-lighttherapy.com\/it\/wp-json\/wp\/v2\/product"}],"about":[{"href":"https:\/\/red-lighttherapy.com\/it\/wp-json\/wp\/v2\/types\/product"}],"wp:featuredmedia":[{"embeddable":true,"href":"https:\/\/red-lighttherapy.com\/it\/wp-json\/wp\/v2\/media\/534"}],"wp:attachment":[{"href":"https:\/\/red-lighttherapy.com\/it\/wp-json\/wp\/v2\/media?parent=529"}],"wp:term":[{"taxonomy":"product_brand","embeddable":true,"href":"https:\/\/red-lighttherapy.com\/it\/wp-json\/wp\/v2\/product_brand?post=529"},{"taxonomy":"product_cat","embeddable":true,"href":"https:\/\/red-lighttherapy.com\/it\/wp-json\/wp\/v2\/product_cat?post=529"},{"taxonomy":"product_tag","embeddable":true,"href":"https:\/\/red-lighttherapy.com\/it\/wp-json\/wp\/v2\/product_tag?post=529"}],"curies":[{"name":"wp","href":"https:\/\/api.w.org\/{rel}","templated":true}]}}