{"id":505,"date":"2025-04-12T05:11:26","date_gmt":"2025-04-12T05:11:26","guid":{"rendered":"https:\/\/red-lighttherapy.com\/?post_type=product&#038;p=505"},"modified":"2025-04-12T05:37:34","modified_gmt":"2025-04-12T05:37:34","slug":"custom-home-wireless-cam-security-camera-packaging-boxes","status":"publish","type":"product","link":"https:\/\/red-lighttherapy.com\/it\/custom-home-wireless-cam-security-camera-packaging-boxes\/","title":{"rendered":"Scatole d'imballaggio della videocamera di sicurezza wireless domestica personalizzata"},"content":{"rendered":"<h2 id=\"-customized-home-wireless-camera-packaging-box-product-description-\"><strong>Personalizzato casa Wireless Cam telecamera di sicurezza Packaging Box Descrizione del prodotto<\/strong><\/h2>\n<h2 id=\"-design-concept-and-appearance-\"><strong>1. Concetto di design e aspetto<\/strong><\/h2>\n<ul>\n<li><strong>\u00a0 Design estetico semplice<\/strong>\u00a0La scatola di imballaggio adotta il bianco puro come colore principale, con linee di bordo nere opache, e crea uno stile moderno e minimalista attraverso la segmentazione geometrica e la sovrapposizione di strati, evidenziando visivamente il senso della tecnologia e della texture di alto livello. La superficie della scatola pu\u00f2 essere opzionalmente dotata di tecnologia di stampa UV per migliorare il senso tridimensionale e la lucentezza delle linee nere, che riprende gli attributi intelligenti del prodotto fotocamera.<\/li>\n<li><strong>Struttura di apertura e chiusura magnetica<\/strong>\u00a0L'innovativo design del coperchio magnetico della scatola consente un'apertura \"one-touch\" grazie al magnete ad alta resistenza incorporato. \u00c8 facile da aprire e chiudere e ha una tenuta eccellente. Dopo i test, pu\u00f2 essere aperto e chiuso ripetutamente per oltre 5.000 volte senza subire perdite. Il corpo della scatola \u00e8 ben chiuso, combinando protezione e rituale; dopo l'apertura, pu\u00f2 essere utilizzato come contenitore domestico per conservare gli accessori digitali o i regali per le vacanze, valorizzando il riutilizzo dell'imballaggio.<\/li>\n<\/ul>\n<h2 id=\"-inner-lining-and-unboxing-experience-\"><strong>2. Rivestimento interno ed esperienza di unboxing<\/strong><\/h2>\n<ul>\n<li><strong>Configurazione immersiva del rivestimento interno<\/strong>\u00a0Lo strato interno \u00e8 riempito di rafia naturale, con stringhe di luce calda a LED regolabili (con supporto alla ricarica USB), e luce e ombra si intrecciano al momento dell'unboxing, creando un'atmosfera calda. Il corpo macchina \u00e8 fissato da un alloggiamento personalizzato in spugna EVA e l'area degli accessori \u00e8 dotata di un alloggiamento indipendente per le schede, per garantire la sicurezza del trasporto e migliorare al tempo stesso il senso di rituale dell'utente al momento dell'unboxing attraverso il doppio dettaglio del tatto e della vista, che risponde alle esigenze del marketing emozionale.<\/li>\n<\/ul>\n<h2 id=\"-customized-service-and-function-expansion-\"><strong>3. Servizio personalizzato ed espansione delle funzioni<\/strong><\/h2>\n<ul>\n<li><strong>Tipo e dimensione della scatola<\/strong>: Offre una variet\u00e0 di tipi di scatole, come coperchi superiori e inferiori, scatole a forma di libro, cassettiere, ecc., supporta la personalizzazione delle dimensioni ed \u00e8 adatto a diversi modelli di telecamere wireless.<\/li>\n<li><strong>Materiale e artigianato<\/strong>: Cartone bianco opzionale da 300-400 g, carta ondulata ecologica o carta artistica, la superficie pu\u00f2 essere ricoperta con pellicola opaca, pellicola luminosa, stampa a caldo\/argento e altri processi, e supporta la goffratura, la verniciatura locale e altri effetti.<\/li>\n<li><strong>Co-branding del marchio e scene di festa<\/strong>: \u00c8 possibile integrare illustrazioni a tema festivo, disegni in rilievo del logo del marchio o abbinarli a elementi regalo come nastri e biglietti d'auguri dorati per creare confezioni esclusive in co-branding.<\/li>\n<\/ul>\n<h2 id=\"-manufacturing-strength-and-service-guarantee-\"><strong>4. Forza di produzione e garanzia di servizio<\/strong><\/h2>\n<ul>\n<li><strong>16 anni di servizio one-stop dalla fabbrica di origine<\/strong>\u00a0Grazie a 16 anni di esperienza nella produzione di imballaggi professionali nella regione del Delta del Fiume delle Perle, forniamo servizi di processo completi, dalla progettazione alla prova di stampa fino alla produzione di massa, completando la prima bozza di proposta entro 48 ore e fornendo campioni fisici entro 72 ore. La fabbrica ha superato la certificazione ambientale FSC e il sistema di gestione della qualit\u00e0 ISO per garantire che il materiale sia sicuro e degradabile e che soddisfi gli standard globali di esportazione.<\/li>\n<\/ul>\n<p><strong>Scenari applicabili<\/strong>regali per le feste, co-branding di marchi, lancio di nuovi prodotti, personalizzazione dei clienti di alto livello, ecc.\u00a0<strong>Vantaggi principali<\/strong>: design semplice e pratico, esperienza di apertura e chiusura migliorata, forte senso del rituale del rivestimento, personalizzazione altamente flessibile e risposta efficiente da parte della fabbrica di origine.<\/p>\n<p>Grazie a questa confezione, non solo viene fornita una protezione professionale al prodotto, ma il design emozionale trasmette il calore del marchio, contribuendo ad aumentare il premio del prodotto e la fedelt\u00e0 dell'utente.<\/p>","protected":false},"excerpt":{"rendered":"<p>La scatola con chiusura magnetica \u00e8 prevalentemente bianca con linee di confine nere. Il design \u00e8 semplice e ricco di gerarchie visive. \u00c8 adatta come regalo per le feste o come imballaggio in co-branding. Il tipo di scatola, le dimensioni, il colore, il materiale e l'effetto di stampa superficiale possono essere altamente personalizzati in base alle vostre esigenze per adattarsi all'imballaggio della vostra telecamera wireless.<\/p>","protected":false},"featured_media":506,"template":"","meta":{"_kad_post_transparent":"default","_kad_post_title":"","_kad_post_layout":"default","_kad_post_sidebar_id":"","_kad_post_content_style":"default","_kad_post_vertical_padding":"default","_kad_post_feature":"","_kad_post_feature_position":"","_kad_post_header":false,"_kad_post_footer":false,"_kad_post_classname":""},"product_brand":[],"product_cat":[15,17],"product_tag":[161,163,162],"class_list":{"0":"post-505","1":"product","2":"type-product","3":"status-publish","4":"has-post-thumbnail","6":"product_cat-red-light-therapy","7":"product_cat-services","8":"product_tag-custom-camera-boxes","9":"product_tag-home-camera-packaging-boxes","10":"product_tag-wireless-cam-packaging-boxes","12":"first","13":"instock","14":"shipping-taxable","15":"product-type-simple","16":"entry","17":"content-bg","18":"loop-entry"},"_links":{"self":[{"href":"https:\/\/red-lighttherapy.com\/it\/wp-json\/wp\/v2\/product\/505","targetHints":{"allow":["GET"]}}],"collection":[{"href":"https:\/\/red-lighttherapy.com\/it\/wp-json\/wp\/v2\/product"}],"about":[{"href":"https:\/\/red-lighttherapy.com\/it\/wp-json\/wp\/v2\/types\/product"}],"wp:featuredmedia":[{"embeddable":true,"href":"https:\/\/red-lighttherapy.com\/it\/wp-json\/wp\/v2\/media\/506"}],"wp:attachment":[{"href":"https:\/\/red-lighttherapy.com\/it\/wp-json\/wp\/v2\/media?parent=505"}],"wp:term":[{"taxonomy":"product_brand","embeddable":true,"href":"https:\/\/red-lighttherapy.com\/it\/wp-json\/wp\/v2\/product_brand?post=505"},{"taxonomy":"product_cat","embeddable":true,"href":"https:\/\/red-lighttherapy.com\/it\/wp-json\/wp\/v2\/product_cat?post=505"},{"taxonomy":"product_tag","embeddable":true,"href":"https:\/\/red-lighttherapy.com\/it\/wp-json\/wp\/v2\/product_tag?post=505"}],"curies":[{"name":"wp","href":"https:\/\/api.w.org\/{rel}","templated":true}]}}