{"id":492,"date":"2025-04-12T03:29:01","date_gmt":"2025-04-12T03:29:01","guid":{"rendered":"https:\/\/red-lighttherapy.com\/?post_type=product&#038;p=492"},"modified":"2025-04-12T03:55:15","modified_gmt":"2025-04-12T03:55:15","slug":"foldable-magnetic-cap-baseball-hat-gift-box-packaging-vendor","status":"publish","type":"product","link":"https:\/\/red-lighttherapy.com\/it\/foldable-magnetic-cap-baseball-hat-gift-box-packaging-vendor\/","title":{"rendered":"Pieghevole magnetico Cap Baseball Hat Gift Box Packaging Vendor"},"content":{"rendered":"<h2 id=\"-product-description-of-foldable-magnetic-baseball-cap-gift-box-\"><strong>Descrizione del prodotto di Cappellino da baseball magnetico pieghevole Confezione regalo<\/strong><\/h2>\n<h2 id=\"-1-simple-appearance-high-end-texture-\"><strong>1. Aspetto semplice, texture di alto livello<\/strong><\/h2>\n<p>Questa scatola pieghevole con chiusura magnetica adotta il classico colore nero, con una superficie opaca. L'aspetto \u00e8 semplice ed elegante e mostra il tono sobrio e di alta gamma del marchio. Il corpo della scatola ha linee pulite e un design con coperchio magnetico. \u00c8 facile da aprire e chiudere e stabile. Quando \u00e8 chiusa, \u00e8 ben salda e garantisce la sicurezza del prodotto durante il trasporto e lo stoccaggio.<\/p>\n<h2 id=\"-3-flexible-adaptation-exclusive-customization-\"><strong>2. Adattamento flessibile, personalizzazione esclusiva<\/strong><\/h2>\n<p>Il tipo di scatola \u00e8 adatto a diverse categorie di abbigliamento, come cappellini da baseball, magliette, sciarpe, ecc. e supporta la personalizzazione dell'imballaggio interno ed esterno:<\/p>\n<ul>\n<li><strong>Personalizzazione della stampa<\/strong>: \u00c8 possibile stampare il LOGO, il motivo o il testo del marchio e utilizzare la stampa offset ad alta precisione, la stampa a caldo e altri processi per migliorare il riconoscimento del prodotto;<\/li>\n<li><strong>Personalizzazione delle dimensioni<\/strong>: Fornisce una variet\u00e0 di specifiche per la personalizzazione e supporta la regolazione su richiesta del diametro interno e dell'altezza della scatola, adattandosi perfettamente alle diverse taglie di abbigliamento;<\/li>\n<li><strong>Personalizzazione del rivestimento interno<\/strong>: I rivestimenti opzionali in floccatura, spugna, EVA e altri materiali offrono funzioni di protezione o di stoccaggio divisorio per soddisfare le esigenze di fissaggio degli indumenti, di prevenzione delle pieghe e di prevenzione della polvere.<\/li>\n<\/ul>\n<h2 id=\"-4-ingenious-craftsmanship-quality-assurance-\"><strong>3. Artigianato ingegnoso, garanzia di qualit\u00e0<\/strong><\/h2>\n<p>Grazie a 16 anni di esperienza nel settore della stampa e dell'imballaggio, abbiamo costruito un sistema di catena di fornitura maturo, che controlla rigorosamente dalle materie prime ai prodotti finiti:<\/p>\n<ul>\n<li><strong>Selezione del materiale<\/strong>: Grazie all'utilizzo di un cartone grigio di alta qualit\u00e0 da 1200 g e di una carta ad alta grammatura da 250 g\/m\u00b2, la scatola \u00e8 robusta e durevole, con eccellenti prestazioni di resistenza al carico;<\/li>\n<li><strong>Tecnologia magnetica<\/strong>: Magneti incorporati ad alte prestazioni, forza di adsorbimento stabile, apertura e chiusura ripetuta senza attenuazione, assicurano facilit\u00e0 d'uso e durata;<\/li>\n<li><strong>Produzione rispettosa dell'ambiente<\/strong>: Ha superato la certificazione ISO, utilizza inchiostro non inquinante e materiali riciclabili, in linea con gli standard ambientali delle esportazioni transfrontaliere.<\/li>\n<\/ul>\n<h2 id=\"-5-one-stop-service-efficient-delivery-\"><strong>4. Servizio unico, consegna efficiente<\/strong><\/h2>\n<p>Forniamo servizi a processo completo, dalla progettazione alla produzione di massa:<\/p>\n<ul>\n<li><strong>Prova rapida<\/strong>: Fornire campioni entro 3-5 giorni, supportare molteplici aggiustamenti fino alla soddisfazione;<\/li>\n<li><strong>Produzione di massa<\/strong>: La capacit\u00e0 produttiva giornaliera raggiunge i 10.000.000 di pezzi, supporta la consegna di un solo pezzo e l'adattamento logistico multipiattaforma;<\/li>\n<li><strong>Post vendita senza preoccupazioni<\/strong>: Fornire un servizio di assistenza clienti 24 ore su 24 e servizi di tracciabilit\u00e0 della qualit\u00e0 per garantire una consegna accurata in ogni fase.<\/li>\n<\/ul>\n<h2 id=\"-applicable-scenarios-\"><strong>Scenari applicabili<\/strong><\/h2>\n<ul>\n<li><strong>Marchio al dettaglio<\/strong>: Migliorare il livello di esposizione dei prodotti, adatto a negozi offline, pop-up store e confezioni regalo di alto livello per il commercio elettronico;<\/li>\n<li><strong>Commercio transfrontaliero<\/strong>: Ottimizzare i costi logistici attraverso un trasporto piatto e adattarsi alle vendite su piattaforme come Amazon e stazioni indipendenti;<\/li>\n<li><strong>Personalizzazione aziendale<\/strong>: Pu\u00f2 essere utilizzato come regalo promozionale, benefit per i dipendenti o confezione esclusiva per una cooperazione congiunta per migliorare l'immagine del marchio.<\/li>\n<\/ul>\n<p>Scegliere noi significa scegliere la doppia garanzia di qualit\u00e0 e innovazione. 16 anni di esperienza artigianale, per creare soluzioni di packaging che completino i vostri prodotti di abbigliamento.<\/p>","protected":false},"excerpt":{"rendered":"<p>Questa scatola pieghevole con chiusura magnetica adotta un design classico nero opaco, dall'aspetto semplice e avanzato, che soddisfa perfettamente i requisiti del marchio per una struttura di lusso di basso livello. Allo stesso tempo, la struttura di chiusura magnetica incorporata \u00e8 facile da aprire e chiudere, stabile e durevole. Adatto per cappellini da baseball, T-shirt e altre categorie di abbigliamento.<\/p>","protected":false},"featured_media":493,"template":"","meta":{"_kad_post_transparent":"default","_kad_post_title":"","_kad_post_layout":"default","_kad_post_sidebar_id":"","_kad_post_content_style":"default","_kad_post_vertical_padding":"default","_kad_post_feature":"","_kad_post_feature_position":"","_kad_post_header":false,"_kad_post_footer":false,"_kad_post_classname":""},"product_brand":[],"product_cat":[15,30,22,17],"product_tag":[156,155,157],"class_list":{"0":"post-492","1":"product","2":"type-product","3":"status-publish","4":"has-post-thumbnail","6":"product_cat-red-light-therapy","7":"product_cat-dropshipping","8":"product_cat-red-light-therapy-blanket","9":"product_cat-services","10":"product_tag-baseball-cap-hat-box","11":"product_tag-baseball-cap-packaging-wholesale","12":"product_tag-custom-baseball-cap-boxes","14":"first","15":"instock","16":"shipping-taxable","17":"product-type-simple","18":"entry","19":"content-bg","20":"loop-entry"},"_links":{"self":[{"href":"https:\/\/red-lighttherapy.com\/it\/wp-json\/wp\/v2\/product\/492","targetHints":{"allow":["GET"]}}],"collection":[{"href":"https:\/\/red-lighttherapy.com\/it\/wp-json\/wp\/v2\/product"}],"about":[{"href":"https:\/\/red-lighttherapy.com\/it\/wp-json\/wp\/v2\/types\/product"}],"wp:featuredmedia":[{"embeddable":true,"href":"https:\/\/red-lighttherapy.com\/it\/wp-json\/wp\/v2\/media\/493"}],"wp:attachment":[{"href":"https:\/\/red-lighttherapy.com\/it\/wp-json\/wp\/v2\/media?parent=492"}],"wp:term":[{"taxonomy":"product_brand","embeddable":true,"href":"https:\/\/red-lighttherapy.com\/it\/wp-json\/wp\/v2\/product_brand?post=492"},{"taxonomy":"product_cat","embeddable":true,"href":"https:\/\/red-lighttherapy.com\/it\/wp-json\/wp\/v2\/product_cat?post=492"},{"taxonomy":"product_tag","embeddable":true,"href":"https:\/\/red-lighttherapy.com\/it\/wp-json\/wp\/v2\/product_tag?post=492"}],"curies":[{"name":"wp","href":"https:\/\/api.w.org\/{rel}","templated":true}]}}