{"id":485,"date":"2025-04-12T02:56:28","date_gmt":"2025-04-12T02:56:28","guid":{"rendered":"https:\/\/red-lighttherapy.com\/?post_type=product&#038;p=485"},"modified":"2025-04-12T03:28:31","modified_gmt":"2025-04-12T03:28:31","slug":"wholesale-cheap-paper-tube-packaging-for-tea-coffee-spices","status":"publish","type":"product","link":"https:\/\/red-lighttherapy.com\/it\/wholesale-cheap-paper-tube-packaging-for-tea-coffee-spices\/","title":{"rendered":"all'ingrosso Imballaggio economico del tubo di carta per le spezie del caff\u00e8 del t\u00e8"},"content":{"rendered":"<h2 id=\"wholesale-cheap-paper-tube-packaging-product-description\">Imballaggio economico all'ingrosso della metropolitana di carta per le spezie del caff\u00e8 del t\u00e8 Descrizione del prodotto<\/h2>\n<h2 id=\"1-gradient-color-design-full-visual-appeal-\">1.\u00a0<strong>Design a colori sfumati, pieno fascino visivo<\/strong><\/h2>\n<p>Questa confezione in tubo di carta adotta un design a colori principali con un gradiente che va dal nero profondo in alto all'arancione vibrante in basso. La transizione del colore \u00e8 naturale e luminosa, in linea con le moderne tendenze estetiche. L'effetto visivo dinamico del colore sfumato \u00e8 in grado di attirare immediatamente l'attenzione dei consumatori, ed \u00e8 particolarmente adatto per le scene di esposizione sugli scaffali, dando a prodotti come t\u00e8, caff\u00e8 e spezie un'immagine del marchio pi\u00f9 giovane e alla moda.<\/p>\n<h2 id=\"2-gold-geometric-elements-integrating-environmental-protection-and-artistic-sense-\">2.\u00a0<strong>Elementi geometrici in oro, che integrano protezione ambientale e senso artistico<\/strong><\/h2>\n<p>La parte superiore della scatola \u00e8 decorata con un motivo geometrico a stella dorata, che si ispira alla combinazione di arte decorativa tradizionale e stile minimalista moderno. Il contrasto tra gli elementi dorati e il colore sfumato non solo esalta il lusso della confezione, ma trasmette anche il senso di ordine e sostenibilit\u00e0 del concetto di protezione ambientale attraverso linee geometriche, che richiamano le propriet\u00e0 naturali di prodotti naturali come t\u00e8 e caff\u00e8. La superficie della scatola interna \u00e8 trattata con un processo opaco, che risulta morbido e non abbagliante, esaltando ulteriormente l'\"effetto morbido\".<\/p>\n<h2 id=\"3-scientific-structural-design-both-practical-and-comfortable-\">3.\u00a0<strong>Design strutturale scientifico, pratico e confortevole<\/strong><\/h2>\n<p>Il tubo di carta adotta una struttura a rullo piatto e il diametro e l'altezza del corpo principale possono essere personalizzati in base alle esigenze (intervallo di riferimento: diametro 2-32 mm, altezza 2-50 mm). L'ispessimento del corpo del tubo pu\u00f2 disperdere in modo uniforme la forza esterna per evitare la deformazione dell'estrusione durante il trasporto. Il design di apertura e chiusura a spirale superiore con struttura antiscivolo pu\u00f2 essere facilmente aperto con una sola mano e la tenuta \u00e8 eccellente per garantire che il contenuto sia a prova di umidit\u00e0 e fresco.<\/p>\n<h2 id=\"4-environmentally-friendly-soybean-ink-printing-zero-pollution-degradation-\">4.\u00a0<strong>Stampa ecologica con inchiostro di soia, degrado zero dell'inquinamento<\/strong><\/h2>\n<p>Il processo di stampa adotta la tecnologia dell'inchiostro di soia e le materie prime derivano da risorse vegetali rinnovabili, non contengono metalli pesanti e composti organici volatili (VOC) e possono essere completamente integrate nell'ambiente naturale dopo la decomposizione. La differenza di colore della stampa \u00e8 rigorosamente controllata entro un intervallo di \u0394E\u22643 e viene utilizzata una tecnologia professionale di gestione del colore per garantire che il disegno sia chiaro e non presenti deviazioni di colore e che il LOGO e il logo del marchio abbiano un elevato riconoscimento.<\/p>\n<h2 id=\"5-customized-buffer-lining-food-grade-safety-guarantee-\">5.\u00a0<strong>Fodera tampone personalizzata, garanzia di sicurezza alimentare<\/strong><\/h2>\n<p>Il rivestimento pu\u00f2 essere realizzato in spugna alimentare o in materiale EVA a densit\u00e0 regolabile (ad esempio, l'EVA ad alta densit\u00e0 \u00e8 adatto per le fragili particelle di spezie), in grado di attutire efficacemente le vibrazioni durante il trasporto e di evitare che il contenuto venga danneggiato. Il rivestimento si adatta perfettamente al tubo di carta e un foro di sfiato \u00e8 riservato al confezionamento di t\u00e8, caff\u00e8 e altri alimenti che devono essere mantenuti asciutti.<\/p>\n<h2 id=\"6-diversified-box-type-selection-to-enhance-consumer-experience-\">6.\u00a0<strong>Selezione diversificata di tipi di scatole per migliorare l'esperienza del consumatore<\/strong><\/h2>\n<p>Supporta la personalizzazione di vari tipi di scatole, come coperchi superiori e inferiori, scatole a ribalta, scatole a cassetto e scatole di forma speciale per soddisfare le esigenze di diversi scenari, come confezioni regalo, confezioni portatili e confezioni per famiglie. Ad esempio:<\/p>\n<ul>\n<li><strong>Cassettiera<\/strong>Adatto per il confezionamento di t\u00e8 in piccoli volumi, con un'estrazione uniforme;<\/li>\n<li><strong>Scatola di forma speciale<\/strong>: personalizzabile a forma di esagono o di stella per aumentare l'interesse;<\/li>\n<li><strong>Scatola a forma di libro<\/strong>: adatto a confezioni regalo di alta gamma, con un forte senso di rituale all'apertura e alla chiusura.<\/li>\n<\/ul>\n<h2 id=\"7-sustainable-packaging-solutions-\">7.\u00a0<strong>Soluzioni di imballaggio sostenibili<\/strong><\/h2>\n<p>La tutela dell'ambiente viene attuata in tutto il processo, dai materiali ai processi:<\/p>\n<ul>\n<li><strong>Materie prime<\/strong>: Viene utilizzata carta certificata FSC, con un tasso di riciclabilit\u00e0 di 95%;<\/li>\n<li><strong>Produzione<\/strong>: La capacit\u00e0 produttiva giornaliera raggiunge i 5 milioni di pezzi, con una quantit\u00e0 d'ordine minima di 500 pezzi e la possibilit\u00e0 di personalizzare in modo flessibile i piccoli lotti;<\/li>\n<li><strong>Trasporto<\/strong>: Il design leggero (solo 30% di barattoli di ferro) riduce le emissioni di carbonio della logistica.<\/li>\n<\/ul>\n<p><strong>Scenari applicabili<\/strong>Scatole regalo per il t\u00e8, imballaggi per la vendita al dettaglio di caff\u00e8 in grani, scatole per bottiglie di spezie, barattoli di alimenti salutari, ecc.\u00a0<strong>Vantaggi della cooperazione<\/strong>: Personalizzazione gratuita del campione (consegna entro 5-7 giorni), supporto di stampa a caldo\/UV\/goffratura e altre combinazioni multi-processo e fabbriche proprie per garantire la competitivit\u00e0 dei prezzi.<\/p>","protected":false},"excerpt":{"rendered":"<p>Questo imballaggio in tubo di carta all'ingrosso \u00e8 stato progettato per t\u00e8, caff\u00e8 e spezie. Adotta una combinazione di colori vivaci, dal nero nella parte superiore all'arancione in quella inferiore, ed \u00e8 abbinato a un rilievo geometrico a forma di stella dorata sulla parte superiore della scatola, che trasmette il concetto di protezione ambientale con un impatto visivo. Il tubo adotta una struttura piatta e ispessita, in grado di disperdere uniformemente le forze esterne e di essere comodo da tenere in mano.<\/p>","protected":false},"featured_media":486,"template":"","meta":{"_kad_post_transparent":"default","_kad_post_title":"","_kad_post_layout":"default","_kad_post_sidebar_id":"","_kad_post_content_style":"default","_kad_post_vertical_padding":"default","_kad_post_feature":"","_kad_post_feature_position":"","_kad_post_header":false,"_kad_post_footer":false,"_kad_post_classname":""},"product_brand":[],"product_cat":[15,17],"product_tag":[153,152,154],"class_list":{"0":"post-485","1":"product","2":"type-product","3":"status-publish","4":"has-post-thumbnail","6":"product_cat-red-light-therapy","7":"product_cat-services","8":"product_tag-cocoa-powder-paper-tube","9":"product_tag-tea-coffee-paper-tube","10":"product_tag-wholesale-paper-tube-spices-food","12":"first","13":"instock","14":"shipping-taxable","15":"product-type-simple","16":"entry","17":"content-bg","18":"loop-entry"},"_links":{"self":[{"href":"https:\/\/red-lighttherapy.com\/it\/wp-json\/wp\/v2\/product\/485","targetHints":{"allow":["GET"]}}],"collection":[{"href":"https:\/\/red-lighttherapy.com\/it\/wp-json\/wp\/v2\/product"}],"about":[{"href":"https:\/\/red-lighttherapy.com\/it\/wp-json\/wp\/v2\/types\/product"}],"wp:featuredmedia":[{"embeddable":true,"href":"https:\/\/red-lighttherapy.com\/it\/wp-json\/wp\/v2\/media\/486"}],"wp:attachment":[{"href":"https:\/\/red-lighttherapy.com\/it\/wp-json\/wp\/v2\/media?parent=485"}],"wp:term":[{"taxonomy":"product_brand","embeddable":true,"href":"https:\/\/red-lighttherapy.com\/it\/wp-json\/wp\/v2\/product_brand?post=485"},{"taxonomy":"product_cat","embeddable":true,"href":"https:\/\/red-lighttherapy.com\/it\/wp-json\/wp\/v2\/product_cat?post=485"},{"taxonomy":"product_tag","embeddable":true,"href":"https:\/\/red-lighttherapy.com\/it\/wp-json\/wp\/v2\/product_tag?post=485"}],"curies":[{"name":"wp","href":"https:\/\/api.w.org\/{rel}","templated":true}]}}