{"id":479,"date":"2025-04-12T02:37:40","date_gmt":"2025-04-12T02:37:40","guid":{"rendered":"https:\/\/red-lighttherapy.com\/?post_type=product&#038;p=479"},"modified":"2025-04-12T02:56:13","modified_gmt":"2025-04-12T02:56:13","slug":"custom-consumer-electronics-product-packaging-boxes-company","status":"publish","type":"product","link":"https:\/\/red-lighttherapy.com\/it\/custom-consumer-electronics-product-packaging-boxes-company\/","title":{"rendered":"Scatole per l'imballaggio di prodotti elettronici di consumo personalizzati Azienda"},"content":{"rendered":"<h2 id=\"-customized-consumer-electronics-product-packaging-box-product-description-\"><strong>Scatola d'imballaggio del prodotto di elettronica di consumo su misura Descrizione del prodotto<\/strong><\/h2>\n<p>Aderendo al concetto di design \"estetica semplice e praticit\u00e0 funzionale\", forniamo soluzioni di imballaggio personalizzate di alto livello per i marchi di elettronica di consumo, con il nero come tono principale, integrando artigianato classico e struttura innovativa per creare un'esperienza di imballaggio esclusiva con impatto visivo e protezione pratica.<\/p>\n<h2 id=\"1-minimalist-aesthetics-luxury-hot-stamping-technology-\">1.\u00a0<strong>Estetica minimalista Tecnologia di stampa a caldo di lusso in oro<\/strong><\/h2>\n<p>Il corpo della scatola adotta una base nera opaca, con una tecnologia di stampa a caldo personalizzata (come il LOGO del marchio, la texture o le linee), e crea un effetto visivo di basso profilo e lusso grazie al contrasto tra la lucentezza metallica e il nero profondo. Il processo di stampa a caldo utilizza materiali ecologici in lamina metallica per garantire che il disegno sia accuratamente attaccato e resistente all'usura e ai graffi, migliorando cos\u00ec il riconoscimento del marchio e la qualit\u00e0 del prodotto.<\/p>\n<h2 id=\"2-one-handed-opening-and-closing-ritual-pull-out-structure-\">2.\u00a0<strong>Struttura estraibile rituale di apertura e chiusura con una sola mano<\/strong><\/h2>\n<p>L'innovativo design della scatola estraibile, unito alla precisione della fustellatura e alla tecnologia della fibbia magnetica, consente agli utenti di aprire la scatola senza problemi con una sola mano, rendendo il processo di unboxing comodo e cerimonioso. L'interno del corpo della scatola adotta strati a gradini o slot per schede incorporati per adattarsi alla forma dei prodotti elettronici, evitando scosse e migliorando l'effetto di visualizzazione.<\/p>\n<h2 id=\"3-high-strength-protection-optimized-coated-paper-material-\">3.\u00a0<strong>Protezione ad alta resistenza Materiale di carta patinata ottimizzato<\/strong><\/h2>\n<p>La carta patinata ad alta densit\u00e0 selezionata \u00e8 superiore a 300 g, la superficie della carta \u00e8 liscia e delicata con un'eccellente durezza e la resistenza alla compressione \u00e8 30% superiore a quella del cartone ordinario, resistendo efficacemente agli urti e all'estrusione durante il trasporto. La superficie del corpo della scatola \u00e8 ricoperta da uno strato di pellicola opaca ecologica, antimpronta e antimacchia. Non \u00e8 facile da ossidare e scolorire dopo un uso prolungato, mantenendo l'imballaggio nuovo per lungo tempo.<\/p>\n<h2 id=\"4-deep-customization-flexible-adaptation-needs-\">4.\u00a0<strong>Profonda personalizzazione Esigenze di adattamento flessibili<\/strong><\/h2>\n<p>Supportare servizi di personalizzazione full-dimensional:<\/p>\n<ul>\n<li><strong>Tipo di scatola<\/strong>: Oltre al tipo estraibile, pu\u00f2 fornire strutture diversificate come coperture superiori e inferiori, scatole a forma di libro e scatole di forma speciale;<\/li>\n<li><strong>Materiale<\/strong>: Cartoncino bianco opzionale, cartoncino oro e argento, carta speciale, ecc. per soddisfare esigenze particolari come l'impermeabilit\u00e0 e l'antistaticit\u00e0;<\/li>\n<li><strong>Artigianato<\/strong>: Vernice UV locale, goffratura, finestre cave e altri processi sono liberamente combinati per migliorare il livello visivo.<\/li>\n<\/ul>\n<h2 id=\"5-safe-inner-support-precise-fit-protection-\">5.\u00a0<strong>Supporto interno sicuro, protezione precisa<\/strong><\/h2>\n<p>La fodera interna \u00e8 in EVA flocking, cotone perlato, blister e altri materiali, e il colore pu\u00f2 essere personalizzato (come nero, grigio scuro, rosso vino). Il taglio delle dimensioni 1:1 pu\u00f2 essere ottenuto grazie alla tecnologia di scansione 3D e il prodotto fisso ha uno spostamento pari a zero. Per i componenti elettronici di precisione, \u00e8 possibile integrare un supporto interno antistatico per evitare danni statici durante il trasporto.<\/p>\n<h2 id=\"-core-advantages-\"><strong>Vantaggi principali<\/strong><\/h2>\n<ul>\n<li><strong>Certificazione di qualit\u00e0<\/strong>: Tutti i materiali hanno superato i test di protezione ambientale dell'SGS e soddisfano gli standard di imballaggio per uso alimentare;<\/li>\n<li><strong>Risposta rapida<\/strong>: La prototipazione viene completata in 7-15 giorni e la personalizzazione di piccoli lotti \u00e8 supportata (quantit\u00e0 minima d'ordine 500);<\/li>\n<li><strong>Servizio a catena completo<\/strong>: Soluzione unica, dalla progettazione alla selezione dei materiali, fino alla logistica di produzione, per ridurre i costi di comunicazione con il cliente.<\/li>\n<\/ul>\n<p>Ci impegniamo a fare del packaging un vettore esteso del valore del marchio attraverso la massima cura di ogni dettaglio. Che si tratti di dispositivi indossabili intelligenti, di cuffie di alta gamma o di strumenti di precisione, possiamo creare soluzioni esclusive per aiutarvi a distinguervi dalla concorrenza.<\/p>","protected":false},"excerpt":{"rendered":"<p>Il corpo della scatola utilizza come base un profondo nero opaco, con una tecnologia di stampa a caldo personalizzata (come il logo del marchio o la texture geometrica), attraverso la collisione tra la lucentezza metallica e lo sfondo scuro, che presenta un livello visivo basso e lussuoso.<\/p>","protected":false},"featured_media":482,"template":"","meta":{"_kad_post_transparent":"default","_kad_post_title":"","_kad_post_layout":"default","_kad_post_sidebar_id":"","_kad_post_content_style":"default","_kad_post_vertical_padding":"default","_kad_post_feature":"","_kad_post_feature_position":"","_kad_post_header":false,"_kad_post_footer":false,"_kad_post_classname":""},"product_brand":[],"product_cat":[15,20,17],"product_tag":[151,150,149],"class_list":{"0":"post-479","1":"product","2":"type-product","3":"status-publish","4":"has-post-thumbnail","6":"product_cat-red-light-therapy","7":"product_cat-led-face-light-therapy","8":"product_cat-services","9":"product_tag-consumer-electronics-boxes-company","10":"product_tag-consumer-electronics-packaging-boxes","11":"product_tag-custom-consumer-product-packaging","13":"first","14":"instock","15":"shipping-taxable","16":"product-type-simple","17":"entry","18":"content-bg","19":"loop-entry"},"_links":{"self":[{"href":"https:\/\/red-lighttherapy.com\/it\/wp-json\/wp\/v2\/product\/479","targetHints":{"allow":["GET"]}}],"collection":[{"href":"https:\/\/red-lighttherapy.com\/it\/wp-json\/wp\/v2\/product"}],"about":[{"href":"https:\/\/red-lighttherapy.com\/it\/wp-json\/wp\/v2\/types\/product"}],"wp:featuredmedia":[{"embeddable":true,"href":"https:\/\/red-lighttherapy.com\/it\/wp-json\/wp\/v2\/media\/482"}],"wp:attachment":[{"href":"https:\/\/red-lighttherapy.com\/it\/wp-json\/wp\/v2\/media?parent=479"}],"wp:term":[{"taxonomy":"product_brand","embeddable":true,"href":"https:\/\/red-lighttherapy.com\/it\/wp-json\/wp\/v2\/product_brand?post=479"},{"taxonomy":"product_cat","embeddable":true,"href":"https:\/\/red-lighttherapy.com\/it\/wp-json\/wp\/v2\/product_cat?post=479"},{"taxonomy":"product_tag","embeddable":true,"href":"https:\/\/red-lighttherapy.com\/it\/wp-json\/wp\/v2\/product_tag?post=479"}],"curies":[{"name":"wp","href":"https:\/\/api.w.org\/{rel}","templated":true}]}}