{"id":472,"date":"2025-04-12T02:12:17","date_gmt":"2025-04-12T02:12:17","guid":{"rendered":"https:\/\/red-lighttherapy.com\/?post_type=product&#038;p=472"},"modified":"2025-04-12T02:37:26","modified_gmt":"2025-04-12T02:37:26","slug":"custom-pearl-paper-fashion-apparel-packaging-box-vendor","status":"publish","type":"product","link":"https:\/\/red-lighttherapy.com\/it\/custom-pearl-paper-fashion-apparel-packaging-box-vendor\/","title":{"rendered":"Vendor della scatola d'imballaggio dell'abbigliamento di modo della carta della perla su ordinazione"},"content":{"rendered":"<h2 id=\"-customized-pearlescent-paper-fashion-clothing-packaging-box-supplier-product-description-\"><strong>Fornitore su misura della scatola d'imballaggio dell'abbigliamento di modo della carta della perla Descrizione del prodotto<\/strong><\/h2>\n<h2 id=\"-2-strengthen-the-box-structure-to-ensure-the-safety-of-clothing-\"><strong>1. Rafforzare la struttura della scatola per garantire la sicurezza degli indumenti.<\/strong><\/h2>\n<ul>\n<li><strong>Design a compressione e antideformazione<\/strong>: Il corpo della scatola utilizza carta grigia o cartone ondulato ad alta densit\u00e0 come rivestimento, in combinazione con la struttura di piegatura a doppio strato o multistrato (come il supporto triangolare), la resistenza alla compressione \u00e8 aumentata di oltre 40% e pu\u00f2 resistere all'estrusione e agli urti durante il trasporto.<\/li>\n<li><strong>Ottimizzazione della forma della scatola del coperchio superiore e inferiore<\/strong>: Il design dei coperchi superiore e inferiore (coperchi superiori e inferiori annidati) consente di ottenere un effetto di chiusura senza soluzione di continuit\u00e0 grazie a una precisa tecnologia di fustellatura, comoda per prendere e riporre indumenti di grandi dimensioni come cappotti e abiti e per evitare che la scatola si allenti e si deformi.<\/li>\n<\/ul>\n<h2 id=\"-3-hot-stamping-and-embossing-technology-dual-sensory-upgrade-\"><strong>2. Tecnologia di stampa a caldo e goffratura bianca, doppio aggiornamento sensoriale.<\/strong><\/h2>\n<ul>\n<li><strong>Tecnologia di stampa a caldo<\/strong>: Utilizzando un foglio di alluminio elettrochimico di importazione tedesca, la texture opaca di platino viene formata su carta perlescente attraverso una goffratura ad alta temperatura. La texture metallica e il colore di fondo perlato si completano a vicenda, creando un effetto visivo di basso profilo e lusso.<\/li>\n<li><strong>Tocco tridimensionale in rilievo<\/strong>: In combinazione con la tecnologia di goffratura 3D, la goffratura tridimensionale viene eseguita sul LOGO del marchio o sull'area del modello, che ha un tocco delicato e strati chiari, rafforzando il punto di memoria del marchio.<\/li>\n<\/ul>\n<h2 id=\"-4-all-round-customization-service-to-match-brand-needs-\"><strong>3. Servizio di personalizzazione a tutto tondo per soddisfare le esigenze del marchio<\/strong><\/h2>\n<ul>\n<li><strong>Adattamento flessibile di dimensioni e colori<\/strong>: Supporta la personalizzazione di pi\u00f9 formati da 26\u00d717,5\u00d73,5 cm (versione standard) a 50\u00d740\u00d710 cm (versione grande); fornisce 12 colori di base come il rosa carta perlescente, il nero e l'oro e pu\u00f2 essere regolato con i colori speciali Pantone per garantire un'elevata coerenza con il sistema VI del marchio.<\/li>\n<li><strong>Personalizzazione del LOGO e del modello<\/strong>: Supporta la serigrafia, la verniciatura locale UV e altri processi e pu\u00f2 stampare loghi di marca, elementi culturali o motivi artistici per soddisfare esigenze personalizzate.<\/li>\n<\/ul>\n<h2 id=\"-5-one-stop-service-focusing-on-foreign-trade-\"><strong>4. Servizio unico incentrato sul commercio estero<\/strong><\/h2>\n<ul>\n<li><strong>Team esperto<\/strong>: I membri del team sono stati profondamente coinvolti nel campo degli imballaggi per il commercio estero per pi\u00f9 di 10 anni e conoscono bene gli standard di mercato come Europa, Stati Uniti e Sud-Est asiatico (come il sistema di quotazione FOB\/ELC, la certificazione ambientale) e possono fornire un supporto completo al processo, dalla progettazione, alla prova, alla dichiarazione doganale e alla logistica.<\/li>\n<li><strong>Risposta rapida e garanzia di controllo della qualit\u00e0<\/strong>: Adottare il sistema digitale di gestione della produzione (MES), l'avanzamento dell'ordine pu\u00f2 essere controllato in tempo reale; passare la certificazione di ispezione di qualit\u00e0 SGS, garantire che la resa del prodotto finito sia superiore a 99% e supportare l'ispezione di terzi.<\/li>\n<\/ul>\n<h2 id=\"-cooperation-process-\"><strong>Processo di cooperazione<\/strong><\/h2>\n<ol>\n<li><strong>Comunicazione della domanda<\/strong>: Fornire informazioni sul marchio VI, sulle dimensioni del prodotto e sui requisiti di personalizzazione;<\/li>\n<li><strong>Prove di progettazione<\/strong>: Fornire rendering 3D e campioni fisici entro 3 giorni lavorativi;<\/li>\n<li><strong>Produzione di massa<\/strong>: Consegna entro 10-15 giorni dalla conferma (supporto agli ordini accelerati);<\/li>\n<li><strong>Tracciamento della logistica<\/strong>: Fornire un servizio di monitoraggio logistico one-stop per il trasporto marittimo\/aereo.<\/li>\n<\/ol>\n<h2 id=\"-core-advantages-\"><strong>Vantaggi principali<\/strong><\/h2>\n<ul>\n<li><strong>Costo-efficacia<\/strong>: Riduzione dei costi di imballaggio di 15% grazie all'ottimizzazione strutturale (ad esempio, il tipo di scatola con stampaggio in un unico pezzo), pur mantenendo una consistenza di alto livello;<\/li>\n<li><strong>Sostenibilit\u00e0<\/strong>: Utilizzare materiali di cellulosa riciclabili, rispettare gli standard di protezione ambientale REACH dell'UE e contribuire alla trasformazione verde del marchio.<\/li>\n<\/ul>","protected":false},"excerpt":{"rendered":"<p>Concentrandoci sul settore del commercio estero, forniamo soluzioni di imballaggio personalizzate di alto livello. Realizzato in\u00a0<strong>Carta perlata<\/strong>La superficie presenta una morbida lucentezza perlata, che conferisce alla scatola una texture lussuosa e una stratificazione visiva;\u00a0<strong>Il design della scatola con coperchio superiore e inferiore<\/strong>\u00a0\u00e8 facile da aprire e chiudere e si adatta perfettamente agli indumenti di grandi dimensioni come abiti e cappotti.<\/p>","protected":false},"featured_media":473,"template":"","meta":{"_kad_post_transparent":"default","_kad_post_title":"","_kad_post_layout":"default","_kad_post_sidebar_id":"","_kad_post_content_style":"default","_kad_post_vertical_padding":"default","_kad_post_feature":"","_kad_post_feature_position":"","_kad_post_header":false,"_kad_post_footer":false,"_kad_post_classname":""},"product_brand":[],"product_cat":[15,30,19,17],"product_tag":[147,146,148],"class_list":{"0":"post-472","1":"product","2":"type-product","3":"status-publish","4":"has-post-thumbnail","6":"product_cat-red-light-therapy","7":"product_cat-dropshipping","8":"product_cat-red-light-therapy-stand","9":"product_cat-services","10":"product_tag-apparel-packaging-box","11":"product_tag-custom-apparel-packaging","12":"product_tag-fashion-apparel-packaging","14":"first","15":"instock","16":"shipping-taxable","17":"product-type-simple","18":"entry","19":"content-bg","20":"loop-entry"},"_links":{"self":[{"href":"https:\/\/red-lighttherapy.com\/it\/wp-json\/wp\/v2\/product\/472","targetHints":{"allow":["GET"]}}],"collection":[{"href":"https:\/\/red-lighttherapy.com\/it\/wp-json\/wp\/v2\/product"}],"about":[{"href":"https:\/\/red-lighttherapy.com\/it\/wp-json\/wp\/v2\/types\/product"}],"wp:featuredmedia":[{"embeddable":true,"href":"https:\/\/red-lighttherapy.com\/it\/wp-json\/wp\/v2\/media\/473"}],"wp:attachment":[{"href":"https:\/\/red-lighttherapy.com\/it\/wp-json\/wp\/v2\/media?parent=472"}],"wp:term":[{"taxonomy":"product_brand","embeddable":true,"href":"https:\/\/red-lighttherapy.com\/it\/wp-json\/wp\/v2\/product_brand?post=472"},{"taxonomy":"product_cat","embeddable":true,"href":"https:\/\/red-lighttherapy.com\/it\/wp-json\/wp\/v2\/product_cat?post=472"},{"taxonomy":"product_tag","embeddable":true,"href":"https:\/\/red-lighttherapy.com\/it\/wp-json\/wp\/v2\/product_tag?post=472"}],"curies":[{"name":"wp","href":"https:\/\/api.w.org\/{rel}","templated":true}]}}