{"id":459,"date":"2025-04-11T14:22:58","date_gmt":"2025-04-11T14:22:58","guid":{"rendered":"https:\/\/red-lighttherapy.com\/?post_type=product&#038;p=459"},"modified":"2025-04-12T01:52:50","modified_gmt":"2025-04-12T01:52:50","slug":"custom-artisan-chocolate-telescopic-packaging-box-wholesale","status":"publish","type":"product","link":"https:\/\/red-lighttherapy.com\/it\/custom-artisan-chocolate-telescopic-packaging-box-wholesale\/","title":{"rendered":"Scatola telescopica di imballaggio del cioccolato artigianale personalizzato all'ingrosso"},"content":{"rendered":"<h2 id=\"customized-handmade-chocolate-telescopic-packaging-box-wholesale-product-description\">Personalizzato a mano cioccolato artigianale telescopico Packaging Box all'ingrosso Descrizione del prodotto<\/h2>\n<h2 id=\"1-excellent-printing-technology-highlighting-brand-texture-\">1.\u00a0<strong>Eccellente tecnologia di stampa, che evidenzia la struttura del marchio<\/strong><\/h2>\n<ul>\n<li>La tecnologia di stampa offset ad alta precisione \u00e8 utilizzata per garantire modelli chiari e delicati, inchiostro nero uniforme e pieno, copertura della gamma di colori 98%, colore puro senza deviazioni e presentazione perfetta del LOGO del marchio e degli elementi di design.<\/li>\n<li>Supportano la stampa a caldo, la verniciatura locale UV e altri processi, possono essere abbinati alla texture in rilievo o all'effetto lucido metallico per migliorare la stratificazione visiva e l'esperienza di lusso dell'imballaggio.<\/li>\n<\/ul>\n<h2 id=\"2-stiff-material-combination-all-round-protection-of-products-\">2.\u00a0<strong>Combinazione di materiali rigidi, protezione totale dei prodotti<\/strong><\/h2>\n<ul>\n<li>La scatola esterna adotta il processo composito di cartone grigio trasparente (spessore 1,5-3,0 mm) importato dai Paesi Bassi e di carta patinata da 300 g. Il cartone grigio ha un forte legame tra gli strati, \u00e8 resistente alla pressione e agli urti e resiste efficacemente alla deformazione da estrusione durante il trasporto.<\/li>\n<li>La struttura della scatola \u00e8 ottimizzata e pu\u00f2 sopportare pi\u00f9 di 1,2 kg, il che \u00e8 adatto alla logistica a lunga distanza e alle esigenze di stoccaggio.<\/li>\n<\/ul>\n<h2 id=\"3-magnetic-opening-and-closing-design-upgraded-opening-experience-\">3.\u00a0<strong>Design magnetico di apertura e chiusura, esperienza di apertura migliorata<\/strong><\/h2>\n<ul>\n<li>Il coperchio \u00e8 dotato di un modulo magnetico in silicone da 0,8 mm con una forza di assorbimento di 1,2 kg. Pu\u00f2 essere facilmente aperto e chiuso con una sola mano, evitando il problema delle fibbie tradizionali che si allentano facilmente.<\/li>\n<li>La scatola adotta un design a libro con copertina ribaltabile. Dopo il dispiegamento a 180\u00b0, il prodotto risulta chiaro a colpo d'occhio, migliorando l'effetto espositivo e l'interazione con il consumatore.<\/li>\n<\/ul>\n<h2 id=\"4-flexible-lining-partition-adapting-to-multiple-scene-requirements-\">4.\u00a0<strong>Divisorio di rivestimento flessibile, in grado di adattarsi a molteplici esigenze di scena<\/strong><\/h2>\n<ul>\n<li>Il rivestimento in cartone standard supporta la segmentazione di precisione a 24\/36 griglie e la profondit\u00e0 e la spaziatura della griglia sono regolabili, per adattarsi perfettamente a cioccolatini fatti a mano, tartufi e altri prodotti di forma speciale.<\/li>\n<li>Il rivestimento opzionale in EVA, spugna o floccato, con uno spessore compreso tra 2 e 10 mm, offre soluzioni tampone personalizzate, adatte a caramelle fragili o torte fragili.<\/li>\n<\/ul>\n<h2 id=\"5-multi-field-compatibility-expanded-application-scenarios-\">5.\u00a0<strong>Compatibilit\u00e0 multi-campo, scenari applicativi ampliati<\/strong><\/h2>\n<ul>\n<li>Oltre al cioccolato, le dimensioni della scatola possono essere personalizzate da 8cm\u00d78cm a 30cm\u00d730cm, adatte a macarons, biscotti, noci e altri alimenti; possono anche essere trasformate in scatole regalo per cosmetici o in confezioni per prodotti culturali e creativi.<\/li>\n<\/ul>\n<h2 id=\"-in-depth-customization-service-\"><strong>6. Servizio di personalizzazione approfondito<\/strong><\/h2>\n<ul>\n<li><strong>Personalizzazione dell'aspetto<\/strong>: Fornisce una scheda colori Pantone con una corrispondenza accurata dei colori, servizi di prova di modellazione 3D, supporto di goffratura, finestre cave e altri design personalizzati.<\/li>\n<li><strong>Ottimizzazione strutturale<\/strong>: Regolare il peso del pannello grigio (250-400 g\/m\u00b2) in base al peso del prodotto (\u2264 2 kg), oppure aggiungere una nervatura di rinforzo per migliorare le prestazioni di carico.<\/li>\n<li><strong>Aggiornamento della funzione<\/strong>: Rivestimento antiumidit\u00e0 opzionale, divisori staccabili, slot per etichette con codice QR e altri moduli funzionali a valore aggiunto.<\/li>\n<\/ul>\n<h2 id=\"-production-and-delivery-guarantee-\"><strong>7. Garanzia di produzione e consegna<\/strong><\/h2>\n<ul>\n<li><strong>Capacit\u00e0 produttiva scalata<\/strong>: 5320\u33a1 officina standardizzata dotata di fustellatrice completamente automatica, linea di montaggio della carta ad alta velocit\u00e0 e laboratorio di ispezione della qualit\u00e0, con una produzione giornaliera di 50.000 pezzi, che supporta una consegna flessibile di 500.000-500.000 ordini.<\/li>\n<li><strong>Sistema di controllo della qualit\u00e0<\/strong>: Certificazione di qualit\u00e0 ISO9001 e certificazione ambientale FSC superate, 18 processi di ispezione della qualit\u00e0 sono implementati dallo stoccaggio delle materie prime alla consegna del prodotto finito, garantendo un errore di planarit\u00e0 del prodotto \u22640,1 mm, differenza di colore \u0394E \u22641,5.<\/li>\n<li><strong>Risposta del servizio<\/strong>: Fornire prove di stampa in 48 ore e un ciclo di produzione di massa di 15 giorni, supportare il monitoraggio della logistica globale e l'impegno di ristampa dei prodotti danneggiati.<\/li>\n<\/ul>\n<h2 id=\"-cooperation-process-\"><strong>Processo di cooperazione<\/strong><\/h2>\n<ol>\n<li><strong>Conferma dei requisiti<\/strong>: Fornire le dimensioni del prodotto, la quantit\u00e0 e la bozza di progetto (formato AI\/CDR);<\/li>\n<li><strong>Formulazione dello schema<\/strong>: Feedback sulla selezione dei materiali, sul budget dei costi e sui rendering 3D entro 3 giorni lavorativi;<\/li>\n<li><strong>Conferma del campione<\/strong>: I campioni fisici saranno consegnati entro 3-5 giorni e sono supportate tre modifiche gratuite;<\/li>\n<li><strong>Produzione di massa<\/strong>: La merce sar\u00e0 consegnata entro 7-14 giorni dalla firma del contratto.<\/li>\n<\/ol>","protected":false},"excerpt":{"rendered":"<p>Questa scatola telescopica per cioccolato fatta a mano \u00e8 progettata per il confezionamento di alimenti di alta gamma, integrando squisita maestria e struttura innovativa, tenendo conto della praticit\u00e0 e del valore estetico. Adotta materiali ecocompatibili e servizi di personalizzazione flessibili, adatti a scenari di imballaggio alimentare diversificati come cioccolato, caramelle, cupcake, ecc., aiutando i marchi a migliorare l'immagine del prodotto e la competitivit\u00e0 del mercato.<\/p>","protected":false},"featured_media":464,"template":"","meta":{"_kad_post_transparent":"default","_kad_post_title":"","_kad_post_layout":"default","_kad_post_sidebar_id":"","_kad_post_content_style":"default","_kad_post_vertical_padding":"default","_kad_post_feature":"","_kad_post_feature_position":"","_kad_post_header":false,"_kad_post_footer":false,"_kad_post_classname":""},"product_brand":[],"product_cat":[15,17],"product_tag":[141,142,140],"class_list":{"0":"post-459","1":"product","2":"type-product","3":"status-publish","4":"has-post-thumbnail","6":"product_cat-red-light-therapy","7":"product_cat-services","8":"product_tag-chocolate-telescopic-packaging-box","9":"product_tag-custom-artisan-chocolate-box","10":"product_tag-custom-chocolate-packaging","12":"first","13":"instock","14":"shipping-taxable","15":"product-type-simple","16":"entry","17":"content-bg","18":"loop-entry"},"_links":{"self":[{"href":"https:\/\/red-lighttherapy.com\/it\/wp-json\/wp\/v2\/product\/459","targetHints":{"allow":["GET"]}}],"collection":[{"href":"https:\/\/red-lighttherapy.com\/it\/wp-json\/wp\/v2\/product"}],"about":[{"href":"https:\/\/red-lighttherapy.com\/it\/wp-json\/wp\/v2\/types\/product"}],"wp:featuredmedia":[{"embeddable":true,"href":"https:\/\/red-lighttherapy.com\/it\/wp-json\/wp\/v2\/media\/464"}],"wp:attachment":[{"href":"https:\/\/red-lighttherapy.com\/it\/wp-json\/wp\/v2\/media?parent=459"}],"wp:term":[{"taxonomy":"product_brand","embeddable":true,"href":"https:\/\/red-lighttherapy.com\/it\/wp-json\/wp\/v2\/product_brand?post=459"},{"taxonomy":"product_cat","embeddable":true,"href":"https:\/\/red-lighttherapy.com\/it\/wp-json\/wp\/v2\/product_cat?post=459"},{"taxonomy":"product_tag","embeddable":true,"href":"https:\/\/red-lighttherapy.com\/it\/wp-json\/wp\/v2\/product_tag?post=459"}],"curies":[{"name":"wp","href":"https:\/\/api.w.org\/{rel}","templated":true}]}}