{"id":434,"date":"2025-04-11T13:16:45","date_gmt":"2025-04-11T13:16:45","guid":{"rendered":"https:\/\/red-lighttherapy.com\/?post_type=product&#038;p=434"},"modified":"2025-04-11T14:21:02","modified_gmt":"2025-04-11T14:21:02","slug":"custom-essential-oil-perfume-drawer-paper-boxes-wholesale","status":"publish","type":"product","link":"https:\/\/red-lighttherapy.com\/it\/custom-essential-oil-perfume-drawer-paper-boxes-wholesale\/","title":{"rendered":"Personalizzato olio essenziale profumo cassetto carta scatole all'ingrosso"},"content":{"rendered":"<h2 id=\"-customized-essential-oil-perfume-drawer-paper-box-wholesale-product-description-\"><strong>Personalizzato olio essenziale profumo cassetto scatole di carta all'ingrosso Descrizione del prodotto<\/strong><\/h2>\n<h2 id=\"-1-ribbon-pull-ring-design-to-enhance-brand-recognition-\"><strong>1. Design ad anello con nastro per migliorare il riconoscimento del marchio<\/strong><\/h2>\n<p>La parte superiore della scatola \u00e8 dotata di un anello di trazione con nastro personalizzato, che pu\u00f2 essere utilizzato come tirante ausiliario e come maniglia. Il colore e il materiale del nastro (come il raso e il velluto) possono essere personalizzati per richiamare il colore principale del marchio, migliorando l'appeal visivo e il punto di ricordo del marchio. Ad esempio, i nastri dorati o rosa richiamano il processo di stampa a caldo e il tema romantico, creando un simbolo estetico unico.<\/p>\n<h2 id=\"-2-hot-stamping-process-luxurious-texture-shows-the-brand-tone-\"><strong>2. Il processo di stampa a caldo in oro della lamina, la texture lussuosa mostra il tono del marchio.<\/strong><\/h2>\n<p>La superficie adotta un processo di stampa a caldo di alta precisione, le linee sono delicate e lisce e la lucentezza dorata forma un contrasto visivo con il corpo della scatola rosa, evidenziando il lusso e il posizionamento di fascia alta del marchio. La confezione supporta la stampa a caldo parziale dell'oro (come il LOGO, il motivo) o la stampa a caldo completa per soddisfare le diverse esigenze di design, rendendo l'imballaggio un silenzioso \"portavoce\" del marchio.<\/p>\n<h2 id=\"-3-pink-as-the-main-color-awakening-emotional-resonance-\"><strong>3. Il rosa come colore principale, per risvegliare la risonanza emotiva.<\/strong><\/h2>\n<p>Il corpo della scatola \u00e8 principalmente in rosa tenue, trasmettendo un temperamento romantico e dolce del marchio, che \u00e8 in linea con la ricerca della felicit\u00e0 e della vita elegante da parte delle consumatrici. Supporta la personalizzazione del numero di colore Pantone per garantire una riproduzione accurata del colore e soddisfare le esigenze personalizzate dei diversi marchi per quanto riguarda la profondit\u00e0 e la luminosit\u00e0 del rosa.<\/p>\n<h2 id=\"-4-customized-lining-solution-to-protect-products-in-all-directions-\"><strong>4. Soluzione di rivestimento personalizzata per proteggere i prodotti in tutte le direzioni<\/strong><\/h2>\n<p>Fornisce una variet\u00e0 di opzioni di materiali di rivestimento, tra cui:<\/p>\n<ul>\n<li><strong>Fodera in EVA<\/strong>: resistente agli urti e alla pressione, delicato al tatto, adatto alle forme irregolari delle bottiglie;<\/li>\n<li><strong>Fodera in tessuto di seta\/spugna<\/strong>: migliorare la squisitezza dell'imballaggio, fissare il flacone di profumo ed evitare che si agiti durante il trasporto;<\/li>\n<li><strong>Struttura a strati in cartone<\/strong>: supportano il confezionamento di pi\u00f9 bottiglie e ottimizzano l'utilizzo dello spazio. Tutti i rivestimenti possono essere incisi con precisione in base alle dimensioni del prodotto per garantire la sicurezza del trasporto.<\/li>\n<\/ul>\n<h2 id=\"-5-highly-flexible-customization-to-meet-diverse-needs-\"><strong>5. Personalizzazione altamente flessibile per soddisfare le diverse esigenze<\/strong><\/h2>\n<ul>\n<li><strong>Dimensione<\/strong>: Supporta l'adattamento della scatola di bottiglie di olio essenziale da 10ml-100ml e bottiglie di profumo, con errore di diametro interno \u22640,1mm;<\/li>\n<li><strong>Materiale<\/strong>: Cartone opzionale, carta speciale (come carta perlescente, carta tattile), carta riciclata ecologica, ecc;<\/li>\n<li><strong>Processo di stampa<\/strong>: Oltre alla stampa a caldo, supporta la stampa UV, la serigrafia, la goffratura e altri effetti per ottenere una texture opaca, lucida o strutturata;<\/li>\n<li><strong>Espansione a scatola chiusa<\/strong>: Pu\u00f2 essere combinato con coperture superiori e inferiori, fibbie magnetiche e altri design per migliorare la funzionalit\u00e0 dell'imballaggio.<\/li>\n<\/ul>\n<h2 id=\"-6-fsc-certified-materials-environmental-protection-and-quality-double-guarantee-\"><strong>6. Materiali certificati FSC, protezione dell'ambiente e doppia garanzia di qualit\u00e0.<\/strong><\/h2>\n<p>Le materie prime hanno superato la certificazione di gestione forestale FSC per garantire che la fonte della carta sia sostenibile e soddisfi i requisiti di protezione ambientale dei mercati europei e americani. Fornire soluzioni di packaging ecologico per i marchi di fascia alta e aiutare i marchi a trasmettere il concetto di responsabilit\u00e0 sociale.<\/p>\n<h2 id=\"-8-one-to-one-professional-service-efficient-delivery-without-worries-\"><strong>8. Servizio professionale one-to-one, consegna efficiente senza preoccupazioni<\/strong><\/h2>\n<ul>\n<li><strong>Supporto alla progettazione<\/strong>: Fornire un servizio di proofing della modellazione 3D, produrre rendering entro 48 ore e garantire un'implementazione accurata del progetto;<\/li>\n<li><strong>Consegna lampo<\/strong>: 500 pezzi di ordine minimo, gli ordini regolari vengono consegnati in 7-15 giorni, mentre gli ordini urgenti vengono spediti in soli 5 giorni;<\/li>\n<li><strong>Garanzia post-vendita<\/strong>: 15 giorni di restituzione e scambio incondizionati, monitoraggio logistico completo, per garantire una consegna senza difetti dell'imballaggio.<\/li>\n<\/ul>\n<p><strong>Scenari applicabili<\/strong>: Marchi di profumi, produttori di oli essenziali, confezioni regalo per le festivit\u00e0, personalizzazione di prodotti di bellezza di alta gamma.\u00a0<strong>Vantaggi della cooperazione<\/strong>: Ottenere la differenziazione del marchio con prestazioni ad alto costo, interpretare la qualit\u00e0 con i dettagli e lasciare che ogni fragranza porti con s\u00e9 l'artigianalit\u00e0 e l'estetica.<\/p>","protected":false},"excerpt":{"rendered":"<p>La scatola di carta a cassetti pu\u00f2 essere aperta facilmente ed \u00e8 pi\u00f9 comoda. Il processo di stampa a caldo in oro conferisce all'imballaggio un senso di lusso e una presentazione visiva di alta qualit\u00e0.<\/p>","protected":false},"featured_media":435,"template":"","meta":{"_kad_post_transparent":"default","_kad_post_title":"","_kad_post_layout":"default","_kad_post_sidebar_id":"","_kad_post_content_style":"default","_kad_post_vertical_padding":"default","_kad_post_feature":"","_kad_post_feature_position":"","_kad_post_header":false,"_kad_post_footer":false,"_kad_post_classname":""},"product_brand":[],"product_cat":[15,28,20,17],"product_tag":[139,138,137],"class_list":{"0":"post-434","1":"product","2":"type-product","3":"status-publish","4":"has-post-thumbnail","6":"product_cat-red-light-therapy","7":"product_cat-customize","8":"product_cat-led-face-light-therapy","9":"product_cat-services","10":"product_tag-cosmetic-perfume-boxes-wholesale","11":"product_tag-custom-perfume-boxes-wholesale","12":"product_tag-essential-oil-drawer-paper-boxes","14":"first","15":"instock","16":"shipping-taxable","17":"product-type-simple","18":"entry","19":"content-bg","20":"loop-entry"},"_links":{"self":[{"href":"https:\/\/red-lighttherapy.com\/it\/wp-json\/wp\/v2\/product\/434","targetHints":{"allow":["GET"]}}],"collection":[{"href":"https:\/\/red-lighttherapy.com\/it\/wp-json\/wp\/v2\/product"}],"about":[{"href":"https:\/\/red-lighttherapy.com\/it\/wp-json\/wp\/v2\/types\/product"}],"wp:featuredmedia":[{"embeddable":true,"href":"https:\/\/red-lighttherapy.com\/it\/wp-json\/wp\/v2\/media\/435"}],"wp:attachment":[{"href":"https:\/\/red-lighttherapy.com\/it\/wp-json\/wp\/v2\/media?parent=434"}],"wp:term":[{"taxonomy":"product_brand","embeddable":true,"href":"https:\/\/red-lighttherapy.com\/it\/wp-json\/wp\/v2\/product_brand?post=434"},{"taxonomy":"product_cat","embeddable":true,"href":"https:\/\/red-lighttherapy.com\/it\/wp-json\/wp\/v2\/product_cat?post=434"},{"taxonomy":"product_tag","embeddable":true,"href":"https:\/\/red-lighttherapy.com\/it\/wp-json\/wp\/v2\/product_tag?post=434"}],"curies":[{"name":"wp","href":"https:\/\/api.w.org\/{rel}","templated":true}]}}