{"id":428,"date":"2025-04-11T12:53:29","date_gmt":"2025-04-11T12:53:29","guid":{"rendered":"https:\/\/red-lighttherapy.com\/?post_type=product&#038;p=428"},"modified":"2025-04-11T13:15:50","modified_gmt":"2025-04-11T13:15:50","slug":"wholesale-luxury-lid-and-base-ring-earring-necklace-packaging","status":"publish","type":"product","link":"https:\/\/red-lighttherapy.com\/it\/wholesale-luxury-lid-and-base-ring-earring-necklace-packaging\/","title":{"rendered":"Commercio all'ingrosso di lusso Coperchio e base Anello Orecchino Collana Imballaggio"},"content":{"rendered":"<h2 id=\"-product-description-of-luxury-lid-base-ring-earring-necklace-packaging-box-\"><strong>Descrizione del prodotto di lusso coperchio e base anello orecchino collana Packaging Box<\/strong><\/h2>\n<h2 id=\"-1-simple-and-elegant-design-highlighting-brand-texture-\"><strong>1. Design semplice ed elegante, che evidenzia la struttura del marchio<\/strong><\/h2>\n<p>Questa serie di scatole da imballaggio adotta un concetto estetico minimalista e la superficie \u00e8 delineata con la tecnologia di stampa a caldo in oro opaco ad alta precisione per delineare il logo del marchio o il motivo della texture, rivelando un temperamento lussuoso in un modo low-key. La collisione tra texture opaca e lucentezza metallica non solo \u00e8 conforme alle moderne tendenze estetiche, ma rafforza anche la memoria visiva del marchio. Il corpo della scatola ha linee morbide e non presenta decorazioni ridondanti, soddisfacendo cos\u00ec l'appello centrale della gioielleria di alta gamma e dei beni di lusso per un packaging \"semplice ma non semplice\".<\/p>\n<h2 id=\"-2-full-size-flexible-customization-suitable-for-a-variety-of-products-\"><strong>2. Personalizzazione flessibile a grandezza naturale, adatta a una variet\u00e0 di prodotti.<\/strong><\/h2>\n<ul>\n<li><strong>Corrispondenza precisa delle dimensioni<\/strong>: Supporta la personalizzazione di tutte le dimensioni, dagli anelli (minimo 5\u00d75\u00d73,5 cm) alle collane (massimo 23\u00d717,5\u00d73,5 cm), coprendo le esigenze di gioielli leggeri, accessori in metallo prezioso, ecc.<\/li>\n<li><strong>Selezione flessibile del tipo di scatola<\/strong>: Fornisce una variet\u00e0 di tipi di scatole, come coperchi superiori e inferiori, coperchi magnetici a ribalta, scatole per cuscini, ecc. e pu\u00f2 personalizzare strutture esclusive in base alle forme dei prodotti e ai requisiti di esposizione. Ad esempio, la scatola magnetica \u00e8 facile da aprire e chiudere e ha una forte tenuta, adatta per l'esposizione di gioielli ad alta frequenza; la scatola con coperchio superiore e inferiore ha sia la protezione che il senso rituale, adatta per le scene regalo di fascia alta.<\/li>\n<\/ul>\n<h2 id=\"-3-professional-inner-tray-customization-stable-and-worry-free-protection-\"><strong>3. Personalizzazione professionale del vassoio interno, protezione stabile e senza preoccupazioni<\/strong><\/h2>\n<ul>\n<li><strong>Diversit\u00e0 dei materiali<\/strong>: Il vassoio interno pu\u00f2 essere realizzato in EVA, cotone perlato, spugna floccata, carta blister e altri materiali, per fissare accuratamente anelli, orecchini, collane e altri prodotti per evitare scosse e usura durante il trasporto o l'esposizione. Ad esempio, il rivestimento in flock ha una funzione antistatica per proteggere la lucentezza dei gioielli in metallo; il vassoio interno in blister ha una forte plasticit\u00e0 ed \u00e8 adatto a gioielli di forma speciale.<\/li>\n<li><strong>Design funzionale<\/strong>: Personalizzazione di slot esclusivi per diversi tipi di gioielli, come ad esempio slot per anelli, piercing per orecchini, ganci per collane, ecc.<\/li>\n<\/ul>\n<h2 id=\"-4-full-dimensional-craftsmanship-and-material-customization-to-empower-brand-image-\"><strong>4. Artigianato full-dimensionale e personalizzazione dei materiali per potenziare l'immagine del marchio.<\/strong><\/h2>\n<ul>\n<li><strong>Aggiornamento del materiale<\/strong>: Forniamo materiali di alta gamma come la carta speciale (come la carta perlata, la carta tattile), il rivestimento in velluto e la pelle ecologica per soddisfare le esigenze differenziate dal lusso leggero al lusso superiore. Ad esempio, il materiale in velluto ha un tocco delicato che si adatta alla texture calda dei gioielli; la carta speciale pu\u00f2 migliorare il livello visivo attraverso la goffratura, la stampa a caldo e altri processi.<\/li>\n<li><strong>Innovazione della combinazione tecnologica<\/strong>: Supporta la sovrapposizione di stampa a caldo\/argento, goffratura, superficie luminosa parziale UV, serigrafia e altri processi per creare un linguaggio visivo unico per gli imballaggi.<\/li>\n<\/ul>\n<h2 id=\"-5-industry-experience-endorsement-word-of-mouth-trust-choice-\"><strong>5. Approvazione dell'esperienza del settore, scelta della fiducia del passaparola<\/strong><\/h2>\n<p>Con oltre dieci anni di esperienza nel settore degli imballaggi, i nostri servizi coprono marchi internazionali come Tiffany e Cartier e gioiellieri nazionali emergenti, e abbiamo fornito soluzioni personalizzate a pi\u00f9 di 500 clienti. Grazie a una profonda conoscenza del settore della gioielleria, controlliamo con precisione l'adattamento estetico tra imballaggio e prodotti, aiutando i marchi a migliorare la loro capacit\u00e0 di offrire un servizio premium e l'esperienza di unboxing degli utenti.<\/p>\n<h2 id=\"-6-intelligent-production-system-quality-and-efficiency-double-guarantee-\"><strong>6. Sistema di produzione intelligente, doppia garanzia di qualit\u00e0 e di efficienza.<\/strong><\/h2>\n<p>Grazie al sistema di gestione intelligente della produzione, l'intero processo, dalla prova di progettazione alla produzione di massa, \u00e8 automatizzato e informatizzato:<\/p>\n<ul>\n<li><strong>Controllo qualit\u00e0 preciso<\/strong>: L'apparecchiatura di ispezione visiva AI garantisce l'accuratezza del processo e la coerenza di ogni scatola di imballaggio, con un tasso di difetti inferiore a 0,1%.<\/li>\n<li><strong>Produzione flessibile<\/strong>: Supporto di ordini flessibili da 50 pezzi a 10.000 pezzi, consegna rapida entro 7-15 giorni, per soddisfare le esigenze delle promozioni di alta stagione del marchio o delle prime uscite in edizione limitata.<\/li>\n<\/ul>\n<h2 id=\"-cooperation-value-\"><strong>Valore della cooperazione<\/strong><\/h2>\n<p>Scegliendo la nostra soluzione di imballaggio, otterrete: \u2705\u00a0<strong>Aggiornamento dell'immagine del marchio<\/strong>: Dare un tono al marchio attraverso un design personalizzato per rafforzare la consapevolezza dei consumatori.\u00a0<strong>Ottimizzazione dell'esperienza utente<\/strong>: Miglioramento multidimensionale del rituale di apertura e chiusura, della protezione e della portabilit\u00e0, con conseguente aumento della propensione al riacquisto da parte dei clienti\u00a0<strong>Equilibrio tra costi ed efficienza<\/strong>: Approvvigionamento su larga scala e sistema di produzione intelligente per garantire qualit\u00e0 di alto livello e costi ragionevoli.<\/p>","protected":false},"excerpt":{"rendered":"<p>Questa scatola da imballaggio con coperchio e base adotta una struttura con coperchio superiore e inferiore, facile da prendere. Il processo di stampa a caldo UV + oro conferisce alla confezione un senso di lusso e ne aumenta il valore aggiunto.<\/p>","protected":false},"featured_media":432,"template":"","meta":{"_kad_post_transparent":"default","_kad_post_title":"","_kad_post_layout":"default","_kad_post_sidebar_id":"","_kad_post_content_style":"default","_kad_post_vertical_padding":"default","_kad_post_feature":"","_kad_post_feature_position":"","_kad_post_header":false,"_kad_post_footer":false,"_kad_post_classname":""},"product_brand":[],"product_cat":[15,19,17],"product_tag":[132,130,131],"class_list":{"0":"post-428","1":"product","2":"type-product","3":"status-publish","4":"has-post-thumbnail","6":"product_cat-red-light-therapy","7":"product_cat-red-light-therapy-stand","8":"product_cat-services","9":"product_tag-necklace-packaging","10":"product_tag-ring-packaging","11":"product_tag-wholesale-earring-packaging","13":"first","14":"instock","15":"shipping-taxable","16":"product-type-simple","17":"entry","18":"content-bg","19":"loop-entry"},"_links":{"self":[{"href":"https:\/\/red-lighttherapy.com\/it\/wp-json\/wp\/v2\/product\/428","targetHints":{"allow":["GET"]}}],"collection":[{"href":"https:\/\/red-lighttherapy.com\/it\/wp-json\/wp\/v2\/product"}],"about":[{"href":"https:\/\/red-lighttherapy.com\/it\/wp-json\/wp\/v2\/types\/product"}],"wp:featuredmedia":[{"embeddable":true,"href":"https:\/\/red-lighttherapy.com\/it\/wp-json\/wp\/v2\/media\/432"}],"wp:attachment":[{"href":"https:\/\/red-lighttherapy.com\/it\/wp-json\/wp\/v2\/media?parent=428"}],"wp:term":[{"taxonomy":"product_brand","embeddable":true,"href":"https:\/\/red-lighttherapy.com\/it\/wp-json\/wp\/v2\/product_brand?post=428"},{"taxonomy":"product_cat","embeddable":true,"href":"https:\/\/red-lighttherapy.com\/it\/wp-json\/wp\/v2\/product_cat?post=428"},{"taxonomy":"product_tag","embeddable":true,"href":"https:\/\/red-lighttherapy.com\/it\/wp-json\/wp\/v2\/product_tag?post=428"}],"curies":[{"name":"wp","href":"https:\/\/api.w.org\/{rel}","templated":true}]}}